{"id":57042,"date":"2021-07-08T09:49:27","date_gmt":"2021-07-08T07:49:27","guid":{"rendered":"https:\/\/liberpee.com\/product\/liberpee-wit\/"},"modified":"2024-07-01T12:25:42","modified_gmt":"2024-07-01T10:25:42","slug":"liberpee-pissetto-bianco","status":"publish","type":"product","link":"https:\/\/liberpee.com\/it\/prodotto\/liberpee-pissetto-bianco\/","title":{"rendered":"Liberpee Pissetto Bianco \u2013 Incluso Sacchetto per il Trasporto"},"content":{"rendered":"<p>\u00c8 usato da donne e ragazze in tutto il mondo. Liberpee \u00e8 la soluzione per le donne quando non c&#8217;\u00e8 un bagno nelle vicinanze. Le situazioni comuni di utilizzo includono: in viaggio, ai festival, in viaggio, o praticando sport all&#8217;aperto (come ciclismo, corsa, vela, ecc.) Puoi fare pip\u00ec in piedi e non devi abbassare i pantaloni. Quindi, urini molto discretamente e non devi preoccuparti che qualcuno veda il tuo sedere.<\/p>\n<p>Questo pissetto bianco pu\u00f2 anche essere utilizzato seduto. Ad esempio, se sei su una sedia a rotelle o se un intervento medico ti impedisce di andare al bagno.<\/p>\n<h4>Conservalo nel sacchetto per il trasporto gratuito<\/h4>\n<p>Dopo l&#8217;uso, pulisci il tuo Liberpee asciugandolo con un pezzo di carta igienica o sciacqualo sotto il rubinetto. Ma il miglior metodo \u00e8 scuoterlo per asciugarlo. Il pissetto \u00e8 fatto di plastica di polietilene di alta qualit\u00e0 e densit\u00e0. Se lo scuoti alcune volte, tutta l&#8217;umidit\u00e0 residua cadr\u00e0 automaticamente e non rimarr\u00e0 nemmeno una goccia. Poi, mettilo nel sacchetto per il trasporto impermeabile e lavabile fornito gratuitamente.<\/p>\n<p><!-- TrustBox widget - Product Reviews --><\/p>\n<div class=\"trustpilot-widget\" data-locale=\"it-IT\" data-template-id=\"544a426205dc0a09088833c6\" data-businessunit-id=\"6544b9b064519ebed7df3292\" data-style-height=\"700px\" data-style-width=\"100%\" data-theme=\"light\" data-sku=\"00008\" data-review-languages=\"it\" data-font-family=\"Poppins\" data-no-reviews=\"hide\" data-fullwidth=\"true\">\n  <a href=\"https:\/\/it.trustpilot.com\/review\/liberpee.com\" target=\"_blank\" rel=\"noopener\">Trustpilot<\/a>\n<\/div>\n<p><!-- End TrustBox widget --><\/p>\n","protected":false},"excerpt":{"rendered":"<p><!-- TrustBox widget - Product Mini MultiSource --><\/p>\n<div class=\"trustpilot-widget\" data-locale=\"it-IT\" data-template-id=\"577258fb31f02306e4e3aaf9\" data-businessunit-id=\"6544b9b064519ebed7df3292\" data-style-height=\"24px\" data-style-width=\"100%\" data-theme=\"light\" data-sku=\"00008\" data-font-family=\"Poppins\" data-no-reviews=\"hide\" data-scroll-to-list=\"true\" data-style-alignment=\"left\">\n  <a href=\"https:\/\/it.trustpilot.com\/review\/liberpee.com\" target=\"_blank\" rel=\"noopener\">Trustpilot<\/a>\n<\/div>\n<p><!-- End TrustBox widget --><br \/>\nIn caso di necessit\u00e0, questo pissetto bianco offre sempre una soluzione ovunque. Liberpee \u00e8 un pissetto riutilizzabile che permette alle donne di fare pip\u00ec facilmente in piedi.<\/p>\n","protected":false},"featured_media":57044,"comment_status":"closed","ping_status":"closed","template":"","meta":[],"product_brand":[],"product_cat":[200],"product_tag":[],"class_list":{"0":"post-57042","1":"product","2":"type-product","3":"status-publish","4":"has-post-thumbnail","6":"product_cat-liberpee-it","7":"product_shipping_class-pakketpost-it","9":"first","10":"instock","11":"taxable","12":"shipping-taxable","13":"purchasable","14":"product-type-simple"},"_links":{"self":[{"href":"https:\/\/liberpee.com\/it\/wp-json\/wp\/v2\/product\/57042","targetHints":{"allow":["GET"]}}],"collection":[{"href":"https:\/\/liberpee.com\/it\/wp-json\/wp\/v2\/product"}],"about":[{"href":"https:\/\/liberpee.com\/it\/wp-json\/wp\/v2\/types\/product"}],"replies":[{"embeddable":true,"href":"https:\/\/liberpee.com\/it\/wp-json\/wp\/v2\/comments?post=57042"}],"wp:featuredmedia":[{"embeddable":true,"href":"https:\/\/liberpee.com\/it\/wp-json\/wp\/v2\/media\/57044"}],"wp:attachment":[{"href":"https:\/\/liberpee.com\/it\/wp-json\/wp\/v2\/media?parent=57042"}],"wp:term":[{"taxonomy":"product_brand","embeddable":true,"href":"https:\/\/liberpee.com\/it\/wp-json\/wp\/v2\/product_brand?post=57042"},{"taxonomy":"product_cat","embeddable":true,"href":"https:\/\/liberpee.com\/it\/wp-json\/wp\/v2\/product_cat?post=57042"},{"taxonomy":"product_tag","embeddable":true,"href":"https:\/\/liberpee.com\/it\/wp-json\/wp\/v2\/product_tag?post=57042"}],"curies":[{"name":"wp","href":"https:\/\/api.w.org\/{rel}","templated":true}]}}