{"id":57035,"date":"2021-07-08T09:41:25","date_gmt":"2021-07-08T07:41:25","guid":{"rendered":"https:\/\/liberpee.com\/product\/liberpee-blauw\/"},"modified":"2024-07-01T12:15:33","modified_gmt":"2024-07-01T10:15:33","slug":"liberpee-pissetto-blu","status":"publish","type":"product","link":"https:\/\/liberpee.com\/it\/prodotto\/liberpee-pissetto-blu\/","title":{"rendered":"Liberpee Pissetto Blu \u2013 Incluso Sacchetto per il Trasporto"},"content":{"rendered":"<p>Non devi abbassarti i pantaloni e nessuno vede il tuo sedere. Fai pip\u00ec in modo molto discreto. Ogni anno, migliaia di donne sviluppano problemi alla vescica a causa della ritenzione urinaria. Grazie ai pissetti Liberpee, non devi pi\u00f9 trattenere la tua pip\u00ec. Liberpee \u00e8 progettato da donne, per le donne. Questo si nota e si sente nel design anatomico. Il pissetto si adatta perfettamente. Ecco perch\u00e9 ragazze e donne di tutto il mondo sono gi\u00e0 fan di Liberpee. Lo usano durante eventi, festival, in viaggio, in movimento o a scuola.<\/p>\n<h4>Fornito con un sacchetto per il trasporto gratuito<\/h4>\n<p>Per assicurarti di poter sempre portare con te il tuo pissetto, ricevi gratuitamente un sacchetto per il trasporto. Dopo l&#8217;uso, metti il tuo pissetto blu in questo sacchetto lavabile e impermeabile, poi lo porti facilmente nella tua borsa, zaino o in auto.<\/p>\n<p><!-- TrustBox widget - Product Reviews --><\/p>\n<div class=\"trustpilot-widget\" data-locale=\"it-IT\" data-template-id=\"544a426205dc0a09088833c6\" data-businessunit-id=\"6544b9b064519ebed7df3292\" data-style-height=\"700px\" data-style-width=\"100%\" data-theme=\"light\" data-sku=\"00005\" data-review-languages=\"it\" data-font-family=\"Poppins\" data-no-reviews=\"hide\" data-fullwidth=\"true\">\n  <a href=\"https:\/\/it.trustpilot.com\/review\/liberpee.com\" target=\"_blank\" rel=\"noopener\">Trustpilot<\/a>\n<\/div>\n<p><!-- End TrustBox widget --><\/p>\n","protected":false},"excerpt":{"rendered":"<p><!-- TrustBox widget - Product Mini MultiSource --><\/p>\n<div class=\"trustpilot-widget\" data-locale=\"it-IT\" data-template-id=\"577258fb31f02306e4e3aaf9\" data-businessunit-id=\"6544b9b064519ebed7df3292\" data-style-height=\"24px\" data-style-width=\"100%\" data-theme=\"light\" data-sku=\"00005\" data-font-family=\"Poppins\" data-no-reviews=\"hide\" data-scroll-to-list=\"true\" data-style-alignment=\"left\">\n  <a href=\"https:\/\/it.trustpilot.com\/review\/liberpee.com\" target=\"_blank\" rel=\"noopener\">Trustpilot<\/a>\n<\/div>\n<p><!-- End TrustBox widget --><br \/>\nCoda lunga per i bagni? O non c&#8217;\u00e8 un WC (pulito) nelle vicinanze? Sentiti libera con Liberpee! Fai invidia alle altre donne con questo pissetto blu. Con Liberpee, le donne possono fare pip\u00ec in piedi in modo igienico.<\/p>\n","protected":false},"featured_media":57037,"comment_status":"closed","ping_status":"closed","template":"","meta":[],"product_brand":[],"product_cat":[200],"product_tag":[],"class_list":{"0":"post-57035","1":"product","2":"type-product","3":"status-publish","4":"has-post-thumbnail","6":"product_cat-liberpee-it","7":"product_shipping_class-pakketpost-it","9":"first","10":"instock","11":"taxable","12":"shipping-taxable","13":"purchasable","14":"product-type-simple"},"_links":{"self":[{"href":"https:\/\/liberpee.com\/it\/wp-json\/wp\/v2\/product\/57035","targetHints":{"allow":["GET"]}}],"collection":[{"href":"https:\/\/liberpee.com\/it\/wp-json\/wp\/v2\/product"}],"about":[{"href":"https:\/\/liberpee.com\/it\/wp-json\/wp\/v2\/types\/product"}],"replies":[{"embeddable":true,"href":"https:\/\/liberpee.com\/it\/wp-json\/wp\/v2\/comments?post=57035"}],"wp:featuredmedia":[{"embeddable":true,"href":"https:\/\/liberpee.com\/it\/wp-json\/wp\/v2\/media\/57037"}],"wp:attachment":[{"href":"https:\/\/liberpee.com\/it\/wp-json\/wp\/v2\/media?parent=57035"}],"wp:term":[{"taxonomy":"product_brand","embeddable":true,"href":"https:\/\/liberpee.com\/it\/wp-json\/wp\/v2\/product_brand?post=57035"},{"taxonomy":"product_cat","embeddable":true,"href":"https:\/\/liberpee.com\/it\/wp-json\/wp\/v2\/product_cat?post=57035"},{"taxonomy":"product_tag","embeddable":true,"href":"https:\/\/liberpee.com\/it\/wp-json\/wp\/v2\/product_tag?post=57035"}],"curies":[{"name":"wp","href":"https:\/\/api.w.org\/{rel}","templated":true}]}}