{"id":57029,"date":"2021-06-23T12:49:17","date_gmt":"2021-06-23T10:49:17","guid":{"rendered":"https:\/\/liberpee.com\/product\/liberpee-lila\/"},"modified":"2024-07-01T11:44:19","modified_gmt":"2024-07-01T09:44:19","slug":"liberpee-pissetto-lilla","status":"publish","type":"product","link":"https:\/\/liberpee.com\/it\/prodotto\/liberpee-pissetto-lilla\/","title":{"rendered":"Liberpee Pissetto Lilla \u2013 Incluso Sacchetto per il Trasporto"},"content":{"rendered":"<p>Questo pissetto \u00e8 anche una soluzione quando non c&#8217;\u00e8 un WC nelle vicinanze. Con Liberpee, puoi urinare ovunque in modo discreto e in piedi. Donne di tutto il mondo sono gi\u00e0 fan. Utilizzano il nostro canale urinario in vacanza, nei festival, in viaggio, e in ogni altra occasione senza accesso a bagni (puliti). Non devi abbassarti i pantaloni, permettendoti di urinare molto discretamente.<\/p>\n<h4>Sacchetto per il Trasporto Gratuito<\/h4>\n<p>Il Liberpee viene fornito con un sacchetto per il trasporto lavabile e impermeabile. Il Liberpee \u00e8 idrorepellente e puoi semplicemente scuoterlo per asciugarlo. Non rimane umidit\u00e0 dopo l&#8217;uso. Riponi il tuo canale urinario nel sacchetto e rimettilo nella tua borsa. Cos\u00ec, \u00e8 pronto per la prossima situazione senza WC.<\/p>\n<p><!-- TrustBox widget - Product Reviews --><\/p>\n<div class=\"trustpilot-widget\" data-locale=\"it-IT\" data-template-id=\"544a426205dc0a09088833c6\" data-businessunit-id=\"6544b9b064519ebed7df3292\" data-style-height=\"700px\" data-style-width=\"100%\" data-theme=\"light\" data-sku=\"00002\" data-review-languages=\"it\" data-font-family=\"Poppins\" data-no-reviews=\"hide\" data-fullwidth=\"true\">\n  <a href=\"https:\/\/it.trustpilot.com\/review\/liberpee.com\" target=\"_blank\" rel=\"noopener\">Trustpilot<\/a>\n<\/div>\n<p><!-- End TrustBox widget --><\/p>\n","protected":false},"excerpt":{"rendered":"<p><!-- TrustBox widget - Product Mini MultiSource --><\/p>\n<div class=\"trustpilot-widget\" data-locale=\"it-IT\" data-template-id=\"577258fb31f02306e4e3aaf9\" data-businessunit-id=\"6544b9b064519ebed7df3292\" data-style-height=\"24px\" data-style-width=\"100%\" data-theme=\"light\" data-sku=\"00002\" data-font-family=\"Poppins\" data-no-reviews=\"hide\" data-scroll-to-list=\"true\" data-style-alignment=\"left\">\n  <a href=\"https:\/\/it.trustpilot.com\/review\/liberpee.com\" target=\"_blank\" rel=\"noopener\">Trustpilot<\/a>\n<\/div>\n<p><!-- End TrustBox widget --><br \/>\nCon questo pissetto lilla riutilizzabile, noi donne superiamo i bagni sporchi! Grazie a Liberpee, puoi urinare in piedi senza dover toccare un bagno sporco.<\/p>\n","protected":false},"featured_media":57031,"comment_status":"closed","ping_status":"closed","template":"","meta":[],"product_brand":[],"product_cat":[200],"product_tag":[],"class_list":{"0":"post-57029","1":"product","2":"type-product","3":"status-publish","4":"has-post-thumbnail","6":"product_cat-liberpee-it","7":"product_shipping_class-pakketpost-it","9":"first","10":"instock","11":"taxable","12":"shipping-taxable","13":"purchasable","14":"product-type-simple"},"_links":{"self":[{"href":"https:\/\/liberpee.com\/it\/wp-json\/wp\/v2\/product\/57029","targetHints":{"allow":["GET"]}}],"collection":[{"href":"https:\/\/liberpee.com\/it\/wp-json\/wp\/v2\/product"}],"about":[{"href":"https:\/\/liberpee.com\/it\/wp-json\/wp\/v2\/types\/product"}],"replies":[{"embeddable":true,"href":"https:\/\/liberpee.com\/it\/wp-json\/wp\/v2\/comments?post=57029"}],"wp:featuredmedia":[{"embeddable":true,"href":"https:\/\/liberpee.com\/it\/wp-json\/wp\/v2\/media\/57031"}],"wp:attachment":[{"href":"https:\/\/liberpee.com\/it\/wp-json\/wp\/v2\/media?parent=57029"}],"wp:term":[{"taxonomy":"product_brand","embeddable":true,"href":"https:\/\/liberpee.com\/it\/wp-json\/wp\/v2\/product_brand?post=57029"},{"taxonomy":"product_cat","embeddable":true,"href":"https:\/\/liberpee.com\/it\/wp-json\/wp\/v2\/product_cat?post=57029"},{"taxonomy":"product_tag","embeddable":true,"href":"https:\/\/liberpee.com\/it\/wp-json\/wp\/v2\/product_tag?post=57029"}],"curies":[{"name":"wp","href":"https:\/\/api.w.org\/{rel}","templated":true}]}}