{"id":57008,"date":"2021-07-08T09:42:50","date_gmt":"2021-07-08T07:42:50","guid":{"rendered":"https:\/\/liberpee.com\/product\/liberpee-groen\/"},"modified":"2024-07-01T12:19:13","modified_gmt":"2024-07-01T10:19:13","slug":"liberpee-pissetto-verde","status":"publish","type":"product","link":"https:\/\/liberpee.com\/it\/prodotto\/liberpee-pissetto-verde\/","title":{"rendered":"Liberpee Pissetto Verde \u2013 Incluso Sacchetto Impermeabile"},"content":{"rendered":"<p>Liberpee \u00e8 stato progettato da donne. Questo si riflette nel design anatomico che si adatta perfettamente. Con questo pissetto verde, non devi abbassare i pantaloni e nessuno vede il tuo sedere. Puoi fare pip\u00ec in piedi in modo molto discreto e igienico.<\/p>\n<h4>Sacchetto Impermeabile Gratuito<\/h4>\n<p>Dopo l&#8217;uso, pulisci il canale con un pezzo di carta igienica o risciacqualo con acqua. Ma puoi anche scuotere il tuo Liberpee per asciugarlo. Grazie alla qualit\u00e0 idrorepellente e superiore della plastica, non rimangono gocce. Raccomandiamo questo metodo di pulizia ecologico perch\u00e9 consuma meno acqua e risparmia l&#8217;uso della carta igienica.<br \/>\nPoi, riponilo nel sacchetto impermeabile corrispondente e sei pronto per la prossima situazione senza un bagno (pulito) disponibile!<\/p>\n<p><!-- TrustBox widget - Product Reviews --><\/p>\n<div class=\"trustpilot-widget\" data-locale=\"it-IT\" data-template-id=\"544a426205dc0a09088833c6\" data-businessunit-id=\"6544b9b064519ebed7df3292\" data-style-height=\"700px\" data-style-width=\"100%\" data-theme=\"light\" data-sku=\"00006\" data-review-languages=\"it\" data-font-family=\"Poppins\" data-no-reviews=\"hide\" data-fullwidth=\"true\">\n  <a href=\"https:\/\/it.trustpilot.com\/review\/liberpee.com\" target=\"_blank\" rel=\"noopener\">Trustpilot<\/a>\n<\/div>\n<p><!-- End TrustBox widget --><\/p>\n","protected":false},"excerpt":{"rendered":"<p><!-- TrustBox widget - Product Mini MultiSource --><\/p>\n<div class=\"trustpilot-widget\" data-locale=\"it-IT\" data-template-id=\"577258fb31f02306e4e3aaf9\" data-businessunit-id=\"6544b9b064519ebed7df3292\" data-style-height=\"24px\" data-style-width=\"100%\" data-theme=\"light\" data-sku=\"00006\" data-font-family=\"Poppins\" data-no-reviews=\"hide\" data-scroll-to-list=\"true\" data-style-alignment=\"left\">\n  <a href=\"https:\/\/it.trustpilot.com\/review\/liberpee.com\" target=\"_blank\" rel=\"noopener\">Trustpilot<\/a>\n<\/div>\n<p><!-- End TrustBox widget --><br \/>\nFare pip\u00ec in piedi diventa estremamente facile con questo pissetto verde. I canali di Liberpee sono riutilizzabili. Ecco perch\u00e9 il verde \u00e8 un colore molto appropriato per questo prodotto pratico. \u00c8 un&#8217;alternativa ecologica e sostenibile ai pissetti monouso.<\/p>\n","protected":false},"featured_media":57010,"comment_status":"closed","ping_status":"closed","template":"","meta":[],"product_brand":[],"product_cat":[200],"product_tag":[],"class_list":{"0":"post-57008","1":"product","2":"type-product","3":"status-publish","4":"has-post-thumbnail","6":"product_cat-liberpee-it","7":"product_shipping_class-pakketpost-it","9":"first","10":"instock","11":"taxable","12":"shipping-taxable","13":"purchasable","14":"product-type-simple"},"_links":{"self":[{"href":"https:\/\/liberpee.com\/it\/wp-json\/wp\/v2\/product\/57008","targetHints":{"allow":["GET"]}}],"collection":[{"href":"https:\/\/liberpee.com\/it\/wp-json\/wp\/v2\/product"}],"about":[{"href":"https:\/\/liberpee.com\/it\/wp-json\/wp\/v2\/types\/product"}],"replies":[{"embeddable":true,"href":"https:\/\/liberpee.com\/it\/wp-json\/wp\/v2\/comments?post=57008"}],"wp:featuredmedia":[{"embeddable":true,"href":"https:\/\/liberpee.com\/it\/wp-json\/wp\/v2\/media\/57010"}],"wp:attachment":[{"href":"https:\/\/liberpee.com\/it\/wp-json\/wp\/v2\/media?parent=57008"}],"wp:term":[{"taxonomy":"product_brand","embeddable":true,"href":"https:\/\/liberpee.com\/it\/wp-json\/wp\/v2\/product_brand?post=57008"},{"taxonomy":"product_cat","embeddable":true,"href":"https:\/\/liberpee.com\/it\/wp-json\/wp\/v2\/product_cat?post=57008"},{"taxonomy":"product_tag","embeddable":true,"href":"https:\/\/liberpee.com\/it\/wp-json\/wp\/v2\/product_tag?post=57008"}],"curies":[{"name":"wp","href":"https:\/\/api.w.org\/{rel}","templated":true}]}}