{"id":57002,"date":"2021-07-08T09:40:19","date_gmt":"2021-07-08T07:40:19","guid":{"rendered":"https:\/\/liberpee.com\/product\/liberpee-aqua\/"},"modified":"2024-07-01T12:12:18","modified_gmt":"2024-07-01T10:12:18","slug":"liberpee-pissetto-aqua","status":"publish","type":"product","link":"https:\/\/liberpee.com\/it\/prodotto\/liberpee-pissetto-aqua\/","title":{"rendered":"Liberpee Pissetto Aqua \u2013 Incl. Sacchetto Impermeabile"},"content":{"rendered":"<p>Non devi abbassare i pantaloni e nessuno vedr\u00e0 il tuo sedere durante l&#8217;uso di questo pissetto. Fai pip\u00ec in modo molto discreto e senza fare disordine. Il tempo in cui solo gli uomini potevano urinare in piedi \u00e8 ormai passato! Non solo le donne che devono urinare frequentemente (come quelle con una vescica debole e le donne incinte) sono fan di Liberpee. Ogni donna dovrebbe portare con s\u00e9 un pissetto, perch\u00e9 trattenere l&#8217;urina pu\u00f2 spesso portare a problemi alla vescica, come gravi infezioni della vescica.<\/p>\n<h4>Incluso un sacchetto impermeabile gratuito<\/h4>\n<p>Dopo l&#8217;uso, riponi il tuo Liberpee nel sacchetto impermeabile fornito gratuitamente e lo rimetti nella tua borsa. Non devi preoccuparti di situazioni non igieniche. Grazie alla alta qualit\u00e0 e densit\u00e0 del materiale (polietilene), non rimane alcuna goccia o umidit\u00e0 sul pissetto. Basta semplicemente scuoterlo per asciugarlo. Inoltre, il sacchetto \u00e8 idrorepellente e pu\u00f2 anche essere lavato in lavatrice.<\/p>\n<p><!-- TrustBox widget - Product Reviews --><\/p>\n<div class=\"trustpilot-widget\" data-locale=\"it-IT\" data-template-id=\"544a426205dc0a09088833c6\" data-businessunit-id=\"6544b9b064519ebed7df3292\" data-style-height=\"700px\" data-style-width=\"100%\" data-theme=\"light\" data-sku=\"00004\" data-review-languages=\"it\" data-font-family=\"Poppins\" data-no-reviews=\"hide\" data-fullwidth=\"true\">\n  <a href=\"https:\/\/it.trustpilot.com\/review\/liberpee.com\" target=\"_blank\" rel=\"noopener\">Trustpilot<\/a>\n<\/div>\n<p><!-- End TrustBox widget --><\/p>\n","protected":false},"excerpt":{"rendered":"<p><!-- TrustBox widget - Product Mini MultiSource --><\/p>\n<div class=\"trustpilot-widget\" data-locale=\"it-IT\" data-template-id=\"577258fb31f02306e4e3aaf9\" data-businessunit-id=\"6544b9b064519ebed7df3292\" data-style-height=\"24px\" data-style-width=\"100%\" data-theme=\"light\" data-sku=\"00004\" data-font-family=\"Poppins\" data-no-reviews=\"hide\" data-scroll-to-list=\"true\" data-style-alignment=\"left\">\n  <a href=\"https:\/\/it.trustpilot.com\/review\/liberpee.com\" target=\"_blank\" rel=\"noopener\">Trustpilot<\/a>\n<\/div>\n<p><!-- End TrustBox widget --><br \/>\nCon questo pissetto aqua, puoi fare pip\u00ec in piedi in modo igienico. Grazie al pissetto Liberpee, noi donne possiamo superare i bagni sporchi! Ma anche quando non c&#8217;\u00e8 un WC nelle vicinanze, Liberpee \u00e8 il tuo salvatore<\/p>\n","protected":false},"featured_media":57004,"comment_status":"closed","ping_status":"closed","template":"","meta":[],"product_brand":[],"product_cat":[200],"product_tag":[],"class_list":{"0":"post-57002","1":"product","2":"type-product","3":"status-publish","4":"has-post-thumbnail","6":"product_cat-liberpee-it","7":"product_shipping_class-pakketpost-it","9":"first","10":"instock","11":"taxable","12":"shipping-taxable","13":"purchasable","14":"product-type-simple"},"_links":{"self":[{"href":"https:\/\/liberpee.com\/it\/wp-json\/wp\/v2\/product\/57002","targetHints":{"allow":["GET"]}}],"collection":[{"href":"https:\/\/liberpee.com\/it\/wp-json\/wp\/v2\/product"}],"about":[{"href":"https:\/\/liberpee.com\/it\/wp-json\/wp\/v2\/types\/product"}],"replies":[{"embeddable":true,"href":"https:\/\/liberpee.com\/it\/wp-json\/wp\/v2\/comments?post=57002"}],"wp:featuredmedia":[{"embeddable":true,"href":"https:\/\/liberpee.com\/it\/wp-json\/wp\/v2\/media\/57004"}],"wp:attachment":[{"href":"https:\/\/liberpee.com\/it\/wp-json\/wp\/v2\/media?parent=57002"}],"wp:term":[{"taxonomy":"product_brand","embeddable":true,"href":"https:\/\/liberpee.com\/it\/wp-json\/wp\/v2\/product_brand?post=57002"},{"taxonomy":"product_cat","embeddable":true,"href":"https:\/\/liberpee.com\/it\/wp-json\/wp\/v2\/product_cat?post=57002"},{"taxonomy":"product_tag","embeddable":true,"href":"https:\/\/liberpee.com\/it\/wp-json\/wp\/v2\/product_tag?post=57002"}],"curies":[{"name":"wp","href":"https:\/\/api.w.org\/{rel}","templated":true}]}}