{"id":56995,"date":"2021-07-08T09:38:47","date_gmt":"2021-07-08T07:38:47","guid":{"rendered":"https:\/\/liberpee.com\/product\/liberpee-geel\/"},"modified":"2024-07-01T12:08:53","modified_gmt":"2024-07-01T10:08:53","slug":"liberpee-pissetto-giallo","status":"publish","type":"product","link":"https:\/\/liberpee.com\/it\/prodotto\/liberpee-pissetto-giallo\/","title":{"rendered":"Liberpee Pissetto Femminile Giallo \u2013 Incl. Sacchetto per il Trasporto"},"content":{"rendered":"<p>Anche quando sei in viaggio e non c&#8217;\u00e8 un bagno (pulito) nelle vicinanze, questo piccolo pissetto giallo \u00e8 l&#8217;ideale. Con Liberpee, puoi fare pip\u00ec in piedi in modo discreto e igienico mentre indossi i tuoi pantaloni.<\/p>\n<h4>Incluso un sacchetto per il trasporto gratuito<\/h4>\n<p>Dopo l&#8217;uso, asciuga il tuo Liberpee con carta igienica o sciacqualo con acqua. Non hai acqua o carta igienica a portata di mano? Puoi anche scuotere il tuo Liberpee per asciugarlo. Grazie al plastica di polietilene ad alta densit\u00e0, non rimangono gocce sull&#8217;ugello dopo averlo scosso. Quindi, rimetti semplicemente il tuo Liberpee nel sacchetto per il trasporto impermeabile fornito ed \u00e8 pronto per un altro utilizzo.<\/p>\n<p><!-- TrustBox widget - Product Reviews --><\/p>\n<div class=\"trustpilot-widget\" data-locale=\"it-IT\" data-template-id=\"544a426205dc0a09088833c6\" data-businessunit-id=\"6544b9b064519ebed7df3292\" data-style-height=\"700px\" data-style-width=\"100%\" data-theme=\"light\" data-sku=\"00003\" data-review-languages=\"it\" data-font-family=\"Poppins\" data-no-reviews=\"hide\" data-fullwidth=\"true\">\n  <a href=\"https:\/\/it.trustpilot.com\/review\/liberpee.com\" target=\"_blank\" rel=\"noopener\">Trustpilot<\/a>\n<\/div>\n<p><!-- End TrustBox widget --><\/p>\n","protected":false},"excerpt":{"rendered":"<p><!-- TrustBox widget - Product Mini MultiSource --><\/p>\n<div class=\"trustpilot-widget\" data-locale=\"it-IT\" data-template-id=\"577258fb31f02306e4e3aaf9\" data-businessunit-id=\"6544b9b064519ebed7df3292\" data-style-height=\"24px\" data-style-width=\"100%\" data-theme=\"light\" data-sku=\"00003\" data-font-family=\"Poppins\" data-no-reviews=\"hide\" data-scroll-to-list=\"true\" data-style-alignment=\"left\">\n  <a href=\"https:\/\/it.trustpilot.com\/review\/liberpee.com\" target=\"_blank\" rel=\"noopener\">Trustpilot<\/a>\n<\/div>\n<p><!-- End TrustBox widget --><br \/>\nCon questo pissetto femminile giallo, le lunghe file ai bagni durante festival ed eventi non sono pi\u00f9 un problema, perch\u00e9 con Liberpee, le donne possono urinare in piedi.<\/p>\n","protected":false},"featured_media":56997,"comment_status":"closed","ping_status":"closed","template":"","meta":[],"product_brand":[],"product_cat":[200],"product_tag":[],"class_list":{"0":"post-56995","1":"product","2":"type-product","3":"status-publish","4":"has-post-thumbnail","6":"product_cat-liberpee-it","7":"product_shipping_class-pakketpost-it","9":"first","10":"instock","11":"taxable","12":"shipping-taxable","13":"purchasable","14":"product-type-simple"},"_links":{"self":[{"href":"https:\/\/liberpee.com\/it\/wp-json\/wp\/v2\/product\/56995","targetHints":{"allow":["GET"]}}],"collection":[{"href":"https:\/\/liberpee.com\/it\/wp-json\/wp\/v2\/product"}],"about":[{"href":"https:\/\/liberpee.com\/it\/wp-json\/wp\/v2\/types\/product"}],"replies":[{"embeddable":true,"href":"https:\/\/liberpee.com\/it\/wp-json\/wp\/v2\/comments?post=56995"}],"wp:featuredmedia":[{"embeddable":true,"href":"https:\/\/liberpee.com\/it\/wp-json\/wp\/v2\/media\/56997"}],"wp:attachment":[{"href":"https:\/\/liberpee.com\/it\/wp-json\/wp\/v2\/media?parent=56995"}],"wp:term":[{"taxonomy":"product_brand","embeddable":true,"href":"https:\/\/liberpee.com\/it\/wp-json\/wp\/v2\/product_brand?post=56995"},{"taxonomy":"product_cat","embeddable":true,"href":"https:\/\/liberpee.com\/it\/wp-json\/wp\/v2\/product_cat?post=56995"},{"taxonomy":"product_tag","embeddable":true,"href":"https:\/\/liberpee.com\/it\/wp-json\/wp\/v2\/product_tag?post=56995"}],"curies":[{"name":"wp","href":"https:\/\/api.w.org\/{rel}","templated":true}]}}