{"id":56983,"date":"2021-06-22T14:10:34","date_gmt":"2021-06-22T12:10:34","guid":{"rendered":"https:\/\/liberpee.com\/product\/liberpee-roze\/"},"modified":"2024-07-01T11:37:48","modified_gmt":"2024-07-01T09:37:48","slug":"liberpee-pissetto-rosa","status":"publish","type":"product","link":"https:\/\/liberpee.com\/it\/prodotto\/liberpee-pissetto-rosa\/","title":{"rendered":"Liberpee Pissetto Femminile Rosa \u2013 Incl. Sacchetto per il Trasporto"},"content":{"rendered":"<p>Metti il Liberpee nella tua borsa o zaino, o lascialo sul cruscotto della tua auto. Cos\u00ec lo avrai sempre a portata di mano e non ti troverai mai pi\u00f9 con la vescica piena. Il canale urinario Liberpee \u00e8 stato sviluppato da donne, per le donne. Ecco perch\u00e9 questo pissetto \u00e8 unico, perch\u00e9 la sua forma anatomica previene versamenti e situazioni non igieniche.<\/p>\n<h4>Incluso sacchetto per il trasporto gratuito<\/h4>\n<p>Dopo l&#8217;uso, asciuga il pissetto con carta igienica o sciacqualo con acqua. Ma puoi anche scuoterlo per asciugarlo. Dopo averlo scosso, non rimangono gocce sul pissetto. Quindi, puoi inserirlo direttamente nel sacchetto per il trasporto gratuito incluso. Il sacchetto \u00e8 impermeabile e pu\u00f2 essere lavato in lavatrice.<\/p>\n<p><!-- TrustBox widget - Product Reviews --><\/p>\n<div class=\"trustpilot-widget\" data-locale=\"it-IT\" data-template-id=\"544a426205dc0a09088833c6\" data-businessunit-id=\"6544b9b064519ebed7df3292\" data-style-height=\"700px\" data-style-width=\"100%\" data-theme=\"light\" data-sku=\"00001\" data-review-languages=\"it\" data-font-family=\"Poppins\" data-no-reviews=\"hide\" data-fullwidth=\"true\">\n  <a href=\"https:\/\/it.trustpilot.com\/review\/liberpee.com\" target=\"_blank\" rel=\"noopener\">Trustpilot<\/a>\n<\/div>\n<p><!-- End TrustBox widget --><\/p>\n","protected":false},"excerpt":{"rendered":"<p><!-- TrustBox widget - Product Mini MultiSource --><\/p>\n<div class=\"trustpilot-widget\" data-locale=\"it-IT\" data-template-id=\"577258fb31f02306e4e3aaf9\" data-businessunit-id=\"6544b9b064519ebed7df3292\" data-style-height=\"24px\" data-style-width=\"100%\" data-theme=\"light\" data-sku=\"00001\" data-font-family=\"Poppins\" data-no-reviews=\"hide\" data-scroll-to-list=\"true\" data-style-alignment=\"left\">\n  <a href=\"https:\/\/it.trustpilot.com\/review\/liberpee.com\" target=\"_blank\" rel=\"noopener\">Trustpilot<\/a>\n<\/div>\n<p><!-- End TrustBox widget --><br \/>\nAmiamo il rosa! Per questo motivo questo pissetto femminile riutilizzabile rosa \u00e8 il nostro preferito. Non \u00e8 solo funzionale, ma ha anche un aspetto super femminile. Una lunga fila per il bagno? Non c&#8217;\u00e8 un WC o c&#8217;\u00e8 solo un WC sporco? Utilizza quindi questo pissetto rosa Liberpee per fare pip\u00ec in piedi discretamente.<\/p>\n","protected":false},"featured_media":56985,"comment_status":"closed","ping_status":"closed","template":"","meta":[],"product_brand":[],"product_cat":[200],"product_tag":[],"class_list":{"0":"post-56983","1":"product","2":"type-product","3":"status-publish","4":"has-post-thumbnail","6":"product_cat-liberpee-it","7":"product_shipping_class-pakketpost-it","9":"first","10":"instock","11":"taxable","12":"shipping-taxable","13":"purchasable","14":"product-type-simple"},"_links":{"self":[{"href":"https:\/\/liberpee.com\/it\/wp-json\/wp\/v2\/product\/56983","targetHints":{"allow":["GET"]}}],"collection":[{"href":"https:\/\/liberpee.com\/it\/wp-json\/wp\/v2\/product"}],"about":[{"href":"https:\/\/liberpee.com\/it\/wp-json\/wp\/v2\/types\/product"}],"replies":[{"embeddable":true,"href":"https:\/\/liberpee.com\/it\/wp-json\/wp\/v2\/comments?post=56983"}],"wp:featuredmedia":[{"embeddable":true,"href":"https:\/\/liberpee.com\/it\/wp-json\/wp\/v2\/media\/56985"}],"wp:attachment":[{"href":"https:\/\/liberpee.com\/it\/wp-json\/wp\/v2\/media?parent=56983"}],"wp:term":[{"taxonomy":"product_brand","embeddable":true,"href":"https:\/\/liberpee.com\/it\/wp-json\/wp\/v2\/product_brand?post=56983"},{"taxonomy":"product_cat","embeddable":true,"href":"https:\/\/liberpee.com\/it\/wp-json\/wp\/v2\/product_cat?post=56983"},{"taxonomy":"product_tag","embeddable":true,"href":"https:\/\/liberpee.com\/it\/wp-json\/wp\/v2\/product_tag?post=56983"}],"curies":[{"name":"wp","href":"https:\/\/api.w.org\/{rel}","templated":true}]}}