{"id":57418,"date":"2021-06-22T13:47:45","date_gmt":"2021-06-22T13:47:45","guid":{"rendered":"https:\/\/liberpee.com\/algemene-voorwaarden\/"},"modified":"2024-04-12T11:02:37","modified_gmt":"2024-04-12T09:02:37","slug":"condizioni-generali","status":"publish","type":"page","link":"https:\/\/liberpee.com\/it\/condizioni-generali\/","title":{"rendered":"Condizioni Generali"},"content":{"rendered":"<p>Articolo 1 &#8211; Definizioni<br \/>\nArticolo 2 &#8211; Identit\u00e0 dell&#8217;imprenditore<br \/>\nArticolo 3 &#8211; Applicabilit\u00e0<br \/>\nArticolo 4 &#8211; L&#8217;Offerta<br \/>\nArticolo 5 &#8211; Il Contratto<br \/>\nArticolo 6 &#8211; Il Prezzo<br \/>\nArticolo 7 &#8211; Pagamento<br \/>\nArticolo 8 &#8211; Consegna ed esecuzione<br \/>\nArticolo 9 &#8211; Conformit\u00e0 e garanzia<br \/>\nArticolo 10 &#8211; Diritto di recesso<br \/>\nArticolo 11 &#8211; Esclusione del diritto di recesso<br \/>\nArticolo 12 &#8211; Costi di recesso<br \/>\nArticolo 13 &#8211; Responsabilit\u00e0 legale<br \/>\nArticolo 14 &#8211; Procedura di reclamo<\/p>\n<h4>Articolo 1 &#8211; Definizioni<\/h4>\n<p>In queste condizioni si intende per:<br \/>\nLegislazione: si applica la legge olandese;<br \/>\nImprenditore: la persona fisica o giuridica che offre prodotti e\/o servizi a distanza ai consumatori;<br \/>\nConsumatore: la persona fisica che non agisce nell&#8217;esercizio di una professione o impresa e stipula un contratto a distanza con l&#8217;imprenditore;<br \/>\nContratto a distanza: un contratto in cui, nell&#8217;ambito di un sistema organizzato dall&#8217;imprenditore per la vendita a distanza di prodotti e\/o servizi, fino alla conclusione del contratto viene utilizzata esclusivamente una o pi\u00f9 tecniche di comunicazione a distanza;<br \/>\nTecnica di comunicazione a distanza: mezzo che pu\u00f2 essere utilizzato per concludere un contratto, senza che il consumatore e l&#8217;imprenditore si trovino contemporaneamente nello stesso spazio;<br \/>\nPeriodo di riflessione: il periodo entro il quale il consumatore pu\u00f2 esercitare il suo diritto di recesso;<br \/>\nDiritto di recesso: la possibilit\u00e0 per il consumatore di rinunciare al contratto a distanza entro il periodo di riflessione;<br \/>\nGiorno: giorno del calendario, ora olandese;<br \/>\nSupporto di dati durevole: qualsiasi mezzo che consente al consumatore o all&#8217;imprenditore di memorizzare informazioni dirette personalmente a lui in modo che la consultazione futura e la riproduzione invariata delle informazioni memorizzate siano possibili.<\/p>\n<h4>Articolo 2 &#8211; Identit\u00e0 dell&#8217;imprenditore<\/h4>\n<p>Nome dell&#8217;imprenditore: Y.N. de Winter<br \/>\nIndirizzo: Linie 1, 5405 AR Uden<br \/>\nNumero di telefono: (+31) 413-256968<br \/>\nIndirizzo email: info@Liberpee.com<br \/>\nCamera di Commercio (KvK): 71337210<br \/>\nNumero di partita IVA: fornito solo su richiesta<\/p>\n<h4>Articolo 3 &#8211; Applicabilit\u00e0<\/h4>\n<p>1) Queste Condizioni Generali si applicano a ogni offerta del negozio online Liberpee e a ogni contratto a distanza concluso tra l&#8217;imprenditore e il consumatore.<br \/>\n2)Tutti i contratti tra il Consumatore e il negozio online Liberpee sono soggetti alla legge olandese.<br \/>\n3)L&#8217;imprenditore rende queste Condizioni Generali prontamente e gratuitamente disponibili per la consultazione da parte del Consumatore. Se ci\u00f2 non \u00e8 ragionevolmente possibile, l&#8217;imprenditore indicher\u00e0 dove queste Condizioni Generali possono essere visionate prima della conclusione del contratto e che possono essere inviate gratuitamente se desiderato.<br \/>\n4)Se il contratto pu\u00f2 essere concluso elettronicamente, il testo di queste Condizioni Generali sar\u00e0 reso disponibile elettronicamente in modo tale da essere facilmente consultabile e scaricabile in modo tale da poter essere salvato su un supporto di dati elettronico durevole.<\/p>\n<h4>Articolo 4 &#8211; L&#8217;Offerta<\/h4>\n<p>1)Se un&#8217;offerta ha una durata limitata o avviene sotto condizioni, ci\u00f2 viene chiaramente indicato nell&#8217;offerta stessa.<br \/>\n2)L&#8217;offerta contiene una descrizione completa e accurata dei prodotti e\/o servizi offerti. La descrizione \u00e8 sufficientemente dettagliata per permettere al consumatore una buona valutazione dell&#8217;offerta. Se l&#8217;imprenditore utilizza immagini, queste sono una rappresentazione veritiera dei prodotti e\/o servizi offerti. Evidenti errori o errori nell&#8217;offerta non impegnano l&#8217;imprenditore.<br \/>\n3)Ogni offerta contiene informazioni tali che sia chiaro per il consumatore quali sono i diritti e gli obblighi legati all&#8217;accettazione dell&#8217;offerta. Ci\u00f2 riguarda in particolare:<br \/>\nil modo in cui il contratto sar\u00e0 concluso e quali azioni sono necessarie a tal fine;<br \/>\n&#8211; il prezzo, inclusi i tributi;<br \/>\n&#8211; i costi di consegna;<br \/>\n&#8211; il metodo di pagamento;<br \/>\n&#8211; il modo di consegna o esecuzione del contratto;<br \/>\n&#8211; l&#8217;applicabilit\u00e0 o meno del diritto di recesso.<\/p>\n<h4>Articolo 5 &#8211; Il Contratto<\/h4>\n<p>1) Il contratto si conclude, salvo quanto disposto nel paragrafo 5, nel momento in cui il consumatore accetta l&#8217;offerta e soddisfa le condizioni ad essa associate.<br \/>\n2) Se il consumatore ha accettato l&#8217;offerta tramite via elettronica, l&#8217;imprenditore conferma immediatamente tramite via elettronica la ricezione dell&#8217;accettazione dell&#8217;offerta. Finch\u00e9 la ricezione di questa accettazione non \u00e8 confermata, il Consumatore pu\u00f2 recedere dal contratto.<br \/>\n3) Il Consumatore ha l&#8217;obbligo di segnalare senza indugio all&#8217;Imprenditore eventuali inesattezze nei dati di pagamento e di indirizzo forniti o indicati.<br \/>\n4) Se il contratto viene concluso elettronicamente, l&#8217;imprenditore adotta misure tecniche e organizzative adeguate per proteggere il trasferimento elettronico di dati e fornisce un ambiente web sicuro. Se il consumatore pu\u00f2 pagare elettronicamente, l&#8217;imprenditore adotter\u00e0 misure di sicurezza appropriate.<br \/>\n5) L&#8217;imprenditore fornir\u00e0 al consumatore le seguenti informazioni, per iscritto o in modo tale che il consumatore possa accedervi e conservarle su un supporto di dati durevole, prima della consegna del prodotto o servizio:<br \/>\na) l&#8217;indirizzo di contatto dell&#8217;Imprenditore dove il Consumatore pu\u00f2 rivolgersi in caso di reclami;<br \/>\nb) le condizioni e il modo in cui il consumatore pu\u00f2 esercitare il diritto di recesso, o un avviso chiaro riguardo l&#8217;esclusione dal diritto di recesso;<br \/>\nc) informazioni sui servizi post-vendita esistenti e garanzie;<br \/>\nd) i dati inclusi nell&#8217;Articolo 4, paragrafo 3, di queste condizioni.<\/p>\n<h4>Articolo 6 &#8211; Il Prezzo<\/h4>\n<p>Durante il periodo di validit\u00e0 indicato nell&#8217;offerta, i prezzi dei prodotti e\/o servizi offerti non aumenteranno, salvo modifiche dei prezzi a seguito di variazioni delle aliquote IVA.<br \/>\nI prezzi dei prodotti menzionati nell&#8217;offerta includono l&#8217;IVA.<br \/>\nI prezzi dei prodotti menzionati nell&#8217;offerta escludono le spese di spedizione, salvo diversa indicazione esplicita.<\/p>\n<h4>Articolo 7 &#8211; Pagamento<\/h4>\n<p>Il Consumatore effettuer\u00e0 il pagamento del Contratto immediatamente accreditando l&#8217;importo totale sul conto bancario indicato nel Contratto.<br \/>\nSe non \u00e8 stato effettuato alcun pagamento secondo il punto 1, il pagamento da parte del Consumatore deve essere effettuato entro 14 giorni.<br \/>\nSe non \u00e8 stato effettuato alcun pagamento entro 21 giorni dalla conclusione del Contratto, l&#8217;Imprenditore si riserva il diritto di risolvere il Contratto senza fornire motivazioni. L&#8217;Imprenditore informer\u00e0 immediatamente il Consumatore di ci\u00f2.<br \/>\nIn caso di risoluzione secondo l&#8217;Articolo 9 e\/o l&#8217;Articolo 10, l&#8217;Imprenditore rimborser\u00e0 al Consumatore l&#8217;importo pagato il pi\u00f9 presto possibile, ma comunque entro 30 giorni dalla risoluzione, nella sua interezza.<\/p>\n<h4>Articolo 9 &#8211; Conformit\u00e0 e Garanzia<\/h4>\n<p>1) Sebbene ci impegniamo al massimo per presentare tutti i dettagli, descrizioni e dati sui prezzi sul sito web il pi\u00f9 accuratamente possibile, pu\u00f2 comunque accadere che ci siano imprecisioni sul sito web. Ci riserviamo il diritto di correggere errori, ambiguit\u00e0 o dati mancanti senza preavviso. Ci riserviamo il diritto di annullare ordini effettuati sulla base di informazioni chiaramente errate.<br \/>\n2)L&#8217;Imprenditore garantisce che, tenendo conto del punto 1, i prodotti e\/o servizi siano conformi al Contratto, alle specifiche menzionate nell&#8217;offerta, alle ragionevoli aspettative di solidit\u00e0 e\/o utilit\u00e0 e alle disposizioni legali e\/o ai regolamenti governativi esistenti alla data di stipula del contratto.<br \/>\n3)L&#8217;Imprenditore garantisce che i prodotti e\/o servizi corrispondano alle specifiche come mostrato nell&#8217;offerta e soddisfino ragionevoli aspettative in termini di utilit\u00e0 e\/o affidabilit\u00e0 e siano conformi alla legislazione vigente al giorno della stipula del contratto.<br \/>\n4)Una garanzia aggiuntiva fornita dall&#8217;imprenditore, produttore o importatore non pregiudica i diritti e le richieste che il consumatore pu\u00f2 far valere nei confronti dell&#8217;Imprenditore in caso di inadempimento degli obblighi dell&#8217;Imprenditore nei confronti del Consumatore sulla base della legge e\/o del contratto a distanza.<\/p>\n<h4>Articolo 10 &#8211; Diritto di recesso per la consegna di prodotti<\/h4>\n<p>1)NB! Per ragioni igieniche, il recesso dall&#8217;acquisto di prodotti Liberpee \u00e8 possibile solo in caso di difetti di fabbricazione comprovati.<br \/>\n2)In caso di difetto di fabbricazione, il Consumatore pu\u00f2 restituire il prodotto e verranno rimborsati tutti i costi. Si prega di contattare sempre il negozio online Liberpee il pi\u00f9 presto possibile in questo caso.<br \/>\n3)Se un ordine \u00e8 stato effettuato per errore, pu\u00f2 essere revocato prima che avvenga la spedizione.<br \/>\n4)Se il Consumatore pu\u00f2 dimostrare che il negozio online Liberpee non ha eseguito il contratto in conformit\u00e0 all&#8217;Articolo 9, il Consumatore pu\u00f2 recedere dal contratto senza ulteriori motivazioni.<br \/>\n5)In caso di recesso, il Consumatore restituir\u00e0 il prodotto con tutti gli accessori forniti e nelle condizioni originali, incluso l&#8217;imballaggio, secondo le istruzioni dell&#8217;Imprenditore.<br \/>\n6)A causa di disposizioni legali, un modulo standard di recesso pu\u00f2 essere scaricato dal sito web.<\/p>\n<h4>Articolo 11 &#8211; Esclusione del Diritto di Recesso<\/h4>\n<p>Solo se l&#8217;Imprenditore lo ha chiaramente comunicato al momento dell&#8217;offerta del servizio o del prodotto, o comunque in un tempo ragionevolmente considerato prima della conclusione del contratto, l&#8217;Imprenditore pu\u00f2 escludere i seguenti prodotti o servizi dal diritto di recesso:<br \/>\na) Prodotti che per ragioni igieniche non sono adatti per essere restituiti;<br \/>\nb) Prodotti sigillati che non sono adatti per essere restituiti per motivi di salute o igiene e la cui sigillatura \u00e8 stata rotta;<br \/>\nc) Prodotti che non sono prodotti in un processo di fabbricazione standard ma che sono stati realizzati in conformit\u00e0 con le specifiche richieste del Consumatore, o che sono stati specificamente prodotti per una determinata persona.<\/p>\n<h4>Articolo 12 &#8211; Costi di Recesso<\/h4>\n<p>Se il consumatore esercita il suo diritto di recesso, al massimo i costi di spedizione per la restituzione saranno a suo carico.<br \/>\nL&#8217;Imprenditore concorder\u00e0 di rimborsare tutti i costi, inclusi i costi di spedizione, sostenuti dal Consumatore per la consegna dei prodotti, entro 14 giorni dalla data in cui l&#8217;Imprenditore riceve i prodotti indietro, o fino a quando il Consumatore dimostra che i prodotti sono stati rispediti.<br \/>\nSe il Consumatore sceglie un metodo di restituzione pi\u00f9 costoso della spedizione standard pi\u00f9 economica, o sceglie un metodo di spedizione non approvato dall&#8217;Imprenditore, l&#8217;Imprenditore non dovr\u00e0 rimborsare i costi aggiuntivi.<\/p>\n<h4>Articolo 13 &#8211; Responsabilit\u00e0<\/h4>\n<p>Il negozio online Liberpee, l&#8217;Imprenditore, n\u00e9 il produttore possono essere ritenuti responsabili per eventuali danni che possono derivare dall&#8217;uso del prodotto in casi individuali quando non \u00e8 efficace come previsto o causa danni a causa di un uso improprio.<\/p>\n<h4>Articolo 14 &#8211; Procedura di Reclamo<\/h4>\n<p>I reclami relativi all&#8217;esecuzione del contratto devono essere presentati all&#8217;Imprenditore entro 7 giorni, in modo completo e chiaro, dopo che il consumatore ha riscontrato i difetti.<br \/>\nI reclami presentati all&#8217;Imprenditore saranno risposti entro un termine di 14 giorni a partire dalla data di ricezione. Se un reclamo richiede un tempo di elaborazione prevedibilmente pi\u00f9 lungo, l&#8217;Imprenditore risponder\u00e0 entro il termine di 14 giorni con un avviso di ricezione e un&#8217;indicazione di quando il consumatore pu\u00f2 aspettarsi una risposta pi\u00f9 dettagliata.<\/p>\n","protected":false},"excerpt":{"rendered":"<p>Articolo 1 &#8211; Definizioni Articolo 2 &#8211; Identit\u00e0 dell&#8217;imprenditore Articolo 3 &#8211; Applicabilit\u00e0 Articolo 4 &#8211; L&#8217;Offerta Articolo 5 &#8211; Il Contratto Articolo 6 &#8211; Il Prezzo Articolo 7 &#8211; Pagamento Articolo 8 &#8211; Consegna ed esecuzione Articolo 9 &#8211; Conformit\u00e0 e garanzia Articolo 10 &#8211; Diritto di recesso Articolo 11 &#8211; Esclusione del diritto [&hellip;]<\/p>\n","protected":false},"author":8153,"featured_media":0,"parent":0,"menu_order":0,"comment_status":"closed","ping_status":"closed","template":"","meta":{"footnotes":""},"class_list":["post-57418","page","type-page","status-publish","hentry"],"_links":{"self":[{"href":"https:\/\/liberpee.com\/it\/wp-json\/wp\/v2\/pages\/57418","targetHints":{"allow":["GET"]}}],"collection":[{"href":"https:\/\/liberpee.com\/it\/wp-json\/wp\/v2\/pages"}],"about":[{"href":"https:\/\/liberpee.com\/it\/wp-json\/wp\/v2\/types\/page"}],"author":[{"embeddable":true,"href":"https:\/\/liberpee.com\/it\/wp-json\/wp\/v2\/users\/8153"}],"replies":[{"embeddable":true,"href":"https:\/\/liberpee.com\/it\/wp-json\/wp\/v2\/comments?post=57418"}],"version-history":[{"count":1,"href":"https:\/\/liberpee.com\/it\/wp-json\/wp\/v2\/pages\/57418\/revisions"}],"predecessor-version":[{"id":57622,"href":"https:\/\/liberpee.com\/it\/wp-json\/wp\/v2\/pages\/57418\/revisions\/57622"}],"wp:attachment":[{"href":"https:\/\/liberpee.com\/it\/wp-json\/wp\/v2\/media?parent=57418"}],"curies":[{"name":"wp","href":"https:\/\/api.w.org\/{rel}","templated":true}]}}