{"id":57401,"date":"2021-06-22T13:20:59","date_gmt":"2021-06-22T13:20:59","guid":{"rendered":"https:\/\/liberpee.com\/privacy-policy\/"},"modified":"2024-04-12T11:06:11","modified_gmt":"2024-04-12T09:06:11","slug":"politica-sulla-privacy","status":"publish","type":"page","link":"https:\/\/liberpee.com\/it\/politica-sulla-privacy\/","title":{"rendered":"Politica sulla Privacy"},"content":{"rendered":"<p>La tua privacy \u00e8 molto importante per noi. Pertanto, ci atteniamo alla legge sulla privacy. Questo significa che i tuoi dati sono al sicuro con noi e che li utilizziamo sempre in modo appropriato. In questa dichiarazione sulla privacy spieghiamo tutto ci\u00f2 che facciamo con le informazioni che otteniamo su di te tramite il sito web www.liberpee.com.<\/p>\n<p>Se hai domande o vuoi sapere esattamente quali dati conserviamo su di te, contattaci all&#8217;indirizzo info@liberpee.com.<\/p>\n<h4>Dati personali che elaboriamo<\/h4>\n<p>Liberpee elabora i tuoi dati personali perch\u00e9 utilizzi i nostri servizi e\/o perch\u00e9 ce li hai forniti. Qui sotto trovi un elenco dei dati personali che elaboriamo:<br \/>\n&#8211; Nome e cognome<br \/>\n&#8211; Dati di indirizzo<br \/>\n&#8211; Numero di telefono<br \/>\n&#8211; Indirizzo email<br \/>\n&#8211; Dati sulle tue attivit\u00e0 sul nostro sito web<br \/>\n&#8211; Numero di conto bancario<\/p>\n<h4>Dati Personali Particolari e\/o Sensibili che Elaboriamo<\/h4>\n<p>Il nostro sito web e\/o servizio non ha l&#8217;intenzione di raccogliere dati su visitatori del sito che hanno meno di 16 anni, a meno che non abbiano il permesso dei genitori o tutori. Tuttavia, non possiamo verificare se un visitatore ha pi\u00f9 di 16 anni. Consigliamo quindi ai genitori di essere coinvolti nelle attivit\u00e0 online dei loro figli per evitare che vengano raccolti dati sui bambini senza il consenso dei genitori. Se ritieni che abbiamo raccolto dati personali su un minore senza tale consenso, ti preghiamo di contattarci a info@liberpee.com, in modo da poter eliminare queste informazioni.<\/p>\n<h4>Scopo e Base Giuridica per l&#8217;Elaborazione dei Dati Personali<\/h4>\n<p>Liberpee elabora i tuoi dati personali per i seguenti scopi:<br \/>\n&#8211; Gestire il tuo pagamento<br \/>\n&#8211; Inviare la nostra newsletter e\/o volantini pubblicitari<br \/>\n&#8211; Poterti chiamare o inviarti e-mail se necessario per poter fornire i nostri servizi<br \/>\n&#8211; Informarti sulle modifiche dei nostri servizi e prodotti<br \/>\n&#8211; Consegnarti beni e servizi<br \/>\n&#8211; Liberpee elabora anche dati personali quando siamo legalmente obbligati a farlo, come i dati necessari per la nostra dichiarazione fiscale.<\/p>\n<h4>Processo Decisionale Automatizzato<\/h4>\n<p>Liberpee non prende decisioni basate su elaborazioni automatizzate su questioni che possono avere (importanti) conseguenze per le persone. Si tratta di decisioni prese da programmi o sistemi informatici senza l&#8217;intervento di un essere umano (ad esempio, un dipendente di Liberpee). Liberpee utilizza i seguenti programmi o sistemi informatici:<br \/>\nMollie \u2013 sistema di pagamento del negozio online<br \/>\nSendcloud \u2013 sistema di spedizione del negozio online<br \/>\nGoogle Analytics \u2013 analisi dei visitatori sul negozio online Liberpee<br \/>\nG-Suite \u2013 invio di email<br \/>\nMailchimp \u2013 invio di newsletter e aggiornamenti su Liberpee e i suoi prodotti.<\/p>\n<h4>Quanto tempo conserviamo i dati personali<\/h4>\n<p>Liberpee conserva i tuoi dati personali non oltre il tempo strettamente necessario per realizzare gli scopi per i quali i tuoi dati sono stati raccolti.<\/p>\n<h4>Condivisione dei dati personali con terzi<\/h4>\n<p>Liberpee non vende i tuoi dati a terzi e li fornisce solo se ci\u00f2 \u00e8 necessario per l&#8217;esecuzione del nostro contratto con te o per adempiere un obbligo legale. Con le aziende che elaborano i tuoi dati per nostro conto, stipuliamo un accordo di elaborazione per garantire lo stesso livello di sicurezza e riservatezza dei tuoi dati. Liberpee rimane responsabile per queste elaborazioni.<\/p>\n<h4>Cookie o Tecnologie Simili che Utilizziamo<\/h4>\n<p>Liberpee utilizza solo cookie tecnici e funzionali, oltre a cookie analitici che non compromettono la tua privacy. Un cookie \u00e8 un piccolo file di testo che viene salvato sul tuo computer, tablet o smartphone durante la prima visita a questo sito web. I cookie che utilizziamo sono necessari per il funzionamento tecnico del sito web e la tua facilit\u00e0 di utilizzo. Assicurano che il sito web funzioni correttamente e ricordano, ad esempio, le tue preferenze. Ci\u00f2 ci aiuta anche a ottimizzare il nostro sito web. Puoi disattivare i cookie impostando il tuo browser internet in modo che non memorizzi pi\u00f9 i cookie. Inoltre, puoi eliminare tutte le informazioni precedentemente salvate tramite le impostazioni del tuo browser.<\/p>\n<h4>Accesso, Modifica o Cancellazione dei Dati<\/h4>\n<p>Hai il diritto di accedere, correggere o cancellare i tuoi dati personali. Inoltre, hai il diritto di revocare il tuo eventuale consenso al trattamento dei dati o di opporsi al trattamento dei tuoi dati personali da parte di Liberpee e hai il diritto alla portabilit\u00e0 dei dati. Questo significa che puoi inviarci una richiesta per trasferire i dati personali che abbiamo su di te in un file informatico a te o ad un&#8217;altra organizzazione da te indicata. Puoi inviare una richiesta di accesso, correzione, cancellazione, trasferimento dei tuoi dati personali o richiesta di revoca del tuo consenso o opposizione al trattamento dei tuoi dati personali a info@liberpee.com. Per assicurarci che la richiesta di accesso sia stata fatta da te, ti chiediamo di inviare una copia del tuo documento d&#8217;identit\u00e0 con la richiesta. In questa copia, rendi illeggibili la tua foto, MRZ (zona leggibile dalla macchina, la striscia con i numeri nella parte inferiore del passaporto), numero di passaporto e codice fiscale (BSN). Ci\u00f2 per proteggere la tua privacy. Risponderemo il pi\u00f9 presto possibile, ma entro quattro settimane, alla tua richiesta. Liberpee desidera anche informarti che hai la possibilit\u00e0 di presentare un reclamo all&#8217;autorit\u00e0 di controllo nazionale, l&#8217;Autorit\u00e0 per la Protezione dei Dati Personali. Puoi farlo tramite il seguente link: https:\/\/autoriteitpersoonsgegevens.nl\/nl\/contact-met-de-autoriteit-persoonsgegevens\/tip-ons<\/p>\n<h4>Come Proteggiamo i Dati Personali<\/h4>\n<p>Liberpee prende seriamente la protezione dei tuoi dati e adotta misure adeguate per prevenire abusi, perdite, accessi non autorizzati, divulgazioni indesiderate e modifiche non autorizzate. Se ritieni che i tuoi dati non siano adeguatamente protetti o se ci sono indicazioni di abuso, ti preghiamo di contattarci all&#8217;indirizzo info@liberpee.com.<\/p>\n<p><strong>Dati di Contatto<br \/>\n<\/strong>TDW Import B.V.<br \/>\nLinie 1<br \/>\n5405 AR Uden<br \/>\ninfo@liberpee.com<br \/>\n0413 256968<\/p>\n","protected":false},"excerpt":{"rendered":"<p>La tua privacy \u00e8 molto importante per noi. Pertanto, ci atteniamo alla legge sulla privacy. Questo significa che i tuoi dati sono al sicuro con noi e che li utilizziamo sempre in modo appropriato. In questa dichiarazione sulla privacy spieghiamo tutto ci\u00f2 che facciamo con le informazioni che otteniamo su di te tramite il sito [&hellip;]<\/p>\n","protected":false},"author":8153,"featured_media":0,"parent":0,"menu_order":0,"comment_status":"closed","ping_status":"open","template":"","meta":{"footnotes":""},"class_list":["post-57401","page","type-page","status-publish","hentry"],"_links":{"self":[{"href":"https:\/\/liberpee.com\/it\/wp-json\/wp\/v2\/pages\/57401","targetHints":{"allow":["GET"]}}],"collection":[{"href":"https:\/\/liberpee.com\/it\/wp-json\/wp\/v2\/pages"}],"about":[{"href":"https:\/\/liberpee.com\/it\/wp-json\/wp\/v2\/types\/page"}],"author":[{"embeddable":true,"href":"https:\/\/liberpee.com\/it\/wp-json\/wp\/v2\/users\/8153"}],"replies":[{"embeddable":true,"href":"https:\/\/liberpee.com\/it\/wp-json\/wp\/v2\/comments?post=57401"}],"version-history":[{"count":1,"href":"https:\/\/liberpee.com\/it\/wp-json\/wp\/v2\/pages\/57401\/revisions"}],"predecessor-version":[{"id":57624,"href":"https:\/\/liberpee.com\/it\/wp-json\/wp\/v2\/pages\/57401\/revisions\/57624"}],"wp:attachment":[{"href":"https:\/\/liberpee.com\/it\/wp-json\/wp\/v2\/media?parent=57401"}],"curies":[{"name":"wp","href":"https:\/\/api.w.org\/{rel}","templated":true}]}}