{"id":57382,"date":"2021-06-10T14:33:29","date_gmt":"2021-06-10T14:33:29","guid":{"rendered":"https:\/\/liberpee.com\/ons-verhaal\/"},"modified":"2024-04-12T10:40:29","modified_gmt":"2024-04-12T08:40:29","slug":"la-nostra-storia","status":"publish","type":"page","link":"https:\/\/liberpee.com\/it\/la-nostra-storia\/","title":{"rendered":"La nostra storia"},"content":{"rendered":"\t\t<div data-elementor-type=\"wp-page\" data-elementor-id=\"57382\" class=\"elementor elementor-57382 elementor-424\" data-elementor-post-type=\"page\">\n\t\t\t\t\t\t<section class=\"elementor-section elementor-top-section elementor-element elementor-element-d352c51 elementor-section-boxed elementor-section-height-default elementor-section-height-default\" data-id=\"d352c51\" data-element_type=\"section\">\n\t\t\t\t\t\t<div class=\"elementor-container elementor-column-gap-default\">\n\t\t\t\t\t<div class=\"elementor-column elementor-col-100 elementor-top-column elementor-element elementor-element-71ca2a9\" data-id=\"71ca2a9\" data-element_type=\"column\">\n\t\t\t<div class=\"elementor-widget-wrap elementor-element-populated\">\n\t\t\t\t\t\t<div class=\"elementor-element elementor-element-2aca411 no-lazy elementor-widget elementor-widget-image\" data-id=\"2aca411\" data-element_type=\"widget\" data-widget_type=\"image.default\">\n\t\t\t\t<div class=\"elementor-widget-container\">\n\t\t\t\t\t\t\t\t\t\t\t\t\t\t\t<img fetchpriority=\"high\" decoding=\"async\" width=\"900\" height=\"599\" src=\"https:\/\/liberpee.com\/wp-content\/uploads\/2023\/04\/VivianneSanderse-lila3-Liberpee-1024x682.jpg\" class=\"attachment-large size-large wp-image-27814\" alt=\"\" srcset=\"https:\/\/liberpee.com\/wp-content\/uploads\/2023\/04\/VivianneSanderse-lila3-Liberpee-1024x682.jpg 1024w, https:\/\/liberpee.com\/wp-content\/uploads\/2023\/04\/VivianneSanderse-lila3-Liberpee-scaled-920x613.jpg 920w, https:\/\/liberpee.com\/wp-content\/uploads\/2023\/04\/VivianneSanderse-lila3-Liberpee-300x200.jpg 300w, https:\/\/liberpee.com\/wp-content\/uploads\/2023\/04\/VivianneSanderse-lila3-Liberpee-768x512.jpg 768w, https:\/\/liberpee.com\/wp-content\/uploads\/2023\/04\/VivianneSanderse-lila3-Liberpee-1536x1024.jpg 1536w, https:\/\/liberpee.com\/wp-content\/uploads\/2023\/04\/VivianneSanderse-lila3-Liberpee-scaled.jpg 2048w\" sizes=\"(max-width: 900px) 100vw, 900px\" \/>\t\t\t\t\t\t\t\t\t\t\t\t\t\t\t<\/div>\n\t\t\t\t<\/div>\n\t\t\t\t\t<\/div>\n\t\t<\/div>\n\t\t\t\t\t<\/div>\n\t\t<\/section>\n\t\t\t\t<section class=\"elementor-section elementor-top-section elementor-element elementor-element-202c643 elementor-section-boxed elementor-section-height-default elementor-section-height-default\" data-id=\"202c643\" data-element_type=\"section\">\n\t\t\t\t\t\t<div class=\"elementor-container elementor-column-gap-default\">\n\t\t\t\t\t<div class=\"elementor-column elementor-col-100 elementor-top-column elementor-element elementor-element-a6b4a23\" data-id=\"a6b4a23\" data-element_type=\"column\">\n\t\t\t<div class=\"elementor-widget-wrap elementor-element-populated\">\n\t\t\t\t\t\t<div class=\"elementor-element elementor-element-d97950b elementor-widget elementor-widget-text-editor\" data-id=\"d97950b\" data-element_type=\"widget\" data-widget_type=\"text-editor.default\">\n\t\t\t\t<div class=\"elementor-widget-container\">\n\t\t\t\t\t\t\t\t\t<h2>Ciao ragazze!<\/h2><p>Noi, Yesenia e Gabri\u00ebla, madre e figlia, abbiamo una missione! Vogliamo rendere la minzione in piedi per le donne altrettanto normale come lo \u00e8 per gli uomini. Fare pip\u00ec in piedi \u00e8 infatti super pratico per le donne. Grazie al cono urinario Liberpee, puoi fare pip\u00ec ovunque e in qualsiasi momento. Anche quando non c&#8217;\u00e8 un bagno (pulito) nelle vicinanze. Questo aiuta a prevenire l&#8217;urgenza e i problemi alla vescica.<\/p><h4>Urgenza e problemi alla vescica<\/h4><p class=\"MsoNormal\">Qualche anno fa, Yesenia ha iniziato con Liberpee, dopo una lunga ricerca di un cono urinario pratico e igienico, una grondaia per urinare, un imbuto per la pip\u00ec o comunque qualcosa che permettesse a sua figlia di fare pip\u00ec in piedi facilmente.<\/p>\t\t\t\t\t\t\t\t<\/div>\n\t\t\t\t<\/div>\n\t\t\t\t<section class=\"elementor-section elementor-inner-section elementor-element elementor-element-7691020 elementor-section-boxed elementor-section-height-default elementor-section-height-default\" data-id=\"7691020\" data-element_type=\"section\">\n\t\t\t\t\t\t<div class=\"elementor-container elementor-column-gap-default\">\n\t\t\t\t\t<div class=\"elementor-column elementor-col-50 elementor-inner-column elementor-element elementor-element-bcc1633\" data-id=\"bcc1633\" data-element_type=\"column\">\n\t\t\t<div class=\"elementor-widget-wrap elementor-element-populated\">\n\t\t\t\t\t\t<div class=\"elementor-element elementor-element-a6e6ee8 elementor-widget elementor-widget-image\" data-id=\"a6e6ee8\" data-element_type=\"widget\" data-widget_type=\"image.default\">\n\t\t\t\t<div class=\"elementor-widget-container\">\n\t\t\t\t\t\t\t\t\t\t\t\t\t\t\t<img decoding=\"async\" width=\"136\" height=\"113\" src=\"https:\/\/liberpee.com\/wp-content\/uploads\/2021\/10\/Quote.png\" class=\"attachment-thumbnail size-thumbnail wp-image-3696\" alt=\"\" \/>\t\t\t\t\t\t\t\t\t\t\t\t\t\t\t<\/div>\n\t\t\t\t<\/div>\n\t\t\t\t\t<\/div>\n\t\t<\/div>\n\t\t\t\t<div class=\"elementor-column elementor-col-50 elementor-inner-column elementor-element elementor-element-23c0041\" data-id=\"23c0041\" data-element_type=\"column\">\n\t\t\t<div class=\"elementor-widget-wrap elementor-element-populated\">\n\t\t\t\t\t\t<div class=\"elementor-element elementor-element-3a407ce elementor-widget elementor-widget-text-editor\" data-id=\"3a407ce\" data-element_type=\"widget\" data-widget_type=\"text-editor.default\">\n\t\t\t\t<div class=\"elementor-widget-container\">\n\t\t\t\t\t\t\t\t\t<h3>Fare pip\u00ec con LIBERPEE \u00e8 divertente!<\/h3><p>\u00a0Gabri\u00ebla &#8211; 7 anni<\/p>\t\t\t\t\t\t\t\t<\/div>\n\t\t\t\t<\/div>\n\t\t\t\t\t<\/div>\n\t\t<\/div>\n\t\t\t\t\t<\/div>\n\t\t<\/section>\n\t\t\t\t<div class=\"elementor-element elementor-element-5178cd8 elementor-widget elementor-widget-text-editor\" data-id=\"5178cd8\" data-element_type=\"widget\" data-widget_type=\"text-editor.default\">\n\t\t\t\t<div class=\"elementor-widget-container\">\n\t\t\t\t\t\t\t\t\t<p>&#8220;La scuola di mia figlia Gabri\u00ebla era stata distrutta da un incendio e, come soluzione temporanea, due scuole sono state fuse in un edificio di emergenza. Con cos\u00ec tanti bambini in un unico edificio, i bagni erano tutt&#8217;altro che puliti. Di conseguenza, Gabri\u00ebla non voleva usare il bagno l\u00ec e trattenne la pip\u00ec tutto il giorno fino a quando non torn\u00f2 a casa. Quando per la terza volta ha avuto un&#8217;infezione alla vescica a causa di questo, ne ho avuto abbastanza. Deve esserci qualcosa che permetta anche a ragazze e donne di fare pip\u00ec in piedi!&#8221;<\/p><p>&#8220;Abbiamo provato di tutto. Un cono urinario di carta, ma era doloroso e poteva essere usato solo una volta. E i coni urinari in silicone con un tubo erano difficili da pulire, non si adattavano sempre bene e dovevi comunque abbassarti i pantaloni. Ecco perch\u00e9 Yesenia ha iniziato con Liberpee. Gabri\u00ebla \u00e8 stata subito convinta! &#8216;Fare pip\u00ec con Liberpee \u00e8 divertente!&#8217;, ha detto felice. Da allora porta il suo Liberpee ovunque: a scuola, in vacanza, in gite scolastiche, alla marcia serale; pu\u00f2 dimenticare tutto, ma il suo Liberpee \u00e8 sempre con lei!&#8221;<\/p>\t\t\t\t\t\t\t\t<\/div>\n\t\t\t\t<\/div>\n\t\t\t\t<section class=\"elementor-section elementor-inner-section elementor-element elementor-element-fe2e0c5 elementor-section-boxed elementor-section-height-default elementor-section-height-default\" data-id=\"fe2e0c5\" data-element_type=\"section\">\n\t\t\t\t\t\t<div class=\"elementor-container elementor-column-gap-default\">\n\t\t\t\t\t<div class=\"elementor-column elementor-col-50 elementor-inner-column elementor-element elementor-element-318e26f\" data-id=\"318e26f\" data-element_type=\"column\">\n\t\t\t<div class=\"elementor-widget-wrap elementor-element-populated\">\n\t\t\t\t\t\t<div class=\"elementor-element elementor-element-2cda731 elementor-widget elementor-widget-image\" data-id=\"2cda731\" data-element_type=\"widget\" data-widget_type=\"image.default\">\n\t\t\t\t<div class=\"elementor-widget-container\">\n\t\t\t\t\t\t\t\t\t\t\t\t\t\t\t<img decoding=\"async\" width=\"136\" height=\"113\" src=\"https:\/\/liberpee.com\/wp-content\/uploads\/2021\/10\/Quote.png\" class=\"attachment-large size-large wp-image-3696\" alt=\"\" \/>\t\t\t\t\t\t\t\t\t\t\t\t\t\t\t<\/div>\n\t\t\t\t<\/div>\n\t\t\t\t\t<\/div>\n\t\t<\/div>\n\t\t\t\t<div class=\"elementor-column elementor-col-50 elementor-inner-column elementor-element elementor-element-302871f\" data-id=\"302871f\" data-element_type=\"column\">\n\t\t\t<div class=\"elementor-widget-wrap elementor-element-populated\">\n\t\t\t\t\t\t<div class=\"elementor-element elementor-element-b0e66c1 elementor-widget elementor-widget-text-editor\" data-id=\"b0e66c1\" data-element_type=\"widget\" data-widget_type=\"text-editor.default\">\n\t\t\t\t<div class=\"elementor-widget-container\">\n\t\t\t\t\t\t\t\t\t<h3>LIBERPEE \u00e8 il tuo salvatore in caso di necessit\u00e0!<\/h3>\t\t\t\t\t\t\t\t<\/div>\n\t\t\t\t<\/div>\n\t\t\t\t\t<\/div>\n\t\t<\/div>\n\t\t\t\t\t<\/div>\n\t\t<\/section>\n\t\t\t\t<section class=\"elementor-section elementor-inner-section elementor-element elementor-element-a03b38b elementor-section-boxed elementor-section-height-default elementor-section-height-default\" data-id=\"a03b38b\" data-element_type=\"section\">\n\t\t\t\t\t\t<div class=\"elementor-container elementor-column-gap-default\">\n\t\t\t\t\t<div class=\"elementor-column elementor-col-100 elementor-inner-column elementor-element elementor-element-53f2549\" data-id=\"53f2549\" data-element_type=\"column\">\n\t\t\t<div class=\"elementor-widget-wrap elementor-element-populated\">\n\t\t\t\t\t\t<div class=\"elementor-element elementor-element-ce4928a elementor-widget elementor-widget-text-editor\" data-id=\"ce4928a\" data-element_type=\"widget\" data-widget_type=\"text-editor.default\">\n\t\t\t\t<div class=\"elementor-widget-container\">\n\t\t\t\t\t\t\t\t\t<p>La nostra missione \u00e8 rimuovere il tab\u00f9 intorno alla minzione. Dopotutto, lo facciamo tutti ogni giorno! E vogliamo assicurarci che anche per le donne sia possibile fare pip\u00ec in piedi facilmente e discretamente in caso di emergenza.<\/p><h5>Amica, non lasciare che nulla ti fermi!<\/h5><p>Con affetto,<\/p>\t\t\t\t\t\t\t\t<\/div>\n\t\t\t\t<\/div>\n\t\t\t\t<div class=\"elementor-element elementor-element-5072d0a elementor-widget elementor-widget-image\" data-id=\"5072d0a\" data-element_type=\"widget\" data-widget_type=\"image.default\">\n\t\t\t\t<div class=\"elementor-widget-container\">\n\t\t\t\t\t\t\t\t\t\t\t\t\t\t\t<img loading=\"lazy\" decoding=\"async\" width=\"300\" height=\"105\" src=\"https:\/\/liberpee.com\/wp-content\/uploads\/2021\/06\/Yesenia-Gabriela-300x105-1.png\" class=\"attachment-large size-large wp-image-3075\" alt=\"\" \/>\t\t\t\t\t\t\t\t\t\t\t\t\t\t\t<\/div>\n\t\t\t\t<\/div>\n\t\t\t\t<div class=\"elementor-element elementor-element-4bf60d0 elementor-widget elementor-widget-text-editor\" data-id=\"4bf60d0\" data-element_type=\"widget\" data-widget_type=\"text-editor.default\">\n\t\t\t\t<div class=\"elementor-widget-container\">\n\t\t\t\t\t\t\t\t\t<h4>LIBERPEE \u2013 per donne, dalle donne<\/h4>\t\t\t\t\t\t\t\t<\/div>\n\t\t\t\t<\/div>\n\t\t\t\t\t<\/div>\n\t\t<\/div>\n\t\t\t\t\t<\/div>\n\t\t<\/section>\n\t\t\t\t\t<\/div>\n\t\t<\/div>\n\t\t\t\t\t<\/div>\n\t\t<\/section>\n\t\t\t\t<\/div>\n\t\t","protected":false},"excerpt":{"rendered":"<p>Ciao ragazze! Noi, Yesenia e Gabri\u00ebla, madre e figlia, abbiamo una missione! Vogliamo rendere la minzione in piedi per le donne altrettanto normale come lo \u00e8 per gli uomini. Fare pip\u00ec in piedi \u00e8 infatti super pratico per le donne. Grazie al cono urinario Liberpee, puoi fare pip\u00ec ovunque e in qualsiasi momento. Anche quando [&hellip;]<\/p>\n","protected":false},"author":8153,"featured_media":0,"parent":0,"menu_order":0,"comment_status":"closed","ping_status":"closed","template":"page-full-width.php","meta":{"footnotes":""},"class_list":["post-57382","page","type-page","status-publish","hentry"],"_links":{"self":[{"href":"https:\/\/liberpee.com\/it\/wp-json\/wp\/v2\/pages\/57382","targetHints":{"allow":["GET"]}}],"collection":[{"href":"https:\/\/liberpee.com\/it\/wp-json\/wp\/v2\/pages"}],"about":[{"href":"https:\/\/liberpee.com\/it\/wp-json\/wp\/v2\/types\/page"}],"author":[{"embeddable":true,"href":"https:\/\/liberpee.com\/it\/wp-json\/wp\/v2\/users\/8153"}],"replies":[{"embeddable":true,"href":"https:\/\/liberpee.com\/it\/wp-json\/wp\/v2\/comments?post=57382"}],"version-history":[{"count":4,"href":"https:\/\/liberpee.com\/it\/wp-json\/wp\/v2\/pages\/57382\/revisions"}],"predecessor-version":[{"id":57575,"href":"https:\/\/liberpee.com\/it\/wp-json\/wp\/v2\/pages\/57382\/revisions\/57575"}],"wp:attachment":[{"href":"https:\/\/liberpee.com\/it\/wp-json\/wp\/v2\/media?parent=57382"}],"curies":[{"name":"wp","href":"https:\/\/api.w.org\/{rel}","templated":true}]}}