{"id":57346,"date":"2021-06-22T13:58:50","date_gmt":"2021-06-22T11:58:50","guid":{"rendered":"https:\/\/liberpee.com\/liberpee-de-herkbruikbare-plasgoot\/"},"modified":"2024-09-10T14:43:09","modified_gmt":"2024-09-10T12:43:09","slug":"commo-funziona-liberpee","status":"publish","type":"page","link":"https:\/\/liberpee.com\/it\/commo-funziona-liberpee\/","title":{"rendered":"Commo funziona Liberpee?"},"content":{"rendered":"\t\t<div data-elementor-type=\"wp-page\" data-elementor-id=\"57346\" class=\"elementor elementor-57346 elementor-3024\" data-elementor-post-type=\"page\">\n\t\t\t\t\t\t<section class=\"elementor-section elementor-top-section elementor-element elementor-element-43301f1 elementor-section-full_width elementor-section-stretched elementor-section-height-default elementor-section-height-default\" data-id=\"43301f1\" data-element_type=\"section\" data-settings=\"{&quot;stretch_section&quot;:&quot;section-stretched&quot;,&quot;background_background&quot;:&quot;classic&quot;}\">\n\t\t\t\t\t\t<div class=\"elementor-container elementor-column-gap-default\">\n\t\t\t\t\t<div class=\"elementor-column elementor-col-100 elementor-top-column elementor-element elementor-element-1a92b80\" data-id=\"1a92b80\" data-element_type=\"column\">\n\t\t\t<div class=\"elementor-widget-wrap elementor-element-populated\">\n\t\t\t\t\t\t<div class=\"elementor-element elementor-element-baf865d elementor-widget elementor-widget-heading\" data-id=\"baf865d\" data-element_type=\"widget\" data-widget_type=\"heading.default\">\n\t\t\t\t<div class=\"elementor-widget-container\">\n\t\t\t\t\t<h2 class=\"elementor-heading-title elementor-size-default\">Come funziona Liberpee? <\/h2>\t\t\t\t<\/div>\n\t\t\t\t<\/div>\n\t\t\t\t<div class=\"elementor-element elementor-element-faa5784 elementor-widget elementor-widget-heading\" data-id=\"faa5784\" data-element_type=\"widget\" data-widget_type=\"heading.default\">\n\t\t\t\t<div class=\"elementor-widget-container\">\n\t\t\t\t\t<p class=\"elementor-heading-title elementor-size-default\">Liberpee \u00e8 estremamente facile da utilizzare!<\/p>\t\t\t\t<\/div>\n\t\t\t\t<\/div>\n\t\t\t\t\t<\/div>\n\t\t<\/div>\n\t\t\t\t\t<\/div>\n\t\t<\/section>\n\t\t\t\t<section class=\"elementor-section elementor-top-section elementor-element elementor-element-8ca47b4 elementor-section-boxed elementor-section-height-default elementor-section-height-default\" data-id=\"8ca47b4\" data-element_type=\"section\">\n\t\t\t\t\t\t<div class=\"elementor-container elementor-column-gap-default\">\n\t\t\t\t\t<div class=\"elementor-column elementor-col-16 elementor-top-column elementor-element elementor-element-0f78c07\" data-id=\"0f78c07\" data-element_type=\"column\">\n\t\t\t<div class=\"elementor-widget-wrap\">\n\t\t\t\t\t\t\t<\/div>\n\t\t<\/div>\n\t\t\t\t<div class=\"elementor-column elementor-col-66 elementor-top-column elementor-element elementor-element-08f0a80\" data-id=\"08f0a80\" data-element_type=\"column\">\n\t\t\t<div class=\"elementor-widget-wrap elementor-element-populated\">\n\t\t\t\t\t\t<div class=\"elementor-element elementor-element-0a68433 elementor-widget elementor-widget-heading\" data-id=\"0a68433\" data-element_type=\"widget\" data-widget_type=\"heading.default\">\n\t\t\t\t<div class=\"elementor-widget-container\">\n\t\t\t\t\t<h3 class=\"elementor-heading-title elementor-size-default\">Il pissetto riutilizzabile Liberpee<\/h3>\t\t\t\t<\/div>\n\t\t\t\t<\/div>\n\t\t\t\t<div class=\"elementor-element elementor-element-86aec02 elementor-widget elementor-widget-text-editor\" data-id=\"86aec02\" data-element_type=\"widget\" data-widget_type=\"text-editor.default\">\n\t\t\t\t<div class=\"elementor-widget-container\">\n\t\t\t\t\t\t\t\t\t<p>Liberpee \u00e8 il pissetto riutilizzabile che consente alle donne di urinare in piedi in modo facile, discreto e igienico.<\/p>\t\t\t\t\t\t\t\t<\/div>\n\t\t\t\t<\/div>\n\t\t\t\t\t<\/div>\n\t\t<\/div>\n\t\t\t\t<div class=\"elementor-column elementor-col-16 elementor-top-column elementor-element elementor-element-e7ce6e2\" data-id=\"e7ce6e2\" data-element_type=\"column\">\n\t\t\t<div class=\"elementor-widget-wrap\">\n\t\t\t\t\t\t\t<\/div>\n\t\t<\/div>\n\t\t\t\t\t<\/div>\n\t\t<\/section>\n\t\t\t\t<section class=\"elementor-section elementor-top-section elementor-element elementor-element-6cae797 elementor-section-boxed elementor-section-height-default elementor-section-height-default\" data-id=\"6cae797\" data-element_type=\"section\">\n\t\t\t\t\t\t<div class=\"elementor-container elementor-column-gap-default\">\n\t\t\t\t\t<div class=\"elementor-column elementor-col-100 elementor-top-column elementor-element elementor-element-9ae3bcf\" data-id=\"9ae3bcf\" data-element_type=\"column\">\n\t\t\t<div class=\"elementor-widget-wrap elementor-element-populated\">\n\t\t\t\t\t\t<div class=\"elementor-element elementor-element-21029da elementor-widget elementor-widget-text-editor\" data-id=\"21029da\" data-element_type=\"widget\" data-widget_type=\"text-editor.default\">\n\t\t\t\t<div class=\"elementor-widget-container\">\n\t\t\t\t\t\t\t\t\t<p><div style=\"width: 368px;\" class=\"wp-video\"><video class=\"wp-video-shortcode\" id=\"video-57346-1\" width=\"368\" height=\"656\" preload=\"metadata\" controls=\"controls\"><source type=\"video\/mp4\" src=\"https:\/\/liberpee.com\/wp-content\/uploads\/2023\/08\/DEMO-Liberpee-2023.mp4?_=1\" \/><a href=\"https:\/\/liberpee.com\/wp-content\/uploads\/2023\/08\/DEMO-Liberpee-2023.mp4\">https:\/\/liberpee.com\/wp-content\/uploads\/2023\/08\/DEMO-Liberpee-2023.mp4<\/a><\/video><\/div><\/p>\t\t\t\t\t\t\t\t<\/div>\n\t\t\t\t<\/div>\n\t\t\t\t<div class=\"elementor-element elementor-element-577596e elementor-widget elementor-widget-text-editor\" data-id=\"577596e\" data-element_type=\"widget\" data-widget_type=\"text-editor.default\">\n\t\t\t\t<div class=\"elementor-widget-container\">\n\t\t\t\t\t\t\t\t\t<h4 class=\"vc_empty_space\">Liberpee \u00e8 estremamente facile da utilizzare:<\/h4>\t\t\t\t\t\t\t\t<\/div>\n\t\t\t\t<\/div>\n\t\t\t\t\t<\/div>\n\t\t<\/div>\n\t\t\t\t\t<\/div>\n\t\t<\/section>\n\t\t\t\t<section class=\"elementor-section elementor-top-section elementor-element elementor-element-cc84100 elementor-section-boxed elementor-section-height-default elementor-section-height-default\" data-id=\"cc84100\" data-element_type=\"section\">\n\t\t\t\t\t\t<div class=\"elementor-container elementor-column-gap-default\">\n\t\t\t\t\t<div class=\"elementor-column elementor-col-33 elementor-top-column elementor-element elementor-element-d43547c\" data-id=\"d43547c\" data-element_type=\"column\">\n\t\t\t<div class=\"elementor-widget-wrap elementor-element-populated\">\n\t\t\t\t\t\t<div class=\"elementor-element elementor-element-984c41b elementor-widget elementor-widget-image\" data-id=\"984c41b\" data-element_type=\"widget\" data-widget_type=\"image.default\">\n\t\t\t\t<div class=\"elementor-widget-container\">\n\t\t\t\t\t\t\t\t\t\t\t\t\t\t\t<img fetchpriority=\"high\" decoding=\"async\" width=\"744\" height=\"484\" src=\"https:\/\/liberpee.com\/wp-content\/uploads\/2023\/04\/Liberpee_How-te-use-staand.png\" class=\"attachment-large size-large wp-image-27784\" alt=\"\" srcset=\"https:\/\/liberpee.com\/wp-content\/uploads\/2023\/04\/Liberpee_How-te-use-staand.png 744w, https:\/\/liberpee.com\/wp-content\/uploads\/2023\/04\/Liberpee_How-te-use-staand-300x195.png 300w\" sizes=\"(max-width: 744px) 100vw, 744px\" \/>\t\t\t\t\t\t\t\t\t\t\t\t\t\t\t<\/div>\n\t\t\t\t<\/div>\n\t\t\t\t\t<\/div>\n\t\t<\/div>\n\t\t\t\t<div class=\"elementor-column elementor-col-66 elementor-top-column elementor-element elementor-element-147ea62\" data-id=\"147ea62\" data-element_type=\"column\">\n\t\t\t<div class=\"elementor-widget-wrap elementor-element-populated\">\n\t\t\t\t\t\t<div class=\"elementor-element elementor-element-8b7803d elementor-widget elementor-widget-text-editor\" data-id=\"8b7803d\" data-element_type=\"widget\" data-widget_type=\"text-editor.default\">\n\t\t\t\t<div class=\"elementor-widget-container\">\n\t\t\t\t\t\t\t\t\t<p><span style=\"color: #fc70d9;\"><strong>Pisci in piedi con LIBERPEE in 5 passaggi:<\/strong><\/span><\/p><p><span style=\"color: #fc70d9;\"><strong>01<\/strong>\u00a0<\/span>Allaccia i pantaloni e sposta la biancheria intima. Posiziona il canale urinario Liberpee con la parte stretta rivolta in avanti.<\/p><p><span style=\"color: #fc70d9;\"><strong>02<\/strong> <\/span>Premi bene la parte superiore della Liberpee per assicurarti che non ci siano perdite.<\/p><p><span style=\"color: #fc70d9;\"><strong>03<\/strong>\u00a0<\/span>Tieni il Liberpee leggermente inclinato verso il basso. Rilassati&#8230; e urina! Grazie al pratico bordo nella parte superiore, puoi asciugarti facilmente senza bisogno di carta igienica!<\/p><p><span style=\"color: #fc70d9;\"><strong>04<\/strong><\/span>\u00a0Scuoti il Liberpee per asciugarlo. Grazie all&#8217;uso di plastica di alta qualit\u00e0, non rimarr\u00e0 umidit\u00e0 sulla pissetto.<\/p><p><span style=\"color: #fc70d9;\"><strong>05<\/strong>\u00a0<\/span>Riponi il Liberpee nel sacchetto. Il sacchetto portaoggetti \u00e8 lavabile. Fatto!<\/p>\t\t\t\t\t\t\t\t<\/div>\n\t\t\t\t<\/div>\n\t\t\t\t\t<\/div>\n\t\t<\/div>\n\t\t\t\t\t<\/div>\n\t\t<\/section>\n\t\t\t\t<section class=\"elementor-section elementor-top-section elementor-element elementor-element-3b2532e elementor-section-boxed elementor-section-height-default elementor-section-height-default\" data-id=\"3b2532e\" data-element_type=\"section\">\n\t\t\t\t\t\t<div class=\"elementor-container elementor-column-gap-default\">\n\t\t\t\t\t<div class=\"elementor-column elementor-col-33 elementor-top-column elementor-element elementor-element-b0d5005\" data-id=\"b0d5005\" data-element_type=\"column\">\n\t\t\t<div class=\"elementor-widget-wrap elementor-element-populated\">\n\t\t\t\t\t\t<div class=\"elementor-element elementor-element-509b89b elementor-widget elementor-widget-image\" data-id=\"509b89b\" data-element_type=\"widget\" data-widget_type=\"image.default\">\n\t\t\t\t<div class=\"elementor-widget-container\">\n\t\t\t\t\t\t\t\t\t\t\t\t\t\t\t<img decoding=\"async\" width=\"736\" height=\"252\" src=\"https:\/\/liberpee.com\/wp-content\/uploads\/2023\/04\/Liberpee_How-te-use-zittend.png\" class=\"attachment-large size-large wp-image-27792\" alt=\"\" srcset=\"https:\/\/liberpee.com\/wp-content\/uploads\/2023\/04\/Liberpee_How-te-use-zittend.png 736w, https:\/\/liberpee.com\/wp-content\/uploads\/2023\/04\/Liberpee_How-te-use-zittend-300x103.png 300w\" sizes=\"(max-width: 736px) 100vw, 736px\" \/>\t\t\t\t\t\t\t\t\t\t\t\t\t\t\t<\/div>\n\t\t\t\t<\/div>\n\t\t\t\t\t<\/div>\n\t\t<\/div>\n\t\t\t\t<div class=\"elementor-column elementor-col-66 elementor-top-column elementor-element elementor-element-38600fb\" data-id=\"38600fb\" data-element_type=\"column\">\n\t\t\t<div class=\"elementor-widget-wrap elementor-element-populated\">\n\t\t\t\t\t\t<div class=\"elementor-element elementor-element-59b9e66 elementor-widget elementor-widget-text-editor\" data-id=\"59b9e66\" data-element_type=\"widget\" data-widget_type=\"text-editor.default\">\n\t\t\t\t<div class=\"elementor-widget-container\">\n\t\t\t\t\t\t\t\t\t<p><span style=\"color: #fc70d9;\"><strong>Pisci seduta con LIBERPEE:<\/strong><\/span><\/p><p><span style=\"color: #fc70d9;\"><strong>01<\/strong> <\/span>Scorri in avanti e posiziona il LIBERPEE con la parte stretta rivolta in avanti e leggermente verso il basso.<\/p><p><span style=\"color: #fc70d9;\"><strong>02<\/strong><\/span> Segui ora i passaggi 2, 3, 4 e 5 delle istruzioni sopra riportate.<\/p>\t\t\t\t\t\t\t\t<\/div>\n\t\t\t\t<\/div>\n\t\t\t\t\t<\/div>\n\t\t<\/div>\n\t\t\t\t\t<\/div>\n\t\t<\/section>\n\t\t\t\t<section class=\"elementor-section elementor-top-section elementor-element elementor-element-1c9a663 elementor-section-boxed elementor-section-height-default elementor-section-height-default\" data-id=\"1c9a663\" data-element_type=\"section\">\n\t\t\t\t\t\t<div class=\"elementor-container elementor-column-gap-default\">\n\t\t\t\t\t<div class=\"elementor-column elementor-col-100 elementor-top-column elementor-element elementor-element-949268c\" data-id=\"949268c\" data-element_type=\"column\">\n\t\t\t<div class=\"elementor-widget-wrap elementor-element-populated\">\n\t\t\t\t\t\t<div class=\"elementor-element elementor-element-a9ead32 elementor-widget elementor-widget-text-editor\" data-id=\"a9ead32\" data-element_type=\"widget\" data-widget_type=\"text-editor.default\">\n\t\t\t\t<div class=\"elementor-widget-container\">\n\t\t\t\t\t\t\t\t\t<blockquote>\n<h3>&#8220;La prima volta potrebbe sembrare strano, ma una volta abituata, non vorrai pi\u00f9 tornare indietro!&#8221;<\/h3>\n<\/blockquote>\t\t\t\t\t\t\t\t<\/div>\n\t\t\t\t<\/div>\n\t\t\t\t<div class=\"elementor-element elementor-element-aaf8828 elementor-widget elementor-widget-text-editor\" data-id=\"aaf8828\" data-element_type=\"widget\" data-widget_type=\"text-editor.default\">\n\t\t\t\t<div class=\"elementor-widget-container\">\n\t\t\t\t\t\t\t\t\t<h4>Pulito e igienico<\/h4><p>Liberpee \u00e8 realizzato con polimeri ad alta densit\u00e0, il che impedisce la formazione di residui, odori e l&#8217;adesione batterica. Indipendentemente da quante volte utilizzi il Liberpee, rimane pulito e igienico! Sterilizzare il Liberpee? Puoi farlo facilmente immergendolo in acqua bollente. Il materiale \u00e8 delicato sulla pelle e grazie al design brevettato, il Liberpee \u00e8 facile da posizionare e si adatta perfettamente dove necessario.<\/p>\t\t\t\t\t\t\t\t<\/div>\n\t\t\t\t<\/div>\n\t\t\t\t<div class=\"elementor-element elementor-element-97fa6c6 elementor-widget elementor-widget-text-editor\" data-id=\"97fa6c6\" data-element_type=\"widget\" data-widget_type=\"text-editor.default\">\n\t\t\t\t<div class=\"elementor-widget-container\">\n\t\t\t\t\t\t\t\t\t<h4>Porta Liberpee ovunque<\/h4><p>Lo conosci sicuramente: devi andare urgentemente in bagno, ma il bagno \u00e8 sporco o, peggio ancora, non \u00e8 affatto raggiungibile. Cosa fai? Ti appendi sopra a un bagno sporco? Con il rischio di scivolare e finire comunque in una situazione poco igienica? O ti accovacci tra i cespugli? Sappiamo tutti quanto possa andare male! Porta il tuo Liberpee ovunque tu vada: in viaggio, in campeggio, nel bosco, durante una passeggiata, in treno, in auto mentre sei in viaggio, a un festival, o in qualsiasi luogo in cui il bagno sia sporco. Liberpee \u00e8 il tuo salvatore in caso di emergenza!<\/p>\t\t\t\t\t\t\t\t<\/div>\n\t\t\t\t<\/div>\n\t\t\t\t<div class=\"elementor-element elementor-element-9df6a73 elementor-widget elementor-widget-text-editor\" data-id=\"9df6a73\" data-element_type=\"widget\" data-widget_type=\"text-editor.default\">\n\t\t\t\t<div class=\"elementor-widget-container\">\n\t\t\t\t\t\t\t\t\t<h4>Femminile?<\/h4><p>S\u00ec, femminile, mia regina! Urinare in piedi viene ancora considerato qualcosa che fanno solo gli uomini e quindi anche qualcosa di maschile. Noi cambieremo questa percezione. Spesso non c&#8217;\u00e8 un bagno pulito o addirittura un bagno disponibile. \u00c8 pi\u00f9 femminile sedersi su un sedile del water sporco o fare pip\u00ec pulitamente da un&#8217;altezza? Ti senti pi\u00f9 al sicuro a sederti con il tuo sedere nudo tra le ortiche o ad annaffiare quelle piante spinose da una posizione in piedi priva di rischi? Urinare in piedi \u00e8 anche qualcosa di femminile. Ci d\u00e0 potere e libert\u00e0. Gli uomini non possono pi\u00f9 fare nulla che noi non possiamo fare. Alzati per te stessa e inizia a urinare in piedi!<\/p>\t\t\t\t\t\t\t\t<\/div>\n\t\t\t\t<\/div>\n\t\t\t\t<div class=\"elementor-element elementor-element-9064752 elementor-widget elementor-widget-text-editor\" data-id=\"9064752\" data-element_type=\"widget\" data-widget_type=\"text-editor.default\">\n\t\t\t\t<div class=\"elementor-widget-container\">\n\t\t\t\t\t\t\t\t\t<h4>Solo per le donne?<\/h4><p>A causa del tab\u00f9 legato all&#8217;atto di urinare in piedi, scriviamo specificamente per le donne. Abbattere questo tab\u00f9 \u00e8 la nostra priorit\u00e0, ma ogni persona con una vagina dovrebbe poter godere di questo modo di urinare. Liberpee \u00e8 destinato a tutte le persone con vulva, non solo alle donne cisgender, ma anche agli uomini trans e a coloro che si identificano come non-binari. Siamo tutti uguali sopra quel sedile del water (Safe Plees &#8211; GSA Network, Alice).<\/p><h5>Usa il tuo Liberpee anche per facilitare il riempimento di contenitori per l&#8217;urina e campioni urinari.<\/h5>\t\t\t\t\t\t\t\t<\/div>\n\t\t\t\t<\/div>\n\t\t\t\t<div class=\"elementor-element elementor-element-cc25d6a elementor-widget elementor-widget-image\" data-id=\"cc25d6a\" data-element_type=\"widget\" data-widget_type=\"image.default\">\n\t\t\t\t<div class=\"elementor-widget-container\">\n\t\t\t\t\t\t\t\t\t\t\t\t\t\t\t<img decoding=\"async\" width=\"900\" height=\"599\" src=\"https:\/\/liberpee.com\/wp-content\/uploads\/2023\/04\/VivianneSanderse-blauw1-Liberpee-1024x682.jpg\" class=\"attachment-large size-large wp-image-27776\" alt=\"\" srcset=\"https:\/\/liberpee.com\/wp-content\/uploads\/2023\/04\/VivianneSanderse-blauw1-Liberpee-1024x682.jpg 1024w, https:\/\/liberpee.com\/wp-content\/uploads\/2023\/04\/VivianneSanderse-blauw1-Liberpee-920x613.jpg 920w, https:\/\/liberpee.com\/wp-content\/uploads\/2023\/04\/VivianneSanderse-blauw1-Liberpee-300x200.jpg 300w, https:\/\/liberpee.com\/wp-content\/uploads\/2023\/04\/VivianneSanderse-blauw1-Liberpee-768x512.jpg 768w, https:\/\/liberpee.com\/wp-content\/uploads\/2023\/04\/VivianneSanderse-blauw1-Liberpee-1536x1023.jpg 1536w, https:\/\/liberpee.com\/wp-content\/uploads\/2023\/04\/VivianneSanderse-blauw1-Liberpee.jpg 1920w\" sizes=\"(max-width: 900px) 100vw, 900px\" \/>\t\t\t\t\t\t\t\t\t\t\t\t\t\t\t<\/div>\n\t\t\t\t<\/div>\n\t\t\t\t\t<\/div>\n\t\t<\/div>\n\t\t\t\t\t<\/div>\n\t\t<\/section>\n\t\t\t\t<\/div>\n\t\t","protected":false},"excerpt":{"rendered":"<p>Come funziona Liberpee? Liberpee \u00e8 estremamente facile da utilizzare! Il pissetto riutilizzabile Liberpee Liberpee \u00e8 il pissetto riutilizzabile che consente alle donne di urinare in piedi in modo facile, discreto e igienico. Liberpee \u00e8 estremamente facile da utilizzare: Pisci in piedi con LIBERPEE in 5 passaggi: 01\u00a0Allaccia i pantaloni e sposta la biancheria intima. Posiziona [&hellip;]<\/p>\n","protected":false},"author":8153,"featured_media":0,"parent":0,"menu_order":0,"comment_status":"closed","ping_status":"closed","template":"","meta":{"footnotes":""},"class_list":["post-57346","page","type-page","status-publish","hentry"],"_links":{"self":[{"href":"https:\/\/liberpee.com\/it\/wp-json\/wp\/v2\/pages\/57346","targetHints":{"allow":["GET"]}}],"collection":[{"href":"https:\/\/liberpee.com\/it\/wp-json\/wp\/v2\/pages"}],"about":[{"href":"https:\/\/liberpee.com\/it\/wp-json\/wp\/v2\/types\/page"}],"author":[{"embeddable":true,"href":"https:\/\/liberpee.com\/it\/wp-json\/wp\/v2\/users\/8153"}],"replies":[{"embeddable":true,"href":"https:\/\/liberpee.com\/it\/wp-json\/wp\/v2\/comments?post=57346"}],"version-history":[{"count":13,"href":"https:\/\/liberpee.com\/it\/wp-json\/wp\/v2\/pages\/57346\/revisions"}],"predecessor-version":[{"id":79293,"href":"https:\/\/liberpee.com\/it\/wp-json\/wp\/v2\/pages\/57346\/revisions\/79293"}],"wp:attachment":[{"href":"https:\/\/liberpee.com\/it\/wp-json\/wp\/v2\/media?parent=57346"}],"curies":[{"name":"wp","href":"https:\/\/api.w.org\/{rel}","templated":true}]}}