{"id":83128,"date":"2023-11-01T07:42:15","date_gmt":"2023-11-01T06:42:15","guid":{"rendered":"https:\/\/liberpee.com\/?post_type=product&#038;p=83128"},"modified":"2026-04-15T10:33:33","modified_gmt":"2026-04-15T08:33:33","slug":"edition-limitee-liberpee-urinelle-incl-sac-de-rangement","status":"publish","type":"product","link":"https:\/\/liberpee.com\/fr\/produit\/edition-limitee-liberpee-urinelle-incl-sac-de-rangement\/","title":{"rendered":"\u00c9dition Limit\u00e9e Liberpee Pretty Pink &#8211; Incl. sac de rangement"},"content":{"rendered":"<p class=\"\" data-start=\"3051\" data-end=\"3267\"><strong data-start=\"3051\" data-end=\"3080\">Toujours \u00e0 port\u00e9e de main<\/strong><br data-start=\"3080\" data-end=\"3083\" \/>Gr\u00e2ce \u00e0 son format compact, la Liberpee se glisse facilement dans un sac \u00e0 main, un sac \u00e0 dos ou la bo\u00eete \u00e0 gants. Vous \u00eates toujours pr\u00eate \u2013 fini les recherches urgentes de toilettes.<\/p>\n<p class=\"\" data-start=\"3269\" data-end=\"3452\"><strong data-start=\"3269\" data-end=\"3311\">Con\u00e7ue par des femmes, pour des femmes<\/strong><br data-start=\"3311\" data-end=\"3314\" \/>La Liberpee est pens\u00e9e pour l\u2019anatomie f\u00e9minine. Sa forme ergonomique assure une utilisation confortable et hygi\u00e9nique \u2013 sans d\u00e9bordement.<\/p>\n<p class=\"\" data-start=\"3454\" data-end=\"3720\"><strong data-start=\"3454\" data-end=\"3487\">Pochette de rangement incluse<\/strong><br data-start=\"3487\" data-end=\"3490\" \/>Apr\u00e8s usage, rincez-la, essuyez-la ou secouez-la pour la s\u00e9cher. Gr\u00e2ce \u00e0 sa conception intelligente, aucune goutte ne reste. Rangez-la aussit\u00f4t dans la pochette imperm\u00e9able et lavable fournie \u2013 toujours propre et pr\u00eate \u00e0 l\u2019emploi.<\/p>\n<p data-start=\"3454\" data-end=\"3720\">Parfaite pour le camping, les festivals, les randonn\u00e9es et toutes vos aventures en plein air \u2013 m\u00eame quand il n\u2019y a pas de toilettes \u00e0 proximit\u00e9.<\/p>\n<p><!-- TrustBox widget - Product Reviews --><\/p>\n<div class=\"trustpilot-widget\" data-locale=\"nl-NL\" data-template-id=\"544a426205dc0a09088833c6\" data-businessunit-id=\"6544b9b064519ebed7df3292\" data-style-height=\"700px\" data-style-width=\"100%\" data-theme=\"light\" data-sku=\"00012\" data-review-languages=\"nl\" data-font-family=\"Poppins\" data-no-reviews=\"hide\" data-fullwidth=\"true\"><a href=\"https:\/\/nl.trustpilot.com\/review\/liberpee.com\" target=\"_blank\" rel=\"noopener\">Trustpilot<\/a><\/div>\n<p><!-- End TrustBox widget --><\/p>\n","protected":false},"excerpt":{"rendered":"<p><!-- TrustBox widget - Product Mini MultiSource --><\/p>\n<div class=\"trustpilot-widget\" data-locale=\"nl-NL\" data-template-id=\"577258fb31f02306e4e3aaf9\" data-businessunit-id=\"6544b9b064519ebed7df3292\" data-style-height=\"24px\" data-style-width=\"100%\" data-theme=\"light\" data-sku=\"00012\" data-font-family=\"Poppins\" data-no-reviews=\"hide\" data-scroll-to-list=\"true\" data-style-alignment=\"left\"><a href=\"https:\/\/nl.trustpilot.com\/review\/liberpee.com\" target=\"_blank\" rel=\"noopener\">Trustpilot<\/a><\/div>\n<p data-start=\"0\" data-end=\"42\"><strong data-start=\"0\" data-end=\"42\">Liberpee Pretty Pink \u2013 \u00c9dition Limit\u00e9e<\/strong><\/p>\n<p data-start=\"44\" data-end=\"217\">Pretty Pink est notre toute derni\u00e8re \u00c9dition Limit\u00e9e : une Liberpee rose avec de subtiles paillettes. Une version douce et f\u00e9minine qui associe praticit\u00e9 et allure raffin\u00e9e.<\/p>\n<p data-start=\"219\" data-end=\"359\">Avec Pretty Pink, vous profitez de tous les avantages habituels de Liberpee, dans une \u00e9dition \u00e0 l\u2019aspect l\u00e9g\u00e8rement plus ludique et \u00e9l\u00e9gant.<\/p>\n<p data-start=\"361\" data-end=\"395\"><strong data-start=\"361\" data-end=\"395\">Pourquoi choisir Pretty Pink ?<\/strong><\/p>\n<p data-start=\"397\" data-end=\"563\">\u2714 Rose avec de subtiles paillettes<br data-start=\"431\" data-end=\"434\" \/>\u2714 Design rigide qui conserve sa forme<br data-start=\"471\" data-end=\"474\" \/>\u2714 Hygi\u00e9nique et discr\u00e8te \u00e0 l\u2019utilisation<br data-start=\"514\" data-end=\"517\" \/>\u2714 \u00c9dition limit\u00e9e, disponible temporairement<\/p>\n<p data-start=\"565\" data-end=\"643\" data-is-last-node=\"\" data-is-only-node=\"\">Pretty Pink est disponible en quantit\u00e9 limit\u00e9e. Jusqu\u2019\u00e0 \u00e9puisement des stocks.<\/p>\n","protected":false},"featured_media":129407,"comment_status":"closed","ping_status":"closed","template":"","meta":[],"product_brand":[],"product_cat":[206],"product_tag":[],"class_list":{"0":"post-83128","1":"product","2":"type-product","3":"status-publish","4":"has-post-thumbnail","6":"product_cat-liberpee-fr","7":"product_shipping_class-pakketpost-fr","9":"first","10":"instock","11":"taxable","12":"shipping-taxable","13":"purchasable","14":"product-type-simple"},"_links":{"self":[{"href":"https:\/\/liberpee.com\/fr\/wp-json\/wp\/v2\/product\/83128","targetHints":{"allow":["GET"]}}],"collection":[{"href":"https:\/\/liberpee.com\/fr\/wp-json\/wp\/v2\/product"}],"about":[{"href":"https:\/\/liberpee.com\/fr\/wp-json\/wp\/v2\/types\/product"}],"replies":[{"embeddable":true,"href":"https:\/\/liberpee.com\/fr\/wp-json\/wp\/v2\/comments?post=83128"}],"wp:featuredmedia":[{"embeddable":true,"href":"https:\/\/liberpee.com\/fr\/wp-json\/wp\/v2\/media\/129407"}],"wp:attachment":[{"href":"https:\/\/liberpee.com\/fr\/wp-json\/wp\/v2\/media?parent=83128"}],"wp:term":[{"taxonomy":"product_brand","embeddable":true,"href":"https:\/\/liberpee.com\/fr\/wp-json\/wp\/v2\/product_brand?post=83128"},{"taxonomy":"product_cat","embeddable":true,"href":"https:\/\/liberpee.com\/fr\/wp-json\/wp\/v2\/product_cat?post=83128"},{"taxonomy":"product_tag","embeddable":true,"href":"https:\/\/liberpee.com\/fr\/wp-json\/wp\/v2\/product_tag?post=83128"}],"curies":[{"name":"wp","href":"https:\/\/api.w.org\/{rel}","templated":true}]}}