{"id":57045,"date":"2021-09-13T11:18:51","date_gmt":"2021-09-13T09:18:51","guid":{"rendered":"https:\/\/liberpee.com\/product\/opbergzakje-voor-liberpee-plastuit-aqua\/"},"modified":"2024-07-01T12:31:23","modified_gmt":"2024-07-01T10:31:23","slug":"sac-de-rangement-pour-lurinoir-liberpee-aqua","status":"publish","type":"product","link":"https:\/\/liberpee.com\/fr\/produit\/sac-de-rangement-pour-lurinoir-liberpee-aqua\/","title":{"rendered":"Sac de Rangement pour l&rsquo;Urinoir Liberpee Aqua"},"content":{"rendered":"<p><!-- TrustBox widget - Product Reviews --><\/p>\n<div class=\"trustpilot-widget\" data-locale=\"fr-FR\" data-template-id=\"544a426205dc0a09088833c6\" data-businessunit-id=\"6544b9b064519ebed7df3292\" data-style-height=\"700px\" data-style-width=\"100%\" data-theme=\"light\" data-sku=\"00010\" data-review-languages=\"fr\" data-font-family=\"Poppins\" data-no-reviews=\"hide\" data-fullwidth=\"true\">\n  <a href=\"https:\/\/fr.trustpilot.com\/review\/liberpee.com\" target=\"_blank\" rel=\"noopener\">Trustpilot<\/a>\n<\/div>\n<p><!-- End TrustBox widget --><\/p>\n","protected":false},"excerpt":{"rendered":"<p><!-- TrustBox widget - Product Mini MultiSource --><\/p>\n<div class=\"trustpilot-widget\" data-locale=\"fr-FR\" data-template-id=\"577258fb31f02306e4e3aaf9\" data-businessunit-id=\"6544b9b064519ebed7df3292\" data-style-height=\"24px\" data-style-width=\"100%\" data-theme=\"light\" data-sku=\"00010\" data-font-family=\"Poppins\" data-no-reviews=\"hide\" data-scroll-to-list=\"true\" data-style-alignment=\"left\">\n  <a href=\"https:\/\/fr.trustpilot.com\/review\/liberpee.com\" target=\"_blank\" rel=\"noopener\">Trustpilot<\/a>\n<\/div>\n<p><!-- End TrustBox widget --><br \/>\nEmportez votre Liberpee facilement et hygi\u00e9niquement dans ce sac de rangement r\u00e9sistant \u00e0 l&rsquo;eau et lavable. Id\u00e9al pour votre sac ! Rincez-le \u00e0 l&rsquo;eau apr\u00e8s un certain temps ou mettez simplement le sac dans la machine \u00e0 laver.<\/p>\n","protected":false},"featured_media":57046,"comment_status":"closed","ping_status":"closed","template":"","meta":[],"product_brand":[],"product_cat":[206],"product_tag":[],"class_list":{"0":"post-57045","1":"product","2":"type-product","3":"status-publish","4":"has-post-thumbnail","6":"product_cat-liberpee-fr","8":"first","9":"instock","10":"taxable","11":"shipping-taxable","12":"purchasable","13":"product-type-simple"},"_links":{"self":[{"href":"https:\/\/liberpee.com\/fr\/wp-json\/wp\/v2\/product\/57045","targetHints":{"allow":["GET"]}}],"collection":[{"href":"https:\/\/liberpee.com\/fr\/wp-json\/wp\/v2\/product"}],"about":[{"href":"https:\/\/liberpee.com\/fr\/wp-json\/wp\/v2\/types\/product"}],"replies":[{"embeddable":true,"href":"https:\/\/liberpee.com\/fr\/wp-json\/wp\/v2\/comments?post=57045"}],"wp:featuredmedia":[{"embeddable":true,"href":"https:\/\/liberpee.com\/fr\/wp-json\/wp\/v2\/media\/57046"}],"wp:attachment":[{"href":"https:\/\/liberpee.com\/fr\/wp-json\/wp\/v2\/media?parent=57045"}],"wp:term":[{"taxonomy":"product_brand","embeddable":true,"href":"https:\/\/liberpee.com\/fr\/wp-json\/wp\/v2\/product_brand?post=57045"},{"taxonomy":"product_cat","embeddable":true,"href":"https:\/\/liberpee.com\/fr\/wp-json\/wp\/v2\/product_cat?post=57045"},{"taxonomy":"product_tag","embeddable":true,"href":"https:\/\/liberpee.com\/fr\/wp-json\/wp\/v2\/product_tag?post=57045"}],"curies":[{"name":"wp","href":"https:\/\/api.w.org\/{rel}","templated":true}]}}