{"id":57039,"date":"2021-07-08T09:49:27","date_gmt":"2021-07-08T07:49:27","guid":{"rendered":"https:\/\/liberpee.com\/product\/liberpee-wit\/"},"modified":"2024-07-01T12:24:20","modified_gmt":"2024-07-01T10:24:20","slug":"liberpee-urinoir-blanc","status":"publish","type":"product","link":"https:\/\/liberpee.com\/fr\/produit\/liberpee-urinoir-blanc\/","title":{"rendered":"Liberpee Urinoir Blanc \u2013 Inclus Sac de Rangement"},"content":{"rendered":"<p>Il est utilis\u00e9 par des femmes et des filles dans le monde entier. Liberpee est la solution pour les femmes lorsqu&rsquo;il n&rsquo;y a pas de toilette \u00e0 proximit\u00e9. Les situations d&rsquo;utilisation courantes incluent: en voyage, pendant les festivals, en route, ou lors de la pratique de sports en plein air (comme le cyclisme, la course \u00e0 pied, la voile, etc.) Vous pouvez uriner debout et vous n&rsquo;avez pas besoin de baisser votre pantalon. Donc, vous urinez tr\u00e8s discr\u00e8tement et vous n&rsquo;avez pas \u00e0 craindre que quelqu&rsquo;un voie vos fesses.<\/p>\n<p>Cet urinoir blanc peut \u00e9galement \u00eatre utilis\u00e9 assis. Par exemple, si vous \u00eates en fauteuil roulant ou si une intervention m\u00e9dicale vous emp\u00eache de vous rendre aux toilettes.<\/p>\n<h4>Rangement dans le sac de rangement gratuit<\/h4>\n<p>Apr\u00e8s utilisation, nettoyez votre Liberpee en l&rsquo;essuyant avec un morceau de papier toilette ou rincez-le sous le robinet. Mais la meilleure m\u00e9thode est de le secouer pour le s\u00e9cher. L&rsquo;urinoir est fait d&rsquo;un plastique poly\u00e9thyl\u00e8ne de haute qualit\u00e9 et de haute densit\u00e9. Si vous le secouez quelques fois, toute l&rsquo;humidit\u00e9 restante tombera automatiquement et aucune goutte ne restera. Ensuite, mettez-le dans le sac de rangement \u00e9tanche et lavable fourni gratuitement.<\/p>\n<p><!-- TrustBox widget - Product Reviews --><\/p>\n<div class=\"trustpilot-widget\" data-locale=\"fr-FR\" data-template-id=\"544a426205dc0a09088833c6\" data-businessunit-id=\"6544b9b064519ebed7df3292\" data-style-height=\"700px\" data-style-width=\"100%\" data-theme=\"light\" data-sku=\"00008\" data-review-languages=\"fr\" data-font-family=\"Poppins\" data-no-reviews=\"hide\" data-fullwidth=\"true\">\n  <a href=\"https:\/\/fr.trustpilot.com\/review\/liberpee.com\" target=\"_blank\" rel=\"noopener\">Trustpilot<\/a>\n<\/div>\n<p><!-- End TrustBox widget --><\/p>\n","protected":false},"excerpt":{"rendered":"<p><!-- TrustBox widget - Product Mini MultiSource --><\/p>\n<div class=\"trustpilot-widget\" data-locale=\"fr-FR\" data-template-id=\"577258fb31f02306e4e3aaf9\" data-businessunit-id=\"6544b9b064519ebed7df3292\" data-style-height=\"24px\" data-style-width=\"100%\" data-theme=\"light\" data-sku=\"00008\" data-font-family=\"Poppins\" data-no-reviews=\"hide\" data-scroll-to-list=\"true\" data-style-alignment=\"left\">\n  <a href=\"https:\/\/fr.trustpilot.com\/review\/liberpee.com\" target=\"_blank\" rel=\"noopener\">Trustpilot<\/a>\n<\/div>\n<p><!-- End TrustBox widget --><br \/>\nEn cas d&rsquo;urgence, cet urinoir blanc offre toujours une solution partout. Liberpee est un urinoir r\u00e9utilisable qui permet aux femmes de uriner facilement debout.<\/p>\n","protected":false},"featured_media":57041,"comment_status":"closed","ping_status":"closed","template":"","meta":[],"product_brand":[],"product_cat":[206],"product_tag":[],"class_list":{"0":"post-57039","1":"product","2":"type-product","3":"status-publish","4":"has-post-thumbnail","6":"product_cat-liberpee-fr","7":"product_shipping_class-pakketpost-fr","9":"first","10":"instock","11":"taxable","12":"shipping-taxable","13":"purchasable","14":"product-type-simple"},"_links":{"self":[{"href":"https:\/\/liberpee.com\/fr\/wp-json\/wp\/v2\/product\/57039","targetHints":{"allow":["GET"]}}],"collection":[{"href":"https:\/\/liberpee.com\/fr\/wp-json\/wp\/v2\/product"}],"about":[{"href":"https:\/\/liberpee.com\/fr\/wp-json\/wp\/v2\/types\/product"}],"replies":[{"embeddable":true,"href":"https:\/\/liberpee.com\/fr\/wp-json\/wp\/v2\/comments?post=57039"}],"wp:featuredmedia":[{"embeddable":true,"href":"https:\/\/liberpee.com\/fr\/wp-json\/wp\/v2\/media\/57041"}],"wp:attachment":[{"href":"https:\/\/liberpee.com\/fr\/wp-json\/wp\/v2\/media?parent=57039"}],"wp:term":[{"taxonomy":"product_brand","embeddable":true,"href":"https:\/\/liberpee.com\/fr\/wp-json\/wp\/v2\/product_brand?post=57039"},{"taxonomy":"product_cat","embeddable":true,"href":"https:\/\/liberpee.com\/fr\/wp-json\/wp\/v2\/product_cat?post=57039"},{"taxonomy":"product_tag","embeddable":true,"href":"https:\/\/liberpee.com\/fr\/wp-json\/wp\/v2\/product_tag?post=57039"}],"curies":[{"name":"wp","href":"https:\/\/api.w.org\/{rel}","templated":true}]}}