{"id":57032,"date":"2021-07-08T09:41:25","date_gmt":"2021-07-08T07:41:25","guid":{"rendered":"https:\/\/liberpee.com\/product\/liberpee-blauw\/"},"modified":"2024-07-01T12:13:59","modified_gmt":"2024-07-01T10:13:59","slug":"liberpee-urinoir-bleu","status":"publish","type":"product","link":"https:\/\/liberpee.com\/fr\/produit\/liberpee-urinoir-bleu\/","title":{"rendered":"Liberpee Urinoir Bleu \u2013 Inclus Sac de Rangement"},"content":{"rendered":"<p>Vous n&rsquo;avez pas besoin de baisser votre pantalon et personne ne voit vos fesses. Vous urinez tr\u00e8s discr\u00e8tement. Chaque ann\u00e9e, des milliers de femmes d\u00e9veloppent des probl\u00e8mes de vessie \u00e0 cause de la r\u00e9tention d&rsquo;urine. Gr\u00e2ce aux urinoirs Liberpee, vous n&rsquo;avez plus besoin de retenir votre urine. Liberpee est con\u00e7u par des femmes, pour des femmes. Cela se voit et se ressent dans le design anatomique. L&rsquo;urinoir s&rsquo;ajuste parfaitement. C&rsquo;est pourquoi des filles et des femmes du monde entier sont d\u00e9j\u00e0 fans de Liberpee. Elles l&rsquo;utilisent lors d&rsquo;\u00e9v\u00e9nements, festivals, en voyage, en route ou \u00e0 l&rsquo;\u00e9cole.<\/p>\n<h4>Livr\u00e9 avec un sac de rangement gratuit<\/h4>\n<p>our vous assurer que vous pouvez toujours emporter votre urinoir avec vous, vous recevez un sac de rangement gratuit. Apr\u00e8s utilisation, vous mettez votre urinoir bleu dans ce sac lavable et imperm\u00e9able, puis vous l&#8217;emportez facilement dans votre sac, sac \u00e0 dos ou dans la voiture.<\/p>\n<p><!-- TrustBox widget - Product Reviews --><\/p>\n<div class=\"trustpilot-widget\" data-locale=\"fr-FR\" data-template-id=\"544a426205dc0a09088833c6\" data-businessunit-id=\"6544b9b064519ebed7df3292\" data-style-height=\"700px\" data-style-width=\"100%\" data-theme=\"light\" data-sku=\"00005\" data-review-languages=\"fr\" data-font-family=\"Poppins\" data-no-reviews=\"hide\" data-fullwidth=\"true\">\n  <a href=\"https:\/\/fr.trustpilot.com\/review\/liberpee.com\" target=\"_blank\" rel=\"noopener\">Trustpilot<\/a>\n<\/div>\n<p><!-- End TrustBox widget --><\/p>\n","protected":false},"excerpt":{"rendered":"<p><!-- TrustBox widget - Product Mini MultiSource --><\/p>\n<div class=\"trustpilot-widget\" data-locale=\"fr-FR\" data-template-id=\"577258fb31f02306e4e3aaf9\" data-businessunit-id=\"6544b9b064519ebed7df3292\" data-style-height=\"24px\" data-style-width=\"100%\" data-theme=\"light\" data-sku=\"00005\" data-font-family=\"Poppins\" data-no-reviews=\"hide\" data-scroll-to-list=\"true\" data-style-alignment=\"left\">\n  <a href=\"https:\/\/fr.trustpilot.com\/review\/liberpee.com\" target=\"_blank\" rel=\"noopener\">Trustpilot<\/a>\n<\/div>\n<p><!-- End TrustBox widget --><br \/>\nLongue file d&rsquo;attente pour les toilettes ? Ou pas de WC (propre) \u00e0 proximit\u00e9 ? Sentiez-vous libre avec Liberpee ! Laissez les autres dames vous envier avec cet urinoir bleu. Avec Liberpee, les femmes peuvent uriner debout de mani\u00e8re hygi\u00e9nique.<\/p>\n","protected":false},"featured_media":57034,"comment_status":"closed","ping_status":"closed","template":"","meta":[],"product_brand":[],"product_cat":[206],"product_tag":[],"class_list":{"0":"post-57032","1":"product","2":"type-product","3":"status-publish","4":"has-post-thumbnail","6":"product_cat-liberpee-fr","7":"product_shipping_class-pakketpost-fr","9":"first","10":"instock","11":"taxable","12":"shipping-taxable","13":"purchasable","14":"product-type-simple"},"_links":{"self":[{"href":"https:\/\/liberpee.com\/fr\/wp-json\/wp\/v2\/product\/57032","targetHints":{"allow":["GET"]}}],"collection":[{"href":"https:\/\/liberpee.com\/fr\/wp-json\/wp\/v2\/product"}],"about":[{"href":"https:\/\/liberpee.com\/fr\/wp-json\/wp\/v2\/types\/product"}],"replies":[{"embeddable":true,"href":"https:\/\/liberpee.com\/fr\/wp-json\/wp\/v2\/comments?post=57032"}],"wp:featuredmedia":[{"embeddable":true,"href":"https:\/\/liberpee.com\/fr\/wp-json\/wp\/v2\/media\/57034"}],"wp:attachment":[{"href":"https:\/\/liberpee.com\/fr\/wp-json\/wp\/v2\/media?parent=57032"}],"wp:term":[{"taxonomy":"product_brand","embeddable":true,"href":"https:\/\/liberpee.com\/fr\/wp-json\/wp\/v2\/product_brand?post=57032"},{"taxonomy":"product_cat","embeddable":true,"href":"https:\/\/liberpee.com\/fr\/wp-json\/wp\/v2\/product_cat?post=57032"},{"taxonomy":"product_tag","embeddable":true,"href":"https:\/\/liberpee.com\/fr\/wp-json\/wp\/v2\/product_tag?post=57032"}],"curies":[{"name":"wp","href":"https:\/\/api.w.org\/{rel}","templated":true}]}}