{"id":57026,"date":"2021-06-23T12:49:17","date_gmt":"2021-06-23T10:49:17","guid":{"rendered":"https:\/\/liberpee.com\/product\/liberpee-lila\/"},"modified":"2024-07-01T11:42:33","modified_gmt":"2024-07-01T09:42:33","slug":"liberpee-urinoir-lilas","status":"publish","type":"product","link":"https:\/\/liberpee.com\/fr\/produit\/liberpee-urinoir-lilas\/","title":{"rendered":"Liberpee Urinoir Lilas \u2013 Inclus Sac de Rangement"},"content":{"rendered":"<p>Cet urinoir est \u00e9galement la solution lorsque qu&rsquo;il n&rsquo;y a pas de WC \u00e0 proximit\u00e9. Avec Liberpee, vous pouvez uriner partout de mani\u00e8re discr\u00e8te et debout. Les femmes du monde entier sont d\u00e9j\u00e0 fans. Elles utilisent notre urinoir lors de vacances, festivals, en voyage, et lors de toute autre occasion sans acc\u00e8s \u00e0 des toilettes (propres). Vous n&rsquo;avez pas besoin de baisser votre pantalon, ce qui vous permet d&rsquo;uriner tr\u00e8s discr\u00e8tement.<\/p>\n<h4>Sac de Rangement Gratuit<\/h4>\n<p>Le Liberpee est livr\u00e9 avec un sac de rangement lavable et imperm\u00e9able. Le Liberpee est hydrofuge et vous pouvez simplement le secouer pour le s\u00e9cher. Aucune humidit\u00e9 ne reste apr\u00e8s l&rsquo;utilisation. Rangez votre urinoir dans le sac et remettez-le dans votre sac. Ainsi, il est pr\u00eat pour une nouvelle situation sans toilette.<\/p>\n<p><!-- TrustBox widget - Product Reviews --><\/p>\n<div class=\"trustpilot-widget\" data-locale=\"fr-FR\" data-template-id=\"544a426205dc0a09088833c6\" data-businessunit-id=\"6544b9b064519ebed7df3292\" data-style-height=\"700px\" data-style-width=\"100%\" data-theme=\"light\" data-sku=\"00002\" data-review-languages=\"fr\" data-font-family=\"Poppins\" data-no-reviews=\"hide\" data-fullwidth=\"true\">\n  <a href=\"https:\/\/fr.trustpilot.com\/review\/liberpee.com\" target=\"_blank\" rel=\"noopener\">Trustpilot<\/a>\n<\/div>\n<p><!-- End TrustBox widget --><\/p>\n","protected":false},"excerpt":{"rendered":"<p><!-- TrustBox widget - Product Mini MultiSource --><\/p>\n<div class=\"trustpilot-widget\" data-locale=\"fr-FR\" data-template-id=\"577258fb31f02306e4e3aaf9\" data-businessunit-id=\"6544b9b064519ebed7df3292\" data-style-height=\"24px\" data-style-width=\"100%\" data-theme=\"light\" data-sku=\"00002\" data-font-family=\"Poppins\" data-no-reviews=\"hide\" data-scroll-to-list=\"true\" data-style-alignment=\"left\">\n  <a href=\"https:\/\/fr.trustpilot.com\/review\/liberpee.com\" target=\"_blank\" rel=\"noopener\">Trustpilot<\/a>\n<\/div>\n<p><!-- End TrustBox widget --><\/p>\n<p>Avec cet urinoir lilas r\u00e9utilisable, nous, les femmes, surmontons les toilettes sales ! Gr\u00e2ce \u00e0 Liberpee, vous pouvez uriner debout sans avoir \u00e0 toucher un toilette sale.<\/p>\n","protected":false},"featured_media":57028,"comment_status":"closed","ping_status":"closed","template":"","meta":[],"product_brand":[],"product_cat":[206],"product_tag":[],"class_list":{"0":"post-57026","1":"product","2":"type-product","3":"status-publish","4":"has-post-thumbnail","6":"product_cat-liberpee-fr","7":"product_shipping_class-pakketpost-fr","9":"first","10":"instock","11":"taxable","12":"shipping-taxable","13":"purchasable","14":"product-type-simple"},"_links":{"self":[{"href":"https:\/\/liberpee.com\/fr\/wp-json\/wp\/v2\/product\/57026","targetHints":{"allow":["GET"]}}],"collection":[{"href":"https:\/\/liberpee.com\/fr\/wp-json\/wp\/v2\/product"}],"about":[{"href":"https:\/\/liberpee.com\/fr\/wp-json\/wp\/v2\/types\/product"}],"replies":[{"embeddable":true,"href":"https:\/\/liberpee.com\/fr\/wp-json\/wp\/v2\/comments?post=57026"}],"wp:featuredmedia":[{"embeddable":true,"href":"https:\/\/liberpee.com\/fr\/wp-json\/wp\/v2\/media\/57028"}],"wp:attachment":[{"href":"https:\/\/liberpee.com\/fr\/wp-json\/wp\/v2\/media?parent=57026"}],"wp:term":[{"taxonomy":"product_brand","embeddable":true,"href":"https:\/\/liberpee.com\/fr\/wp-json\/wp\/v2\/product_brand?post=57026"},{"taxonomy":"product_cat","embeddable":true,"href":"https:\/\/liberpee.com\/fr\/wp-json\/wp\/v2\/product_cat?post=57026"},{"taxonomy":"product_tag","embeddable":true,"href":"https:\/\/liberpee.com\/fr\/wp-json\/wp\/v2\/product_tag?post=57026"}],"curies":[{"name":"wp","href":"https:\/\/api.w.org\/{rel}","templated":true}]}}