{"id":57012,"date":"2021-07-08T09:44:55","date_gmt":"2021-07-08T07:44:55","guid":{"rendered":"https:\/\/liberpee.com\/product\/liberpee-paars\/"},"modified":"2024-07-01T12:21:29","modified_gmt":"2024-07-01T10:21:29","slug":"liberpee-urinoir-violet","status":"publish","type":"product","link":"https:\/\/liberpee.com\/fr\/produit\/liberpee-urinoir-violet\/","title":{"rendered":"Liberpee Urinoir Violet \u2013 Inclus Sac de Rangement"},"content":{"rendered":"<p>Avec Liberpee, vous pouvez uriner debout facilement et de mani\u00e8re hygi\u00e9nique. Vous n&rsquo;avez plus besoin de vous accroupir dans les buissons ou de surmonter votre peur des toilettes sales. De plus, vous n&rsquo;avez pas besoin de baisser votre pantalon, donc vous urinez tr\u00e8s discr\u00e8tement.<br \/>\nNon seulement les dames qui doivent souvent uriner (comme les femmes enceintes et celles avec une vessie hyperactive) sont fans de Liberpee, mais des milliers de femmes \u00e0 travers le monde sont enthousiastes et utilisent notre urinoir r\u00e9guli\u00e8rement. Cela leur permet d&rsquo;\u00e9viter de graves probl\u00e8mes de vessie, tels que les infections urinaires et les py\u00e9lon\u00e9phrites.<\/p>\n<h4>Hygi\u00e9nique \u00e0 l&rsquo;usage<\/h4>\n<p>Apr\u00e8s utilisation, vous rangez cet urinoir violet dans le sac de rangement fourni gratuitement et le mettez simplement dans votre sac \u00e0 main ou votre sac \u00e0 dos. Gr\u00e2ce \u00e0 la haute qualit\u00e9 et \u00e0 la densit\u00e9 du mat\u00e9riau (poly\u00e9thyl\u00e8ne), aucune goutte ou humidit\u00e9 ne reste sur l&rsquo;urinoir. Vous le secouez simplement pour le s\u00e9cher. De plus, le sac de rangement est \u00e9tanche et lavable en machine.<\/p>\n<p><!-- TrustBox widget - Product Reviews --><\/p>\n<div class=\"trustpilot-widget\" data-locale=\"fr-FR\" data-template-id=\"544a426205dc0a09088833c6\" data-businessunit-id=\"6544b9b064519ebed7df3292\" data-style-height=\"700px\" data-style-width=\"100%\" data-theme=\"light\" data-sku=\"00007\" data-review-languages=\"fr\" data-font-family=\"Poppins\" data-no-reviews=\"hide\" data-fullwidth=\"true\">\n  <a href=\"https:\/\/fr.trustpilot.com\/review\/liberpee.com\" target=\"_blank\" rel=\"noopener\">Trustpilot<\/a>\n<\/div>\n<p><!-- End TrustBox widget --><\/p>\n","protected":false},"excerpt":{"rendered":"<p><!-- TrustBox widget - Product Mini MultiSource --><\/p>\n<div class=\"trustpilot-widget\" data-locale=\"fr-FR\" data-template-id=\"577258fb31f02306e4e3aaf9\" data-businessunit-id=\"6544b9b064519ebed7df3292\" data-style-height=\"24px\" data-style-width=\"100%\" data-theme=\"light\" data-sku=\"00007\" data-font-family=\"Poppins\" data-no-reviews=\"hide\" data-scroll-to-list=\"true\" data-style-alignment=\"left\">\n  <a href=\"https:\/\/fr.trustpilot.com\/review\/liberpee.com\" target=\"_blank\" rel=\"noopener\">Trustpilot<\/a>\n<\/div>\n<p><!-- End TrustBox widget --><br \/>\nAvec cet urinoir violet, les femmes peuvent uriner debout partout. Vous d\u00e9testez \u00e9galement les toilettes sales ? Ou les longues files d&rsquo;attente pour les toilettes pour dames ? Ou vous trouvez-vous souvent dans des situations o\u00f9 il n&rsquo;y a pas de WC \u00e0 proximit\u00e9 ? Alors, assurez-vous d&rsquo;avoir un urinoir Liberpee avec vous !<\/p>\n","protected":false},"featured_media":57014,"comment_status":"closed","ping_status":"closed","template":"","meta":[],"product_brand":[],"product_cat":[206],"product_tag":[],"class_list":{"0":"post-57012","1":"product","2":"type-product","3":"status-publish","4":"has-post-thumbnail","6":"product_cat-liberpee-fr","7":"product_shipping_class-pakketpost-fr","9":"first","10":"instock","11":"taxable","12":"shipping-taxable","13":"purchasable","14":"product-type-simple"},"_links":{"self":[{"href":"https:\/\/liberpee.com\/fr\/wp-json\/wp\/v2\/product\/57012","targetHints":{"allow":["GET"]}}],"collection":[{"href":"https:\/\/liberpee.com\/fr\/wp-json\/wp\/v2\/product"}],"about":[{"href":"https:\/\/liberpee.com\/fr\/wp-json\/wp\/v2\/types\/product"}],"replies":[{"embeddable":true,"href":"https:\/\/liberpee.com\/fr\/wp-json\/wp\/v2\/comments?post=57012"}],"wp:featuredmedia":[{"embeddable":true,"href":"https:\/\/liberpee.com\/fr\/wp-json\/wp\/v2\/media\/57014"}],"wp:attachment":[{"href":"https:\/\/liberpee.com\/fr\/wp-json\/wp\/v2\/media?parent=57012"}],"wp:term":[{"taxonomy":"product_brand","embeddable":true,"href":"https:\/\/liberpee.com\/fr\/wp-json\/wp\/v2\/product_brand?post=57012"},{"taxonomy":"product_cat","embeddable":true,"href":"https:\/\/liberpee.com\/fr\/wp-json\/wp\/v2\/product_cat?post=57012"},{"taxonomy":"product_tag","embeddable":true,"href":"https:\/\/liberpee.com\/fr\/wp-json\/wp\/v2\/product_tag?post=57012"}],"curies":[{"name":"wp","href":"https:\/\/api.w.org\/{rel}","templated":true}]}}