{"id":57005,"date":"2021-07-08T09:42:50","date_gmt":"2021-07-08T07:42:50","guid":{"rendered":"https:\/\/liberpee.com\/product\/liberpee-groen\/"},"modified":"2024-07-01T12:17:45","modified_gmt":"2024-07-01T10:17:45","slug":"liberpee-urinoir-vert","status":"publish","type":"product","link":"https:\/\/liberpee.com\/fr\/produit\/liberpee-urinoir-vert\/","title":{"rendered":"Liberpee Urinoir Vert \u2013 Inclus Sac de Rangement \u00c9tanche"},"content":{"rendered":"<p>Liberpee est con\u00e7u par des femmes. Cela se voit dans le design anatomique qui s&rsquo;adapte parfaitement. Avec cet urinoir vert, vous n&rsquo;avez pas besoin de baisser votre pantalon et personne ne voit vos fesses. Vous pouvez uriner debout de mani\u00e8re tr\u00e8s discr\u00e8te et hygi\u00e9nique.<\/p>\n<h4>Sac de Rangement \u00c9tanche Gratuit<\/h4>\n<p>Apr\u00e8s utilisation, vous nettoyez la goutti\u00e8re urinaire avec un morceau de papier toilette ou vous la rincez \u00e0 l&rsquo;eau. Mais vous pouvez aussi secouer votre Liberpee pour le s\u00e9cher. Gr\u00e2ce \u00e0 la qualit\u00e9 hydrofuge et sup\u00e9rieure du plastique, aucune goutte ne reste. Nous recommandons cette m\u00e9thode de nettoyage \u00e9cologique car elle consomme moins d&rsquo;eau et \u00e9conomise l&rsquo;utilisation du papier toilette.<br \/>\nEnsuite, rangez-le dans le sac de rangement assorti et vous \u00eates pr\u00eat pour une prochaine situation sans toilette (propre) !<\/p>\n<p><!-- TrustBox widget - Product Reviews --><\/p>\n<div class=\"trustpilot-widget\" data-locale=\"fr-FR\" data-template-id=\"544a426205dc0a09088833c6\" data-businessunit-id=\"6544b9b064519ebed7df3292\" data-style-height=\"700px\" data-style-width=\"100%\" data-theme=\"light\" data-sku=\"00006\" data-review-languages=\"fr\" data-font-family=\"Poppins\" data-no-reviews=\"hide\" data-fullwidth=\"true\">\n  <a href=\"https:\/\/fr.trustpilot.com\/review\/liberpee.com\" target=\"_blank\" rel=\"noopener\">Trustpilot<\/a>\n<\/div>\n<p><!-- End TrustBox widget --><\/p>\n","protected":false},"excerpt":{"rendered":"<p><!-- TrustBox widget - Product Mini MultiSource --><\/p>\n<div class=\"trustpilot-widget\" data-locale=\"fr-FR\" data-template-id=\"577258fb31f02306e4e3aaf9\" data-businessunit-id=\"6544b9b064519ebed7df3292\" data-style-height=\"24px\" data-style-width=\"100%\" data-theme=\"light\" data-sku=\"00006\" data-font-family=\"Poppins\" data-no-reviews=\"hide\" data-scroll-to-list=\"true\" data-style-alignment=\"left\">\n  <a href=\"https:\/\/fr.trustpilot.com\/review\/liberpee.com\" target=\"_blank\" rel=\"noopener\">Trustpilot<\/a>\n<\/div>\n<p><!-- End TrustBox widget --><br \/>\nUriner debout devient un jeu d&rsquo;enfant avec cet urinoir vert. Les goutti\u00e8res urinaires de Liberpee sont r\u00e9utilisables. C&rsquo;est pourquoi le vert est une couleur tr\u00e8s appropri\u00e9e pour ce produit pratique. C&rsquo;est une alternative \u00e9cologique et durable aux urinoirs jetables.<\/p>\n","protected":false},"featured_media":57007,"comment_status":"closed","ping_status":"closed","template":"","meta":[],"product_brand":[],"product_cat":[206],"product_tag":[],"class_list":{"0":"post-57005","1":"product","2":"type-product","3":"status-publish","4":"has-post-thumbnail","6":"product_cat-liberpee-fr","7":"product_shipping_class-pakketpost-fr","9":"first","10":"instock","11":"taxable","12":"shipping-taxable","13":"purchasable","14":"product-type-simple"},"_links":{"self":[{"href":"https:\/\/liberpee.com\/fr\/wp-json\/wp\/v2\/product\/57005","targetHints":{"allow":["GET"]}}],"collection":[{"href":"https:\/\/liberpee.com\/fr\/wp-json\/wp\/v2\/product"}],"about":[{"href":"https:\/\/liberpee.com\/fr\/wp-json\/wp\/v2\/types\/product"}],"replies":[{"embeddable":true,"href":"https:\/\/liberpee.com\/fr\/wp-json\/wp\/v2\/comments?post=57005"}],"wp:featuredmedia":[{"embeddable":true,"href":"https:\/\/liberpee.com\/fr\/wp-json\/wp\/v2\/media\/57007"}],"wp:attachment":[{"href":"https:\/\/liberpee.com\/fr\/wp-json\/wp\/v2\/media?parent=57005"}],"wp:term":[{"taxonomy":"product_brand","embeddable":true,"href":"https:\/\/liberpee.com\/fr\/wp-json\/wp\/v2\/product_brand?post=57005"},{"taxonomy":"product_cat","embeddable":true,"href":"https:\/\/liberpee.com\/fr\/wp-json\/wp\/v2\/product_cat?post=57005"},{"taxonomy":"product_tag","embeddable":true,"href":"https:\/\/liberpee.com\/fr\/wp-json\/wp\/v2\/product_tag?post=57005"}],"curies":[{"name":"wp","href":"https:\/\/api.w.org\/{rel}","templated":true}]}}