{"id":56999,"date":"2021-07-08T09:40:19","date_gmt":"2021-07-08T07:40:19","guid":{"rendered":"https:\/\/liberpee.com\/product\/liberpee-aqua\/"},"modified":"2024-07-01T12:10:46","modified_gmt":"2024-07-01T10:10:46","slug":"liberpee-urinoir-aqua","status":"publish","type":"product","link":"https:\/\/liberpee.com\/fr\/produit\/liberpee-urinoir-aqua\/","title":{"rendered":"Liberpee Urinoir Aqua \u2013 Inclus Sac de Rangement"},"content":{"rendered":"<p>Vous n&rsquo;avez pas besoin de baisser votre pantalon et personne ne voit vos fesses pendant l&rsquo;utilisation de cet urinoir. Vous urinez de mani\u00e8re tr\u00e8s discr\u00e8te et sans d\u00e9g\u00e2ts. Le temps o\u00f9 seuls les hommes pouvaient uriner debout est d\u00e9sormais r\u00e9volu ! Non seulement les femmes qui doivent souvent uriner (comme les femmes ayant une vessie faible et les femmes enceintes) sont fans de Liberpee. Chaque femme devrait porter un urinoir, car retenir son urine peut souvent conduire \u00e0 des probl\u00e8mes de vessie, tels que de graves infections de la vessie.<\/p>\n<h4>Inclus un sac de rangement \u00e9tanche gratuit<\/h4>\n<p>Apr\u00e8s utilisation, vous rangez votre Liberpee dans le sac de rangement fourni gratuitement et le remettez dans votre sac \u00e0 main. Vous n&rsquo;avez pas \u00e0 craindre des situations non hygi\u00e9niques. Car gr\u00e2ce \u00e0 la haute qualit\u00e9 et densit\u00e9 du mat\u00e9riau (poly\u00e9thyl\u00e8ne), aucune goutte ou humidit\u00e9 ne reste sur l&rsquo;urinoir. Vous le secouez simplement pour le s\u00e9cher. De plus, le sac de rangement est hydrofuge et peut \u00e9galement \u00eatre lav\u00e9 en machine.<\/p>\n<p><!-- TrustBox widget - Product Reviews --><\/p>\n<div class=\"trustpilot-widget\" data-locale=\"fr-FR\" data-template-id=\"544a426205dc0a09088833c6\" data-businessunit-id=\"6544b9b064519ebed7df3292\" data-style-height=\"700px\" data-style-width=\"100%\" data-theme=\"light\" data-sku=\"00004\" data-review-languages=\"fr\" data-font-family=\"Poppins\" data-no-reviews=\"hide\" data-fullwidth=\"true\">\n  <a href=\"https:\/\/fr.trustpilot.com\/review\/liberpee.com\" target=\"_blank\" rel=\"noopener\">Trustpilot<\/a>\n<\/div>\n<p><!-- End TrustBox widget --><\/p>\n","protected":false},"excerpt":{"rendered":"<p><!-- TrustBox widget - Product Mini MultiSource --><\/p>\n<div class=\"trustpilot-widget\" data-locale=\"fr-FR\" data-template-id=\"577258fb31f02306e4e3aaf9\" data-businessunit-id=\"6544b9b064519ebed7df3292\" data-style-height=\"24px\" data-style-width=\"100%\" data-theme=\"light\" data-sku=\"00004\" data-font-family=\"Poppins\" data-no-reviews=\"hide\" data-scroll-to-list=\"true\" data-style-alignment=\"left\">\n  <a href=\"https:\/\/fr.trustpilot.com\/review\/liberpee.com\" target=\"_blank\" rel=\"noopener\">Trustpilot<\/a>\n<\/div>\n<p><!-- End TrustBox widget --><br \/>\nAvec cet urinoir aqua, vous pouvez uriner debout de mani\u00e8re hygi\u00e9nique. Gr\u00e2ce \u00e0 l&rsquo;urinoir Liberpee, nous, les femmes, pouvons surmonter les toilettes sales ! Mais aussi, lorsque qu&rsquo;il n&rsquo;y a pas de WC \u00e0 proximit\u00e9, le Liberpee est votre sauveur.<\/p>\n","protected":false},"featured_media":57001,"comment_status":"closed","ping_status":"closed","template":"","meta":[],"product_brand":[],"product_cat":[206],"product_tag":[],"class_list":{"0":"post-56999","1":"product","2":"type-product","3":"status-publish","4":"has-post-thumbnail","6":"product_cat-liberpee-fr","7":"product_shipping_class-pakketpost-fr","9":"first","10":"instock","11":"taxable","12":"shipping-taxable","13":"purchasable","14":"product-type-simple"},"_links":{"self":[{"href":"https:\/\/liberpee.com\/fr\/wp-json\/wp\/v2\/product\/56999","targetHints":{"allow":["GET"]}}],"collection":[{"href":"https:\/\/liberpee.com\/fr\/wp-json\/wp\/v2\/product"}],"about":[{"href":"https:\/\/liberpee.com\/fr\/wp-json\/wp\/v2\/types\/product"}],"replies":[{"embeddable":true,"href":"https:\/\/liberpee.com\/fr\/wp-json\/wp\/v2\/comments?post=56999"}],"wp:featuredmedia":[{"embeddable":true,"href":"https:\/\/liberpee.com\/fr\/wp-json\/wp\/v2\/media\/57001"}],"wp:attachment":[{"href":"https:\/\/liberpee.com\/fr\/wp-json\/wp\/v2\/media?parent=56999"}],"wp:term":[{"taxonomy":"product_brand","embeddable":true,"href":"https:\/\/liberpee.com\/fr\/wp-json\/wp\/v2\/product_brand?post=56999"},{"taxonomy":"product_cat","embeddable":true,"href":"https:\/\/liberpee.com\/fr\/wp-json\/wp\/v2\/product_cat?post=56999"},{"taxonomy":"product_tag","embeddable":true,"href":"https:\/\/liberpee.com\/fr\/wp-json\/wp\/v2\/product_tag?post=56999"}],"curies":[{"name":"wp","href":"https:\/\/api.w.org\/{rel}","templated":true}]}}