{"id":56992,"date":"2021-07-08T09:38:47","date_gmt":"2021-07-08T07:38:47","guid":{"rendered":"https:\/\/liberpee.com\/product\/liberpee-geel\/"},"modified":"2024-07-01T12:07:12","modified_gmt":"2024-07-01T10:07:12","slug":"liberpee-urinoir-jaune","status":"publish","type":"product","link":"https:\/\/liberpee.com\/fr\/produit\/liberpee-urinoir-jaune\/","title":{"rendered":"Liberpee Urinoir Jaune \u2013 Incl. Sac de Rangement"},"content":{"rendered":"<p>M\u00eame lorsque vous \u00eates en d\u00e9placement et qu&rsquo;il n&rsquo;y a pas de toilettes (propres) \u00e0 proximit\u00e9, cet urinoir jaune est id\u00e9al ! Avec Liberpee, vous pouvez uriner debout de mani\u00e8re discr\u00e8te et hygi\u00e9nique tout en gardant votre pantalon.<\/p>\n<h4>Inclus un sac de rangement gratuit<\/h4>\n<p>Apr\u00e8s utilisation, s\u00e9chez votre Liberpee avec du papier toilette ou rincez-le \u00e0 l&rsquo;eau. Pas d&rsquo;eau ou de papier toilette \u00e0 disposition ? Vous pouvez aussi secouer votre Liberpee pour le s\u00e9cher. Gr\u00e2ce au plastique poly\u00e9thyl\u00e8ne \u00e0 tr\u00e8s haute densit\u00e9, aucune goutte ne reste sur l&#8217;embout apr\u00e8s l&rsquo;avoir secou\u00e9. Donc, vous remettez simplement votre Liberpee dans le sac de rangement \u00e9tanche fourni et il est pr\u00eat pour une nouvelle utilisation !<\/p>\n<p><!-- TrustBox widget - Product Reviews --><\/p>\n<div class=\"trustpilot-widget\" data-locale=\"fr-FR\" data-template-id=\"544a426205dc0a09088833c6\" data-businessunit-id=\"6544b9b064519ebed7df3292\" data-style-height=\"700px\" data-style-width=\"100%\" data-theme=\"light\" data-sku=\"00003\" data-review-languages=\"fr\" data-font-family=\"Poppins\" data-no-reviews=\"hide\" data-fullwidth=\"true\">\n  <a href=\"https:\/\/fr.trustpilot.com\/review\/liberpee.com\" target=\"_blank\" rel=\"noopener\">Trustpilot<\/a>\n<\/div>\n<p><!-- End TrustBox widget --><\/p>\n","protected":false},"excerpt":{"rendered":"<p><!-- TrustBox widget - Product Mini MultiSource --><\/p>\n<div class=\"trustpilot-widget\" data-locale=\"fr-FR\" data-template-id=\"577258fb31f02306e4e3aaf9\" data-businessunit-id=\"6544b9b064519ebed7df3292\" data-style-height=\"24px\" data-style-width=\"100%\" data-theme=\"light\" data-sku=\"00003\" data-font-family=\"Poppins\" data-no-reviews=\"hide\" data-scroll-to-list=\"true\" data-style-alignment=\"left\">\n  <a href=\"https:\/\/fr.trustpilot.com\/review\/liberpee.com\" target=\"_blank\" rel=\"noopener\">Trustpilot<\/a>\n<\/div>\n<p><!-- End TrustBox widget --><br \/>\nAvec cet urinoir jaune, les longues files d&rsquo;attente aux toilettes lors des festivals et des \u00e9v\u00e9nements ne sont plus un probl\u00e8me, car avec Liberpee, les femmes peuvent uriner debout.<\/p>\n","protected":false},"featured_media":56994,"comment_status":"closed","ping_status":"closed","template":"","meta":[],"product_brand":[],"product_cat":[206],"product_tag":[],"class_list":{"0":"post-56992","1":"product","2":"type-product","3":"status-publish","4":"has-post-thumbnail","6":"product_cat-liberpee-fr","7":"product_shipping_class-pakketpost-fr","9":"first","10":"instock","11":"taxable","12":"shipping-taxable","13":"purchasable","14":"product-type-simple"},"_links":{"self":[{"href":"https:\/\/liberpee.com\/fr\/wp-json\/wp\/v2\/product\/56992","targetHints":{"allow":["GET"]}}],"collection":[{"href":"https:\/\/liberpee.com\/fr\/wp-json\/wp\/v2\/product"}],"about":[{"href":"https:\/\/liberpee.com\/fr\/wp-json\/wp\/v2\/types\/product"}],"replies":[{"embeddable":true,"href":"https:\/\/liberpee.com\/fr\/wp-json\/wp\/v2\/comments?post=56992"}],"wp:featuredmedia":[{"embeddable":true,"href":"https:\/\/liberpee.com\/fr\/wp-json\/wp\/v2\/media\/56994"}],"wp:attachment":[{"href":"https:\/\/liberpee.com\/fr\/wp-json\/wp\/v2\/media?parent=56992"}],"wp:term":[{"taxonomy":"product_brand","embeddable":true,"href":"https:\/\/liberpee.com\/fr\/wp-json\/wp\/v2\/product_brand?post=56992"},{"taxonomy":"product_cat","embeddable":true,"href":"https:\/\/liberpee.com\/fr\/wp-json\/wp\/v2\/product_cat?post=56992"},{"taxonomy":"product_tag","embeddable":true,"href":"https:\/\/liberpee.com\/fr\/wp-json\/wp\/v2\/product_tag?post=56992"}],"curies":[{"name":"wp","href":"https:\/\/api.w.org\/{rel}","templated":true}]}}