{"id":56987,"date":"2021-06-22T14:10:34","date_gmt":"2021-06-22T12:10:34","guid":{"rendered":"https:\/\/liberpee.com\/product\/liberpee-urinoir-rose-inclus-sac-de-rangement\/"},"modified":"2024-07-01T11:31:07","modified_gmt":"2024-07-01T09:31:07","slug":"liberpee-urinoir-rose","status":"publish","type":"product","link":"https:\/\/liberpee.com\/fr\/produit\/liberpee-urinoir-rose\/","title":{"rendered":"Liberpee Urinoir Rose \u2013 Inclus Sac de Rangement"},"content":{"rendered":"<p>Mettez le Liberpee dans votre sac ou sac \u00e0 dos, ou placez-le sur le tableau de bord de votre voiture. Ainsi, vous l&rsquo;aurez toujours \u00e0 port\u00e9e de main et vous ne serez plus jamais pris avec une vessie pleine. La goutti\u00e8re urinaire Liberpee a \u00e9t\u00e9 d\u00e9velopp\u00e9e par des femmes, pour des femmes. C&rsquo;est pourquoi cet urinoir est unique, car gr\u00e2ce \u00e0 sa conception anatomique, vous \u00e9vitez les d\u00e9versements et les situations non hygi\u00e9niques.<\/p>\n<h4>Inclus un sac de rangement gratuit<\/h4>\n<p>Apr\u00e8s utilisation, s\u00e9chez l&rsquo;urinoir avec du papier toilette ou rincez-le \u00e0 l&rsquo;eau. Mais vous pouvez \u00e9galement le secouer pour le s\u00e9cher. Apr\u00e8s avoir secou\u00e9, il ne reste aucune goutte sur l&rsquo;urinoir. Donc, vous pouvez le remettre directement dans le sac de rangement fourni gratuitement. Le sac de rangement est r\u00e9sistant \u00e0 l&rsquo;eau et peut \u00eatre lav\u00e9 en machine.<\/p>\n<p><!-- TrustBox widget - Product Reviews --><\/p>\n<div class=\"trustpilot-widget\" data-locale=\"fr-FR\" data-template-id=\"544a426205dc0a09088833c6\" data-businessunit-id=\"6544b9b064519ebed7df3292\" data-style-height=\"700px\" data-style-width=\"100%\" data-theme=\"light\" data-sku=\"00001\" data-review-languages=\"fr\" data-font-family=\"Poppins\" data-no-reviews=\"hide\" data-fullwidth=\"true\">\n  <a href=\"https:\/\/fr.trustpilot.com\/review\/liberpee.com\" target=\"_blank\" rel=\"noopener\">Trustpilot<\/a>\n<\/div>\n<p><!-- End TrustBox widget --><\/p>\n","protected":false},"excerpt":{"rendered":"<p><!-- TrustBox widget - Product Mini MultiSource --><\/p>\n<div class=\"trustpilot-widget\" data-locale=\"fr-FR\" data-template-id=\"577258fb31f02306e4e3aaf9\" data-businessunit-id=\"6544b9b064519ebed7df3292\" data-style-height=\"24px\" data-style-width=\"100%\" data-theme=\"light\" data-sku=\"00001\" data-font-family=\"Poppins\" data-no-reviews=\"hide\" data-scroll-to-list=\"true\" data-style-alignment=\"left\">\n  <a href=\"https:\/\/fr.trustpilot.com\/review\/liberpee.com\" target=\"_blank\" rel=\"noopener\">Trustpilot<\/a>\n<\/div>\n<p><!-- End TrustBox widget -- > \nNous adorons le rose ! C'est pourquoi cet urinoir r\u00e9utilisable rose est notre favori. Il n'est pas seulement fonctionnel, mais il est aussi extr\u00eamement f\u00e9minin. Une longue file d'attente pour les toilettes ? Pas de WC ou seulement un WC sale ? Utilisez alors cet urinoir rose Liberpee pour uriner debout discr\u00e8tement.\n<\/p>\n","protected":false},"featured_media":56988,"comment_status":"closed","ping_status":"closed","template":"","meta":[],"product_brand":[],"product_cat":[206],"product_tag":[],"class_list":{"0":"post-56987","1":"product","2":"type-product","3":"status-publish","4":"has-post-thumbnail","6":"product_cat-liberpee-fr","7":"product_shipping_class-pakketpost-fr","9":"first","10":"instock","11":"taxable","12":"shipping-taxable","13":"purchasable","14":"product-type-simple"},"_links":{"self":[{"href":"https:\/\/liberpee.com\/fr\/wp-json\/wp\/v2\/product\/56987","targetHints":{"allow":["GET"]}}],"collection":[{"href":"https:\/\/liberpee.com\/fr\/wp-json\/wp\/v2\/product"}],"about":[{"href":"https:\/\/liberpee.com\/fr\/wp-json\/wp\/v2\/types\/product"}],"replies":[{"embeddable":true,"href":"https:\/\/liberpee.com\/fr\/wp-json\/wp\/v2\/comments?post=56987"}],"wp:featuredmedia":[{"embeddable":true,"href":"https:\/\/liberpee.com\/fr\/wp-json\/wp\/v2\/media\/56988"}],"wp:attachment":[{"href":"https:\/\/liberpee.com\/fr\/wp-json\/wp\/v2\/media?parent=56987"}],"wp:term":[{"taxonomy":"product_brand","embeddable":true,"href":"https:\/\/liberpee.com\/fr\/wp-json\/wp\/v2\/product_brand?post=56987"},{"taxonomy":"product_cat","embeddable":true,"href":"https:\/\/liberpee.com\/fr\/wp-json\/wp\/v2\/product_cat?post=56987"},{"taxonomy":"product_tag","embeddable":true,"href":"https:\/\/liberpee.com\/fr\/wp-json\/wp\/v2\/product_tag?post=56987"}],"curies":[{"name":"wp","href":"https:\/\/api.w.org\/{rel}","templated":true}]}}