{"id":57400,"date":"2021-06-22T13:20:59","date_gmt":"2021-06-22T13:20:59","guid":{"rendered":"https:\/\/liberpee.com\/privacy-policy\/"},"modified":"2024-04-11T14:30:59","modified_gmt":"2024-04-11T12:30:59","slug":"politique-de-confidentialite","status":"publish","type":"page","link":"https:\/\/liberpee.com\/fr\/politique-de-confidentialite\/","title":{"rendered":"Politique de Confidentialit\u00e9"},"content":{"rendered":"\n\n\n<p>Votre vie priv\u00e9e est tr\u00e8s importante pour nous. Nous nous conformons donc \u00e0 la loi sur la vie priv\u00e9e. Cela signifie que vos donn\u00e9es sont en s\u00e9curit\u00e9 chez nous et que nous les utilisons toujours correctement. Dans cette d\u00e9claration de confidentialit\u00e9, nous expliquons ce que nous faisons avec les informations que nous obtenons \u00e0 votre sujet sur la boutique en ligne www.liberpee.com.<\/p>\n\n\n\n<p>Si vous avez des questions ou souhaitez savoir exactement ce que nous conservons \u00e0 votre sujet, veuillez contacter info@liberpee.com.<\/p>\n\n\n\n<h4 class=\"wp-block-heading\">Donn\u00e9es Personnelles que Nous Traitons<\/h4>\n\n\n\n<p>Liberpee traite vos donn\u00e9es personnelles car vous utilisez nos services et\/ou parce que vous nous les avez fournies. Voici un aper\u00e7u des donn\u00e9es personnelles que nous traitons :<br>\u2013 Pr\u00e9nom et nom de famille<br>\u2013 Adresse postale<br>\u2013 Num\u00e9ro de t\u00e9l\u00e9phone<br>\u2013 Adresse \u00e9lectronique<br>\u2013 Informations sur vos activit\u00e9s sur notre site web<br>\u2013 Num\u00e9ro de compte bancaire<\/p>\n\n\n\n<h4 class=\"wp-block-heading\">Donn\u00e9es Personnelles Sensibles ou Sp\u00e9ciales que Nous Traitons<\/h4>\n\n\n\n<p>Notre site web et\/ou service n&rsquo;a pas l&rsquo;intention de collecter des donn\u00e9es sur les visiteurs du site de moins de 16 ans, sauf s&rsquo;ils ont l&rsquo;autorisation de leurs parents ou tuteur l\u00e9gal. Cependant, nous ne pouvons pas v\u00e9rifier si un visiteur a plus de 16 ans. Nous conseillons donc aux parents d&rsquo;\u00eatre impliqu\u00e9s dans les activit\u00e9s en ligne de leurs enfants, afin d&rsquo;\u00e9viter la collecte de donn\u00e9es sur les enfants sans le consentement des parents. Si vous \u00eates convaincu que nous avons collect\u00e9 des informations personnelles sur un mineur sans ce consentement, veuillez nous contacter \u00e0 info@liberpee.com, et nous supprimerons ces informations.<\/p>\n\n\n\n<h4 class=\"wp-block-heading\">Dans Quel But et sur Quelle Base Nous Traitons les Donn\u00e9es Personnelles<\/h4>\n\n\n\n<p>Liberpee traite vos donn\u00e9es personnelles aux fins suivantes :<\/p>\n\n\n\n<ul class=\"wp-block-list\">\n<li>Traiter votre paiement<\/li>\n\n\n\n<li>Envoyer notre newsletter et\/ou brochure publicitaire<\/li>\n\n\n\n<li>Vous contacter par t\u00e9l\u00e9phone ou par e-mail si cela est n\u00e9cessaire pour fournir nos services<\/li>\n\n\n\n<li>Vous informer des modifications de nos services et produits<\/li>\n\n\n\n<li>Livrer des biens et services \u00e0 votre domicile<\/li>\n\n\n\n<li>Liberpee traite \u00e9galement des donn\u00e9es personnelles lorsque la loi nous y oblige, comme les informations n\u00e9cessaires \u00e0 notre d\u00e9claration fiscale.<\/li>\n<\/ul>\n\n\n\n<h4 class=\"wp-block-heading\">D\u00e9cision Automatis\u00e9e<\/h4>\n\n\n\n<p>Liberpee ne prend pas de d\u00e9cisions bas\u00e9es sur un traitement automatis\u00e9 sur des sujets pouvant avoir des cons\u00e9quences (importantes) pour les personnes. Il s&rsquo;agit de d\u00e9cisions prises par des programmes informatiques ou des syst\u00e8mes sans intervention humaine (par exemple, un employ\u00e9 de Liberpee). Liberpee utilise les programmes informatiques ou syst\u00e8mes suivants :<\/p>\n\n\n\n<p>Mollie \u2013 syst\u00e8me de paiement de la boutique en ligne<br>Sendcloud \u2013 syst\u00e8me d&rsquo;exp\u00e9dition de la boutique en ligne<br>Google Analytics \u2013 analyse des visiteurs sur la boutique en ligne Liberpee<br>G-Suite \u2013 envoi d&rsquo;e-mails<br>Mailchimp \u2013 envoi de newsletters et de mises \u00e0 jour sur Liberpee et ses produits.<\/p>\n\n\n\n<h4 class=\"wp-block-heading\">Dur\u00e9e de Conservation des Donn\u00e9es Personnelles<\/h4>\n\n\n\n<p>Liberpee ne conserve pas vos donn\u00e9es personnelles plus longtemps que strictement n\u00e9cessaire pour r\u00e9aliser les objectifs pour lesquels vos donn\u00e9es sont collect\u00e9es.<\/p>\n\n\n\n<h4 class=\"wp-block-heading\">Partage de Donn\u00e9es Personnelles avec des Tiers<\/h4>\n\n\n\n<p>Liberpee ne vend pas vos donn\u00e9es \u00e0 des tiers et ne les fournit que si cela est n\u00e9cessaire pour l&rsquo;ex\u00e9cution de notre contrat avec vous ou pour se conformer \u00e0 une obligation l\u00e9gale. Avec les entreprises qui traitent vos donn\u00e9es en notre nom, nous concluons un accord de traitement pour assurer le m\u00eame niveau de s\u00e9curit\u00e9 et de confidentialit\u00e9 de vos donn\u00e9es. Liberpee reste responsable de ces traitements.<\/p>\n\n\n\n<h4 class=\"wp-block-heading\">Cookies ou Techniques Similaires que Nous Utilisons<\/h4>\n\n\n\n<p>Liberpee utilise uniquement des cookies techniques et fonctionnels, ainsi que des cookies analytiques qui ne portent pas atteinte \u00e0 votre vie priv\u00e9e. Un cookie est un petit fichier texte qui est enregistr\u00e9 sur votre ordinateur, tablette ou smartphone lors de votre premi\u00e8re visite sur ce site web. Les cookies que nous utilisons sont n\u00e9cessaires au fonctionnement technique du site web et \u00e0 votre confort d&rsquo;utilisation. Ils assurent le bon fonctionnement du site et m\u00e9morisent, par exemple, vos param\u00e8tres pr\u00e9f\u00e9r\u00e9s. Ils nous permettent \u00e9galement d&rsquo;optimiser notre site web. Vous pouvez vous d\u00e9sinscrire des cookies en configurant votre navigateur Internet pour qu&rsquo;il ne stocke plus de cookies. De plus, vous pouvez \u00e9galement supprimer toutes les informations pr\u00e9c\u00e9demment enregistr\u00e9es via les param\u00e8tres de votre navigateur.<\/p>\n\n\n\n<h4 class=\"wp-block-heading\">Acc\u00e8s, Modification ou Suppression des Donn\u00e9es<\/h4>\n\n\n\n<p>Vous avez le droit de consulter, corriger ou supprimer vos donn\u00e9es personnelles. Vous avez \u00e9galement le droit de retirer votre consentement au traitement des donn\u00e9es ou de vous opposer au traitement de vos donn\u00e9es personnelles par Liberpee, et vous avez le droit \u00e0 la portabilit\u00e9 des donn\u00e9es. Cela signifie que vous pouvez nous soumettre une demande pour envoyer les donn\u00e9es personnelles que nous avons de vous dans un fichier informatique \u00e0 vous ou \u00e0 une autre organisation que vous avez nomm\u00e9e. Vous pouvez envoyer une demande d&rsquo;acc\u00e8s, de correction, de suppression, de transfert de vos donn\u00e9es personnelles ou de retrait de votre consentement ou d&rsquo;opposition au traitement de vos donn\u00e9es personnelles \u00e0 info@liberpee.com. Pour nous assurer que la demande d&rsquo;acc\u00e8s a \u00e9t\u00e9 faite par vous, nous vous demandons d&rsquo;envoyer une copie de votre pi\u00e8ce d&rsquo;identit\u00e9 avec la demande. Dans cette copie, veuillez noircir votre photo, la zone MRZ (zone de lecture optique, la bande avec des num\u00e9<br>ros en bas du passeport), le num\u00e9ro de passeport et le num\u00e9ro de service citoyen (BSN). Cela pour prot\u00e9ger votre vie priv\u00e9e. Nous r\u00e9pondrons \u00e0 votre demande le plus rapidement possible, mais dans un d\u00e9lai de quatre semaines.<br>Liberpee souhaite \u00e9galement vous informer que vous avez la possibilit\u00e9 de d\u00e9poser une plainte aupr\u00e8s de l&rsquo;autorit\u00e9 nationale de surveillance, l&rsquo;Autorit\u00e9 de Protection des Donn\u00e9es Personnelles. Vous pouvez le faire via le lien suivant : https:\/\/autoriteitpersoonsgegevens.nl\/nl\/contact-met-de-autoriteit-persoonsgegevens\/tip-ons.<\/p>\n\n\n\n<h4 class=\"wp-block-heading\">Comment Nous S\u00e9curisons les Donn\u00e9es Personnelles<\/h4>\n\n\n\n<p>Liberpee prend la protection de vos donn\u00e9es au s\u00e9rieux et met en \u0153uvre des mesures appropri\u00e9es pour pr\u00e9venir l&rsquo;abus, la perte, l&rsquo;acc\u00e8s non autoris\u00e9, la divulgation ind\u00e9sirable et la modification non autoris\u00e9e. Si vous avez l&rsquo;impression que vos donn\u00e9es ne sont pas correctement s\u00e9curis\u00e9es ou s&rsquo;il y a des indications d&rsquo;abus, veuillez contacter Liberpee \u00e0 info@liberpee.com.<\/p>\n\n\n\n<p><strong>Coordonn\u00e9es de Contact<\/strong><br>TDW Import B.V.<br>Linie 1<br>5405 AR Uden<br>info@liberpee.com<br>0413 256968<\/p>\n","protected":false},"excerpt":{"rendered":"<p>Votre vie priv\u00e9e est tr\u00e8s importante pour nous. Nous nous conformons donc \u00e0 la loi sur la vie priv\u00e9e. Cela signifie que vos donn\u00e9es sont en s\u00e9curit\u00e9 chez nous et que nous les utilisons toujours correctement. Dans cette d\u00e9claration de confidentialit\u00e9, nous expliquons ce que nous faisons avec les informations que nous obtenons \u00e0 votre [&hellip;]<\/p>\n","protected":false},"author":8153,"featured_media":0,"parent":0,"menu_order":0,"comment_status":"closed","ping_status":"open","template":"","meta":{"footnotes":""},"class_list":["post-57400","page","type-page","status-publish","hentry"],"_links":{"self":[{"href":"https:\/\/liberpee.com\/fr\/wp-json\/wp\/v2\/pages\/57400","targetHints":{"allow":["GET"]}}],"collection":[{"href":"https:\/\/liberpee.com\/fr\/wp-json\/wp\/v2\/pages"}],"about":[{"href":"https:\/\/liberpee.com\/fr\/wp-json\/wp\/v2\/types\/page"}],"author":[{"embeddable":true,"href":"https:\/\/liberpee.com\/fr\/wp-json\/wp\/v2\/users\/8153"}],"replies":[{"embeddable":true,"href":"https:\/\/liberpee.com\/fr\/wp-json\/wp\/v2\/comments?post=57400"}],"version-history":[{"count":2,"href":"https:\/\/liberpee.com\/fr\/wp-json\/wp\/v2\/pages\/57400\/revisions"}],"predecessor-version":[{"id":57405,"href":"https:\/\/liberpee.com\/fr\/wp-json\/wp\/v2\/pages\/57400\/revisions\/57405"}],"wp:attachment":[{"href":"https:\/\/liberpee.com\/fr\/wp-json\/wp\/v2\/media?parent=57400"}],"curies":[{"name":"wp","href":"https:\/\/api.w.org\/{rel}","templated":true}]}}