{"id":57380,"date":"2021-06-10T14:33:29","date_gmt":"2021-06-10T14:33:29","guid":{"rendered":"https:\/\/liberpee.com\/ons-verhaal\/"},"modified":"2024-09-09T17:27:06","modified_gmt":"2024-09-09T15:27:06","slug":"notre-histoire","status":"publish","type":"page","link":"https:\/\/liberpee.com\/fr\/notre-histoire\/","title":{"rendered":"Notre histoire"},"content":{"rendered":"\t\t<div data-elementor-type=\"wp-page\" data-elementor-id=\"57380\" class=\"elementor elementor-57380 elementor-424\" data-elementor-post-type=\"page\">\n\t\t\t\t\t\t<section class=\"elementor-section elementor-top-section elementor-element elementor-element-d352c51 elementor-section-boxed elementor-section-height-default elementor-section-height-default\" data-id=\"d352c51\" data-element_type=\"section\">\n\t\t\t\t\t\t<div class=\"elementor-container elementor-column-gap-default\">\n\t\t\t\t\t<div class=\"elementor-column elementor-col-100 elementor-top-column elementor-element elementor-element-71ca2a9\" data-id=\"71ca2a9\" data-element_type=\"column\">\n\t\t\t<div class=\"elementor-widget-wrap elementor-element-populated\">\n\t\t\t\t\t\t<div class=\"elementor-element elementor-element-2aca411 no-lazy elementor-widget elementor-widget-image\" data-id=\"2aca411\" data-element_type=\"widget\" data-widget_type=\"image.default\">\n\t\t\t\t<div class=\"elementor-widget-container\">\n\t\t\t\t\t\t\t\t\t\t\t\t\t\t\t<img fetchpriority=\"high\" decoding=\"async\" width=\"900\" height=\"599\" src=\"https:\/\/liberpee.com\/wp-content\/uploads\/2023\/04\/VivianneSanderse-lila3-Liberpee-1024x682.jpg\" class=\"attachment-large size-large wp-image-27814\" alt=\"\" srcset=\"https:\/\/liberpee.com\/wp-content\/uploads\/2023\/04\/VivianneSanderse-lila3-Liberpee-1024x682.jpg 1024w, https:\/\/liberpee.com\/wp-content\/uploads\/2023\/04\/VivianneSanderse-lila3-Liberpee-scaled-920x613.jpg 920w, https:\/\/liberpee.com\/wp-content\/uploads\/2023\/04\/VivianneSanderse-lila3-Liberpee-300x200.jpg 300w, https:\/\/liberpee.com\/wp-content\/uploads\/2023\/04\/VivianneSanderse-lila3-Liberpee-768x512.jpg 768w, https:\/\/liberpee.com\/wp-content\/uploads\/2023\/04\/VivianneSanderse-lila3-Liberpee-1536x1024.jpg 1536w, https:\/\/liberpee.com\/wp-content\/uploads\/2023\/04\/VivianneSanderse-lila3-Liberpee-scaled.jpg 2048w\" sizes=\"(max-width: 900px) 100vw, 900px\" \/>\t\t\t\t\t\t\t\t\t\t\t\t\t\t\t<\/div>\n\t\t\t\t<\/div>\n\t\t\t\t\t<\/div>\n\t\t<\/div>\n\t\t\t\t\t<\/div>\n\t\t<\/section>\n\t\t\t\t<section class=\"elementor-section elementor-top-section elementor-element elementor-element-202c643 elementor-section-boxed elementor-section-height-default elementor-section-height-default\" data-id=\"202c643\" data-element_type=\"section\">\n\t\t\t\t\t\t<div class=\"elementor-container elementor-column-gap-default\">\n\t\t\t\t\t<div class=\"elementor-column elementor-col-100 elementor-top-column elementor-element elementor-element-a6b4a23\" data-id=\"a6b4a23\" data-element_type=\"column\">\n\t\t\t<div class=\"elementor-widget-wrap elementor-element-populated\">\n\t\t\t\t\t\t<div class=\"elementor-element elementor-element-d97950b elementor-widget elementor-widget-text-editor\" data-id=\"d97950b\" data-element_type=\"widget\" data-widget_type=\"text-editor.default\">\n\t\t\t\t<div class=\"elementor-widget-container\">\n\t\t\t\t\t\t\t\t\t<h2>Hola chicas!<\/h2><p>Nous, Yesenia et Gabri\u00ebla, m\u00e8re et fille, avons une mission ! Nous voulons que l&rsquo;urination debout pour les femmes devienne aussi normale que pour les hommes. Uriner debout est en fait tr\u00e8s pratique pour les femmes. Gr\u00e2ce au Liberpee, vous pouvez uriner partout et \u00e0 tout moment, m\u00eame lorsqu&rsquo;il n&rsquo;y a pas de toilettes (propres) \u00e0 proximit\u00e9. Cela permet d&rsquo;\u00e9viter les urgences et les probl\u00e8mes de vessie.<\/p><h4>Urgences et probl\u00e8mes de vessie<\/h4><p class=\"MsoNormal\">Il y a quelques ann\u00e9es, Yesenia a commenc\u00e9 avec Liberpee, apr\u00e8s une longue recherche d&rsquo;un urinoir portable pratique et hygi\u00e9nique, une goulotte \u00e0 uriner, un entonnoir \u00e0 uriner ou du moins quelque chose qui permettrait \u00e0 sa fille d&rsquo;uriner facilement debout.<\/p>\t\t\t\t\t\t\t\t<\/div>\n\t\t\t\t<\/div>\n\t\t\t\t<section class=\"elementor-section elementor-inner-section elementor-element elementor-element-7691020 elementor-section-boxed elementor-section-height-default elementor-section-height-default\" data-id=\"7691020\" data-element_type=\"section\">\n\t\t\t\t\t\t<div class=\"elementor-container elementor-column-gap-default\">\n\t\t\t\t\t<div class=\"elementor-column elementor-col-50 elementor-inner-column elementor-element elementor-element-bcc1633\" data-id=\"bcc1633\" data-element_type=\"column\">\n\t\t\t<div class=\"elementor-widget-wrap elementor-element-populated\">\n\t\t\t\t\t\t<div class=\"elementor-element elementor-element-a6e6ee8 elementor-widget elementor-widget-image\" data-id=\"a6e6ee8\" data-element_type=\"widget\" data-widget_type=\"image.default\">\n\t\t\t\t<div class=\"elementor-widget-container\">\n\t\t\t\t\t\t\t\t\t\t\t\t\t\t\t<img decoding=\"async\" width=\"136\" height=\"113\" src=\"https:\/\/liberpee.com\/wp-content\/uploads\/2021\/10\/Quote.png\" class=\"attachment-thumbnail size-thumbnail wp-image-3696\" alt=\"\" \/>\t\t\t\t\t\t\t\t\t\t\t\t\t\t\t<\/div>\n\t\t\t\t<\/div>\n\t\t\t\t\t<\/div>\n\t\t<\/div>\n\t\t\t\t<div class=\"elementor-column elementor-col-50 elementor-inner-column elementor-element elementor-element-23c0041\" data-id=\"23c0041\" data-element_type=\"column\">\n\t\t\t<div class=\"elementor-widget-wrap elementor-element-populated\">\n\t\t\t\t\t\t<div class=\"elementor-element elementor-element-3a407ce elementor-widget elementor-widget-text-editor\" data-id=\"3a407ce\" data-element_type=\"widget\" data-widget_type=\"text-editor.default\">\n\t\t\t\t<div class=\"elementor-widget-container\">\n\t\t\t\t\t\t\t\t\t<h3>Uriner avec LIBERPEE est amusant !<\/h3><p>\u00a0Gabri\u00ebla &#8211; 7 ans<\/p>\t\t\t\t\t\t\t\t<\/div>\n\t\t\t\t<\/div>\n\t\t\t\t\t<\/div>\n\t\t<\/div>\n\t\t\t\t\t<\/div>\n\t\t<\/section>\n\t\t\t\t<div class=\"elementor-element elementor-element-5178cd8 elementor-widget elementor-widget-text-editor\" data-id=\"5178cd8\" data-element_type=\"widget\" data-widget_type=\"text-editor.default\">\n\t\t\t\t<div class=\"elementor-widget-container\">\n\t\t\t\t\t\t\t\t\t<p>\u201cL&rsquo;\u00e9cole de ma fille Gabri\u00ebla a br\u00fbl\u00e9 et, en solution temporaire, deux \u00e9coles ont \u00e9t\u00e9 fusionn\u00e9es dans un b\u00e2timent d&rsquo;urgence. Avec autant d&rsquo;enfants dans un seul b\u00e2timent, les toilettes \u00e9taient loin d&rsquo;\u00eatre propres. En cons\u00e9quence, Gabri\u00ebla ne voulait pas utiliser les toilettes l\u00e0-bas et retenait son urine toute la journ\u00e9e jusqu&rsquo;\u00e0 ce qu&rsquo;elle rentre \u00e0 la maison. Lorsqu&rsquo;elle a eu une infection urinaire pour la troisi\u00e8me fois \u00e0 cause de cela, j&rsquo;en ai eu assez. Il doit y avoir quelque chose qui permet aux filles et aux femmes d&rsquo;uriner debout !\u201d<\/p><p>\u201cNous avons essay\u00e9 toutes sortes de choses. Un urinoir portable en papier, mais il faisait mal et ne pouvait \u00eatre utilis\u00e9 qu&rsquo;une seule fois. Et les urinoir portables en silicone avec un tube \u00e9taient difficiles \u00e0 nettoyer, ne s&rsquo;adaptaient pas toujours bien et il fallait quand m\u00eame baisser son pantalon. C&rsquo;est pourquoi Yesenia a commenc\u00e9 avec Liberpee. Gabri\u00ebla a \u00e9t\u00e9 imm\u00e9diatement convaincue ! \u201cUriner avec Liberpee est amusant !\u201d, a-t-elle dit joyeusement. Depuis, elle emporte son Liberpee partout : \u00e0 l&rsquo;\u00e9cole, en vacances, lors des excursions scolaires, \u00e0 la marche de quatre soirs ; elle peut tout oublier, mais son Liberpee l&rsquo;accompagne toujours !<\/p>\t\t\t\t\t\t\t\t<\/div>\n\t\t\t\t<\/div>\n\t\t\t\t<section class=\"elementor-section elementor-inner-section elementor-element elementor-element-fe2e0c5 elementor-section-boxed elementor-section-height-default elementor-section-height-default\" data-id=\"fe2e0c5\" data-element_type=\"section\">\n\t\t\t\t\t\t<div class=\"elementor-container elementor-column-gap-default\">\n\t\t\t\t\t<div class=\"elementor-column elementor-col-50 elementor-inner-column elementor-element elementor-element-318e26f\" data-id=\"318e26f\" data-element_type=\"column\">\n\t\t\t<div class=\"elementor-widget-wrap elementor-element-populated\">\n\t\t\t\t\t\t<div class=\"elementor-element elementor-element-2cda731 elementor-widget elementor-widget-image\" data-id=\"2cda731\" data-element_type=\"widget\" data-widget_type=\"image.default\">\n\t\t\t\t<div class=\"elementor-widget-container\">\n\t\t\t\t\t\t\t\t\t\t\t\t\t\t\t<img decoding=\"async\" width=\"136\" height=\"113\" src=\"https:\/\/liberpee.com\/wp-content\/uploads\/2021\/10\/Quote.png\" class=\"attachment-large size-large wp-image-3696\" alt=\"\" \/>\t\t\t\t\t\t\t\t\t\t\t\t\t\t\t<\/div>\n\t\t\t\t<\/div>\n\t\t\t\t\t<\/div>\n\t\t<\/div>\n\t\t\t\t<div class=\"elementor-column elementor-col-50 elementor-inner-column elementor-element elementor-element-302871f\" data-id=\"302871f\" data-element_type=\"column\">\n\t\t\t<div class=\"elementor-widget-wrap elementor-element-populated\">\n\t\t\t\t\t\t<div class=\"elementor-element elementor-element-b0e66c1 elementor-widget elementor-widget-text-editor\" data-id=\"b0e66c1\" data-element_type=\"widget\" data-widget_type=\"text-editor.default\">\n\t\t\t\t<div class=\"elementor-widget-container\">\n\t\t\t\t\t\t\t\t\t<h3>LIBERPEE est votre sauveur en cas de besoin !<\/h3>\t\t\t\t\t\t\t\t<\/div>\n\t\t\t\t<\/div>\n\t\t\t\t\t<\/div>\n\t\t<\/div>\n\t\t\t\t\t<\/div>\n\t\t<\/section>\n\t\t\t\t<section class=\"elementor-section elementor-inner-section elementor-element elementor-element-a03b38b elementor-section-boxed elementor-section-height-default elementor-section-height-default\" data-id=\"a03b38b\" data-element_type=\"section\">\n\t\t\t\t\t\t<div class=\"elementor-container elementor-column-gap-default\">\n\t\t\t\t\t<div class=\"elementor-column elementor-col-100 elementor-inner-column elementor-element elementor-element-53f2549\" data-id=\"53f2549\" data-element_type=\"column\">\n\t\t\t<div class=\"elementor-widget-wrap elementor-element-populated\">\n\t\t\t\t\t\t<div class=\"elementor-element elementor-element-ce4928a elementor-widget elementor-widget-text-editor\" data-id=\"ce4928a\" data-element_type=\"widget\" data-widget_type=\"text-editor.default\">\n\t\t\t\t<div class=\"elementor-widget-container\">\n\t\t\t\t\t\t\t\t\t<p>Notre mission est de briser le tabou autour de l&rsquo;urination. Apr\u00e8s tout, nous le faisons tous quotidiennement ! Et nous voulons nous assurer que les femmes puissent \u00e9galement uriner debout facilement et discr\u00e8tement en cas de besoin.<\/p><h5>Amiga, ne laisse rien t&rsquo;arr\u00eater !<\/h5><p>Avec amour,<\/p>\t\t\t\t\t\t\t\t<\/div>\n\t\t\t\t<\/div>\n\t\t\t\t<div class=\"elementor-element elementor-element-5072d0a elementor-widget elementor-widget-image\" data-id=\"5072d0a\" data-element_type=\"widget\" data-widget_type=\"image.default\">\n\t\t\t\t<div class=\"elementor-widget-container\">\n\t\t\t\t\t\t\t\t\t\t\t\t\t\t\t<img loading=\"lazy\" decoding=\"async\" width=\"300\" height=\"105\" src=\"https:\/\/liberpee.com\/wp-content\/uploads\/2021\/06\/Yesenia-Gabriela-300x105-1.png\" class=\"attachment-large size-large wp-image-3075\" alt=\"\" \/>\t\t\t\t\t\t\t\t\t\t\t\t\t\t\t<\/div>\n\t\t\t\t<\/div>\n\t\t\t\t<div class=\"elementor-element elementor-element-4bf60d0 elementor-widget elementor-widget-text-editor\" data-id=\"4bf60d0\" data-element_type=\"widget\" data-widget_type=\"text-editor.default\">\n\t\t\t\t<div class=\"elementor-widget-container\">\n\t\t\t\t\t\t\t\t\t<h4>LIBERPEE \u2013 pour les femmes, par des femmes<\/h4>\t\t\t\t\t\t\t\t<\/div>\n\t\t\t\t<\/div>\n\t\t\t\t\t<\/div>\n\t\t<\/div>\n\t\t\t\t\t<\/div>\n\t\t<\/section>\n\t\t\t\t\t<\/div>\n\t\t<\/div>\n\t\t\t\t\t<\/div>\n\t\t<\/section>\n\t\t\t\t<\/div>\n\t\t","protected":false},"excerpt":{"rendered":"<p>Hola chicas! Nous, Yesenia et Gabri\u00ebla, m\u00e8re et fille, avons une mission ! Nous voulons que l&rsquo;urination debout pour les femmes devienne aussi normale que pour les hommes. Uriner debout est en fait tr\u00e8s pratique pour les femmes. Gr\u00e2ce au Liberpee, vous pouvez uriner partout et \u00e0 tout moment, m\u00eame lorsqu&rsquo;il n&rsquo;y a pas de [&hellip;]<\/p>\n","protected":false},"author":8153,"featured_media":0,"parent":0,"menu_order":0,"comment_status":"closed","ping_status":"closed","template":"page-full-width.php","meta":{"footnotes":""},"class_list":["post-57380","page","type-page","status-publish","hentry"],"_links":{"self":[{"href":"https:\/\/liberpee.com\/fr\/wp-json\/wp\/v2\/pages\/57380","targetHints":{"allow":["GET"]}}],"collection":[{"href":"https:\/\/liberpee.com\/fr\/wp-json\/wp\/v2\/pages"}],"about":[{"href":"https:\/\/liberpee.com\/fr\/wp-json\/wp\/v2\/types\/page"}],"author":[{"embeddable":true,"href":"https:\/\/liberpee.com\/fr\/wp-json\/wp\/v2\/users\/8153"}],"replies":[{"embeddable":true,"href":"https:\/\/liberpee.com\/fr\/wp-json\/wp\/v2\/comments?post=57380"}],"version-history":[{"count":7,"href":"https:\/\/liberpee.com\/fr\/wp-json\/wp\/v2\/pages\/57380\/revisions"}],"predecessor-version":[{"id":79196,"href":"https:\/\/liberpee.com\/fr\/wp-json\/wp\/v2\/pages\/57380\/revisions\/79196"}],"wp:attachment":[{"href":"https:\/\/liberpee.com\/fr\/wp-json\/wp\/v2\/media?parent=57380"}],"curies":[{"name":"wp","href":"https:\/\/api.w.org\/{rel}","templated":true}]}}