{"id":57370,"date":"2021-06-10T14:44:03","date_gmt":"2021-06-10T14:44:03","guid":{"rendered":"https:\/\/liberpee.com\/klantenservice\/"},"modified":"2024-04-11T14:16:40","modified_gmt":"2024-04-11T12:16:40","slug":"service-client","status":"publish","type":"page","link":"https:\/\/liberpee.com\/fr\/service-client\/","title":{"rendered":"Service client"},"content":{"rendered":"\t\t<div data-elementor-type=\"wp-page\" data-elementor-id=\"57370\" class=\"elementor elementor-57370 elementor-433\" data-elementor-post-type=\"page\">\n\t\t\t\t\t\t<section class=\"elementor-section elementor-top-section elementor-element elementor-element-18eeccb elementor-section-full_width elementor-section-stretched elementor-section-height-default elementor-section-height-default\" data-id=\"18eeccb\" data-element_type=\"section\" data-settings=\"{&quot;stretch_section&quot;:&quot;section-stretched&quot;,&quot;background_background&quot;:&quot;classic&quot;}\">\n\t\t\t\t\t\t<div class=\"elementor-container elementor-column-gap-default\">\n\t\t\t\t\t<div class=\"elementor-column elementor-col-100 elementor-top-column elementor-element elementor-element-98ee0f1\" data-id=\"98ee0f1\" data-element_type=\"column\">\n\t\t\t<div class=\"elementor-widget-wrap elementor-element-populated\">\n\t\t\t\t\t\t<div class=\"elementor-element elementor-element-f9acf8b elementor-widget elementor-widget-heading\" data-id=\"f9acf8b\" data-element_type=\"widget\" data-widget_type=\"heading.default\">\n\t\t\t\t<div class=\"elementor-widget-container\">\n\t\t\t\t\t<h2 class=\"elementor-heading-title elementor-size-default\">Liberpee est votre sauveur en cas de besoin<\/h2>\t\t\t\t<\/div>\n\t\t\t\t<\/div>\n\t\t\t\t<div class=\"elementor-element elementor-element-0c55688 elementor-widget elementor-widget-heading\" data-id=\"0c55688\" data-element_type=\"widget\" data-widget_type=\"heading.default\">\n\t\t\t\t<div class=\"elementor-widget-container\">\n\t\t\t\t\t<p class=\"elementor-heading-title elementor-size-default\">Service client<\/p>\t\t\t\t<\/div>\n\t\t\t\t<\/div>\n\t\t\t\t\t<\/div>\n\t\t<\/div>\n\t\t\t\t\t<\/div>\n\t\t<\/section>\n\t\t\t\t<section class=\"elementor-section elementor-top-section elementor-element elementor-element-54fddec elementor-section-boxed elementor-section-height-default elementor-section-height-default\" data-id=\"54fddec\" data-element_type=\"section\">\n\t\t\t\t\t\t<div class=\"elementor-container elementor-column-gap-default\">\n\t\t\t\t\t<div class=\"elementor-column elementor-col-100 elementor-top-column elementor-element elementor-element-fdfbff5\" data-id=\"fdfbff5\" data-element_type=\"column\">\n\t\t\t<div class=\"elementor-widget-wrap elementor-element-populated\">\n\t\t\t\t\t\t<section class=\"elementor-section elementor-inner-section elementor-element elementor-element-d73d78c elementor-section-boxed elementor-section-height-default elementor-section-height-default\" data-id=\"d73d78c\" data-element_type=\"section\">\n\t\t\t\t\t\t<div class=\"elementor-container elementor-column-gap-default\">\n\t\t\t\t\t<div class=\"elementor-column elementor-col-33 elementor-inner-column elementor-element elementor-element-037e7d5\" data-id=\"037e7d5\" data-element_type=\"column\">\n\t\t\t<div class=\"elementor-widget-wrap\">\n\t\t\t\t\t\t\t<\/div>\n\t\t<\/div>\n\t\t\t\t<div class=\"elementor-column elementor-col-33 elementor-inner-column elementor-element elementor-element-0ff50e4\" data-id=\"0ff50e4\" data-element_type=\"column\">\n\t\t\t<div class=\"elementor-widget-wrap elementor-element-populated\">\n\t\t\t\t\t\t<div class=\"elementor-element elementor-element-3e4959a elementor-widget elementor-widget-heading\" data-id=\"3e4959a\" data-element_type=\"widget\" data-widget_type=\"heading.default\">\n\t\t\t\t<div class=\"elementor-widget-container\">\n\t\t\t\t\t<h3 class=\"elementor-heading-title elementor-size-default\">Paiement<\/h3>\t\t\t\t<\/div>\n\t\t\t\t<\/div>\n\t\t\t\t<div class=\"elementor-element elementor-element-b796032 elementor-widget elementor-widget-text-editor\" data-id=\"b796032\" data-element_type=\"widget\" data-widget_type=\"text-editor.default\">\n\t\t\t\t<div class=\"elementor-widget-container\">\n\t\t\t\t\t\t\t\t\t<p>Chez Liberpee, vous pouvez toujours payer en toute s\u00e9curit\u00e9 avec, entre autres, iDEAL, PayPal, SOFORT Banking, EPS, Giropay et Bancontact.<\/p>\t\t\t\t\t\t\t\t<\/div>\n\t\t\t\t<\/div>\n\t\t\t\t<div class=\"elementor-element elementor-element-15b86ad elementor-widget elementor-widget-image\" data-id=\"15b86ad\" data-element_type=\"widget\" data-widget_type=\"image.default\">\n\t\t\t\t<div class=\"elementor-widget-container\">\n\t\t\t\t\t\t\t\t\t\t\t\t\t\t\t<img fetchpriority=\"high\" decoding=\"async\" width=\"881\" height=\"132\" src=\"https:\/\/liberpee.com\/wp-content\/uploads\/2021\/10\/UIXI-payment@1.5x.png\" class=\"attachment-large size-large wp-image-57375\" alt=\"\" srcset=\"https:\/\/liberpee.com\/wp-content\/uploads\/2021\/10\/UIXI-payment@1.5x.png 881w, https:\/\/liberpee.com\/wp-content\/uploads\/2021\/10\/UIXI-payment@1.5x-300x45.png 300w, https:\/\/liberpee.com\/wp-content\/uploads\/2021\/10\/UIXI-payment@1.5x-768x115.png 768w\" sizes=\"(max-width: 881px) 100vw, 881px\" \/>\t\t\t\t\t\t\t\t\t\t\t\t\t\t\t<\/div>\n\t\t\t\t<\/div>\n\t\t\t\t\t<\/div>\n\t\t<\/div>\n\t\t\t\t<div class=\"elementor-column elementor-col-33 elementor-inner-column elementor-element elementor-element-2215a6e\" data-id=\"2215a6e\" data-element_type=\"column\">\n\t\t\t<div class=\"elementor-widget-wrap\">\n\t\t\t\t\t\t\t<\/div>\n\t\t<\/div>\n\t\t\t\t\t<\/div>\n\t\t<\/section>\n\t\t\t\t<div class=\"elementor-element elementor-element-85609e5 elementor-widget-divider--view-line elementor-widget elementor-widget-divider\" data-id=\"85609e5\" data-element_type=\"widget\" data-widget_type=\"divider.default\">\n\t\t\t\t<div class=\"elementor-widget-container\">\n\t\t\t\t\t\t\t<div class=\"elementor-divider\">\n\t\t\t<span class=\"elementor-divider-separator\">\n\t\t\t\t\t\t<\/span>\n\t\t<\/div>\n\t\t\t\t\t\t<\/div>\n\t\t\t\t<\/div>\n\t\t\t\t<section class=\"elementor-section elementor-inner-section elementor-element elementor-element-dce914d elementor-section-boxed elementor-section-height-default elementor-section-height-default\" data-id=\"dce914d\" data-element_type=\"section\">\n\t\t\t\t\t\t<div class=\"elementor-container elementor-column-gap-default\">\n\t\t\t\t\t<div class=\"elementor-column elementor-col-33 elementor-inner-column elementor-element elementor-element-bd7e65a\" data-id=\"bd7e65a\" data-element_type=\"column\">\n\t\t\t<div class=\"elementor-widget-wrap\">\n\t\t\t\t\t\t\t<\/div>\n\t\t<\/div>\n\t\t\t\t<div class=\"elementor-column elementor-col-33 elementor-inner-column elementor-element elementor-element-4201a64\" data-id=\"4201a64\" data-element_type=\"column\">\n\t\t\t<div class=\"elementor-widget-wrap elementor-element-populated\">\n\t\t\t\t\t\t<div class=\"elementor-element elementor-element-9aca0ac elementor-widget elementor-widget-heading\" data-id=\"9aca0ac\" data-element_type=\"widget\" data-widget_type=\"heading.default\">\n\t\t\t\t<div class=\"elementor-widget-container\">\n\t\t\t\t\t<h3 class=\"elementor-heading-title elementor-size-default\">Exp\u00e9dition<\/h3>\t\t\t\t<\/div>\n\t\t\t\t<\/div>\n\t\t\t\t<div class=\"elementor-element elementor-element-588ea30 elementor-widget elementor-widget-text-editor\" data-id=\"588ea30\" data-element_type=\"widget\" data-widget_type=\"text-editor.default\">\n\t\t\t\t<div class=\"elementor-widget-container\">\n\t\t\t\t\t\t\t\t\t<p>Nous faisons de notre mieux pour que votre commande soit livr\u00e9e le plus rapidement possible. Le d\u00e9lai de livraison est g\u00e9n\u00e9ralement de deux \u00e0 cinq jours ouvrables. Les frais de port aux Pays-Bas s&rsquo;\u00e9l\u00e8vent \u00e0 3,95 \u20ac. Les frais de port pour la Belgique sont de 5,00 \u20ac. Les frais de port vers d&rsquo;autres pays peuvent \u00eatre plus \u00e9lev\u00e9s. Nous utilisons les services de DPD pour l&rsquo;exp\u00e9dition.<\/p>\t\t\t\t\t\t\t\t<\/div>\n\t\t\t\t<\/div>\n\t\t\t\t\t<\/div>\n\t\t<\/div>\n\t\t\t\t<div class=\"elementor-column elementor-col-33 elementor-inner-column elementor-element elementor-element-1d14bd3\" data-id=\"1d14bd3\" data-element_type=\"column\">\n\t\t\t<div class=\"elementor-widget-wrap\">\n\t\t\t\t\t\t\t<\/div>\n\t\t<\/div>\n\t\t\t\t\t<\/div>\n\t\t<\/section>\n\t\t\t\t<div class=\"elementor-element elementor-element-cb4ae17 elementor-widget-divider--view-line elementor-widget elementor-widget-divider\" data-id=\"cb4ae17\" data-element_type=\"widget\" data-widget_type=\"divider.default\">\n\t\t\t\t<div class=\"elementor-widget-container\">\n\t\t\t\t\t\t\t<div class=\"elementor-divider\">\n\t\t\t<span class=\"elementor-divider-separator\">\n\t\t\t\t\t\t<\/span>\n\t\t<\/div>\n\t\t\t\t\t\t<\/div>\n\t\t\t\t<\/div>\n\t\t\t\t<section class=\"elementor-section elementor-inner-section elementor-element elementor-element-cf300ee elementor-section-boxed elementor-section-height-default elementor-section-height-default\" data-id=\"cf300ee\" data-element_type=\"section\">\n\t\t\t\t\t\t<div class=\"elementor-container elementor-column-gap-default\">\n\t\t\t\t\t<div class=\"elementor-column elementor-col-33 elementor-inner-column elementor-element elementor-element-5011345\" data-id=\"5011345\" data-element_type=\"column\">\n\t\t\t<div class=\"elementor-widget-wrap\">\n\t\t\t\t\t\t\t<\/div>\n\t\t<\/div>\n\t\t\t\t<div class=\"elementor-column elementor-col-33 elementor-inner-column elementor-element elementor-element-6ba48de\" data-id=\"6ba48de\" data-element_type=\"column\">\n\t\t\t<div class=\"elementor-widget-wrap elementor-element-populated\">\n\t\t\t\t\t\t<div class=\"elementor-element elementor-element-d34493d elementor-widget elementor-widget-heading\" data-id=\"d34493d\" data-element_type=\"widget\" data-widget_type=\"heading.default\">\n\t\t\t\t<div class=\"elementor-widget-container\">\n\t\t\t\t\t<h3 class=\"elementor-heading-title elementor-size-default\">\u00c9changes et Retours<\/h3>\t\t\t\t<\/div>\n\t\t\t\t<\/div>\n\t\t\t\t<div class=\"elementor-element elementor-element-82c5407 elementor-widget elementor-widget-text-editor\" data-id=\"82c5407\" data-element_type=\"widget\" data-widget_type=\"text-editor.default\">\n\t\t\t\t<div class=\"elementor-widget-container\">\n\t\t\t\t\t\t\t\t\t<p>Pour des raisons d&rsquo;hygi\u00e8ne, nous ne pouvons malheureusement pas reprendre le Liberpee. Mais si pour une raison quelconque il y a un probl\u00e8me avec le Liberpee que vous avez re\u00e7u, n&rsquo;h\u00e9sitez pas \u00e0 nous contacter \u00e0 : <a href=\"mailto:info@liberpee.com\">info@liberpee.com<\/a> ou 0413-256968. Nous ferons tout notre possible pour r\u00e9soudre le probl\u00e8me. Si vous souhaitez n\u00e9anmoins exercer votre droit de r\u00e9tractation en tant que consommateur, envoyez-nous un courriel et nous r\u00e9soudrons toujours le probl\u00e8me ensemble.<\/p>\t\t\t\t\t\t\t\t<\/div>\n\t\t\t\t<\/div>\n\t\t\t\t\t<\/div>\n\t\t<\/div>\n\t\t\t\t<div class=\"elementor-column elementor-col-33 elementor-inner-column elementor-element elementor-element-9cd6779\" data-id=\"9cd6779\" data-element_type=\"column\">\n\t\t\t<div class=\"elementor-widget-wrap\">\n\t\t\t\t\t\t\t<\/div>\n\t\t<\/div>\n\t\t\t\t\t<\/div>\n\t\t<\/section>\n\t\t\t\t<div class=\"elementor-element elementor-element-5807c37 elementor-widget-divider--view-line elementor-widget elementor-widget-divider\" data-id=\"5807c37\" data-element_type=\"widget\" data-widget_type=\"divider.default\">\n\t\t\t\t<div class=\"elementor-widget-container\">\n\t\t\t\t\t\t\t<div class=\"elementor-divider\">\n\t\t\t<span class=\"elementor-divider-separator\">\n\t\t\t\t\t\t<\/span>\n\t\t<\/div>\n\t\t\t\t\t\t<\/div>\n\t\t\t\t<\/div>\n\t\t\t\t<section class=\"elementor-section elementor-inner-section elementor-element elementor-element-42bae72 elementor-section-boxed elementor-section-height-default elementor-section-height-default\" data-id=\"42bae72\" data-element_type=\"section\">\n\t\t\t\t\t\t<div class=\"elementor-container elementor-column-gap-default\">\n\t\t\t\t\t<div class=\"elementor-column elementor-col-33 elementor-inner-column elementor-element elementor-element-8885e8b\" data-id=\"8885e8b\" data-element_type=\"column\">\n\t\t\t<div class=\"elementor-widget-wrap\">\n\t\t\t\t\t\t\t<\/div>\n\t\t<\/div>\n\t\t\t\t<div class=\"elementor-column elementor-col-33 elementor-inner-column elementor-element elementor-element-a93190c\" data-id=\"a93190c\" data-element_type=\"column\">\n\t\t\t<div class=\"elementor-widget-wrap elementor-element-populated\">\n\t\t\t\t\t\t<div class=\"elementor-element elementor-element-416aa6c elementor-widget elementor-widget-heading\" data-id=\"416aa6c\" data-element_type=\"widget\" data-widget_type=\"heading.default\">\n\t\t\t\t<div class=\"elementor-widget-container\">\n\t\t\t\t\t<h3 class=\"elementor-heading-title elementor-size-default\">Garantie &amp; R\u00e9clamations<\/h3>\t\t\t\t<\/div>\n\t\t\t\t<\/div>\n\t\t\t\t<div class=\"elementor-element elementor-element-c7f9ec5 elementor-widget elementor-widget-text-editor\" data-id=\"c7f9ec5\" data-element_type=\"widget\" data-widget_type=\"text-editor.default\">\n\t\t\t\t<div class=\"elementor-widget-container\">\n\t\t\t\t\t\t\t\t\t<p><strong>Garantie<\/strong><\/p><p>Nous estimons qu&rsquo;il est important que votre commande vous soit livr\u00e9e en parfait \u00e9tat. Cependant, il peut arriver qu&rsquo;une commande soit endommag\u00e9e pendant le transport ou qu&rsquo;un autre probl\u00e8me survienne, vous donnant droit \u00e0 une garantie. L\u00e9galement, vous devez nous signaler cela dans les deux mois suivant la d\u00e9couverte du dommage. Si le d\u00e9faut est couvert par la garantie, nous veillerons bien s\u00fbr \u00e0 ce qu&rsquo;un nouveau Liberpee vous soit envoy\u00e9 gratuitement.<\/p><p><strong>R\u00e9clamations<\/strong><\/p><p>S&rsquo;il y a quelque chose qui ne se passe pas tout \u00e0 fait comme pr\u00e9vu ou si vous avez une plainte concernant Liberpee, nos produits ou notre service ? Nous pr\u00e9f\u00e9rons \u00eatre inform\u00e9s le plus rapidement possible ! Envoyez votre plainte \u00e0 info@liberpee.com, nous nous assurerons que vous receviez une r\u00e9ponse de notre part le plus rapidement possible (et au plus tard dans les 14 jours).<\/p>\t\t\t\t\t\t\t\t<\/div>\n\t\t\t\t<\/div>\n\t\t\t\t\t<\/div>\n\t\t<\/div>\n\t\t\t\t<div class=\"elementor-column elementor-col-33 elementor-inner-column elementor-element elementor-element-7097ade\" data-id=\"7097ade\" data-element_type=\"column\">\n\t\t\t<div class=\"elementor-widget-wrap\">\n\t\t\t\t\t\t\t<\/div>\n\t\t<\/div>\n\t\t\t\t\t<\/div>\n\t\t<\/section>\n\t\t\t\t\t<\/div>\n\t\t<\/div>\n\t\t\t\t\t<\/div>\n\t\t<\/section>\n\t\t\t\t<\/div>\n\t\t","protected":false},"excerpt":{"rendered":"<p>Liberpee est votre sauveur en cas de besoin Service client Paiement Chez Liberpee, vous pouvez toujours payer en toute s\u00e9curit\u00e9 avec, entre autres, iDEAL, PayPal, SOFORT Banking, EPS, Giropay et Bancontact. Exp\u00e9dition Nous faisons de notre mieux pour que votre commande soit livr\u00e9e le plus rapidement possible. Le d\u00e9lai de livraison est g\u00e9n\u00e9ralement de deux [&hellip;]<\/p>\n","protected":false},"author":8153,"featured_media":0,"parent":0,"menu_order":0,"comment_status":"closed","ping_status":"closed","template":"page-boxed.php","meta":{"footnotes":""},"class_list":["post-57370","page","type-page","status-publish","hentry"],"_links":{"self":[{"href":"https:\/\/liberpee.com\/fr\/wp-json\/wp\/v2\/pages\/57370","targetHints":{"allow":["GET"]}}],"collection":[{"href":"https:\/\/liberpee.com\/fr\/wp-json\/wp\/v2\/pages"}],"about":[{"href":"https:\/\/liberpee.com\/fr\/wp-json\/wp\/v2\/types\/page"}],"author":[{"embeddable":true,"href":"https:\/\/liberpee.com\/fr\/wp-json\/wp\/v2\/users\/8153"}],"replies":[{"embeddable":true,"href":"https:\/\/liberpee.com\/fr\/wp-json\/wp\/v2\/comments?post=57370"}],"version-history":[{"count":4,"href":"https:\/\/liberpee.com\/fr\/wp-json\/wp\/v2\/pages\/57370\/revisions"}],"predecessor-version":[{"id":57379,"href":"https:\/\/liberpee.com\/fr\/wp-json\/wp\/v2\/pages\/57370\/revisions\/57379"}],"wp:attachment":[{"href":"https:\/\/liberpee.com\/fr\/wp-json\/wp\/v2\/media?parent=57370"}],"curies":[{"name":"wp","href":"https:\/\/api.w.org\/{rel}","templated":true}]}}