{"id":57344,"date":"2021-06-22T13:58:50","date_gmt":"2021-06-22T11:58:50","guid":{"rendered":"https:\/\/liberpee.com\/liberpee-de-herkbruikbare-plasgoot\/"},"modified":"2024-09-10T14:42:39","modified_gmt":"2024-09-10T12:42:39","slug":"comment-fonctionne-liberpee","status":"publish","type":"page","link":"https:\/\/liberpee.com\/fr\/comment-fonctionne-liberpee\/","title":{"rendered":"Comment fonctionne Liberpee?"},"content":{"rendered":"\t\t<div data-elementor-type=\"wp-page\" data-elementor-id=\"57344\" class=\"elementor elementor-57344 elementor-3024\" data-elementor-post-type=\"page\">\n\t\t\t\t\t\t<section class=\"elementor-section elementor-top-section elementor-element elementor-element-43301f1 elementor-section-full_width elementor-section-stretched elementor-section-height-default elementor-section-height-default\" data-id=\"43301f1\" data-element_type=\"section\" data-settings=\"{&quot;stretch_section&quot;:&quot;section-stretched&quot;,&quot;background_background&quot;:&quot;classic&quot;}\">\n\t\t\t\t\t\t<div class=\"elementor-container elementor-column-gap-default\">\n\t\t\t\t\t<div class=\"elementor-column elementor-col-100 elementor-top-column elementor-element elementor-element-1a92b80\" data-id=\"1a92b80\" data-element_type=\"column\">\n\t\t\t<div class=\"elementor-widget-wrap elementor-element-populated\">\n\t\t\t\t\t\t<div class=\"elementor-element elementor-element-baf865d elementor-widget elementor-widget-heading\" data-id=\"baf865d\" data-element_type=\"widget\" data-widget_type=\"heading.default\">\n\t\t\t\t<div class=\"elementor-widget-container\">\n\t\t\t\t\t<h2 class=\"elementor-heading-title elementor-size-default\">Comment fonctionne Liberpee ?<\/h2>\t\t\t\t<\/div>\n\t\t\t\t<\/div>\n\t\t\t\t<div class=\"elementor-element elementor-element-faa5784 elementor-widget elementor-widget-heading\" data-id=\"faa5784\" data-element_type=\"widget\" data-widget_type=\"heading.default\">\n\t\t\t\t<div class=\"elementor-widget-container\">\n\t\t\t\t\t<p class=\"elementor-heading-title elementor-size-default\">Liberpee est super facile \u00e0 utiliser !<\/p>\t\t\t\t<\/div>\n\t\t\t\t<\/div>\n\t\t\t\t\t<\/div>\n\t\t<\/div>\n\t\t\t\t\t<\/div>\n\t\t<\/section>\n\t\t\t\t<section class=\"elementor-section elementor-top-section elementor-element elementor-element-8ca47b4 elementor-section-boxed elementor-section-height-default elementor-section-height-default\" data-id=\"8ca47b4\" data-element_type=\"section\">\n\t\t\t\t\t\t<div class=\"elementor-container elementor-column-gap-default\">\n\t\t\t\t\t<div class=\"elementor-column elementor-col-16 elementor-top-column elementor-element elementor-element-0f78c07\" data-id=\"0f78c07\" data-element_type=\"column\">\n\t\t\t<div class=\"elementor-widget-wrap\">\n\t\t\t\t\t\t\t<\/div>\n\t\t<\/div>\n\t\t\t\t<div class=\"elementor-column elementor-col-66 elementor-top-column elementor-element elementor-element-08f0a80\" data-id=\"08f0a80\" data-element_type=\"column\">\n\t\t\t<div class=\"elementor-widget-wrap elementor-element-populated\">\n\t\t\t\t\t\t<div class=\"elementor-element elementor-element-0a68433 elementor-widget elementor-widget-heading\" data-id=\"0a68433\" data-element_type=\"widget\" data-widget_type=\"heading.default\">\n\t\t\t\t<div class=\"elementor-widget-container\">\n\t\t\t\t\t<h3 class=\"elementor-heading-title elementor-size-default\">Le pissette r\u00e9utilisable Liberpee<\/h3>\t\t\t\t<\/div>\n\t\t\t\t<\/div>\n\t\t\t\t<div class=\"elementor-element elementor-element-86aec02 elementor-widget elementor-widget-text-editor\" data-id=\"86aec02\" data-element_type=\"widget\" data-widget_type=\"text-editor.default\">\n\t\t\t\t<div class=\"elementor-widget-container\">\n\t\t\t\t\t\t\t\t\t<p>Liberpee est le\u00a0<span style=\"color: #0d0d0d; font-family: S\u00f6hne, ui-sans-serif, system-ui, -apple-system, 'Segoe UI', Roboto, Ubuntu, Cantarell, 'Noto Sans', sans-serif, 'Helvetica Neue', Arial, 'Apple Color Emoji', 'Segoe UI Emoji', 'Segoe UI Symbol', 'Noto Color Emoji'; text-align: start; white-space-collapse: preserve;\">pissette<\/span>\u00a0r\u00e9utilisable qui permet aux femmes d&rsquo;uriner debout facilement, discr\u00e8tement et hygi\u00e9niquement.<\/p>\t\t\t\t\t\t\t\t<\/div>\n\t\t\t\t<\/div>\n\t\t\t\t\t<\/div>\n\t\t<\/div>\n\t\t\t\t<div class=\"elementor-column elementor-col-16 elementor-top-column elementor-element elementor-element-e7ce6e2\" data-id=\"e7ce6e2\" data-element_type=\"column\">\n\t\t\t<div class=\"elementor-widget-wrap\">\n\t\t\t\t\t\t\t<\/div>\n\t\t<\/div>\n\t\t\t\t\t<\/div>\n\t\t<\/section>\n\t\t\t\t<section class=\"elementor-section elementor-top-section elementor-element elementor-element-6cae797 elementor-section-boxed elementor-section-height-default elementor-section-height-default\" data-id=\"6cae797\" data-element_type=\"section\">\n\t\t\t\t\t\t<div class=\"elementor-container elementor-column-gap-default\">\n\t\t\t\t\t<div class=\"elementor-column elementor-col-100 elementor-top-column elementor-element elementor-element-9ae3bcf\" data-id=\"9ae3bcf\" data-element_type=\"column\">\n\t\t\t<div class=\"elementor-widget-wrap elementor-element-populated\">\n\t\t\t\t\t\t<div class=\"elementor-element elementor-element-21029da elementor-widget elementor-widget-text-editor\" data-id=\"21029da\" data-element_type=\"widget\" data-widget_type=\"text-editor.default\">\n\t\t\t\t<div class=\"elementor-widget-container\">\n\t\t\t\t\t\t\t\t\t<p><div style=\"width: 368px;\" class=\"wp-video\"><video class=\"wp-video-shortcode\" id=\"video-57344-1\" width=\"368\" height=\"656\" preload=\"metadata\" controls=\"controls\"><source type=\"video\/mp4\" src=\"https:\/\/liberpee.com\/wp-content\/uploads\/2023\/08\/DEMO-Liberpee-2023.mp4?_=1\" \/><a href=\"https:\/\/liberpee.com\/wp-content\/uploads\/2023\/08\/DEMO-Liberpee-2023.mp4\">https:\/\/liberpee.com\/wp-content\/uploads\/2023\/08\/DEMO-Liberpee-2023.mp4<\/a><\/video><\/div><\/p>\t\t\t\t\t\t\t\t<\/div>\n\t\t\t\t<\/div>\n\t\t\t\t<div class=\"elementor-element elementor-element-577596e elementor-widget elementor-widget-text-editor\" data-id=\"577596e\" data-element_type=\"widget\" data-widget_type=\"text-editor.default\">\n\t\t\t\t<div class=\"elementor-widget-container\">\n\t\t\t\t\t\t\t\t\t<h4 class=\"vc_empty_space\">Liberpee est super facile \u00e0 utiliser :<\/h4>\t\t\t\t\t\t\t\t<\/div>\n\t\t\t\t<\/div>\n\t\t\t\t\t<\/div>\n\t\t<\/div>\n\t\t\t\t\t<\/div>\n\t\t<\/section>\n\t\t\t\t<section class=\"elementor-section elementor-top-section elementor-element elementor-element-cc84100 elementor-section-boxed elementor-section-height-default elementor-section-height-default\" data-id=\"cc84100\" data-element_type=\"section\">\n\t\t\t\t\t\t<div class=\"elementor-container elementor-column-gap-default\">\n\t\t\t\t\t<div class=\"elementor-column elementor-col-33 elementor-top-column elementor-element elementor-element-d43547c\" data-id=\"d43547c\" data-element_type=\"column\">\n\t\t\t<div class=\"elementor-widget-wrap elementor-element-populated\">\n\t\t\t\t\t\t<div class=\"elementor-element elementor-element-984c41b elementor-widget elementor-widget-image\" data-id=\"984c41b\" data-element_type=\"widget\" data-widget_type=\"image.default\">\n\t\t\t\t<div class=\"elementor-widget-container\">\n\t\t\t\t\t\t\t\t\t\t\t\t\t\t\t<img fetchpriority=\"high\" decoding=\"async\" width=\"744\" height=\"484\" src=\"https:\/\/liberpee.com\/wp-content\/uploads\/2023\/04\/Liberpee_How-te-use-staand.png\" class=\"attachment-large size-large wp-image-27784\" alt=\"\" srcset=\"https:\/\/liberpee.com\/wp-content\/uploads\/2023\/04\/Liberpee_How-te-use-staand.png 744w, https:\/\/liberpee.com\/wp-content\/uploads\/2023\/04\/Liberpee_How-te-use-staand-300x195.png 300w\" sizes=\"(max-width: 744px) 100vw, 744px\" \/>\t\t\t\t\t\t\t\t\t\t\t\t\t\t\t<\/div>\n\t\t\t\t<\/div>\n\t\t\t\t\t<\/div>\n\t\t<\/div>\n\t\t\t\t<div class=\"elementor-column elementor-col-66 elementor-top-column elementor-element elementor-element-147ea62\" data-id=\"147ea62\" data-element_type=\"column\">\n\t\t\t<div class=\"elementor-widget-wrap elementor-element-populated\">\n\t\t\t\t\t\t<div class=\"elementor-element elementor-element-8b7803d elementor-widget elementor-widget-text-editor\" data-id=\"8b7803d\" data-element_type=\"widget\" data-widget_type=\"text-editor.default\">\n\t\t\t\t<div class=\"elementor-widget-container\">\n\t\t\t\t\t\t\t\t\t<p><span style=\"color: #fc70d9;\"><strong>Uriner debout avec Liberpee en 5 \u00e9tapes :<\/strong><\/span><\/p><p><span style=\"color: #fc70d9;\"><strong>01<\/strong>\u00a0<\/span>D\u00e9faites votre pantalon et d\u00e9calez votre sous-v\u00eatement sur le c\u00f4t\u00e9. Placez le LIBERPEE avec la partie \u00e9troite vers l&rsquo;avant.\u00a0<\/p><p><span style=\"color: #fc70d9;\"><strong>02<\/strong> <\/span>Appuyez bien sur le dessus de la LIBERPEE pour \u00e9viter toute fuite.<\/p><p><span style=\"color: #fc70d9;\"><strong>03<\/strong>\u00a0<\/span>Tenez le LIBERPEE l\u00e9g\u00e8rement inclin\u00e9 vers le bas. D\u00e9tendez-vous\u2026 et urinez ! Gr\u00e2ce au bord pratique en haut, vous pouvez vous essuyer facilement. Pas besoin de papier toilette !<\/p><p><span style=\"color: #fc70d9;\"><strong>04<\/strong><\/span>\u00a0Secouez votre LIBERPEE pour le s\u00e9cher. L&rsquo;utilisation de plastique de haute qualit\u00e9 emp\u00eache l&rsquo;humidit\u00e9 de rester sur le\u00a0<span style=\"color: #0d0d0d; font-family: S\u00f6hne, ui-sans-serif, system-ui, -apple-system, 'Segoe UI', Roboto, Ubuntu, Cantarell, 'Noto Sans', sans-serif, 'Helvetica Neue', Arial, 'Apple Color Emoji', 'Segoe UI Emoji', 'Segoe UI Symbol', 'Noto Color Emoji'; white-space-collapse: preserve;\">pissette<\/span>.<\/p><p><span style=\"color: #fc70d9;\"><strong>05<\/strong>\u00a0<\/span>Remettez le LIBERPEE dans le sac. La pochette de rangement est lavable. Et voil\u00e0 !<\/p>\t\t\t\t\t\t\t\t<\/div>\n\t\t\t\t<\/div>\n\t\t\t\t\t<\/div>\n\t\t<\/div>\n\t\t\t\t\t<\/div>\n\t\t<\/section>\n\t\t\t\t<section class=\"elementor-section elementor-top-section elementor-element elementor-element-3b2532e elementor-section-boxed elementor-section-height-default elementor-section-height-default\" data-id=\"3b2532e\" data-element_type=\"section\">\n\t\t\t\t\t\t<div class=\"elementor-container elementor-column-gap-default\">\n\t\t\t\t\t<div class=\"elementor-column elementor-col-33 elementor-top-column elementor-element elementor-element-b0d5005\" data-id=\"b0d5005\" data-element_type=\"column\">\n\t\t\t<div class=\"elementor-widget-wrap elementor-element-populated\">\n\t\t\t\t\t\t<div class=\"elementor-element elementor-element-509b89b elementor-widget elementor-widget-image\" data-id=\"509b89b\" data-element_type=\"widget\" data-widget_type=\"image.default\">\n\t\t\t\t<div class=\"elementor-widget-container\">\n\t\t\t\t\t\t\t\t\t\t\t\t\t\t\t<img decoding=\"async\" width=\"736\" height=\"252\" src=\"https:\/\/liberpee.com\/wp-content\/uploads\/2023\/04\/Liberpee_How-te-use-zittend.png\" class=\"attachment-large size-large wp-image-27792\" alt=\"\" srcset=\"https:\/\/liberpee.com\/wp-content\/uploads\/2023\/04\/Liberpee_How-te-use-zittend.png 736w, https:\/\/liberpee.com\/wp-content\/uploads\/2023\/04\/Liberpee_How-te-use-zittend-300x103.png 300w\" sizes=\"(max-width: 736px) 100vw, 736px\" \/>\t\t\t\t\t\t\t\t\t\t\t\t\t\t\t<\/div>\n\t\t\t\t<\/div>\n\t\t\t\t\t<\/div>\n\t\t<\/div>\n\t\t\t\t<div class=\"elementor-column elementor-col-66 elementor-top-column elementor-element elementor-element-38600fb\" data-id=\"38600fb\" data-element_type=\"column\">\n\t\t\t<div class=\"elementor-widget-wrap elementor-element-populated\">\n\t\t\t\t\t\t<div class=\"elementor-element elementor-element-59b9e66 elementor-widget elementor-widget-text-editor\" data-id=\"59b9e66\" data-element_type=\"widget\" data-widget_type=\"text-editor.default\">\n\t\t\t\t<div class=\"elementor-widget-container\">\n\t\t\t\t\t\t\t\t\t<p><span style=\"color: #fc70d9;\"><strong>Uriner assise avec Liberpee :<\/strong><\/span><\/p><p><span style=\"color: #fc70d9;\"><strong>01<\/strong>\u00a0<\/span>Glissez-vous vers l&rsquo;avant et placez le LIBERPEE avec la partie \u00e9troite vers l&rsquo;avant et l\u00e9g\u00e8rement inclin\u00e9e vers le bas.\u00a0<\/p><p><span style=\"color: #fc70d9;\"><strong>02<\/strong><\/span>\u00a0Suivez maintenant les \u00e9tapes 2, 3, 4 et 5 des instructions ci-dessus.<\/p>\t\t\t\t\t\t\t\t<\/div>\n\t\t\t\t<\/div>\n\t\t\t\t\t<\/div>\n\t\t<\/div>\n\t\t\t\t\t<\/div>\n\t\t<\/section>\n\t\t\t\t<section class=\"elementor-section elementor-top-section elementor-element elementor-element-1c9a663 elementor-section-boxed elementor-section-height-default elementor-section-height-default\" data-id=\"1c9a663\" data-element_type=\"section\">\n\t\t\t\t\t\t<div class=\"elementor-container elementor-column-gap-default\">\n\t\t\t\t\t<div class=\"elementor-column elementor-col-100 elementor-top-column elementor-element elementor-element-949268c\" data-id=\"949268c\" data-element_type=\"column\">\n\t\t\t<div class=\"elementor-widget-wrap elementor-element-populated\">\n\t\t\t\t\t\t<div class=\"elementor-element elementor-element-a9ead32 elementor-widget elementor-widget-text-editor\" data-id=\"a9ead32\" data-element_type=\"widget\" data-widget_type=\"text-editor.default\">\n\t\t\t\t<div class=\"elementor-widget-container\">\n\t\t\t\t\t\t\t\t\t<blockquote>\n<h3>\u201cLa premi\u00e8re fois, cela semblera \u00e9trange, mais une fois habitu\u00e9, vous ne voudrez plus faire autrement !\u201d<\/h3>\n<\/blockquote>\t\t\t\t\t\t\t\t<\/div>\n\t\t\t\t<\/div>\n\t\t\t\t<div class=\"elementor-element elementor-element-aaf8828 elementor-widget elementor-widget-text-editor\" data-id=\"aaf8828\" data-element_type=\"widget\" data-widget_type=\"text-editor.default\">\n\t\t\t\t<div class=\"elementor-widget-container\">\n\t\t\t\t\t\t\t\t\t<h4>Propre et hygi\u00e9nique<\/h4><p>Liberpee est fabriqu\u00e9 \u00e0 partir de polym\u00e8res \u00e0 tr\u00e8s haute densit\u00e9, ce qui emp\u00eache les r\u00e9sidus et les odeurs de rester et les bact\u00e9ries de s&rsquo;attacher. Peu importe la fr\u00e9quence d&rsquo;utilisation du\u00a0<span style=\"color: #0d0d0d; font-family: S\u00f6hne, ui-sans-serif, system-ui, -apple-system, 'Segoe UI', Roboto, Ubuntu, Cantarell, 'Noto Sans', sans-serif, 'Helvetica Neue', Arial, 'Apple Color Emoji', 'Segoe UI Emoji', 'Segoe UI Symbol', 'Noto Color Emoji'; white-space-collapse: preserve;\">pissette<\/span>\u00a0Liberpee, il reste propre et hygi\u00e9nique ! Vous voulez st\u00e9riliser le Liberpee ? Cela peut \u00eatre fait facilement en le pla\u00e7ant dans de l&rsquo;eau bouillante. Le mat\u00e9riau est doux pour la peau et gr\u00e2ce \u00e0 la conception brevet\u00e9e, le Liberpee est facile \u00e0 positionner et s&rsquo;adapte parfaitement l\u00e0 o\u00f9 c&rsquo;est n\u00e9cessaire.<\/p>\t\t\t\t\t\t\t\t<\/div>\n\t\t\t\t<\/div>\n\t\t\t\t<div class=\"elementor-element elementor-element-6846ae2 elementor-widget elementor-widget-text-editor\" data-id=\"6846ae2\" data-element_type=\"widget\" data-widget_type=\"text-editor.default\">\n\t\t\t\t<div class=\"elementor-widget-container\">\n\t\t\t\t\t\t\t\t\t<h4>Emportez Liberpee partout avec vous<\/h4>\n<p>Vous connaissez s\u00fbrement la situation : vous avez tr\u00e8s envie d&rsquo;uriner mais les toilettes sont vraiment sales. Ou pire encore, il n&rsquo;y a pas de toilettes \u00e0 port\u00e9e de main. Que faites-vous alors ? Vous suspendre au-dessus d&rsquo;une toilette sale, avec le risque de glisser et de finir dans cette salet\u00e9 anti-hygi\u00e9nique ? Ou vous accroupir dans les buissons ? Nous savons tous comment cela peut mal tourner ! Emportez votre&nbsp;<span style=\"color: rgb(13, 13, 13); font-family: S\u00f6hne, ui-sans-serif, system-ui, -apple-system, &quot;Segoe UI&quot;, Roboto, Ubuntu, Cantarell, &quot;Noto Sans&quot;, sans-serif, &quot;Helvetica Neue&quot;, Arial, &quot;Apple Color Emoji&quot;, &quot;Segoe UI Emoji&quot;, &quot;Segoe UI Symbol&quot;, &quot;Noto Color Emoji&quot;; white-space-collapse: preserve;\">pissette<\/span>&nbsp;Liberpee en voyage, au camping, dans les bois, pendant une randonn\u00e9e, dans le train, en voiture, \u00e0 un festival, ou partout o\u00f9 les toilettes sont sales \u2013 Liberpee est votre sauveur !<\/p>\t\t\t\t\t\t\t\t<\/div>\n\t\t\t\t<\/div>\n\t\t\t\t<div class=\"elementor-element elementor-element-5e3c165 elementor-widget elementor-widget-text-editor\" data-id=\"5e3c165\" data-element_type=\"widget\" data-widget_type=\"text-editor.default\">\n\t\t\t\t<div class=\"elementor-widget-container\">\n\t\t\t\t\t\t\t\t\t<h4>F\u00e9minin ?<\/h4><p>Oui, f\u00e9minin, ma reine ! Uriner debout est encore per\u00e7u comme quelque chose que seuls les hommes font et donc comme quelque chose de masculin. Nous allons changer cela. Il arrive souvent qu&rsquo;il n&rsquo;y ait pas de toilettes propres ou m\u00eame pas de toilettes du tout. Est-ce plus f\u00e9minin de s&rsquo;asseoir sur une lunette de toilette sale ou d&rsquo;uriner proprement de haut ? Est-ce plus s\u00fbr de se mettre \u00e0 nu dans les orties ou d&rsquo;arroser ces plantes piquantes depuis une position debout sans risque ? Uriner debout est aussi f\u00e9minin. Cela nous donne du pouvoir et de la libert\u00e9. Les hommes ne peuvent plus rien faire que nous ne puissions pas faire. L\u00e8ve-toi pour toi-m\u00eame et commence \u00e0 uriner debout !<\/p>\t\t\t\t\t\t\t\t<\/div>\n\t\t\t\t<\/div>\n\t\t\t\t<div class=\"elementor-element elementor-element-bb8f4ab elementor-widget elementor-widget-text-editor\" data-id=\"bb8f4ab\" data-element_type=\"widget\" data-widget_type=\"text-editor.default\">\n\t\t\t\t<div class=\"elementor-widget-container\">\n\t\t\t\t\t\t\t\t\t<h4>Uniquement pour les femmes ?<\/h4><p>En raison du tabou entourant l&rsquo;urination debout, nous \u00e9crivons sp\u00e9cifiquement pour les femmes. Briser ce tabou est notre priorit\u00e9, mais toute personne poss\u00e9dant un vagin devrait pouvoir profiter de l&rsquo;urination debout. Le Liberpee est pour tous les propri\u00e9taires de vulve, pas seulement pour les femmes cisgenres, mais aussi pour les hommes trans et les personnes non binaires. Nous sommes tous \u00e9gaux au-dessus de la lunette des toilettes (Safe Plees \u2013 GSA Netwerk, Alice).<br \/>Utilisez \u00e9galement votre Liberpee pour remplir facilement les pots d&rsquo;urine et les \u00e9chantillons d&rsquo;urine.<\/p>\t\t\t\t\t\t\t\t<\/div>\n\t\t\t\t<\/div>\n\t\t\t\t<div class=\"elementor-element elementor-element-cc25d6a elementor-widget elementor-widget-image\" data-id=\"cc25d6a\" data-element_type=\"widget\" data-widget_type=\"image.default\">\n\t\t\t\t<div class=\"elementor-widget-container\">\n\t\t\t\t\t\t\t\t\t\t\t\t\t\t\t<img decoding=\"async\" width=\"900\" height=\"599\" src=\"https:\/\/liberpee.com\/wp-content\/uploads\/2023\/04\/VivianneSanderse-blauw1-Liberpee-1024x682.jpg\" class=\"attachment-large size-large wp-image-27776\" alt=\"\" srcset=\"https:\/\/liberpee.com\/wp-content\/uploads\/2023\/04\/VivianneSanderse-blauw1-Liberpee-1024x682.jpg 1024w, https:\/\/liberpee.com\/wp-content\/uploads\/2023\/04\/VivianneSanderse-blauw1-Liberpee-920x613.jpg 920w, https:\/\/liberpee.com\/wp-content\/uploads\/2023\/04\/VivianneSanderse-blauw1-Liberpee-300x200.jpg 300w, https:\/\/liberpee.com\/wp-content\/uploads\/2023\/04\/VivianneSanderse-blauw1-Liberpee-768x512.jpg 768w, https:\/\/liberpee.com\/wp-content\/uploads\/2023\/04\/VivianneSanderse-blauw1-Liberpee-1536x1023.jpg 1536w, https:\/\/liberpee.com\/wp-content\/uploads\/2023\/04\/VivianneSanderse-blauw1-Liberpee.jpg 1920w\" sizes=\"(max-width: 900px) 100vw, 900px\" \/>\t\t\t\t\t\t\t\t\t\t\t\t\t\t\t<\/div>\n\t\t\t\t<\/div>\n\t\t\t\t\t<\/div>\n\t\t<\/div>\n\t\t\t\t\t<\/div>\n\t\t<\/section>\n\t\t\t\t<\/div>\n\t\t","protected":false},"excerpt":{"rendered":"<p>Comment fonctionne Liberpee ? Liberpee est super facile \u00e0 utiliser ! Le pissette r\u00e9utilisable Liberpee Liberpee est le\u00a0pissette\u00a0r\u00e9utilisable qui permet aux femmes d&rsquo;uriner debout facilement, discr\u00e8tement et hygi\u00e9niquement. Liberpee est super facile \u00e0 utiliser : Uriner debout avec Liberpee en 5 \u00e9tapes : 01\u00a0D\u00e9faites votre pantalon et d\u00e9calez votre sous-v\u00eatement sur le c\u00f4t\u00e9. Placez le [&hellip;]<\/p>\n","protected":false},"author":8153,"featured_media":0,"parent":0,"menu_order":0,"comment_status":"closed","ping_status":"closed","template":"","meta":{"footnotes":""},"class_list":["post-57344","page","type-page","status-publish","hentry"],"_links":{"self":[{"href":"https:\/\/liberpee.com\/fr\/wp-json\/wp\/v2\/pages\/57344","targetHints":{"allow":["GET"]}}],"collection":[{"href":"https:\/\/liberpee.com\/fr\/wp-json\/wp\/v2\/pages"}],"about":[{"href":"https:\/\/liberpee.com\/fr\/wp-json\/wp\/v2\/types\/page"}],"author":[{"embeddable":true,"href":"https:\/\/liberpee.com\/fr\/wp-json\/wp\/v2\/users\/8153"}],"replies":[{"embeddable":true,"href":"https:\/\/liberpee.com\/fr\/wp-json\/wp\/v2\/comments?post=57344"}],"version-history":[{"count":13,"href":"https:\/\/liberpee.com\/fr\/wp-json\/wp\/v2\/pages\/57344\/revisions"}],"predecessor-version":[{"id":79290,"href":"https:\/\/liberpee.com\/fr\/wp-json\/wp\/v2\/pages\/57344\/revisions\/79290"}],"wp:attachment":[{"href":"https:\/\/liberpee.com\/fr\/wp-json\/wp\/v2\/media?parent=57344"}],"curies":[{"name":"wp","href":"https:\/\/api.w.org\/{rel}","templated":true}]}}