{"id":83137,"date":"2023-11-01T07:42:15","date_gmt":"2023-11-01T06:42:15","guid":{"rendered":"https:\/\/liberpee.com\/product\/liberpee-limited-plastuit-incl-opbergzakje\/"},"modified":"2026-04-15T10:36:03","modified_gmt":"2026-04-15T08:36:03","slug":"liberpee-edicion-limitada","status":"publish","type":"product","link":"https:\/\/liberpee.com\/es\/producto\/liberpee-edicion-limitada\/","title":{"rendered":"Edici\u00f3n Limitada Liberpee Pretty Pink \u2013 con bolsita impermeable incluida"},"content":{"rendered":"<p class=\"\" data-start=\"4329\" data-end=\"4516\"><strong data-start=\"4329\" data-end=\"4347\">Siempre a mano<\/strong><br data-start=\"4347\" data-end=\"4350\" \/>Gracias a su tama\u00f1o compacto, cabe f\u00e1cilmente en el bolso, la mochila o la guantera del coche. Siempre lista \u2013 sin estr\u00e9s ni carreras por encontrar un ba\u00f1o.<\/p>\n<p class=\"\" data-start=\"4518\" data-end=\"4705\"><strong data-start=\"4518\" data-end=\"4556\">Dise\u00f1ada por mujeres, para mujeres<\/strong><br data-start=\"4556\" data-end=\"4559\" \/>La Liberpee est\u00e1 especialmente pensada para la anatom\u00eda femenina. Su forma ergon\u00f3mica garantiza una experiencia c\u00f3moda e higi\u00e9nica \u2013 sin derrames.<\/p>\n<p class=\"\" data-start=\"4707\" data-end=\"4985\"><strong data-start=\"4707\" data-end=\"4747\">Incluye bolsita impermeable gratuita<\/strong><br data-start=\"4747\" data-end=\"4750\" \/>Despu\u00e9s de usarla, puedes enjuagarla, secarla con papel o simplemente sacudirla. Gracias a su dise\u00f1o inteligente, no quedan gotas. Gu\u00e1rdala de inmediato en la bolsita impermeable y lavable incluida \u2013 siempre limpia y lista para usar.<\/p>\n<p data-start=\"4707\" data-end=\"4985\">Ideal para festivales, excursiones, viajes y cualquier situaci\u00f3n al aire libre donde no hay un ba\u00f1o cerca.<\/p>\n<p><!-- TrustBox widget - Product Reviews --><\/p>\n<div class=\"trustpilot-widget\" data-locale=\"nl-NL\" data-template-id=\"544a426205dc0a09088833c6\" data-businessunit-id=\"6544b9b064519ebed7df3292\" data-style-height=\"700px\" data-style-width=\"100%\" data-theme=\"light\" data-sku=\"00012\" data-review-languages=\"nl\" data-font-family=\"Poppins\" data-no-reviews=\"hide\" data-fullwidth=\"true\"><a href=\"https:\/\/nl.trustpilot.com\/review\/liberpee.com\" target=\"_blank\" rel=\"noopener\">Trustpilot<\/a><\/div>\n<p><!-- End TrustBox widget --><\/p>\n","protected":false},"excerpt":{"rendered":"<p><!-- TrustBox widget - Product Mini MultiSource --><\/p>\n<div class=\"trustpilot-widget\" data-locale=\"nl-NL\" data-template-id=\"577258fb31f02306e4e3aaf9\" data-businessunit-id=\"6544b9b064519ebed7df3292\" data-style-height=\"24px\" data-style-width=\"100%\" data-theme=\"light\" data-sku=\"00012\" data-font-family=\"Poppins\" data-no-reviews=\"hide\" data-scroll-to-list=\"true\" data-style-alignment=\"left\"><a href=\"https:\/\/nl.trustpilot.com\/review\/liberpee.com\" target=\"_blank\" rel=\"noopener\">Trustpilot<\/a><\/div>\n<p data-start=\"601\" data-end=\"644\"><strong data-start=\"601\" data-end=\"644\">Liberpee Pretty Pink \u2013 Edici\u00f3n Limitada<\/strong><\/p>\n<p data-start=\"646\" data-end=\"819\">Pretty Pink es nuestra nueva Edici\u00f3n Limitada: una Liberpee rosa con sutiles destellos. Una versi\u00f3n suave y femenina que combina un uso pr\u00e1ctico con una apariencia refinada.<\/p>\n<p data-start=\"821\" data-end=\"955\">Con Pretty Pink, disfrutas de todas las ventajas habituales de Liberpee en una edici\u00f3n que se siente un poco m\u00e1s divertida y elegante.<\/p>\n<p data-start=\"957\" data-end=\"982\"><strong data-start=\"957\" data-end=\"982\">\u00bfPor qu\u00e9 Pretty Pink?<\/strong><\/p>\n<p data-start=\"984\" data-end=\"1141\">\u2714 Rosa con sutiles destellos<br data-start=\"1012\" data-end=\"1015\" \/>\u2714 Dise\u00f1o firme que mantiene su forma<br data-start=\"1051\" data-end=\"1054\" \/>\u2714 Higi\u00e9nica y discreta en el uso<br data-start=\"1086\" data-end=\"1089\" \/>\u2714 Edici\u00f3n limitada, disponible por tiempo limitado<\/p>\n<p data-start=\"1143\" data-end=\"1221\">Pretty Pink est\u00e1 disponible en cantidades limitadas. Hasta agotar existencias.<\/p>\n<hr \/>\n","protected":false},"featured_media":129408,"comment_status":"closed","ping_status":"closed","template":"","meta":[],"product_brand":[],"product_cat":[134],"product_tag":[],"class_list":{"0":"post-83137","1":"product","2":"type-product","3":"status-publish","4":"has-post-thumbnail","6":"product_cat-liberpee-es","7":"product_shipping_class-pakketpost-es","9":"first","10":"instock","11":"taxable","12":"shipping-taxable","13":"purchasable","14":"product-type-simple"},"_links":{"self":[{"href":"https:\/\/liberpee.com\/es\/wp-json\/wp\/v2\/product\/83137","targetHints":{"allow":["GET"]}}],"collection":[{"href":"https:\/\/liberpee.com\/es\/wp-json\/wp\/v2\/product"}],"about":[{"href":"https:\/\/liberpee.com\/es\/wp-json\/wp\/v2\/types\/product"}],"replies":[{"embeddable":true,"href":"https:\/\/liberpee.com\/es\/wp-json\/wp\/v2\/comments?post=83137"}],"wp:featuredmedia":[{"embeddable":true,"href":"https:\/\/liberpee.com\/es\/wp-json\/wp\/v2\/media\/129408"}],"wp:attachment":[{"href":"https:\/\/liberpee.com\/es\/wp-json\/wp\/v2\/media?parent=83137"}],"wp:term":[{"taxonomy":"product_brand","embeddable":true,"href":"https:\/\/liberpee.com\/es\/wp-json\/wp\/v2\/product_brand?post=83137"},{"taxonomy":"product_cat","embeddable":true,"href":"https:\/\/liberpee.com\/es\/wp-json\/wp\/v2\/product_cat?post=83137"},{"taxonomy":"product_tag","embeddable":true,"href":"https:\/\/liberpee.com\/es\/wp-json\/wp\/v2\/product_tag?post=83137"}],"curies":[{"name":"wp","href":"https:\/\/api.w.org\/{rel}","templated":true}]}}