{"id":19374,"date":"2021-07-08T09:49:27","date_gmt":"2021-07-08T09:49:27","guid":{"rendered":"https:\/\/uixi.eu\/product\/uixi-wit\/"},"modified":"2024-11-12T15:57:42","modified_gmt":"2024-11-12T14:57:42","slug":"liberpee-blanco","status":"publish","type":"product","link":"https:\/\/liberpee.com\/es\/producto\/liberpee-blanco\/","title":{"rendered":"Liberpee dispositivo femenino Blanco \u2013 Incl. Bolsa de Almacenamiento"},"content":{"rendered":"<p>El dispositivo femenino urinario reutilizable Liberpee es utilizado por mujeres y ni\u00f1as en todo el mundo. Es la soluci\u00f3n ideal cuando no hay un ba\u00f1o cerca. Usos comunes incluyen viajes, festivales, trayectos largos o deportes al aire libre como ciclismo, running o vela. Con Liberpee, puedes orinar de pie sin necesidad de bajarte los pantalones, lo que te permite hacerlo de manera muy discreta y sin preocuparte de ser vista.<\/p>\n<p>Este dispositivo Liberpee blanco tambi\u00e9n se puede usar sentada, lo que lo hace ideal si est\u00e1s en una silla de ruedas o si alguna intervenci\u00f3n m\u00e9dica limita tu acceso al ba\u00f1o.<\/p>\n<p><strong>Gu\u00e1rdalo en la bolsa de almacenamiento gratuita<\/strong><\/p>\n<p>Despu\u00e9s de usarlo tu Liberpee, simplemente sac\u00fadelo para secarlo. El material de polietileno de alta calidad y densidad evita que quede humedad; solo sac\u00fadelo unas veces y estar\u00e1 completamente seco. Luego, gu\u00e1rdalo en la bolsa de almacenamiento impermeable y lavable que viene incluida.<\/p>\n<p><!-- TrustBox widget - Product Reviews --><\/p>\n<div class=\"trustpilot-widget\" data-locale=\"es-ES\" data-template-id=\"544a426205dc0a09088833c6\" data-businessunit-id=\"6544b9b064519ebed7df3292\" data-style-height=\"700px\" data-style-width=\"100%\" data-theme=\"light\" data-sku=\"00008\" data-review-languages=\"es\" data-font-family=\"Poppins\" data-no-reviews=\"hide\" data-fullwidth=\"true\"><a href=\"https:\/\/es.trustpilot.com\/review\/liberpee.com\" target=\"_blank\" rel=\"noopener\">Trustpilot<\/a><\/div>\n<p><!-- End TrustBox widget --><\/p>\n","protected":false},"excerpt":{"rendered":"<p><!-- TrustBox widget - Product Mini MultiSource --><\/p>\n<div class=\"trustpilot-widget\" data-locale=\"es-ES\" data-template-id=\"577258fb31f02306e4e3aaf9\" data-businessunit-id=\"6544b9b064519ebed7df3292\" data-style-height=\"24px\" data-style-width=\"100%\" data-theme=\"light\" data-sku=\"00008\" data-font-family=\"Poppins\" data-no-reviews=\"hide\" data-scroll-to-list=\"true\" data-style-alignment=\"left\"><a href=\"https:\/\/es.trustpilot.com\/review\/liberpee.com\" target=\"_blank\" rel=\"noopener\">Trustpilot<\/a><\/div>\n<p><!-- End TrustBox widget --><br \/>\nEn casos de emergencia, este dispositivo Liberpee blanco siempre ofrece una soluci\u00f3n en cualquier lugar. Liberpee es un dispositivo reutilizable que permite a las mujeres orinar f\u00e1cilmente de pie.<\/p>\n","protected":false},"featured_media":38310,"comment_status":"closed","ping_status":"closed","template":"","meta":[],"product_brand":[],"product_cat":[134],"product_tag":[],"class_list":{"0":"post-19374","1":"product","2":"type-product","3":"status-publish","4":"has-post-thumbnail","6":"product_cat-liberpee-es","7":"product_shipping_class-pakketpost-es","9":"first","10":"instock","11":"taxable","12":"shipping-taxable","13":"purchasable","14":"product-type-simple"},"_links":{"self":[{"href":"https:\/\/liberpee.com\/es\/wp-json\/wp\/v2\/product\/19374","targetHints":{"allow":["GET"]}}],"collection":[{"href":"https:\/\/liberpee.com\/es\/wp-json\/wp\/v2\/product"}],"about":[{"href":"https:\/\/liberpee.com\/es\/wp-json\/wp\/v2\/types\/product"}],"replies":[{"embeddable":true,"href":"https:\/\/liberpee.com\/es\/wp-json\/wp\/v2\/comments?post=19374"}],"wp:featuredmedia":[{"embeddable":true,"href":"https:\/\/liberpee.com\/es\/wp-json\/wp\/v2\/media\/38310"}],"wp:attachment":[{"href":"https:\/\/liberpee.com\/es\/wp-json\/wp\/v2\/media?parent=19374"}],"wp:term":[{"taxonomy":"product_brand","embeddable":true,"href":"https:\/\/liberpee.com\/es\/wp-json\/wp\/v2\/product_brand?post=19374"},{"taxonomy":"product_cat","embeddable":true,"href":"https:\/\/liberpee.com\/es\/wp-json\/wp\/v2\/product_cat?post=19374"},{"taxonomy":"product_tag","embeddable":true,"href":"https:\/\/liberpee.com\/es\/wp-json\/wp\/v2\/product_tag?post=19374"}],"curies":[{"name":"wp","href":"https:\/\/api.w.org\/{rel}","templated":true}]}}