{"id":19372,"date":"2021-07-08T09:44:55","date_gmt":"2021-07-08T09:44:55","guid":{"rendered":"https:\/\/uixi.eu\/product\/uixi-paars\/"},"modified":"2024-11-12T15:51:41","modified_gmt":"2024-11-12T14:51:41","slug":"liberpee-morado","status":"publish","type":"product","link":"https:\/\/liberpee.com\/es\/producto\/liberpee-morado\/","title":{"rendered":"Liberpee dispositivo femenino Morado \u2013 Incl. Bolsa de Almacenamiento"},"content":{"rendered":"<p>Con el dispositivo femenino Liberpee, orinar de pie es f\u00e1cil e higi\u00e9nico. Ya no tienes que agacharte entre los arbustos ni enfrentarte a ba\u00f1os sucios. Tampoco necesitas bajarte los pantalones, lo que te permite orinar de forma muy discreta.<\/p>\n<p>Muchas mujeres limitan su consumo de agua para evitar la incomodidad de buscar un ba\u00f1o limpio, pero esto no es saludable y puede causar problemas de vejiga. Con Liberpee, puedes beber suficiente agua sin preocuparte por encontrar un ba\u00f1o en condiciones. Miles de mujeres en todo el mundo, incluidas embarazadas y quienes tienen vejiga hiperactiva, ya lo usan regularmente y disfrutan de la tranquilidad que ofrece al evitar situaciones inc\u00f3modas y prevenir problemas de vejiga como infecciones urinarias y pielonefritis.<\/p>\n<p><strong>Un uso higi\u00e9nico en cada momento<\/strong><\/p>\n<p>Despu\u00e9s de usarlo, guarda tu Liberpee morado en la bolsa de almacenamiento gratuita incluida y col\u00f3cala en tu bolso o mochila. Gracias a la alta densidad y calidad del polietileno, no queda humedad ni gotas en el dispositivo. Solo sac\u00fadelo y estar\u00e1 listo. La bolsa de almacenamiento es adem\u00e1s impermeable y lavable en la lavadora, para que tu Liberpee siempre est\u00e9 limpio e higi\u00e9nico, listo para el pr\u00f3ximo uso.<\/p>\n<p><!-- TrustBox widget - Product Reviews --><\/p>\n<div class=\"trustpilot-widget\" data-locale=\"es-ES\" data-template-id=\"544a426205dc0a09088833c6\" data-businessunit-id=\"6544b9b064519ebed7df3292\" data-style-height=\"700px\" data-style-width=\"100%\" data-theme=\"light\" data-sku=\"00007\" data-review-languages=\"es\" data-font-family=\"Poppins\" data-no-reviews=\"hide\" data-fullwidth=\"true\"><a href=\"https:\/\/es.trustpilot.com\/review\/liberpee.com\" target=\"_blank\" rel=\"noopener\">Trustpilot<\/a><\/div>\n<p><!-- End TrustBox widget --><\/p>\n","protected":false},"excerpt":{"rendered":"<p><!-- TrustBox widget - Product Mini MultiSource --><\/p>\n<div class=\"trustpilot-widget\" data-locale=\"es-ES\" data-template-id=\"577258fb31f02306e4e3aaf9\" data-businessunit-id=\"6544b9b064519ebed7df3292\" data-style-height=\"24px\" data-style-width=\"100%\" data-theme=\"light\" data-sku=\"00007\" data-font-family=\"Poppins\" data-no-reviews=\"hide\" data-scroll-to-list=\"true\" data-style-alignment=\"left\"><a href=\"https:\/\/es.trustpilot.com\/review\/liberpee.com\" target=\"_blank\" rel=\"noopener\">Trustpilot<\/a><\/div>\n<p><!-- End TrustBox widget --><br \/>\nCon este dispositivo femenino urinario Liberpee morado, las mujeres pueden orinar de pie en cualquier lugar. \u00bfTambi\u00e9n detestas los ba\u00f1os sucios? \u00bfTe incomodan las largas filas para el ba\u00f1o de damas? \u00bfO te encuentras frecuentemente en situaciones donde no hay un ba\u00f1o cerca? Entonces, aseg\u00farate de llevar siempre tu Liberpee contigo.<\/p>\n","protected":false},"featured_media":38302,"comment_status":"closed","ping_status":"closed","template":"","meta":[],"product_brand":[],"product_cat":[134],"product_tag":[],"class_list":{"0":"post-19372","1":"product","2":"type-product","3":"status-publish","4":"has-post-thumbnail","6":"product_cat-liberpee-es","7":"product_shipping_class-pakketpost-es","9":"first","10":"instock","11":"taxable","12":"shipping-taxable","13":"purchasable","14":"product-type-simple"},"_links":{"self":[{"href":"https:\/\/liberpee.com\/es\/wp-json\/wp\/v2\/product\/19372","targetHints":{"allow":["GET"]}}],"collection":[{"href":"https:\/\/liberpee.com\/es\/wp-json\/wp\/v2\/product"}],"about":[{"href":"https:\/\/liberpee.com\/es\/wp-json\/wp\/v2\/types\/product"}],"replies":[{"embeddable":true,"href":"https:\/\/liberpee.com\/es\/wp-json\/wp\/v2\/comments?post=19372"}],"wp:featuredmedia":[{"embeddable":true,"href":"https:\/\/liberpee.com\/es\/wp-json\/wp\/v2\/media\/38302"}],"wp:attachment":[{"href":"https:\/\/liberpee.com\/es\/wp-json\/wp\/v2\/media?parent=19372"}],"wp:term":[{"taxonomy":"product_brand","embeddable":true,"href":"https:\/\/liberpee.com\/es\/wp-json\/wp\/v2\/product_brand?post=19372"},{"taxonomy":"product_cat","embeddable":true,"href":"https:\/\/liberpee.com\/es\/wp-json\/wp\/v2\/product_cat?post=19372"},{"taxonomy":"product_tag","embeddable":true,"href":"https:\/\/liberpee.com\/es\/wp-json\/wp\/v2\/product_tag?post=19372"}],"curies":[{"name":"wp","href":"https:\/\/api.w.org\/{rel}","templated":true}]}}