{"id":19370,"date":"2021-07-08T09:42:50","date_gmt":"2021-07-08T09:42:50","guid":{"rendered":"https:\/\/uixi.eu\/product\/uixi-groen\/"},"modified":"2024-11-12T15:45:24","modified_gmt":"2024-11-12T14:45:24","slug":"liberpee-verde","status":"publish","type":"product","link":"https:\/\/liberpee.com\/es\/producto\/liberpee-verde\/","title":{"rendered":"Liberpee dispositivo femenino Verde \u2013 Incl. Bolsa de Almacenamiento Impermeable"},"content":{"rendered":"<p>Liberpee ha sido dise\u00f1ado por mujeres para mujers, y eso se nota en su dise\u00f1o anat\u00f3mico que se ajusta perfectamente. Con este dispositivo urinario Liberpee verde, no necesitas bajarte los pantalones. Puedes orinar de pie de forma muy discreta e higi\u00e9nica.<\/p>\n<p><strong>Bolsa de Almacenamiento Impermeable Gratis<\/strong><\/p>\n<p>Despu\u00e9s de usarlo, limpia tu Liberpee simplemente sac\u00fadelo para secarlo. Gracias a la alta calidad y propiedades repelentes al agua del pl\u00e1stico, no quedan gotas. Este m\u00e9todo de limpieza ecol\u00f3gico consume menos agua y evita el uso de papel higi\u00e9nico. Luego, gu\u00e1rdalo en la bolsa de almacenamiento impermeable incluida, y estar\u00e1s lista para la pr\u00f3xima ocasi\u00f3n en que no haya un ba\u00f1o (limpio) disponible.<\/p>\n<p><!-- TrustBox widget - Product Reviews --><\/p>\n<div class=\"trustpilot-widget\" data-locale=\"es-ES\" data-template-id=\"544a426205dc0a09088833c6\" data-businessunit-id=\"6544b9b064519ebed7df3292\" data-style-height=\"700px\" data-style-width=\"100%\" data-theme=\"light\" data-sku=\"00006\" data-review-languages=\"es\" data-font-family=\"Poppins\" data-no-reviews=\"hide\" data-fullwidth=\"true\"><a href=\"https:\/\/es.trustpilot.com\/review\/liberpee.com\" target=\"_blank\" rel=\"noopener\">Trustpilot<\/a><\/div>\n<p><!-- End TrustBox widget --><\/p>\n","protected":false},"excerpt":{"rendered":"<p><!-- TrustBox widget - Product Mini MultiSource --><\/p>\n<div class=\"trustpilot-widget\" data-locale=\"es-ES\" data-template-id=\"577258fb31f02306e4e3aaf9\" data-businessunit-id=\"6544b9b064519ebed7df3292\" data-style-height=\"24px\" data-style-width=\"100%\" data-theme=\"light\" data-sku=\"00006\" data-font-family=\"Poppins\" data-no-reviews=\"hide\" data-scroll-to-list=\"true\" data-style-alignment=\"left\"><a href=\"https:\/\/es.trustpilot.com\/review\/liberpee.com\" target=\"_blank\" rel=\"noopener\">Trustpilot<\/a><\/div>\n<p>Orinar de pie se vuelve extremadamente f\u00e1cil con este dispositivo urinario Liberpee verde. Los dispositivos Liberpee son reutilizables, por lo que el color verde es muy adecuado para este pr\u00e1ctico producto. Es una alternativa ecol\u00f3gica y sostenible a los dispositivos desechables.<\/p>\n","protected":false},"featured_media":38290,"comment_status":"closed","ping_status":"closed","template":"","meta":[],"product_brand":[],"product_cat":[134],"product_tag":[],"class_list":{"0":"post-19370","1":"product","2":"type-product","3":"status-publish","4":"has-post-thumbnail","6":"product_cat-liberpee-es","7":"product_shipping_class-pakketpost-es","9":"first","10":"instock","11":"taxable","12":"shipping-taxable","13":"purchasable","14":"product-type-simple"},"_links":{"self":[{"href":"https:\/\/liberpee.com\/es\/wp-json\/wp\/v2\/product\/19370","targetHints":{"allow":["GET"]}}],"collection":[{"href":"https:\/\/liberpee.com\/es\/wp-json\/wp\/v2\/product"}],"about":[{"href":"https:\/\/liberpee.com\/es\/wp-json\/wp\/v2\/types\/product"}],"replies":[{"embeddable":true,"href":"https:\/\/liberpee.com\/es\/wp-json\/wp\/v2\/comments?post=19370"}],"wp:featuredmedia":[{"embeddable":true,"href":"https:\/\/liberpee.com\/es\/wp-json\/wp\/v2\/media\/38290"}],"wp:attachment":[{"href":"https:\/\/liberpee.com\/es\/wp-json\/wp\/v2\/media?parent=19370"}],"wp:term":[{"taxonomy":"product_brand","embeddable":true,"href":"https:\/\/liberpee.com\/es\/wp-json\/wp\/v2\/product_brand?post=19370"},{"taxonomy":"product_cat","embeddable":true,"href":"https:\/\/liberpee.com\/es\/wp-json\/wp\/v2\/product_cat?post=19370"},{"taxonomy":"product_tag","embeddable":true,"href":"https:\/\/liberpee.com\/es\/wp-json\/wp\/v2\/product_tag?post=19370"}],"curies":[{"name":"wp","href":"https:\/\/api.w.org\/{rel}","templated":true}]}}