{"id":19367,"date":"2021-07-08T09:41:25","date_gmt":"2021-07-08T09:41:25","guid":{"rendered":"https:\/\/uixi.eu\/product\/uixi-blauw\/"},"modified":"2024-11-12T15:36:16","modified_gmt":"2024-11-12T14:36:16","slug":"liberpee-azul","status":"publish","type":"product","link":"https:\/\/liberpee.com\/es\/producto\/liberpee-azul\/","title":{"rendered":"Liberpee dispositivo femenino Azul \u2013 Incl. Bolsa de Almacenamiento"},"content":{"rendered":"<p>No necesitas bajarte los pantalones ni exponer tus nalgas. Con Liberpee, orinas de manera muy discreta. Cada a\u00f1o, miles de mujeres desarrollan problemas de vejiga por retener la orina, pero gracias al dispositivo femenino reutilizable Liberpee, esto ya no es necesario. Dise\u00f1ado por mujeres para mujeres, su dise\u00f1o anat\u00f3mico se ajusta perfectamente al cuerpo. No es de extra\u00f1ar que chicas y mujeres de todo el mundo sean fans de Liberpee, us\u00e1ndolo en eventos, festivales, viajes, de camino o incluso en la escuela.<\/p>\n<p><strong>Incluye una bolsa de almacenamiento gratuita<\/strong><\/p>\n<p>Para que siempre puedas llevar tu dispositivo contigo, Liberpee viene con una bolsa de almacenamiento gratuita, lavable e impermeable. Despu\u00e9s de usarlo, simplemente guarda tu dispositivo en esta bolsa y ll\u00e9valo f\u00e1cilmente en tu bolso, mochila o en el coche.<\/p>\n<p><!-- TrustBox widget - Product Reviews --><\/p>\n<div class=\"trustpilot-widget\" data-locale=\"es-ES\" data-template-id=\"544a426205dc0a09088833c6\" data-businessunit-id=\"6544b9b064519ebed7df3292\" data-style-height=\"700px\" data-style-width=\"100%\" data-theme=\"light\" data-sku=\"00005\" data-review-languages=\"es\" data-font-family=\"Poppins\" data-no-reviews=\"hide\" data-fullwidth=\"true\"><a href=\"https:\/\/es.trustpilot.com\/review\/liberpee.com\" target=\"_blank\" rel=\"noopener\">Trustpilot<\/a><\/div>\n<p><!-- End TrustBox widget --><\/p>\n","protected":false},"excerpt":{"rendered":"<p><!-- TrustBox widget - Product Mini MultiSource --><\/p>\n<div class=\"trustpilot-widget\" data-locale=\"es-ES\" data-template-id=\"577258fb31f02306e4e3aaf9\" data-businessunit-id=\"6544b9b064519ebed7df3292\" data-style-height=\"24px\" data-style-width=\"100%\" data-theme=\"light\" data-sku=\"00005\" data-font-family=\"Poppins\" data-no-reviews=\"hide\" data-scroll-to-list=\"true\" data-style-alignment=\"left\"><a href=\"https:\/\/es.trustpilot.com\/review\/liberpee.com\" target=\"_blank\" rel=\"noopener\">Trustpilot<\/a><\/div>\n<p><!-- End TrustBox widget --><br \/>\n\u00bfLarga cola para los ba\u00f1os? \u00bfO no hay un ba\u00f1o (limpio) cerca? \u00a1Si\u00e9ntete libre con Liberpee! Deja a las dem\u00e1s mir\u00e1ndote con este dispositivo urinario azul. Con Liberpee, las mujeres pueden orinar de pie de forma higi\u00e9nica y discreta.<\/p>\n","protected":false},"featured_media":38286,"comment_status":"closed","ping_status":"closed","template":"","meta":[],"product_brand":[],"product_cat":[134],"product_tag":[],"class_list":{"0":"post-19367","1":"product","2":"type-product","3":"status-publish","4":"has-post-thumbnail","6":"product_cat-liberpee-es","7":"product_shipping_class-pakketpost-es","9":"first","10":"instock","11":"taxable","12":"shipping-taxable","13":"purchasable","14":"product-type-simple"},"_links":{"self":[{"href":"https:\/\/liberpee.com\/es\/wp-json\/wp\/v2\/product\/19367","targetHints":{"allow":["GET"]}}],"collection":[{"href":"https:\/\/liberpee.com\/es\/wp-json\/wp\/v2\/product"}],"about":[{"href":"https:\/\/liberpee.com\/es\/wp-json\/wp\/v2\/types\/product"}],"replies":[{"embeddable":true,"href":"https:\/\/liberpee.com\/es\/wp-json\/wp\/v2\/comments?post=19367"}],"wp:featuredmedia":[{"embeddable":true,"href":"https:\/\/liberpee.com\/es\/wp-json\/wp\/v2\/media\/38286"}],"wp:attachment":[{"href":"https:\/\/liberpee.com\/es\/wp-json\/wp\/v2\/media?parent=19367"}],"wp:term":[{"taxonomy":"product_brand","embeddable":true,"href":"https:\/\/liberpee.com\/es\/wp-json\/wp\/v2\/product_brand?post=19367"},{"taxonomy":"product_cat","embeddable":true,"href":"https:\/\/liberpee.com\/es\/wp-json\/wp\/v2\/product_cat?post=19367"},{"taxonomy":"product_tag","embeddable":true,"href":"https:\/\/liberpee.com\/es\/wp-json\/wp\/v2\/product_tag?post=19367"}],"curies":[{"name":"wp","href":"https:\/\/api.w.org\/{rel}","templated":true}]}}