{"id":19365,"date":"2021-07-08T09:40:19","date_gmt":"2021-07-08T09:40:19","guid":{"rendered":"https:\/\/uixi.eu\/product\/uixi-aqua\/"},"modified":"2024-11-12T15:27:09","modified_gmt":"2024-11-12T14:27:09","slug":"liberpee-aqua","status":"publish","type":"product","link":"https:\/\/liberpee.com\/es\/producto\/liberpee-aqua\/","title":{"rendered":"Liberpee dispositivo femenino Aqua \u2013 Incl. Bolsa de Almacenamiento"},"content":{"rendered":"<p>No necesitas bajarte los pantalones ni exponer tus nalgas al usar este dispositivo femenino urinario Liberpee. Con Liberpee, puedes orinar de manera discreta y sin ensuciarte. \u00a1El tiempo en que solo los hombres pod\u00edan orinar de pie ha quedado atr\u00e1s! Muchas mujeres evitan beber suficiente agua para no tener que buscar un ba\u00f1o, pero con Liberpee ya no es necesario limitarse. Ahora puedes disfrutar de tu d\u00eda sin preocuparte por encontrar un ba\u00f1o.<\/p>\n<p><strong>Incluye una bolsa de almacenamiento impermeable gratuita<\/strong><\/p>\n<p>Despu\u00e9s de usarlo, simplemente guarda tu Liberpee en la bolsa de almacenamiento impermeable incluida y col\u00f3cala en tu bolso. Gracias a la alta calidad y densidad del polietileno, no quedan gotas ni humedad en el dispositivo: solo sac\u00fadelo para secarlo. Adem\u00e1s, la bolsa es repelente al agua y se puede lavar en la lavadora, asegurando m\u00e1xima higiene en cada uso.<\/p>\n<p><!-- TrustBox widget - Product Reviews --><\/p>\n<div class=\"trustpilot-widget\" data-locale=\"es-ES\" data-template-id=\"544a426205dc0a09088833c6\" data-businessunit-id=\"6544b9b064519ebed7df3292\" data-style-height=\"700px\" data-style-width=\"100%\" data-theme=\"light\" data-sku=\"00004\" data-review-languages=\"es\" data-font-family=\"Poppins\" data-no-reviews=\"hide\" data-fullwidth=\"true\"><a href=\"https:\/\/es.trustpilot.com\/review\/liberpee.com\" target=\"_blank\" rel=\"noopener\">Trustpilot<\/a><\/div>\n<p><!-- End TrustBox widget --><\/p>\n","protected":false},"excerpt":{"rendered":"<p><!-- TrustBox widget - Product Mini MultiSource --><\/p>\n<div class=\"trustpilot-widget\" data-locale=\"es-ES\" data-template-id=\"577258fb31f02306e4e3aaf9\" data-businessunit-id=\"6544b9b064519ebed7df3292\" data-style-height=\"24px\" data-style-width=\"100%\" data-theme=\"light\" data-sku=\"00004\" data-font-family=\"Poppins\" data-no-reviews=\"hide\" data-scroll-to-list=\"true\" data-style-alignment=\"left\"><a href=\"https:\/\/es.trustpilot.com\/review\/liberpee.com\" target=\"_blank\" rel=\"noopener\">Trustpilot<\/a><\/div>\n<p><!-- End TrustBox widget --><br \/>\nCon este dispositivo femenino urinario en color aqua, puedes orinar de pie de manera higi\u00e9nica. Gracias a Liberpee, \u00a1nosotras, las mujeres, podemos superar los ba\u00f1os sucios! Y cuando no hay un ba\u00f1o cerca, Liberpee es tu salvaci\u00f3n.<\/p>\n","protected":false},"featured_media":38282,"comment_status":"closed","ping_status":"closed","template":"","meta":[],"product_brand":[],"product_cat":[134],"product_tag":[],"class_list":{"0":"post-19365","1":"product","2":"type-product","3":"status-publish","4":"has-post-thumbnail","6":"product_cat-liberpee-es","7":"product_shipping_class-pakketpost-es","9":"first","10":"instock","11":"taxable","12":"shipping-taxable","13":"purchasable","14":"product-type-simple"},"_links":{"self":[{"href":"https:\/\/liberpee.com\/es\/wp-json\/wp\/v2\/product\/19365","targetHints":{"allow":["GET"]}}],"collection":[{"href":"https:\/\/liberpee.com\/es\/wp-json\/wp\/v2\/product"}],"about":[{"href":"https:\/\/liberpee.com\/es\/wp-json\/wp\/v2\/types\/product"}],"replies":[{"embeddable":true,"href":"https:\/\/liberpee.com\/es\/wp-json\/wp\/v2\/comments?post=19365"}],"wp:featuredmedia":[{"embeddable":true,"href":"https:\/\/liberpee.com\/es\/wp-json\/wp\/v2\/media\/38282"}],"wp:attachment":[{"href":"https:\/\/liberpee.com\/es\/wp-json\/wp\/v2\/media?parent=19365"}],"wp:term":[{"taxonomy":"product_brand","embeddable":true,"href":"https:\/\/liberpee.com\/es\/wp-json\/wp\/v2\/product_brand?post=19365"},{"taxonomy":"product_cat","embeddable":true,"href":"https:\/\/liberpee.com\/es\/wp-json\/wp\/v2\/product_cat?post=19365"},{"taxonomy":"product_tag","embeddable":true,"href":"https:\/\/liberpee.com\/es\/wp-json\/wp\/v2\/product_tag?post=19365"}],"curies":[{"name":"wp","href":"https:\/\/api.w.org\/{rel}","templated":true}]}}