{"id":19363,"date":"2021-07-08T09:38:47","date_gmt":"2021-07-08T09:38:47","guid":{"rendered":"https:\/\/uixi.eu\/product\/uixi-geel\/"},"modified":"2024-11-12T15:19:25","modified_gmt":"2024-11-12T14:19:25","slug":"liberpee-amarillo","status":"publish","type":"product","link":"https:\/\/liberpee.com\/es\/producto\/liberpee-amarillo\/","title":{"rendered":"Liberpee dispositivo femenino Amarillo \u2013 Incl. Bolsa de Almacenamiento"},"content":{"rendered":"<p>Incluso cuando est\u00e1s de viaje y no hay un ba\u00f1o (limpio) cerca, este peque\u00f1o dispositivo femenino urinario Liberpee amarillo es ideal. Con Liberpee, puedes orinar de pie de manera discreta e higi\u00e9nica mientras te mantienes vestida.<\/p>\n<p><strong>Incluye una bolsa de almacenamiento gratuita<\/strong><\/p>\n<p>Despu\u00e9s de usarlo, puedes secar tu Liberpee con papel higi\u00e9nico o enjuagarlo con agua. \u00bfNo tienes agua o papel a mano? Simplemente sac\u00fadelo para secarlo. Gracias al polietileno de alta densidad, no quedan gotas en el Liberpee despu\u00e9s de sacudirlo. As\u00ed que puedes guardarlo de nuevo en su bolsa impermeable y estar\u00e1 listo para el pr\u00f3ximo uso.<\/p>\n<p><!-- TrustBox widget - Product Reviews --><\/p>\n<div class=\"trustpilot-widget\" data-locale=\"es-ES\" data-template-id=\"544a426205dc0a09088833c6\" data-businessunit-id=\"6544b9b064519ebed7df3292\" data-style-height=\"700px\" data-style-width=\"100%\" data-theme=\"light\" data-sku=\"00003\" data-review-languages=\"es\" data-font-family=\"Poppins\" data-no-reviews=\"hide\" data-fullwidth=\"true\"><a href=\"https:\/\/es.trustpilot.com\/review\/liberpee.com\" target=\"_blank\" rel=\"noopener\">Trustpilot<\/a><\/div>\n<p><!-- End TrustBox widget --><\/p>\n","protected":false},"excerpt":{"rendered":"<p><!-- TrustBox widget - Product Mini MultiSource --><\/p>\n<div class=\"trustpilot-widget\" data-locale=\"es-ES\" data-template-id=\"577258fb31f02306e4e3aaf9\" data-businessunit-id=\"6544b9b064519ebed7df3292\" data-style-height=\"24px\" data-style-width=\"100%\" data-theme=\"light\" data-sku=\"00003\" data-font-family=\"Poppins\" data-no-reviews=\"hide\" data-scroll-to-list=\"true\" data-style-alignment=\"left\"><a href=\"https:\/\/es.trustpilot.com\/review\/liberpee.com\" target=\"_blank\" rel=\"noopener\">Trustpilot<\/a><\/div>\n<p><!-- End TrustBox widget --><br \/>\nCon este dispositivo femenino urinario Liberpee amarillo, las largas colas en los ba\u00f1os de festivales y eventos ya no son un problema, porque con Liberpee, las mujeres pueden orinar de pie.<\/p>\n","protected":false},"featured_media":38314,"comment_status":"closed","ping_status":"closed","template":"","meta":[],"product_brand":[],"product_cat":[134],"product_tag":[],"class_list":{"0":"post-19363","1":"product","2":"type-product","3":"status-publish","4":"has-post-thumbnail","6":"product_cat-liberpee-es","7":"product_shipping_class-pakketpost-es","9":"first","10":"instock","11":"taxable","12":"shipping-taxable","13":"purchasable","14":"product-type-simple"},"_links":{"self":[{"href":"https:\/\/liberpee.com\/es\/wp-json\/wp\/v2\/product\/19363","targetHints":{"allow":["GET"]}}],"collection":[{"href":"https:\/\/liberpee.com\/es\/wp-json\/wp\/v2\/product"}],"about":[{"href":"https:\/\/liberpee.com\/es\/wp-json\/wp\/v2\/types\/product"}],"replies":[{"embeddable":true,"href":"https:\/\/liberpee.com\/es\/wp-json\/wp\/v2\/comments?post=19363"}],"wp:featuredmedia":[{"embeddable":true,"href":"https:\/\/liberpee.com\/es\/wp-json\/wp\/v2\/media\/38314"}],"wp:attachment":[{"href":"https:\/\/liberpee.com\/es\/wp-json\/wp\/v2\/media?parent=19363"}],"wp:term":[{"taxonomy":"product_brand","embeddable":true,"href":"https:\/\/liberpee.com\/es\/wp-json\/wp\/v2\/product_brand?post=19363"},{"taxonomy":"product_cat","embeddable":true,"href":"https:\/\/liberpee.com\/es\/wp-json\/wp\/v2\/product_cat?post=19363"},{"taxonomy":"product_tag","embeddable":true,"href":"https:\/\/liberpee.com\/es\/wp-json\/wp\/v2\/product_tag?post=19363"}],"curies":[{"name":"wp","href":"https:\/\/api.w.org\/{rel}","templated":true}]}}