{"id":19359,"date":"2021-06-22T14:10:34","date_gmt":"2021-06-22T14:10:34","guid":{"rendered":"https:\/\/uixi.eu\/product\/uixi-roze\/"},"modified":"2024-11-12T15:02:54","modified_gmt":"2024-11-12T14:02:54","slug":"liberpee-rosa","status":"publish","type":"product","link":"https:\/\/liberpee.com\/es\/producto\/liberpee-rosa\/","title":{"rendered":"Liberpee dispositivo Femenino Rosa \u2013 Incl. Bolsa de Almacenamiento"},"content":{"rendered":"<p>Guarda tu Liberpee en el bolso, mochila o en el salpicadero de tu coche. As\u00ed siempre lo tendr\u00e1s a mano y evitar\u00e1s situaciones inc\u00f3modas con la vejiga llena. El dispositivo femenino urinario Liberpee ha sido desarrollado por mujeres para mujeres, con un dise\u00f1o anat\u00f3mico que evita derrames y situaciones poco higi\u00e9nicas, haci\u00e9ndolo un dispositivo \u00fanico en su categor\u00eda.<\/p>\n<h4>Incluye una bolsa de almacenamiento gratuita<\/h4>\n<p>Despu\u00e9s de usarlo, puedes secar tu Liberpee con papel higi\u00e9nico, enjuagarlo con agua o simplemente agitarlo para eliminar las gotas. Gracias a este dise\u00f1o, no quedan residuos y puedes guardarlo directamente en la bolsa de almacenamiento incluida. La bolsa es repelente al agua y lavable en la lavadora, asegurando que tu Liberpee est\u00e9 siempre listo para su pr\u00f3ximo uso.<\/p>\n<p><!-- TrustBox widget - Product Reviews --><\/p>\n<div class=\"trustpilot-widget\" data-locale=\"es-ES\" data-template-id=\"544a426205dc0a09088833c6\" data-businessunit-id=\"6544b9b064519ebed7df3292\" data-style-height=\"700px\" data-style-width=\"100%\" data-theme=\"light\" data-sku=\"00001\" data-review-languages=\"es\" data-font-family=\"Poppins\" data-no-reviews=\"hide\" data-fullwidth=\"true\"><a href=\"https:\/\/es.trustpilot.com\/review\/liberpee.com\" target=\"_blank\" rel=\"noopener\">Trustpilot<\/a><\/div>\n<p><!-- End TrustBox widget --><\/p>\n","protected":false},"excerpt":{"rendered":"<p><!-- TrustBox widget - Product Mini MultiSource --><\/p>\n<div class=\"trustpilot-widget\" data-locale=\"es-ES\" data-template-id=\"577258fb31f02306e4e3aaf9\" data-businessunit-id=\"6544b9b064519ebed7df3292\" data-style-height=\"24px\" data-style-width=\"100%\" data-theme=\"light\" data-sku=\"00001\" data-font-family=\"Poppins\" data-no-reviews=\"hide\" data-scroll-to-list=\"true\" data-style-alignment=\"left\"><a href=\"https:\/\/es.trustpilot.com\/review\/liberpee.com\" target=\"_blank\" rel=\"noopener\">Trustpilot<\/a><\/div>\n<p>\u00a1Nos encanta el rosa! El dispositivo femenino urinario reutilizable Liberpee en color rosa es pr\u00e1ctico y s\u00faper femenino.<\/p>\n<p>\u00bfLargas colas para el ba\u00f1o o un WC sucio? Con Liberpee en rosa, podr\u00e1s orinar de pie c\u00f3modamente en cualquier lugar.<\/p>\n<p>Compra ahora tu Liberpee rosa en nuestra tienda y \u00fanete a miles de mujeres que ya disfrutan de esta soluci\u00f3n pr\u00e1ctica, discreta y elegante.<\/p>\n","protected":false},"featured_media":38298,"comment_status":"closed","ping_status":"closed","template":"","meta":[],"product_brand":[],"product_cat":[134],"product_tag":[],"class_list":{"0":"post-19359","1":"product","2":"type-product","3":"status-publish","4":"has-post-thumbnail","6":"product_cat-liberpee-es","7":"product_shipping_class-pakketpost-es","9":"first","10":"instock","11":"taxable","12":"shipping-taxable","13":"purchasable","14":"product-type-simple"},"_links":{"self":[{"href":"https:\/\/liberpee.com\/es\/wp-json\/wp\/v2\/product\/19359","targetHints":{"allow":["GET"]}}],"collection":[{"href":"https:\/\/liberpee.com\/es\/wp-json\/wp\/v2\/product"}],"about":[{"href":"https:\/\/liberpee.com\/es\/wp-json\/wp\/v2\/types\/product"}],"replies":[{"embeddable":true,"href":"https:\/\/liberpee.com\/es\/wp-json\/wp\/v2\/comments?post=19359"}],"wp:featuredmedia":[{"embeddable":true,"href":"https:\/\/liberpee.com\/es\/wp-json\/wp\/v2\/media\/38298"}],"wp:attachment":[{"href":"https:\/\/liberpee.com\/es\/wp-json\/wp\/v2\/media?parent=19359"}],"wp:term":[{"taxonomy":"product_brand","embeddable":true,"href":"https:\/\/liberpee.com\/es\/wp-json\/wp\/v2\/product_brand?post=19359"},{"taxonomy":"product_cat","embeddable":true,"href":"https:\/\/liberpee.com\/es\/wp-json\/wp\/v2\/product_cat?post=19359"},{"taxonomy":"product_tag","embeddable":true,"href":"https:\/\/liberpee.com\/es\/wp-json\/wp\/v2\/product_tag?post=19359"}],"curies":[{"name":"wp","href":"https:\/\/api.w.org\/{rel}","templated":true}]}}