{"id":19351,"date":"2021-07-08T10:05:16","date_gmt":"2021-07-08T10:05:16","guid":{"rendered":"https:\/\/uixi.eu\/product\/uixi-zwart\/"},"modified":"2024-11-12T16:01:37","modified_gmt":"2024-11-12T15:01:37","slug":"liberpee-negro","status":"publish","type":"product","link":"https:\/\/liberpee.com\/es\/producto\/liberpee-negro\/","title":{"rendered":"Liberpee dispositivo femenino Negro \u2013 Incl. Bolsa de Almacenamiento"},"content":{"rendered":"<p><strong>Liberpee: tu aliado perfecto en cualquier situaci\u00f3n<\/strong><\/p>\n<p>Imagina poder olvidarte de las largas filas, los ba\u00f1os sucios o la falta de ba\u00f1os. Con el dispositivo femenino Liberpee, puedes orinar de pie de forma discreta y c\u00f3moda, sin preocuparte por encontrar un lugar limpio. Este dispositivo Liberpee pr\u00e1ctico y reutilizable ya ha conquistado a mujeres en todo el mundo. Lo llevan en vacaciones, festivales, viajes y cualquier actividad al aire libre.<\/p>\n<p><strong>Siempre listo en su bolsa de almacenamiento gratuita<\/strong><\/p>\n<p>Cada Liberpee incluye una bolsa de almacenamiento impermeable y lavable, para que puedas llevarlo siempre contigo. Despu\u00e9s de usarlo, solo necesitas sacudir el dispositivo para que quede seco y guardarlo en su bolsa. Cuando est\u00e9s en casa, enjuaga tu Liberpee con agua para mantenerlo impecable y listo para tu pr\u00f3xima aventura.<\/p>\n<p><!-- TrustBox widget - Product Reviews --><\/p>\n<div class=\"trustpilot-widget\" data-locale=\"es-ES\" data-template-id=\"544a426205dc0a09088833c6\" data-businessunit-id=\"6544b9b064519ebed7df3292\" data-style-height=\"700px\" data-style-width=\"100%\" data-theme=\"light\" data-sku=\"00009\" data-review-languages=\"es\" data-font-family=\"Poppins\" data-no-reviews=\"hide\" data-fullwidth=\"true\"><a href=\"https:\/\/es.trustpilot.com\/review\/liberpee.com\" target=\"_blank\" rel=\"noopener\">Trustpilot<\/a><\/div>\n<p><!-- End TrustBox widget --><\/p>\n","protected":false},"excerpt":{"rendered":"<p><!-- TrustBox widget - Product Mini MultiSource --><\/p>\n<div class=\"trustpilot-widget\" data-locale=\"es-ES\" data-template-id=\"577258fb31f02306e4e3aaf9\" data-businessunit-id=\"6544b9b064519ebed7df3292\" data-style-height=\"24px\" data-style-width=\"100%\" data-theme=\"light\" data-sku=\"00009\" data-font-family=\"Poppins\" data-no-reviews=\"hide\" data-scroll-to-list=\"true\" data-style-alignment=\"left\"><a href=\"https:\/\/es.trustpilot.com\/review\/liberpee.com\" target=\"_blank\" rel=\"noopener\">Trustpilot<\/a><\/div>\n<p><!-- End TrustBox widget --><br \/>\nCon este dispositivo femenino urinario Liberpee negro reutilizable, \u00a1nosotras, las mujeres, superamos los ba\u00f1os sucios! Gracias a Liberpee, puedes orinar de pie sin necesidad de tocar un ba\u00f1o sucio.<\/p>\n","protected":false},"featured_media":38277,"comment_status":"closed","ping_status":"closed","template":"","meta":[],"product_brand":[],"product_cat":[134],"product_tag":[],"class_list":{"0":"post-19351","1":"product","2":"type-product","3":"status-publish","4":"has-post-thumbnail","6":"product_cat-liberpee-es","7":"product_shipping_class-pakketpost-es","9":"first","10":"instock","11":"taxable","12":"shipping-taxable","13":"purchasable","14":"product-type-simple"},"_links":{"self":[{"href":"https:\/\/liberpee.com\/es\/wp-json\/wp\/v2\/product\/19351","targetHints":{"allow":["GET"]}}],"collection":[{"href":"https:\/\/liberpee.com\/es\/wp-json\/wp\/v2\/product"}],"about":[{"href":"https:\/\/liberpee.com\/es\/wp-json\/wp\/v2\/types\/product"}],"replies":[{"embeddable":true,"href":"https:\/\/liberpee.com\/es\/wp-json\/wp\/v2\/comments?post=19351"}],"wp:featuredmedia":[{"embeddable":true,"href":"https:\/\/liberpee.com\/es\/wp-json\/wp\/v2\/media\/38277"}],"wp:attachment":[{"href":"https:\/\/liberpee.com\/es\/wp-json\/wp\/v2\/media?parent=19351"}],"wp:term":[{"taxonomy":"product_brand","embeddable":true,"href":"https:\/\/liberpee.com\/es\/wp-json\/wp\/v2\/product_brand?post=19351"},{"taxonomy":"product_cat","embeddable":true,"href":"https:\/\/liberpee.com\/es\/wp-json\/wp\/v2\/product_cat?post=19351"},{"taxonomy":"product_tag","embeddable":true,"href":"https:\/\/liberpee.com\/es\/wp-json\/wp\/v2\/product_tag?post=19351"}],"curies":[{"name":"wp","href":"https:\/\/api.w.org\/{rel}","templated":true}]}}