{"id":19484,"date":"2021-06-10T14:33:29","date_gmt":"2021-06-10T14:33:29","guid":{"rendered":"https:\/\/uixi.eu\/ons-verhaal\/"},"modified":"2024-11-12T12:55:36","modified_gmt":"2024-11-12T11:55:36","slug":"nuestra-historia","status":"publish","type":"page","link":"https:\/\/liberpee.com\/es\/nuestra-historia\/","title":{"rendered":"Nuestra historia"},"content":{"rendered":"\t\t<div data-elementor-type=\"wp-page\" data-elementor-id=\"19484\" class=\"elementor elementor-19484 elementor-424\" data-elementor-post-type=\"page\">\n\t\t\t\t\t\t<section class=\"elementor-section elementor-top-section elementor-element elementor-element-d352c51 elementor-section-boxed elementor-section-height-default elementor-section-height-default\" data-id=\"d352c51\" data-element_type=\"section\">\n\t\t\t\t\t\t<div class=\"elementor-container elementor-column-gap-default\">\n\t\t\t\t\t<div class=\"elementor-column elementor-col-100 elementor-top-column elementor-element elementor-element-71ca2a9\" data-id=\"71ca2a9\" data-element_type=\"column\">\n\t\t\t<div class=\"elementor-widget-wrap elementor-element-populated\">\n\t\t\t\t\t\t<div class=\"elementor-element elementor-element-2aca411 elementor-widget elementor-widget-image\" data-id=\"2aca411\" data-element_type=\"widget\" data-widget_type=\"image.default\">\n\t\t\t\t<div class=\"elementor-widget-container\">\n\t\t\t\t\t\t\t\t\t\t\t\t\t\t\t<img fetchpriority=\"high\" decoding=\"async\" width=\"900\" height=\"599\" src=\"https:\/\/liberpee.com\/wp-content\/uploads\/2023\/04\/VivianneSanderse-lila3-Liberpee-1024x682.jpg\" class=\"attachment-large size-large wp-image-27817\" alt=\"\" srcset=\"https:\/\/liberpee.com\/wp-content\/uploads\/2023\/04\/VivianneSanderse-lila3-Liberpee-1024x682.jpg 1024w, https:\/\/liberpee.com\/wp-content\/uploads\/2023\/04\/VivianneSanderse-lila3-Liberpee-scaled-920x613.jpg 920w, https:\/\/liberpee.com\/wp-content\/uploads\/2023\/04\/VivianneSanderse-lila3-Liberpee-300x200.jpg 300w, https:\/\/liberpee.com\/wp-content\/uploads\/2023\/04\/VivianneSanderse-lila3-Liberpee-768x512.jpg 768w, https:\/\/liberpee.com\/wp-content\/uploads\/2023\/04\/VivianneSanderse-lila3-Liberpee-1536x1024.jpg 1536w, https:\/\/liberpee.com\/wp-content\/uploads\/2023\/04\/VivianneSanderse-lila3-Liberpee-scaled.jpg 2048w\" sizes=\"(max-width: 900px) 100vw, 900px\" \/>\t\t\t\t\t\t\t\t\t\t\t\t\t\t\t<\/div>\n\t\t\t\t<\/div>\n\t\t\t\t\t<\/div>\n\t\t<\/div>\n\t\t\t\t\t<\/div>\n\t\t<\/section>\n\t\t\t\t<section class=\"elementor-section elementor-top-section elementor-element elementor-element-202c643 elementor-section-boxed elementor-section-height-default elementor-section-height-default\" data-id=\"202c643\" data-element_type=\"section\">\n\t\t\t\t\t\t<div class=\"elementor-container elementor-column-gap-default\">\n\t\t\t\t\t<div class=\"elementor-column elementor-col-100 elementor-top-column elementor-element elementor-element-a6b4a23\" data-id=\"a6b4a23\" data-element_type=\"column\">\n\t\t\t<div class=\"elementor-widget-wrap elementor-element-populated\">\n\t\t\t\t\t\t<div class=\"elementor-element elementor-element-d97950b elementor-widget elementor-widget-text-editor\" data-id=\"d97950b\" data-element_type=\"widget\" data-widget_type=\"text-editor.default\">\n\t\t\t\t<div class=\"elementor-widget-container\">\n\t\t\t\t\t\t\t\t\t<h2>\u00a1Hola chicas!<\/h2><p>Nosotras, Yesenia y Gabri\u00ebla, madre e hija, \u00a1tenemos una misi\u00f3n! Queremos que orinar de pie para las mujeres se vuelva tan normal como lo es para los hombres. Orinar de pie es realmente pr\u00e1ctico para las mujeres. Gracias al dispositivo femenino urinario port\u00e1til Liberpee, puedes orinar en cualquier lugar y en cualquier momento, incluso cuando no hay un ba\u00f1o (limpio) cerca. Esto te ayuda a evitar urgencias y problemas de vejiga.<\/p><h4>Urgencias y problemas de vejiga<\/h4><p>Hace unos a\u00f1os, Yesenia comenz\u00f3 con Liberpee, esto despu\u00e9s de una larga b\u00fasqueda de un dispositivo dispositivo port\u00e1til pr\u00e1ctico e higi\u00e9nico, o algo que permitiera a su hija orinar de pie f\u00e1cilmente.<\/p>\t\t\t\t\t\t\t\t<\/div>\n\t\t\t\t<\/div>\n\t\t\t\t<section class=\"elementor-section elementor-inner-section elementor-element elementor-element-7691020 elementor-section-boxed elementor-section-height-default elementor-section-height-default\" data-id=\"7691020\" data-element_type=\"section\">\n\t\t\t\t\t\t<div class=\"elementor-container elementor-column-gap-default\">\n\t\t\t\t\t<div class=\"elementor-column elementor-col-50 elementor-inner-column elementor-element elementor-element-bcc1633\" data-id=\"bcc1633\" data-element_type=\"column\">\n\t\t\t<div class=\"elementor-widget-wrap elementor-element-populated\">\n\t\t\t\t\t\t<div class=\"elementor-element elementor-element-a6e6ee8 elementor-widget elementor-widget-image\" data-id=\"a6e6ee8\" data-element_type=\"widget\" data-widget_type=\"image.default\">\n\t\t\t\t<div class=\"elementor-widget-container\">\n\t\t\t\t\t\t\t\t\t\t\t\t\t\t\t<img decoding=\"async\" width=\"136\" height=\"113\" src=\"https:\/\/liberpee.com\/wp-content\/uploads\/2021\/10\/Quote.png\" class=\"attachment-thumbnail size-thumbnail wp-image-3699\" alt=\"\" \/>\t\t\t\t\t\t\t\t\t\t\t\t\t\t\t<\/div>\n\t\t\t\t<\/div>\n\t\t\t\t\t<\/div>\n\t\t<\/div>\n\t\t\t\t<div class=\"elementor-column elementor-col-50 elementor-inner-column elementor-element elementor-element-23c0041\" data-id=\"23c0041\" data-element_type=\"column\">\n\t\t\t<div class=\"elementor-widget-wrap elementor-element-populated\">\n\t\t\t\t\t\t<div class=\"elementor-element elementor-element-3a407ce elementor-widget elementor-widget-text-editor\" data-id=\"3a407ce\" data-element_type=\"widget\" data-widget_type=\"text-editor.default\">\n\t\t\t\t<div class=\"elementor-widget-container\">\n\t\t\t\t\t\t\t\t\t<h3>\u00a1Orinar con LIBERPEE es divertido!<\/h3>\nGabri\u00ebla &#8211; 7 a\u00f1os\t\t\t\t\t\t\t\t<\/div>\n\t\t\t\t<\/div>\n\t\t\t\t\t<\/div>\n\t\t<\/div>\n\t\t\t\t\t<\/div>\n\t\t<\/section>\n\t\t\t\t<div class=\"elementor-element elementor-element-5178cd8 elementor-widget elementor-widget-text-editor\" data-id=\"5178cd8\" data-element_type=\"widget\" data-widget_type=\"text-editor.default\">\n\t\t\t\t<div class=\"elementor-widget-container\">\n\t\t\t\t\t\t\t\t\t<p>\u00abLa escuela de mi hija Gabri\u00ebla se incendi\u00f3 y, como soluci\u00f3n temporal, dos escuelas se fusionaron en un edificio provisional. Con tantos ni\u00f1os en un edificio, los ba\u00f1os estaban lejos de estar limpios. Como resultado, Gabri\u00ebla no quer\u00eda usar el ba\u00f1o all\u00ed y se aguantaba todo el d\u00eda hasta llegar a casa. Cuando por tercera vez tuvo una infecci\u00f3n urinaria debido a esto, ya hab\u00eda tenido suficiente. \u00a1Debe haber algo que permita a las ni\u00f1as y mujeres orinar de pie!\u00bb<\/p>\n<p>\u00abProbamos varias cosas. Un orinal port\u00e1til de papel, pero era doloroso de usar y solo serv\u00eda para una vez. Y los orinales port\u00e1tiles de silicona con un tubo resultaron dif\u00edciles de limpiar, no siempre se ajustaban bien y a\u00fan as\u00ed ten\u00edas que bajarte los pantalones. Por eso Yesenia empez\u00f3 con Liberpee. \u00a1Gabri\u00ebla se convenci\u00f3 de inmediato! &#8216;\u00a1Orinar con Liberpee es divertido!&#8217;, dijo feliz. Desde entonces, lleva su Liberpee a todas partes: a la escuela, de vacaciones, en excursiones escolares, a la caminata nocturna; puede olvidarse de todo, \u00a1pero su Liberpee siempre la acompa\u00f1a!<\/p>\t\t\t\t\t\t\t\t<\/div>\n\t\t\t\t<\/div>\n\t\t\t\t<section class=\"elementor-section elementor-inner-section elementor-element elementor-element-fe2e0c5 elementor-section-boxed elementor-section-height-default elementor-section-height-default\" data-id=\"fe2e0c5\" data-element_type=\"section\">\n\t\t\t\t\t\t<div class=\"elementor-container elementor-column-gap-default\">\n\t\t\t\t\t<div class=\"elementor-column elementor-col-50 elementor-inner-column elementor-element elementor-element-318e26f\" data-id=\"318e26f\" data-element_type=\"column\">\n\t\t\t<div class=\"elementor-widget-wrap elementor-element-populated\">\n\t\t\t\t\t\t<div class=\"elementor-element elementor-element-2cda731 elementor-widget elementor-widget-image\" data-id=\"2cda731\" data-element_type=\"widget\" data-widget_type=\"image.default\">\n\t\t\t\t<div class=\"elementor-widget-container\">\n\t\t\t\t\t\t\t\t\t\t\t\t\t\t\t<img decoding=\"async\" width=\"136\" height=\"113\" src=\"https:\/\/liberpee.com\/wp-content\/uploads\/2021\/10\/Quote.png\" class=\"attachment-large size-large wp-image-3699\" alt=\"\" \/>\t\t\t\t\t\t\t\t\t\t\t\t\t\t\t<\/div>\n\t\t\t\t<\/div>\n\t\t\t\t\t<\/div>\n\t\t<\/div>\n\t\t\t\t<div class=\"elementor-column elementor-col-50 elementor-inner-column elementor-element elementor-element-302871f\" data-id=\"302871f\" data-element_type=\"column\">\n\t\t\t<div class=\"elementor-widget-wrap elementor-element-populated\">\n\t\t\t\t\t\t<div class=\"elementor-element elementor-element-b0e66c1 elementor-widget elementor-widget-text-editor\" data-id=\"b0e66c1\" data-element_type=\"widget\" data-widget_type=\"text-editor.default\">\n\t\t\t\t<div class=\"elementor-widget-container\">\n\t\t\t\t\t\t\t\t\t<h3>\u00a1LIBERPEE es tu salvador en momentos de necesidad!<\/h3>\t\t\t\t\t\t\t\t<\/div>\n\t\t\t\t<\/div>\n\t\t\t\t\t<\/div>\n\t\t<\/div>\n\t\t\t\t\t<\/div>\n\t\t<\/section>\n\t\t\t\t<section class=\"elementor-section elementor-inner-section elementor-element elementor-element-a03b38b elementor-section-boxed elementor-section-height-default elementor-section-height-default\" data-id=\"a03b38b\" data-element_type=\"section\">\n\t\t\t\t\t\t<div class=\"elementor-container elementor-column-gap-default\">\n\t\t\t\t\t<div class=\"elementor-column elementor-col-100 elementor-inner-column elementor-element elementor-element-53f2549\" data-id=\"53f2549\" data-element_type=\"column\">\n\t\t\t<div class=\"elementor-widget-wrap elementor-element-populated\">\n\t\t\t\t\t\t<div class=\"elementor-element elementor-element-ce4928a elementor-widget elementor-widget-text-editor\" data-id=\"ce4928a\" data-element_type=\"widget\" data-widget_type=\"text-editor.default\">\n\t\t\t\t<div class=\"elementor-widget-container\">\n\t\t\t\t\t\t\t\t\tNuestra misi\u00f3n es eliminar el tab\u00fa en torno a orinar. \u00a1Despu\u00e9s de todo, todos lo hacemos a diario! Y queremos asegurarnos de que tambi\u00e9n sea posible para las mujeres orinar de pie de manera f\u00e1cil y discreta en caso de emergencia.\n<h5>Amiga, \u00a1no dejes que nada te detenga!<\/h5>\nCon cari\u00f1o,\t\t\t\t\t\t\t\t<\/div>\n\t\t\t\t<\/div>\n\t\t\t\t<div class=\"elementor-element elementor-element-5072d0a elementor-widget elementor-widget-image\" data-id=\"5072d0a\" data-element_type=\"widget\" data-widget_type=\"image.default\">\n\t\t\t\t<div class=\"elementor-widget-container\">\n\t\t\t\t\t\t\t\t\t\t\t\t\t\t\t<img loading=\"lazy\" decoding=\"async\" width=\"300\" height=\"105\" src=\"https:\/\/liberpee.com\/wp-content\/uploads\/2021\/06\/Yesenia-Gabriela-300x105-1.png\" class=\"attachment-large size-large wp-image-3917\" alt=\"\" \/>\t\t\t\t\t\t\t\t\t\t\t\t\t\t\t<\/div>\n\t\t\t\t<\/div>\n\t\t\t\t<div class=\"elementor-element elementor-element-4bf60d0 elementor-widget elementor-widget-text-editor\" data-id=\"4bf60d0\" data-element_type=\"widget\" data-widget_type=\"text-editor.default\">\n\t\t\t\t<div class=\"elementor-widget-container\">\n\t\t\t\t\t\t\t\t\t<h4>LIBERPEE \u2013 para mujeres, hecho por mujeres<\/h4>\t\t\t\t\t\t\t\t<\/div>\n\t\t\t\t<\/div>\n\t\t\t\t\t<\/div>\n\t\t<\/div>\n\t\t\t\t\t<\/div>\n\t\t<\/section>\n\t\t\t\t\t<\/div>\n\t\t<\/div>\n\t\t\t\t\t<\/div>\n\t\t<\/section>\n\t\t\t\t<\/div>\n\t\t","protected":false},"excerpt":{"rendered":"<p>\u00a1Hola chicas! Nosotras, Yesenia y Gabri\u00ebla, madre e hija, \u00a1tenemos una misi\u00f3n! Queremos que orinar de pie para las mujeres se vuelva tan normal como lo es para los hombres. Orinar de pie es realmente pr\u00e1ctico para las mujeres. Gracias al dispositivo femenino urinario port\u00e1til Liberpee, puedes orinar en cualquier lugar y en cualquier momento, [&hellip;]<\/p>\n","protected":false},"author":8153,"featured_media":0,"parent":0,"menu_order":0,"comment_status":"closed","ping_status":"closed","template":"page-full-width.php","meta":{"footnotes":""},"class_list":["post-19484","page","type-page","status-publish","hentry"],"_links":{"self":[{"href":"https:\/\/liberpee.com\/es\/wp-json\/wp\/v2\/pages\/19484","targetHints":{"allow":["GET"]}}],"collection":[{"href":"https:\/\/liberpee.com\/es\/wp-json\/wp\/v2\/pages"}],"about":[{"href":"https:\/\/liberpee.com\/es\/wp-json\/wp\/v2\/types\/page"}],"author":[{"embeddable":true,"href":"https:\/\/liberpee.com\/es\/wp-json\/wp\/v2\/users\/8153"}],"replies":[{"embeddable":true,"href":"https:\/\/liberpee.com\/es\/wp-json\/wp\/v2\/comments?post=19484"}],"version-history":[{"count":16,"href":"https:\/\/liberpee.com\/es\/wp-json\/wp\/v2\/pages\/19484\/revisions"}],"predecessor-version":[{"id":83996,"href":"https:\/\/liberpee.com\/es\/wp-json\/wp\/v2\/pages\/19484\/revisions\/83996"}],"wp:attachment":[{"href":"https:\/\/liberpee.com\/es\/wp-json\/wp\/v2\/media?parent=19484"}],"curies":[{"name":"wp","href":"https:\/\/api.w.org\/{rel}","templated":true}]}}