{"id":19456,"date":"2022-07-19T10:03:22","date_gmt":"2022-07-19T08:03:22","guid":{"rendered":"https:\/\/uixi.eu\/?page_id=19456"},"modified":"2024-11-12T12:47:43","modified_gmt":"2024-11-12T11:47:43","slug":"como-funciona","status":"publish","type":"page","link":"https:\/\/liberpee.com\/es\/como-funciona\/","title":{"rendered":"\u00bfC\u00f3mo funciona?"},"content":{"rendered":"\t\t<div data-elementor-type=\"wp-page\" data-elementor-id=\"19456\" class=\"elementor elementor-19456 elementor-3024\" data-elementor-post-type=\"page\">\n\t\t\t\t\t\t<section class=\"elementor-section elementor-top-section elementor-element elementor-element-41b7122 elementor-section-full_width elementor-section-stretched elementor-section-height-default elementor-section-height-default\" data-id=\"41b7122\" data-element_type=\"section\" data-settings=\"{&quot;stretch_section&quot;:&quot;section-stretched&quot;,&quot;background_background&quot;:&quot;classic&quot;}\">\n\t\t\t\t\t\t<div class=\"elementor-container elementor-column-gap-default\">\n\t\t\t\t\t<div class=\"elementor-column elementor-col-100 elementor-top-column elementor-element elementor-element-1599eb3\" data-id=\"1599eb3\" data-element_type=\"column\">\n\t\t\t<div class=\"elementor-widget-wrap elementor-element-populated\">\n\t\t\t\t\t\t<div class=\"elementor-element elementor-element-f17d834 elementor-widget elementor-widget-heading\" data-id=\"f17d834\" data-element_type=\"widget\" data-widget_type=\"heading.default\">\n\t\t\t\t<div class=\"elementor-widget-container\">\n\t\t\t\t\t<h2 class=\"elementor-heading-title elementor-size-default\">\u00bfC\u00f3mo funciona Liberpee? <\/h2>\t\t\t\t<\/div>\n\t\t\t\t<\/div>\n\t\t\t\t<div class=\"elementor-element elementor-element-2991d19 elementor-widget elementor-widget-heading\" data-id=\"2991d19\" data-element_type=\"widget\" data-widget_type=\"heading.default\">\n\t\t\t\t<div class=\"elementor-widget-container\">\n\t\t\t\t\t<p class=\"elementor-heading-title elementor-size-default\">\u00a1Liberpee es s\u00faper f\u00e1cil de usar!<\/p>\t\t\t\t<\/div>\n\t\t\t\t<\/div>\n\t\t\t\t\t<\/div>\n\t\t<\/div>\n\t\t\t\t\t<\/div>\n\t\t<\/section>\n\t\t\t\t<section class=\"elementor-section elementor-top-section elementor-element elementor-element-8dd90de elementor-section-boxed elementor-section-height-default elementor-section-height-default\" data-id=\"8dd90de\" data-element_type=\"section\">\n\t\t\t\t\t\t<div class=\"elementor-container elementor-column-gap-default\">\n\t\t\t\t\t<div class=\"elementor-column elementor-col-16 elementor-top-column elementor-element elementor-element-77ebf1c\" data-id=\"77ebf1c\" data-element_type=\"column\">\n\t\t\t<div class=\"elementor-widget-wrap\">\n\t\t\t\t\t\t\t<\/div>\n\t\t<\/div>\n\t\t\t\t<div class=\"elementor-column elementor-col-66 elementor-top-column elementor-element elementor-element-db117c4\" data-id=\"db117c4\" data-element_type=\"column\">\n\t\t\t<div class=\"elementor-widget-wrap elementor-element-populated\">\n\t\t\t\t\t\t<div class=\"elementor-element elementor-element-0ff0c74 elementor-widget elementor-widget-heading\" data-id=\"0ff0c74\" data-element_type=\"widget\" data-widget_type=\"heading.default\">\n\t\t\t\t<div class=\"elementor-widget-container\">\n\t\t\t\t\t<h3 class=\"elementor-heading-title elementor-size-default\">El dispositivo femenino urinario Liberpee<\/h3>\t\t\t\t<\/div>\n\t\t\t\t<\/div>\n\t\t\t\t<div class=\"elementor-element elementor-element-02efb5a elementor-widget elementor-widget-text-editor\" data-id=\"02efb5a\" data-element_type=\"widget\" data-widget_type=\"text-editor.default\">\n\t\t\t\t<div class=\"elementor-widget-container\">\n\t\t\t\t\t\t\t\t\t<p>Liberpee es un dispositivo femenino urinario reutilizable y port\u00e1til que brinda a las mujeres la libertad de orinar de pie de forma c\u00f3moda, discreta y higi\u00e9nica.<\/p>\t\t\t\t\t\t\t\t<\/div>\n\t\t\t\t<\/div>\n\t\t\t\t\t<\/div>\n\t\t<\/div>\n\t\t\t\t<div class=\"elementor-column elementor-col-16 elementor-top-column elementor-element elementor-element-efb963c\" data-id=\"efb963c\" data-element_type=\"column\">\n\t\t\t<div class=\"elementor-widget-wrap\">\n\t\t\t\t\t\t\t<\/div>\n\t\t<\/div>\n\t\t\t\t\t<\/div>\n\t\t<\/section>\n\t\t\t\t<section class=\"elementor-section elementor-top-section elementor-element elementor-element-2f6b219 elementor-section-boxed elementor-section-height-default elementor-section-height-default\" data-id=\"2f6b219\" data-element_type=\"section\">\n\t\t\t\t\t\t<div class=\"elementor-container elementor-column-gap-default\">\n\t\t\t\t\t<div class=\"elementor-column elementor-col-100 elementor-top-column elementor-element elementor-element-0fe5f63\" data-id=\"0fe5f63\" data-element_type=\"column\">\n\t\t\t<div class=\"elementor-widget-wrap elementor-element-populated\">\n\t\t\t\t\t\t<div class=\"elementor-element elementor-element-e8bb5f9 elementor-widget elementor-widget-text-editor\" data-id=\"e8bb5f9\" data-element_type=\"widget\" data-widget_type=\"text-editor.default\">\n\t\t\t\t<div class=\"elementor-widget-container\">\n\t\t\t\t\t\t\t\t\t<p><div style=\"width: 368px;\" class=\"wp-video\"><video class=\"wp-video-shortcode\" id=\"video-19456-1\" width=\"368\" height=\"656\" preload=\"metadata\" controls=\"controls\"><source type=\"video\/mp4\" src=\"https:\/\/liberpee.com\/wp-content\/uploads\/2023\/08\/DEMO-Liberpee-2023.mp4?_=1\" \/><a href=\"https:\/\/liberpee.com\/wp-content\/uploads\/2023\/08\/DEMO-Liberpee-2023.mp4\">https:\/\/liberpee.com\/wp-content\/uploads\/2023\/08\/DEMO-Liberpee-2023.mp4<\/a><\/video><\/div><\/p>\t\t\t\t\t\t\t\t<\/div>\n\t\t\t\t<\/div>\n\t\t\t\t<div class=\"elementor-element elementor-element-7d20b13 elementor-widget elementor-widget-text-editor\" data-id=\"7d20b13\" data-element_type=\"widget\" data-widget_type=\"text-editor.default\">\n\t\t\t\t<div class=\"elementor-widget-container\">\n\t\t\t\t\t\t\t\t\t<h4>Liberpee es muy f\u00e1cil de usar:<\/h4>\t\t\t\t\t\t\t\t<\/div>\n\t\t\t\t<\/div>\n\t\t\t\t\t<\/div>\n\t\t<\/div>\n\t\t\t\t\t<\/div>\n\t\t<\/section>\n\t\t\t\t<section class=\"elementor-section elementor-top-section elementor-element elementor-element-1f63285 elementor-section-boxed elementor-section-height-default elementor-section-height-default\" data-id=\"1f63285\" data-element_type=\"section\">\n\t\t\t\t\t\t<div class=\"elementor-container elementor-column-gap-default\">\n\t\t\t\t\t<div class=\"elementor-column elementor-col-33 elementor-top-column elementor-element elementor-element-f8f65c4\" data-id=\"f8f65c4\" data-element_type=\"column\">\n\t\t\t<div class=\"elementor-widget-wrap elementor-element-populated\">\n\t\t\t\t\t\t<div class=\"elementor-element elementor-element-fba08a3 elementor-widget elementor-widget-image\" data-id=\"fba08a3\" data-element_type=\"widget\" data-widget_type=\"image.default\">\n\t\t\t\t<div class=\"elementor-widget-container\">\n\t\t\t\t\t\t\t\t\t\t\t\t\t\t\t<img fetchpriority=\"high\" decoding=\"async\" width=\"739\" height=\"478\" src=\"https:\/\/liberpee.com\/wp-content\/uploads\/2023\/04\/Liberpee_How-te-use-standing.png\" class=\"attachment-large size-large wp-image-27791\" alt=\"\" srcset=\"https:\/\/liberpee.com\/wp-content\/uploads\/2023\/04\/Liberpee_How-te-use-standing.png 739w, https:\/\/liberpee.com\/wp-content\/uploads\/2023\/04\/Liberpee_How-te-use-standing-300x194.png 300w\" sizes=\"(max-width: 739px) 100vw, 739px\" \/>\t\t\t\t\t\t\t\t\t\t\t\t\t\t\t<\/div>\n\t\t\t\t<\/div>\n\t\t\t\t\t<\/div>\n\t\t<\/div>\n\t\t\t\t<div class=\"elementor-column elementor-col-66 elementor-top-column elementor-element elementor-element-7e22ecf\" data-id=\"7e22ecf\" data-element_type=\"column\">\n\t\t\t<div class=\"elementor-widget-wrap elementor-element-populated\">\n\t\t\t\t\t\t<div class=\"elementor-element elementor-element-a08a084 elementor-widget elementor-widget-text-editor\" data-id=\"a08a084\" data-element_type=\"widget\" data-widget_type=\"text-editor.default\">\n\t\t\t\t<div class=\"elementor-widget-container\">\n\t\t\t\t\t\t\t\t\t<p><span style=\"color: #fc70d9;\"><strong>Orinar de pie con Liberpee en 5 pasos:<\/strong><\/span><\/p><p><span style=\"color: #fc70d9;\"><strong>01<\/strong>\u00a0<\/span>Desabrocha tu pantal\u00f3n y desplaza tu ropa interior hacia un lado. Coloca el LIBERPEE con la parte estrecha hacia adelante.<\/p><p><span style=\"color: #fc70d9;\"><strong>02<\/strong> <\/span>Presiona firmemente la parte superior de LIBERPEE para evitar cualquier escape.<\/p><p><span style=\"color: #fc70d9;\"><strong>03<\/strong>\u00a0<\/span>Mant\u00e9n el LIBERPEE ligeramente inclinado hacia abajo. \u00a1Rel\u00e1jate&#8230; y orina! Gracias al borde pr\u00e1ctico en la parte superior, puedes secarte f\u00e1cilmente. \u00a1No necesitas papel higi\u00e9nico!<\/p><p><span style=\"color: #fc70d9;\"><strong>04<\/strong><\/span>\u00a0Agita tu LIBERPEE para secarlo. El uso de pl\u00e1stico de alta calidad evita que quede humedad en el orinal.<\/p><p><span style=\"color: #fc70d9;\"><strong>05<\/strong>\u00a0<\/span>Guarda el LIBERPEE de nuevo en su bolsa. La bolsa de almacenamiento es lavable. \u00a1Listo!<\/p>\t\t\t\t\t\t\t\t<\/div>\n\t\t\t\t<\/div>\n\t\t\t\t\t<\/div>\n\t\t<\/div>\n\t\t\t\t\t<\/div>\n\t\t<\/section>\n\t\t\t\t<section class=\"elementor-section elementor-top-section elementor-element elementor-element-beccb4b elementor-section-boxed elementor-section-height-default elementor-section-height-default\" data-id=\"beccb4b\" data-element_type=\"section\">\n\t\t\t\t\t\t<div class=\"elementor-container elementor-column-gap-default\">\n\t\t\t\t\t<div class=\"elementor-column elementor-col-33 elementor-top-column elementor-element elementor-element-2d8f98f\" data-id=\"2d8f98f\" data-element_type=\"column\">\n\t\t\t<div class=\"elementor-widget-wrap elementor-element-populated\">\n\t\t\t\t\t\t<div class=\"elementor-element elementor-element-4c0a13b elementor-widget elementor-widget-image\" data-id=\"4c0a13b\" data-element_type=\"widget\" data-widget_type=\"image.default\">\n\t\t\t\t<div class=\"elementor-widget-container\">\n\t\t\t\t\t\t\t\t\t\t\t\t\t\t\t<img decoding=\"async\" width=\"738\" height=\"227\" src=\"https:\/\/liberpee.com\/wp-content\/uploads\/2023\/04\/Liberpee_How-te-use-seated.png\" class=\"attachment-large size-large wp-image-27783\" alt=\"\" srcset=\"https:\/\/liberpee.com\/wp-content\/uploads\/2023\/04\/Liberpee_How-te-use-seated.png 738w, https:\/\/liberpee.com\/wp-content\/uploads\/2023\/04\/Liberpee_How-te-use-seated-300x92.png 300w\" sizes=\"(max-width: 738px) 100vw, 738px\" \/>\t\t\t\t\t\t\t\t\t\t\t\t\t\t\t<\/div>\n\t\t\t\t<\/div>\n\t\t\t\t\t<\/div>\n\t\t<\/div>\n\t\t\t\t<div class=\"elementor-column elementor-col-66 elementor-top-column elementor-element elementor-element-9cf75df\" data-id=\"9cf75df\" data-element_type=\"column\">\n\t\t\t<div class=\"elementor-widget-wrap elementor-element-populated\">\n\t\t\t\t\t\t<div class=\"elementor-element elementor-element-a199dae elementor-widget elementor-widget-text-editor\" data-id=\"a199dae\" data-element_type=\"widget\" data-widget_type=\"text-editor.default\">\n\t\t\t\t<div class=\"elementor-widget-container\">\n\t\t\t\t\t\t\t\t\t<p><span style=\"color: #fc70d9;\"><strong>Orinar sentada con LIBERPEE:<\/strong><\/span><\/p><p><span style=\"color: #fc70d9;\"><strong>01<\/strong>\u00a0<\/span>Desl\u00edzate hacia adelante y coloca el LIBERPEE con la parte estrecha hacia adelante y ligeramente inclinada hacia abajo.<\/p><p><span style=\"color: #fc70d9;\"><strong>02<\/strong><\/span>\u00a0Ahora sigue los pasos 2, 3, 4 y 5 de la instrucci\u00f3n anterior.<\/p>\t\t\t\t\t\t\t\t<\/div>\n\t\t\t\t<\/div>\n\t\t\t\t\t<\/div>\n\t\t<\/div>\n\t\t\t\t\t<\/div>\n\t\t<\/section>\n\t\t\t\t<section class=\"elementor-section elementor-top-section elementor-element elementor-element-8f93ebd elementor-section-boxed elementor-section-height-default elementor-section-height-default\" data-id=\"8f93ebd\" data-element_type=\"section\">\n\t\t\t\t\t\t<div class=\"elementor-container elementor-column-gap-default\">\n\t\t\t\t\t<div class=\"elementor-column elementor-col-100 elementor-top-column elementor-element elementor-element-dac51be\" data-id=\"dac51be\" data-element_type=\"column\">\n\t\t\t<div class=\"elementor-widget-wrap elementor-element-populated\">\n\t\t\t\t\t\t<div class=\"elementor-element elementor-element-d5859f0 elementor-widget elementor-widget-text-editor\" data-id=\"d5859f0\" data-element_type=\"widget\" data-widget_type=\"text-editor.default\">\n\t\t\t\t<div class=\"elementor-widget-container\">\n\t\t\t\t\t\t\t\t\t<blockquote>\n<h3>\u00abLa primera vez ser\u00e1 un poco extra\u00f1o, pero una vez que te acostumbres, \u00a1no querr\u00e1s otra cosa!\u00bb<\/h3>\n<\/blockquote>\t\t\t\t\t\t\t\t<\/div>\n\t\t\t\t<\/div>\n\t\t\t\t<div class=\"elementor-element elementor-element-31995c7 elementor-widget elementor-widget-text-editor\" data-id=\"31995c7\" data-element_type=\"widget\" data-widget_type=\"text-editor.default\">\n\t\t\t\t<div class=\"elementor-widget-container\">\n\t\t\t\t\t\t\t\t\t<h4>Limpio e higi\u00e9nico<\/h4><p>El dispositivo femenino Liberpee est\u00e1 hecho de pol\u00edmeros de alta densidad que impiden la acumulaci\u00f3n de residuos, olores y la adhesi\u00f3n de bacterias. Despu\u00e9s de usarla, basta con agitar el dispositivo para secarlo y evitar que queden gotas; luego, puedes guardarlo en su bolsita de almacenamiento. Al llegar a casa, enju\u00e1galo brevemente y puedes esterilizarlo sumergi\u00e9ndolo en agua hirviendo. El material es suave para la piel y su dise\u00f1o patentado permite colocarlo f\u00e1cilmente y ajustarlo donde es necesario. \u00a1Liberpee siempre se mantiene limpio e higi\u00e9nico, listo para su pr\u00f3ximo uso!\u00a0<span style=\"color: var( --e-global-color-text ); font-family: var( --e-global-typography-text-font-family ), Sans-serif;\">No importa cu\u00e1ntas veces uses la Liberpee, \u00a1siempre se mantiene limpia e higi\u00e9nica!<\/span><\/p>\t\t\t\t\t\t\t\t<\/div>\n\t\t\t\t<\/div>\n\t\t\t\t<div class=\"elementor-element elementor-element-9892641 elementor-widget elementor-widget-text-editor\" data-id=\"9892641\" data-element_type=\"widget\" data-widget_type=\"text-editor.default\">\n\t\t\t\t<div class=\"elementor-widget-container\">\n\t\t\t\t\t\t\t\t\t<h4>Lleva tu dispositivo Liberpee a todas partes<\/h4><p>Seguro que te ha pasado: necesitas orinar urgentemente, pero el ba\u00f1o est\u00e1 muy sucio. O peor a\u00fan, \u00a1no hay ba\u00f1o cerca! \u00bfQu\u00e9 haces en ese momento? \u00bfInclinarte sobre un ba\u00f1o sucio, arriesg\u00e1ndote a resbalar y caer en ese ambiente antihigi\u00e9nico? \u00bfO agacharte en los arbustos? \u00a1Sabemos lo inc\u00f3modo y complicado que puede ser! Con el dispositivo femenino urinario port\u00e1til Liberpee, siempre estar\u00e1s preparada: ll\u00e9valo contigo en viajes, campamentos, caminatas, en el bosque, en el tren, en el coche durante largos trayectos, en festivales o en cualquier lugar donde el ba\u00f1o no est\u00e9 limpio. \u00a1Liberpee es tu salvaci\u00f3n en esos momentos de necesidad!<\/p>\t\t\t\t\t\t\t\t<\/div>\n\t\t\t\t<\/div>\n\t\t\t\t<div class=\"elementor-element elementor-element-7bbabc9 elementor-widget elementor-widget-text-editor\" data-id=\"7bbabc9\" data-element_type=\"widget\" data-widget_type=\"text-editor.default\">\n\t\t\t\t<div class=\"elementor-widget-container\">\n\t\t\t\t\t\t\t\t\t<h4>\u00bfFemenino?<\/h4><p>\u00a1S\u00ed, femenino, mi reina! Orinar de pie todav\u00eda se considera algo que solo hacen los hombres y, por lo tanto, algo masculino. Esto es lo que vamos a cambiar. A menudo ocurre que no hay un ba\u00f1o limpio o que directamente no hay ba\u00f1o. \u00bfEs m\u00e1s femenino sentarse en un asiento de inodoro sucio o orinar limpiamente desde arriba? \u00bfSe siente m\u00e1s seguro exponer tus nalgas en las ortigas o regar esas plantas espinosas desde una posici\u00f3n segura de pie? Orinar de pie tambi\u00e9n es algo femenino. Nos da poder y libertad. Los hombres ya no pueden hacer nada que nosotras no podamos. Lev\u00e1ntate por ti misma y empieza a orinar de pie.<\/p>\t\t\t\t\t\t\t\t<\/div>\n\t\t\t\t<\/div>\n\t\t\t\t<div class=\"elementor-element elementor-element-e2f03bb elementor-widget elementor-widget-text-editor\" data-id=\"e2f03bb\" data-element_type=\"widget\" data-widget_type=\"text-editor.default\">\n\t\t\t\t<div class=\"elementor-widget-container\">\n\t\t\t\t\t\t\t\t\t<h4>\u00bfSolo para mujeres?<\/h4>\n<p>Debido al tab\u00fa en torno a orinar de pie, nos dirigimos espec\u00edficamente a mujeres. Romper el tab\u00fa es nuestra prioridad, pero toda persona con vagina debe poder disfrutar de orinar de pie. El Liberpee es para todos los propietarios de vulvas, no solo para mujeres cisg\u00e9nero, sino tambi\u00e9n para hombres trans y personas no binarias. Todos somos iguales sobre el asiento del inodoro (Safe Plees \u2013 Red GSA, Alice).<\/p>\n<h5>Usa tu dispositivo Liberpee tambi\u00e9n para recolectar muestras de orina de forma f\u00e1cil y c\u00f3moda.<\/h5>\t\t\t\t\t\t\t\t<\/div>\n\t\t\t\t<\/div>\n\t\t\t\t<div class=\"elementor-element elementor-element-0f101fd elementor-widget elementor-widget-image\" data-id=\"0f101fd\" data-element_type=\"widget\" data-widget_type=\"image.default\">\n\t\t\t\t<div class=\"elementor-widget-container\">\n\t\t\t\t\t\t\t\t\t\t\t\t\t\t\t<img decoding=\"async\" width=\"900\" height=\"599\" src=\"https:\/\/liberpee.com\/wp-content\/uploads\/2024\/04\/VivianneSanderse-blauw1-Liberpee-1024x682.jpg\" class=\"attachment-large size-large wp-image-56844\" alt=\"\" srcset=\"https:\/\/liberpee.com\/wp-content\/uploads\/2024\/04\/VivianneSanderse-blauw1-Liberpee-1024x682.jpg 1024w, https:\/\/liberpee.com\/wp-content\/uploads\/2024\/04\/VivianneSanderse-blauw1-Liberpee-920x613.jpg 920w, https:\/\/liberpee.com\/wp-content\/uploads\/2024\/04\/VivianneSanderse-blauw1-Liberpee-300x200.jpg 300w, https:\/\/liberpee.com\/wp-content\/uploads\/2024\/04\/VivianneSanderse-blauw1-Liberpee-768x512.jpg 768w, https:\/\/liberpee.com\/wp-content\/uploads\/2024\/04\/VivianneSanderse-blauw1-Liberpee-1536x1023.jpg 1536w, https:\/\/liberpee.com\/wp-content\/uploads\/2024\/04\/VivianneSanderse-blauw1-Liberpee.jpg 1920w\" sizes=\"(max-width: 900px) 100vw, 900px\" \/>\t\t\t\t\t\t\t\t\t\t\t\t\t\t\t<\/div>\n\t\t\t\t<\/div>\n\t\t\t\t\t<\/div>\n\t\t<\/div>\n\t\t\t\t\t<\/div>\n\t\t<\/section>\n\t\t\t\t<\/div>\n\t\t","protected":false},"excerpt":{"rendered":"<p>\u00bfC\u00f3mo funciona Liberpee? \u00a1Liberpee es s\u00faper f\u00e1cil de usar! El dispositivo femenino urinario Liberpee Liberpee es un dispositivo femenino urinario reutilizable y port\u00e1til que brinda a las mujeres la libertad de orinar de pie de forma c\u00f3moda, discreta y higi\u00e9nica. Liberpee es muy f\u00e1cil de usar: Orinar de pie con Liberpee en 5 pasos: 01\u00a0Desabrocha [&hellip;]<\/p>\n","protected":false},"author":8153,"featured_media":0,"parent":0,"menu_order":0,"comment_status":"closed","ping_status":"closed","template":"","meta":{"footnotes":""},"class_list":["post-19456","page","type-page","status-publish","hentry"],"_links":{"self":[{"href":"https:\/\/liberpee.com\/es\/wp-json\/wp\/v2\/pages\/19456","targetHints":{"allow":["GET"]}}],"collection":[{"href":"https:\/\/liberpee.com\/es\/wp-json\/wp\/v2\/pages"}],"about":[{"href":"https:\/\/liberpee.com\/es\/wp-json\/wp\/v2\/types\/page"}],"author":[{"embeddable":true,"href":"https:\/\/liberpee.com\/es\/wp-json\/wp\/v2\/users\/8153"}],"replies":[{"embeddable":true,"href":"https:\/\/liberpee.com\/es\/wp-json\/wp\/v2\/comments?post=19456"}],"version-history":[{"count":32,"href":"https:\/\/liberpee.com\/es\/wp-json\/wp\/v2\/pages\/19456\/revisions"}],"predecessor-version":[{"id":83992,"href":"https:\/\/liberpee.com\/es\/wp-json\/wp\/v2\/pages\/19456\/revisions\/83992"}],"wp:attachment":[{"href":"https:\/\/liberpee.com\/es\/wp-json\/wp\/v2\/media?parent=19456"}],"curies":[{"name":"wp","href":"https:\/\/api.w.org\/{rel}","templated":true}]}}