{"id":19319,"date":"2021-06-22T13:47:45","date_gmt":"2021-06-22T13:47:45","guid":{"rendered":"https:\/\/uixi.eu\/algemene-voorwaarden\/"},"modified":"2024-04-08T14:59:31","modified_gmt":"2024-04-08T12:59:31","slug":"terminos-y-condiciones","status":"publish","type":"page","link":"https:\/\/liberpee.com\/es\/terminos-y-condiciones\/","title":{"rendered":"T\u00e9rminos y Condiciones"},"content":{"rendered":"<p>Art\u00edculo 1 \u2013 Definiciones<br \/>\nArt\u00edculo 2 \u2013 Identidad del empresario<br \/>\nArt\u00edculo 3 \u2013 Aplicabilidad<br \/>\nArt\u00edculo 4 \u2013 La Oferta<br \/>\nArt\u00edculo 5 \u2013 El Contrato<br \/>\nArt\u00edculo 6 \u2013 El Precio<br \/>\nArt\u00edculo 7 \u2013 Pago<br \/>\nArt\u00edculo 8 \u2013 Entrega y ejecuci\u00f3n<br \/>\nArt\u00edculo 9 \u2013 Conformidad y garant\u00eda<br \/>\nArt\u00edculo 10 \u2013 Derecho de desistimiento<br \/>\nArt\u00edculo 11 \u2013 Exclusi\u00f3n del derecho de desistimiento<br \/>\nArt\u00edculo 12 \u2013 Costos de desistimiento<br \/>\nArt\u00edculo 13 \u2013 Responsabilidad legal<br \/>\nArt\u00edculo 14 \u2013 Regulaci\u00f3n de quejas<\/p>\n<h4>Art\u00edculo 1 &#8211; Definiciones<\/h4>\n<p>En estos t\u00e9rminos y condiciones se entiende por:<br \/>\nLegislaci\u00f3n: se aplica la ley neerlandesa;<br \/>\nEmpresario: la persona f\u00edsica o jur\u00eddica que ofrece productos y\/o servicios a distancia a los consumidores;<br \/>\nConsumidor: la persona f\u00edsica que no act\u00faa en el ejercicio de su profesi\u00f3n o negocio y celebra un contrato a distancia con el empresario;<br \/>\nContrato a distancia: un contrato en el que, en el marco de un sistema organizado por el empresario para la venta a distancia de productos y\/o servicios, hasta la conclusi\u00f3n del contrato, se utiliza exclusivamente una o m\u00e1s t\u00e9cnicas de comunicaci\u00f3n a distancia;<br \/>\nT\u00e9cnica de comunicaci\u00f3n a distancia: medio que se puede utilizar para celebrar un contrato, sin que el consumidor y el empresario est\u00e9n presentes simult\u00e1neamente en el mismo espacio;<br \/>\nPeriodo de reflexi\u00f3n: el plazo durante el cual el consumidor puede ejercer su derecho de desistimiento;<br \/>\nDerecho de desistimiento: la posibilidad de que el consumidor rechace el contrato a distancia dentro del periodo de reflexi\u00f3n;<br \/>\nD\u00eda: d\u00eda del calendario, hora neerlandesa;<br \/>\nMedio de almacenamiento de datos duradero: cualquier medio que permita al consumidor o al empresario almacenar informaci\u00f3n dirigida personalmente a \u00e9l de manera que permita su consulta futura y reproducci\u00f3n inalterada de la informaci\u00f3n almacenada.<\/p>\n<h4>Art\u00edculo 2 &#8211; Identidad del empresario<\/h4>\n<p>Nombre del empresario: Y.N. de Winter<br \/>\nDirecci\u00f3n: Linie 1, 5405 AR Uden<br \/>\nN\u00famero de tel\u00e9fono: (+31) 413-256968<br \/>\nDirecci\u00f3n de correo electr\u00f3nico: info@Liberpee.com<br \/>\nRegistro Mercantil: 71337210<br \/>\nN\u00famero de IVA: se proporciona solo bajo solicitud<\/p>\n<h4>Art\u00edculo 3 &#8211; Aplicabilidad<\/h4>\n<p>1)Estos T\u00e9rminos y Condiciones Generales se aplican a toda oferta de la tienda web de Liberpee y a todo contrato a distancia celebrado entre el empresario y el consumidor.<br \/>\n2)El derecho neerland\u00e9s se aplica a todos los contratos entre el Consumidor y la tienda web de Liberpee.<br \/>\n3)El empresario pondr\u00e1 estos T\u00e9rminos y Condiciones Generales a disposici\u00f3n del Consumidor para su consulta de manera r\u00e1pida y gratuita. Si esto no es razonablemente posible, el empresario indicar\u00e1 d\u00f3nde se pueden consultar estos T\u00e9rminos y Condiciones Generales antes de la celebraci\u00f3n del contrato y que se pueden enviar gratuitamente si se desea.<br \/>\n4)Si el contrato se puede celebrar electr\u00f3nicamente, el texto de estos T\u00e9rminos y Condiciones Generales se pondr\u00e1 a disposici\u00f3n electr\u00f3nicamente de tal manera que sea f\u00e1cil de consultar y se pueda descargar de tal forma que se pueda almacenar en un soporte de datos electr\u00f3nicos duradero.<\/p>\n<h4>Art\u00edculo 4 &#8211; La oferta<\/h4>\n<p>1)Si una oferta tiene una duraci\u00f3n limitada o se realiza bajo condiciones, esto se indicar\u00e1 expl\u00edcitamente en la oferta.<br \/>\n2)La oferta contiene una descripci\u00f3n completa y precisa de los productos y\/o servicios ofrecidos. La descripci\u00f3n es suficientemente detallada para permitir una buena evaluaci\u00f3n de la oferta por parte del consumidor. Si el empresario utiliza im\u00e1genes, estas son una representaci\u00f3n fiel de los productos y\/o servicios ofrecidos. Errores o equivocaciones evidentes en la oferta no comprometen al empresario.<br \/>\n3)Cada oferta contiene informaci\u00f3n tal que quede claro para el consumidor cu\u00e1les son los derechos y obligaciones vinculados a la aceptaci\u00f3n de la oferta. Esto incluye en particular:<br \/>\n\u2022 la forma en que el contrato ser\u00e1 establecido y las acciones necesarias para ello;<br \/>\n\u2022 el precio incluyendo impuestos;<br \/>\n\u2022 los costes de entrega;<br \/>\n\u2022 el m\u00e9todo de pago;<br \/>\n\u2022 el m\u00e9todo de entrega o ejecuci\u00f3n del contrato;<br \/>\n\u2022 la aplicabilidad o no del derecho de desistimiento.<\/p>\n<h4>Art\u00edculo 5 &#8211; El contrato<\/h4>\n<p>1)El contrato se formaliza, sujeto a lo dispuesto en el apartado 5, en el momento en que el consumidor acepta la oferta y cumple con las condiciones establecidas.<br \/>\n2)Si el consumidor ha aceptado la oferta por medios electr\u00f3nicos, el empresario confirmar\u00e1 inmediatamente por la misma v\u00eda la recepci\u00f3n de la aceptaci\u00f3n de la oferta. Mientras no se confirme la recepci\u00f3n de esta aceptaci\u00f3n, el consumidor puede rescindir el contrato.<br \/>\n3)El consumidor tiene la obligaci\u00f3n de informar al empresario inmediatamente sobre cualquier inexactitud en los datos de pago y direcci\u00f3n proporcionados o indicados.<br \/>\n4)Si el contrato se establece electr\u00f3nicamente, el empresario tomar\u00e1 medidas t\u00e9cnicas y organizativas adecuadas para proteger la transferencia electr\u00f3nica de datos y proporcionar\u00e1 un entorno web seguro. Si el consumidor puede pagar electr\u00f3nicamente, el empresario tomar\u00e1 medidas de seguridad adecuadas.<br \/>\n5)El empresario proporcionar\u00e1 al consumidor la siguiente informaci\u00f3n antes de la entrega del producto o servicio, por escrito o de tal manera que el consumidor pueda acceder a ella y almacenarla en un soporte de datos duradero:<br \/>\na) la direcci\u00f3n de contacto del empresario para que el consumidor pueda comunicarse en caso de quejas;<br \/>\nb) las condiciones y el m\u00e9todo para ejercer el derecho de desistimiento, o una indicaci\u00f3n clara de la exclusi\u00f3n del derecho de desistimiento;<br \/>\nc) informaci\u00f3n sobre servicios y garant\u00edas postventa existentes;<br \/>\nd) los datos incluidos en el Art\u00edculo 4, apartado 3, de estas condiciones.<\/p>\n<h4>Art\u00edculo 6 &#8211; El precio<\/h4>\n<p>1)Durante el per\u00edodo de validez mencionado en la oferta, los precios de los productos y\/o servicios ofrecidos no se incrementar\u00e1n, excepto por cambios en las tasas de IVA.<br \/>\n2)Los precios mencionados en la oferta de productos incluyen el IVA.<br \/>\n3)Los precios mencionados en la oferta de productos no incluyen los costos de env\u00edo, a menos que se indique expresamente lo contrario.<\/p>\n<h4>Art\u00edculo 7 &#8211; Pago<\/h4>\n<p>1)El consumidor realizar\u00e1 el pago del contrato de inmediato, acreditando el monto total en la cuenta bancaria indicada en el contrato.<br \/>\n2)Si no se ha realizado el pago de acuerdo con el sub-1, el consumidor deber\u00e1 efectuar el pago dentro de un plazo m\u00e1ximo de 14 d\u00edas.<br \/>\n3)Si no se ha realizado el pago dentro de los 21 d\u00edas posteriores a la celebraci\u00f3n del contrato, el empresario se reserva el derecho de rescindir el contrato sin necesidad de dar razones. El empresario informar\u00e1 de inmediato al consumidor sobre esto.<br \/>\n4)En caso de rescisi\u00f3n de acuerdo con el Art\u00edculo 9 y\/o Art\u00edculo 10, el empresario reembolsar\u00e1 la cantidad pagada por el consumidor lo antes posible, pero a m\u00e1s tardar dentro de los 30 d\u00edas posteriores a la rescisi\u00f3n, en su totalidad.<\/p>\n<h4>Art\u00edculo 8 &#8211; Entrega y ejecuci\u00f3n<\/h4>\n<p>1)El empresario tomar\u00e1 la mayor precauci\u00f3n posible al recibir, ejecutar el contrato y evaluar solicitudes para la prestaci\u00f3n de servicios.<br \/>\n2)Los consumidores no pueden reclamar el env\u00edo o la entrega de bienes antes de que se haya realizado el pago seg\u00fan lo establecido en el Art\u00edculo 7.<br \/>\n3)El lugar de entrega ser\u00e1 la direcci\u00f3n que el consumidor haya proporcionado a la tienda web de Liberpee.<br \/>\n4)Teniendo en cuenta lo mencionado en el sub-2 y en el Art\u00edculo 4, la tienda web de Liberpee ejecutar\u00e1 los pedidos aceptados con la mayor rapidez posible, pero a m\u00e1s tardar dentro de 15 d\u00edas, a menos que se haya acordado un plazo de entrega m\u00e1s largo.<br \/>\n5)Si la entrega sufre un retraso, o si un pedido no puede ser ejecutado o solo parcialmente, el consumidor ser\u00e1 informado a m\u00e1s tardar un mes despu\u00e9s de haber realizado el pedido. En ese caso, el consumidor tiene derecho a rescindir el contrato sin costo alguno.<br \/>\n6)El riesgo de da\u00f1o y\/o p\u00e9rdida de productos recae en el empresario hasta el momento de la entrega al consumidor, a menos que se haya acordado expl\u00edcitamente lo contrario.<\/p>\n<h4>Art\u00edculo 9 &#8211; Conformidad y Garant\u00eda<\/h4>\n<p>1)Aunque hacemos nuestro mejor esfuerzo para representar todos los detalles, descripciones y datos de precios en el sitio web de la manera m\u00e1s precisa posible, a\u00fan as\u00ed puede ocurrir que haya inexactitudes en el sitio web. Nos reservamos el derecho de corregir errores, ambig\u00fcedades o datos faltantes o de mejorarlos sin previo aviso. Nos reservamos el derecho de cancelar pedidos que se hayan realizado en base a informaci\u00f3n evidentemente err\u00f3nea.<br \/>\n2)El empresario garantiza que, teniendo en cuenta el sub-1, los productos y\/o servicios cumplen con el contrato, las especificaciones mencionadas en la oferta, las expectativas razonables de solidez y\/o utilidad y las disposiciones legales y\/o regulaciones gubernamentales existentes en la fecha de celebraci\u00f3n del contrato.<br \/>\n3)El empresario garantiza que los productos y\/o servicios est\u00e1n de acuerdo con las especificaciones indicadas en la oferta, cumplen con las expectativas razonables en cuanto a utilidad y\/o fiabilidad y se ajustan a la legislaci\u00f3n vigente en el d\u00eda en que se cerr\u00f3 el contrato.<br \/>\n4)Un arreglo de garant\u00eda adicional ofrecido por el empresario, fabricante o importador no afecta los derechos y reclamaciones que el consumidor puede ejercer contra el empresario en caso de incumplimiento de las obligaciones del empresario con el consumidor, seg\u00fan la ley y\/o el contrato a distancia.<\/p>\n<h4>Art\u00edculo 10 &#8211; Derecho de Desistimiento en la Entrega de Productos<\/h4>\n<p>1)\u00a1Atenci\u00f3n! Por razones de higiene, la revocaci\u00f3n de la compra de productos Liberpee solo es posible en caso de errores de fabricaci\u00f3n demostrables.<br \/>\n2)Si se ha producido un error de fabricaci\u00f3n, el Consumidor puede devolver el producto y se reembolsar\u00e1n los costos en su totalidad. Por favor, contacte lo antes posible con la tienda web de Liberpee.<br \/>\n3)Si un pedido se ha realizado por error, puede ser revocado antes de que se haya realizado el env\u00edo.<br \/>\n4)Si el Consumidor puede demostrar que la tienda web de Liberpee no ha ejecutado el contrato de acuerdo con el Art\u00edculo 9, el consumidor puede revocar el contrato sin necesidad de dar m\u00e1s razones.<br \/>\n5)En caso de desistimiento, el Consumidor devolver\u00e1 el producto incluyendo todos los accesorios suministrados y en su estado original, incluyendo el embalaje, de acuerdo con las instrucciones del Empresario.<br \/>\n6)Debido a disposiciones legales, un formulario est\u00e1ndar para desistimiento puede ser descargado desde la p\u00e1gina web.<\/p>\n<h4>Art\u00edculo 11 &#8211; Exclusi\u00f3n del Derecho de Desistimiento<\/h4>\n<p>Solo si el Empresario lo ha comunicado claramente en el momento de ofrecer el servicio o producto, o en cualquier caso en un tiempo razonable antes de que se celebrara el contrato, el Empresario puede excluir los siguientes productos o servicios del derecho de desistimiento:<br \/>\na) Productos que por razones de higiene no son aptos para ser devueltos;<br \/>\nb) Productos sellados que no son aptos para ser devueltos por razones de salud o higiene y cuyo sello ha sido roto;<br \/>\nc) Productos que no se fabrican en un proceso de fabricaci\u00f3n est\u00e1ndar, sino que se han fabricado de acuerdo con los deseos espec\u00edficos del Consumidor, o que se han personalizado espec\u00edficamente para una persona.<\/p>\n<h4>Art\u00edculo 12 &#8211; Costos de Desistimiento<\/h4>\n<p>1)Si el consumidor hace uso de su derecho de desistimiento, como m\u00e1ximo los costos de devoluci\u00f3n correr\u00e1n por su cuenta.<br \/>\n2)El empresario reembolsar\u00e1, previa consulta, todos los costos, incluidos los costos de env\u00edo, que el consumidor haya incurrido para la entrega de productos, dentro de los 14 d\u00edas posteriores al d\u00eda en que el empresario reciba los productos de vuelta, o hasta que el consumidor demuestre que los productos han sido enviados de vuelta.<br \/>\n3)Si el consumidor elige un m\u00e9todo de devoluci\u00f3n m\u00e1s caro que el env\u00edo est\u00e1ndar m\u00e1s econ\u00f3mico, o elige un m\u00e9todo de env\u00edo no aprobado por el empresario, el empresario no necesitar\u00e1 reembolsar los costos adicionales.<\/p>\n<h4>Art\u00edculo 13 &#8211; Responsabilidad<\/h4>\n<p>La tienda web de Liberpee, el empresario, ni el fabricante pueden ser responsables por cualquier da\u00f1o que pueda surgir cuando el producto no funcione como se espera en casos individuales o cause da\u00f1os debido a un uso incorrecto.<\/p>\n<h4>Art\u00edculo 14 &#8211; Procedimiento de Quejas<\/h4>\n<p>1)Las quejas sobre la ejecuci\u00f3n del contrato deben presentarse al empresario dentro de los 7 d\u00edas, de manera completa y clara, despu\u00e9s de que el consumidor haya notado los defectos.<br \/>\n2)Las quejas presentadas al empresario ser\u00e1n respondidas dentro de un plazo de 14 d\u00edas a partir de la fecha de recepci\u00f3n. Si una queja requiere un tiempo de procesamiento previsiblemente m\u00e1s largo, el empresario responder\u00e1 dentro del plazo de 14 d\u00edas con un acuse de recibo y una indicaci\u00f3n de cu\u00e1ndo el consumidor puede esperar una respuesta m\u00e1s detallada.<\/p>\n","protected":false},"excerpt":{"rendered":"<p>Art\u00edculo 1 \u2013 Definiciones Art\u00edculo 2 \u2013 Identidad del empresario Art\u00edculo 3 \u2013 Aplicabilidad Art\u00edculo 4 \u2013 La Oferta Art\u00edculo 5 \u2013 El Contrato Art\u00edculo 6 \u2013 El Precio Art\u00edculo 7 \u2013 Pago Art\u00edculo 8 \u2013 Entrega y ejecuci\u00f3n Art\u00edculo 9 \u2013 Conformidad y garant\u00eda Art\u00edculo 10 \u2013 Derecho de desistimiento Art\u00edculo 11 \u2013 Exclusi\u00f3n [&hellip;]<\/p>\n","protected":false},"author":8153,"featured_media":0,"parent":0,"menu_order":0,"comment_status":"closed","ping_status":"closed","template":"","meta":{"footnotes":""},"class_list":["post-19319","page","type-page","status-publish","hentry"],"_links":{"self":[{"href":"https:\/\/liberpee.com\/es\/wp-json\/wp\/v2\/pages\/19319","targetHints":{"allow":["GET"]}}],"collection":[{"href":"https:\/\/liberpee.com\/es\/wp-json\/wp\/v2\/pages"}],"about":[{"href":"https:\/\/liberpee.com\/es\/wp-json\/wp\/v2\/types\/page"}],"author":[{"embeddable":true,"href":"https:\/\/liberpee.com\/es\/wp-json\/wp\/v2\/users\/8153"}],"replies":[{"embeddable":true,"href":"https:\/\/liberpee.com\/es\/wp-json\/wp\/v2\/comments?post=19319"}],"version-history":[{"count":4,"href":"https:\/\/liberpee.com\/es\/wp-json\/wp\/v2\/pages\/19319\/revisions"}],"predecessor-version":[{"id":56890,"href":"https:\/\/liberpee.com\/es\/wp-json\/wp\/v2\/pages\/19319\/revisions\/56890"}],"wp:attachment":[{"href":"https:\/\/liberpee.com\/es\/wp-json\/wp\/v2\/media?parent=19319"}],"curies":[{"name":"wp","href":"https:\/\/api.w.org\/{rel}","templated":true}]}}