{"id":19316,"date":"2021-06-22T13:20:59","date_gmt":"2021-06-22T13:20:59","guid":{"rendered":"https:\/\/uixi.eu\/privacy-policy\/"},"modified":"2024-04-08T15:03:46","modified_gmt":"2024-04-08T13:03:46","slug":"politica-de-privacidad","status":"publish","type":"page","link":"https:\/\/liberpee.com\/es\/politica-de-privacidad\/","title":{"rendered":"Pol\u00edtica de Privacidad"},"content":{"rendered":"\n<p>Tu privacidad es de gran importancia para nosotros. Por lo tanto, cumplimos con la ley de privacidad. Esto significa que tus datos est\u00e1n seguros con nosotros y que los usamos de manera adecuada. En esta declaraci\u00f3n de privacidad explicamos todo lo que hacemos en la tienda web www.liberpee.com con la informaci\u00f3n que obtenemos sobre ti.<br>Si tienes preguntas o deseas saber exactamente qu\u00e9 datos tuyos tenemos, por favor contacta a info@liberpee.com<\/p>\n\n\n\n<h4 class=\"wp-block-heading\">Datos personales que procesamos<\/h4>\n\n\n\n<p>Liberpee procesa tus datos personales porque utilizas nuestros servicios y\/o porque t\u00fa nos los proporcionas. A continuaci\u00f3n, encontrar\u00e1s una lista de los datos personales que procesamos:<br>Nombre y apellido<br>Direcci\u00f3n<br>N\u00famero de tel\u00e9fono<br>Direcci\u00f3n de correo electr\u00f3nico<br>Datos sobre tus actividades en nuestro sitio web<br>N\u00famero de cuenta bancaria<\/p>\n\n\n\n<h4 class=\"wp-block-heading\">Datos Personales Especiales y\/o Sensibles que Procesamos<\/h4>\n\n\n\n<p>Nuestro sitio web y\/o servicio no tiene la intenci\u00f3n de recopilar datos de visitantes del sitio web menores de 16 a\u00f1os, a menos que tengan permiso de sus padres o tutores. Sin embargo, no podemos verificar si un visitante tiene m\u00e1s de 16 a\u00f1os. Por lo tanto, recomendamos a los padres que est\u00e9n involucrados en las actividades en l\u00ednea de sus hijos para evitar la recopilaci\u00f3n de datos de ni\u00f1os sin el consentimiento de los padres. Si crees que hemos recopilado datos personales sobre un menor sin ese consentimiento, cont\u00e1ctanos en info@liberpee.com y eliminaremos esta informaci\u00f3n.<\/p>\n\n\n\n<h4 class=\"wp-block-heading\">Con qu\u00e9 Prop\u00f3sito y sobre qu\u00e9 Base Procesamos Datos Personales<\/h4>\n\n\n\n<p>Liberpee procesa tus datos personales para los siguientes prop\u00f3sitos:<br>Procesar tu pago.<br>Enviar nuestro bolet\u00edn informativo y\/o folleto publicitario.<br>Contactarte por tel\u00e9fono o correo electr\u00f3nico si es necesario para llevar a cabo nuestros servicios.<br>Informarte sobre cambios en nuestros servicios y productos.<br>Entregar bienes y servicios.<br>Liberpee tambi\u00e9n procesa datos personales cuando estamos legalmente obligados a hacerlo, como los datos que necesitamos para nuestra declaraci\u00f3n de impuestos.<\/p>\n\n\n\n<h4 class=\"wp-block-heading\">Toma de Decisiones Automatizada<\/h4>\n\n\n\n<p>Liberpee no toma decisiones basadas en procesamientos automatizados que puedan tener consecuencias (significativas) para las personas. Estas son decisiones tomadas por programas de computadora o sistemas sin la intervenci\u00f3n de un humano (por ejemplo, un empleado de Liberpee). Liberpee utiliza los siguientes programas de computadora o sistemas:<\/p>\n\n\n\n<p>Mollie \u2013 sistema de pago de la tienda en l\u00ednea.<br>Sendcloud \u2013 sistema de env\u00edo de la tienda en l\u00ednea.<br>Google Analytics \u2013 an\u00e1lisis de visitantes en la tienda en l\u00ednea de Liberpee.<br>G-Suite \u2013 env\u00edo de correos electr\u00f3nicos.<br>Mailchimp \u2013 env\u00edo de boletines informativos y actualizaciones sobre Liberpee y sus productos.<\/p>\n\n\n\n<h4 class=\"wp-block-heading\">Cu\u00e1nto Tiempo Conservamos los Datos Personales<\/h4>\n\n\n\n<p>Liberpee no guarda tus datos personales m\u00e1s tiempo del estrictamente necesario para alcanzar los objetivos para los cuales tus datos son recopilados.<\/p>\n\n\n\n<h4 class=\"wp-block-heading\">Compartir Datos Personales con Terceros<\/h4>\n\n\n\n<p>Liberpee no vende tus datos a terceros y solo los proporciona si esto es necesario para la ejecuci\u00f3n de nuestro contrato contigo o para cumplir con una obligaci\u00f3n legal. Con las empresas que procesan tus datos en nuestro nombre, firmamos un contrato de procesamiento para asegurar el mismo nivel de seguridad y confidencialidad de tus datos. Liberpee es responsable de estos procesamientos.<\/p>\n\n\n\n<h4 class=\"wp-block-heading\">Cookies o t\u00e9cnicas similares que utilizamos<\/h4>\n\n\n\n<p>Liberpee solo utiliza cookies t\u00e9cnicas y funcionales, y cookies anal\u00edticas que no infringen tu privacidad. Una cookie es un peque\u00f1o archivo de texto que se guarda en tu computadora, tableta o smartphone durante tu primera visita a este sitio web. Las cookies que utilizamos son necesarias para el funcionamiento t\u00e9cnico del sitio web y tu comodidad de uso. Aseguran que el sitio web funcione correctamente y, por ejemplo, recuerdan tus preferencias. Tambi\u00e9n nos permiten optimizar nuestro sitio web. Puedes optar por no aceptar cookies configurando tu navegador de internet para que no almacene cookies. Adem\u00e1s, tambi\u00e9n puedes eliminar toda la informaci\u00f3n previamente almacenada a trav\u00e9s de la configuraci\u00f3n de tu navegador.<\/p>\n\n\n\n<h4 class=\"wp-block-heading\">Ver, Modificar o Eliminar Datos<\/h4>\n\n\n\n<p>Tienes derecho a acceder, corregir o eliminar tus datos personales. Adem\u00e1s, tienes derecho a retirar tu consentimiento para el procesamiento de datos o a objetar el procesamiento de tus datos personales por parte de Liberpee y tienes derecho a la portabilidad de datos. Esto significa que puedes solicitarnos que enviemos los datos personales que tenemos sobre ti en un archivo inform\u00e1tico a ti o a otra organizaci\u00f3n que hayas nombrado. Puedes enviar una solicitud de acceso, correcci\u00f3n, eliminaci\u00f3n, transferencia de tus datos personales o solicitar la retirada de tu consentimiento o objeci\u00f3n al procesamiento de tus datos personales a info@liberpee.com. Para asegurarnos de que la solicitud de acceso ha sido realizada por ti, te pedimos que adjuntes una copia de tu identificaci\u00f3n con la solicitud. En esta copia, tacha tu foto, la ZMR (zona de lectura mec\u00e1nica, la tira con n\u00fameros en la parte inferior del pasaporte), el n\u00famero de pasaporte y el n\u00famero de servicio ciudadano (BSN). Esto es para proteger tu privacidad. Responderemos a tu solicitud lo antes posible, pero dentro de las cuatro semanas. Liberpee tambi\u00e9n te informa que tienes la opci\u00f3n de presentar una queja ante la autoridad nacional de supervisi\u00f3n, la Autoridad de Datos Personales. Esto se puede hacer a trav\u00e9s del siguiente enlace: https:\/\/autoriteitpersoonsgegevens.nl\/nl\/contact-met-de-autoriteit-persoonsgegevens\/tip-ons<\/p>\n\n\n\n<h4 class=\"wp-block-heading\">C\u00f3mo Protegemos los Datos Personales<\/h4>\n\n\n\n<p>Liberpee toma en serio la protecci\u00f3n de tus datos y toma medidas adecuadas para prevenir el abuso, la p\u00e9rdida, el acceso no autorizado, la divulgaci\u00f3n no deseada y la modificaci\u00f3n no autorizada. Si tienes la impresi\u00f3n de que tus datos no est\u00e1n bien protegidos o si hay indicios de abuso, por favor contacta a info@liberpee.com<\/p>\n\n\n\n<p><strong>Datos de Contacto<\/strong><br>TDW Import B.V.<br>Linie 1<br>5405 AR Uden<br>info@liberpee.com<br>0413 256968<\/p>\n","protected":false},"excerpt":{"rendered":"<p>Tu privacidad es de gran importancia para nosotros. Por lo tanto, cumplimos con la ley de privacidad. Esto significa que tus datos est\u00e1n seguros con nosotros y que los usamos de manera adecuada. En esta declaraci\u00f3n de privacidad explicamos todo lo que hacemos en la tienda web www.liberpee.com con la informaci\u00f3n que obtenemos sobre ti.Si [&hellip;]<\/p>\n","protected":false},"author":8153,"featured_media":0,"parent":0,"menu_order":0,"comment_status":"closed","ping_status":"open","template":"","meta":{"footnotes":""},"class_list":["post-19316","page","type-page","status-publish","hentry"],"_links":{"self":[{"href":"https:\/\/liberpee.com\/es\/wp-json\/wp\/v2\/pages\/19316","targetHints":{"allow":["GET"]}}],"collection":[{"href":"https:\/\/liberpee.com\/es\/wp-json\/wp\/v2\/pages"}],"about":[{"href":"https:\/\/liberpee.com\/es\/wp-json\/wp\/v2\/types\/page"}],"author":[{"embeddable":true,"href":"https:\/\/liberpee.com\/es\/wp-json\/wp\/v2\/users\/8153"}],"replies":[{"embeddable":true,"href":"https:\/\/liberpee.com\/es\/wp-json\/wp\/v2\/comments?post=19316"}],"version-history":[{"count":7,"href":"https:\/\/liberpee.com\/es\/wp-json\/wp\/v2\/pages\/19316\/revisions"}],"predecessor-version":[{"id":56896,"href":"https:\/\/liberpee.com\/es\/wp-json\/wp\/v2\/pages\/19316\/revisions\/56896"}],"wp:attachment":[{"href":"https:\/\/liberpee.com\/es\/wp-json\/wp\/v2\/media?parent=19316"}],"curies":[{"name":"wp","href":"https:\/\/api.w.org\/{rel}","templated":true}]}}