{"id":28114,"date":"2023-11-01T07:42:15","date_gmt":"2023-11-01T06:42:15","guid":{"rendered":"https:\/\/liberpee.com\/product\/limited-edition-liberpee-transparante-urinella-inkl-lagerbeutel\/"},"modified":"2026-04-15T10:31:43","modified_gmt":"2026-04-15T08:31:43","slug":"limited-edition-liberpee-urinella-inkl-lagerbeutel","status":"publish","type":"product","link":"https:\/\/liberpee.com\/de\/produkt\/limited-edition-liberpee-urinella-inkl-lagerbeutel\/","title":{"rendered":"Limited Edition Liberpee Pertty Pink\u2013 inkl. lagerbeutel"},"content":{"rendered":"<p class=\"\" data-start=\"1782\" data-end=\"1995\"><strong data-start=\"1782\" data-end=\"1803\">Immer griffbereit<\/strong><br data-start=\"1803\" data-end=\"1806\" \/>Dank des kompakten Formats passt die Liberpee bequem in deine Tasche, deinen Rucksack oder ins Handschuhfach. So bist du immer vorbereitet \u2013 kein stressiges Suchen nach einer Toilette mehr.<\/p>\n<p class=\"\" data-start=\"1997\" data-end=\"2189\"><strong data-start=\"1997\" data-end=\"2033\">Von Frauen f\u00fcr Frauen entwickelt<\/strong><br data-start=\"2033\" data-end=\"2036\" \/>Die Liberpee wurde speziell f\u00fcr die weibliche Anatomie entworfen. Die durchdachte Form sorgt f\u00fcr eine hygienische, bequeme Nutzung \u2013 ganz ohne Kleckerei.<\/p>\n<p class=\"\" data-start=\"2191\" data-end=\"2487\"><strong data-start=\"2191\" data-end=\"2231\">Inklusive gratis Aufbewahrungsbeutel<\/strong><br data-start=\"2231\" data-end=\"2234\" \/>Nach der Nutzung kannst du die Liberpee einfach absp\u00fclen, abtrocknen oder aussch\u00fctteln. Durch das clevere Design bleiben keine Tropfen zur\u00fcck. Verstau sie direkt im mitgelieferten wasserdichten und waschbaren Beutel \u2013 sauber und jederzeit einsatzbereit.<\/p>\n<p data-start=\"2191\" data-end=\"2487\">Perfekt f\u00fcr unterwegs \u2013 ob beim Wandern, Campen, auf Reisen oder Festivals.<\/p>\n<p><!-- TrustBox widget - Product Reviews --><\/p>\n<div class=\"trustpilot-widget\" data-locale=\"de-DE\" data-template-id=\"544a426205dc0a09088833c6\" data-businessunit-id=\"6544b9b064519ebed7df3292\" data-style-height=\"700px\" data-style-width=\"100%\" data-theme=\"light\" data-sku=\"00012\" data-review-languages=\"de\" data-font-family=\"Poppins\" data-no-reviews=\"hide\" data-fullwidth=\"true\"><a href=\"https:\/\/de.trustpilot.com\/review\/liberpee.com\" target=\"_blank\" rel=\"noopener\">Trustpilot<\/a><\/div>\n<p><!-- End TrustBox widget --><\/p>\n","protected":false},"excerpt":{"rendered":"<p><!-- TrustBox widget - Product Mini MultiSource --><\/p>\n<div class=\"trustpilot-widget\" data-locale=\"de-DE\" data-template-id=\"577258fb31f02306e4e3aaf9\" data-businessunit-id=\"6544b9b064519ebed7df3292\" data-style-height=\"24px\" data-style-width=\"100%\" data-theme=\"light\" data-sku=\"00012\" data-font-family=\"Poppins\" data-no-reviews=\"hide\" data-scroll-to-list=\"true\" data-style-alignment=\"left\"><a href=\"https:\/\/de.trustpilot.com\/review\/liberpee.com\" target=\"_blank\" rel=\"noopener\">Trustpilot<\/a><\/div>\n<p data-start=\"0\" data-end=\"42\"><strong data-start=\"0\" data-end=\"42\">Liberpee Pretty Pink \u2013 Limited Edition<\/strong><\/p>\n<p data-start=\"44\" data-end=\"238\">Pretty Pink ist unsere neueste Limited Edition: eine rosa Liberpee mit dezentem Glitzer. Eine sanfte, feminine Ausf\u00fchrung, die praktischen Gebrauch mit einer raffinierten Ausstrahlung verbindet.<\/p>\n<p data-start=\"240\" data-end=\"381\">Mit Pretty Pink entscheidest du dich f\u00fcr alle vertrauten Vorteile von Liberpee \u2013 in einer Edition, die etwas verspielter und eleganter wirkt.<\/p>\n<p data-start=\"383\" data-end=\"405\"><strong data-start=\"383\" data-end=\"405\">Warum Pretty Pink?<\/strong><\/p>\n<p data-start=\"407\" data-end=\"573\">\u2714 Rosa mit dezentem Glitzer<br data-start=\"434\" data-end=\"437\" \/>\u2714 Stabiles Design, das seine Form beh\u00e4lt<br data-start=\"477\" data-end=\"480\" \/>\u2714 Hygienisch und diskret in der Anwendung<br data-start=\"521\" data-end=\"524\" \/>\u2714 Limited Edition, nur vor\u00fcbergehend erh\u00e4ltlich<\/p>\n<p data-start=\"575\" data-end=\"656\" data-is-last-node=\"\" data-is-only-node=\"\">Pretty Pink ist in begrenzter St\u00fcckzahl verf\u00fcgbar. Nur solange der Vorrat reicht.<\/p>\n","protected":false},"featured_media":129405,"comment_status":"closed","ping_status":"closed","template":"","meta":[],"product_brand":[],"product_cat":[129],"product_tag":[],"class_list":{"0":"post-28114","1":"product","2":"type-product","3":"status-publish","4":"has-post-thumbnail","6":"product_cat-liberpee-de","7":"product_shipping_class-pakketpost-de","9":"first","10":"instock","11":"taxable","12":"shipping-taxable","13":"purchasable","14":"product-type-simple"},"_links":{"self":[{"href":"https:\/\/liberpee.com\/de\/wp-json\/wp\/v2\/product\/28114","targetHints":{"allow":["GET"]}}],"collection":[{"href":"https:\/\/liberpee.com\/de\/wp-json\/wp\/v2\/product"}],"about":[{"href":"https:\/\/liberpee.com\/de\/wp-json\/wp\/v2\/types\/product"}],"replies":[{"embeddable":true,"href":"https:\/\/liberpee.com\/de\/wp-json\/wp\/v2\/comments?post=28114"}],"wp:featuredmedia":[{"embeddable":true,"href":"https:\/\/liberpee.com\/de\/wp-json\/wp\/v2\/media\/129405"}],"wp:attachment":[{"href":"https:\/\/liberpee.com\/de\/wp-json\/wp\/v2\/media?parent=28114"}],"wp:term":[{"taxonomy":"product_brand","embeddable":true,"href":"https:\/\/liberpee.com\/de\/wp-json\/wp\/v2\/product_brand?post=28114"},{"taxonomy":"product_cat","embeddable":true,"href":"https:\/\/liberpee.com\/de\/wp-json\/wp\/v2\/product_cat?post=28114"},{"taxonomy":"product_tag","embeddable":true,"href":"https:\/\/liberpee.com\/de\/wp-json\/wp\/v2\/product_tag?post=28114"}],"curies":[{"name":"wp","href":"https:\/\/api.w.org\/{rel}","templated":true}]}}