{"id":19373,"date":"2021-07-08T09:49:27","date_gmt":"2021-07-08T09:49:27","guid":{"rendered":"https:\/\/uixi.eu\/product\/uixi-wit\/"},"modified":"2024-07-01T12:24:49","modified_gmt":"2024-07-01T10:24:49","slug":"liberpee-weis","status":"publish","type":"product","link":"https:\/\/liberpee.com\/de\/produkt\/liberpee-weis\/","title":{"rendered":"Liberpee wei\u00dfe urinella \u2013 inkl. lagerbeutel"},"content":{"rendered":"<p>Es wird von Frauen und M\u00e4dchen weltweit verwendet. Liberpee ist die L\u00f6sung f\u00fcr Frauen, wenn es keine Toilette in der N\u00e4he gibt. H\u00e4ufige Einsatzsituationen sind: auf Reisen, bei Festivals, unterwegs oder beim Outdoor-Sport (z.B. Radfahren, Laufen, Segeln etc.). Sie k\u00f6nnen im Stehen urinieren und m\u00fcssen die Hose nicht herunterziehen. So urinieren Sie ganz diskret und m\u00fcssen keine Angst haben, dass jemand Ihr Ges\u00e4\u00df sieht.<\/p>\n<p>Diese wei\u00dfe Urinella kann auch im Sitzen verwendet werden. Zum Beispiel, wenn Sie in einem Rollstuhl sitzen oder wenn ein medizinischer Eingriff es schwierig oder unm\u00f6glich macht, sich zu setzen, um auf die Toilette zu gehen.<\/p>\n<h4><strong>Bewahren Sie es in der kostenlosen Lagertasche auf<\/strong><\/h4>\n<p>Reinigen Sie Ihren Liberpee nach dem Gebrauch, indem Sie ihn mit einem St\u00fcck Toilettenpapier abwischen. Oder sp\u00fclen Sie es unter dem Wasserhahn ab. Am besten ist es aber, wenn Sie es trocken sch\u00fctteln. Die Urinella ist aus Polyethylen hoher Dichte hergestellt. Wenn Sie es ein paar Mal sch\u00fctteln, f\u00e4llt die gesamte Restfeuchtigkeit automatisch ab und es bleibt kein einziger Tropfen zur\u00fcck. Legen Sie ihn dann in den kostenlos beiliegenden wasserdichten und waschbaren Lagertasche.<\/p>\n<p><!-- TrustBox widget - Product Reviews --><\/p>\n<div class=\"trustpilot-widget\" data-locale=\"de-DE\" data-template-id=\"544a426205dc0a09088833c6\" data-businessunit-id=\"6544b9b064519ebed7df3292\" data-style-height=\"700px\" data-style-width=\"100%\" data-theme=\"light\" data-sku=\"00008\" data-review-languages=\"de\" data-font-family=\"Poppins\" data-no-reviews=\"hide\" data-fullwidth=\"true\">\n  <a href=\"https:\/\/de.trustpilot.com\/review\/liberpee.com\" target=\"_blank\" rel=\"noopener\">Trustpilot<\/a>\n<\/div>\n<p><!-- End TrustBox widget --><\/p>\n","protected":false},"excerpt":{"rendered":"<p><!-- TrustBox widget - Product Mini MultiSource --><\/p>\n<div class=\"trustpilot-widget\" data-locale=\"de-DE\" data-template-id=\"577258fb31f02306e4e3aaf9\" data-businessunit-id=\"6544b9b064519ebed7df3292\" data-style-height=\"24px\" data-style-width=\"100%\" data-theme=\"light\" data-sku=\"00008\" data-font-family=\"Poppins\" data-no-reviews=\"hide\" data-scroll-to-list=\"true\" data-style-alignment=\"left\">\n  <a href=\"https:\/\/de.trustpilot.com\/review\/liberpee.com\" target=\"_blank\" rel=\"noopener\">Trustpilot<\/a>\n<\/div>\n<p><!-- End TrustBox widget --><br \/>\nWenn Sie ein dringendes Bed\u00fcrfnis haben, bietet diese wei\u00dfe Urinella jederzeit und \u00fcberall eine L\u00f6sung. Liberpee ist eine wiederverwendbare Urinella, die es Frauen erm\u00f6glicht, im Stehen zu urinieren.<\/p>\n","protected":false},"featured_media":38309,"comment_status":"closed","ping_status":"closed","template":"","meta":[],"product_brand":[],"product_cat":[129],"product_tag":[],"class_list":{"0":"post-19373","1":"product","2":"type-product","3":"status-publish","4":"has-post-thumbnail","6":"product_cat-liberpee-de","7":"product_shipping_class-pakketpost-de","9":"first","10":"instock","11":"taxable","12":"shipping-taxable","13":"purchasable","14":"product-type-simple"},"_links":{"self":[{"href":"https:\/\/liberpee.com\/de\/wp-json\/wp\/v2\/product\/19373","targetHints":{"allow":["GET"]}}],"collection":[{"href":"https:\/\/liberpee.com\/de\/wp-json\/wp\/v2\/product"}],"about":[{"href":"https:\/\/liberpee.com\/de\/wp-json\/wp\/v2\/types\/product"}],"replies":[{"embeddable":true,"href":"https:\/\/liberpee.com\/de\/wp-json\/wp\/v2\/comments?post=19373"}],"wp:featuredmedia":[{"embeddable":true,"href":"https:\/\/liberpee.com\/de\/wp-json\/wp\/v2\/media\/38309"}],"wp:attachment":[{"href":"https:\/\/liberpee.com\/de\/wp-json\/wp\/v2\/media?parent=19373"}],"wp:term":[{"taxonomy":"product_brand","embeddable":true,"href":"https:\/\/liberpee.com\/de\/wp-json\/wp\/v2\/product_brand?post=19373"},{"taxonomy":"product_cat","embeddable":true,"href":"https:\/\/liberpee.com\/de\/wp-json\/wp\/v2\/product_cat?post=19373"},{"taxonomy":"product_tag","embeddable":true,"href":"https:\/\/liberpee.com\/de\/wp-json\/wp\/v2\/product_tag?post=19373"}],"curies":[{"name":"wp","href":"https:\/\/api.w.org\/{rel}","templated":true}]}}