{"id":19371,"date":"2021-07-08T09:44:55","date_gmt":"2021-07-08T09:44:55","guid":{"rendered":"https:\/\/uixi.eu\/product\/uixi-paars\/"},"modified":"2024-07-01T12:21:56","modified_gmt":"2024-07-01T10:21:56","slug":"liberpee-purpur","status":"publish","type":"product","link":"https:\/\/liberpee.com\/de\/produkt\/liberpee-purpur\/","title":{"rendered":"Liberpee purpure urinella \u2013 inkl. lagerbeutel"},"content":{"rendered":"<p>Mit Liberpee k\u00f6nnen Sie im Stehen urinieren, einfach und hygienisch. Sie m\u00fcssen nicht mehr im Geb\u00fcsch hocken oder Ihre Angst vor schmutzigen Toiletten \u00fcberwinden. Au\u00dferdem m\u00fcssen Sie Ihre Hose nicht herunterziehen, sodass Sie sehr diskret urinieren k\u00f6nnen.<\/p>\n<p>Liberpee ist nicht nur f\u00fcr Frauen geeignet, die h\u00e4ufig urinieren m\u00fcssen (z. B. Schwangere und Frauen mit einer \u00fcberaktiven Blase). Tausende von Frauen auf der ganzen Welt sind begeistert und nutzen unsere Urinella regelm\u00e4\u00dfig. Dies beugt ernsthaften Blasenproblemen wie Blasenentz\u00fcndungen und Beckenentz\u00fcndungen vor.<\/p>\n<h4><strong>Hygienisch in der Benutzung<\/strong><\/h4>\n<p>Nach dem Gebrauch k\u00f6nnen Sie diesen lila Liberpee in der kostenlos mitgelieferten Lagertasche aufbewahren. Und stecken Sie es in Ihre Handtasche oder Ihren Rucksack. Dank der hohen Qualit\u00e4t und Dichte des Materials (Polyethylen) bleiben keine Wassertropfen oder Feuchtigkeit auf dem Kunststoffauslauf zur\u00fcck. Sie sch\u00fctteln es einfach trocken. Dar\u00fcber hinaus ist der Beutel wasserdicht und waschbar in den Maschinen.<\/p>\n<p><!-- TrustBox widget - Product Reviews --><\/p>\n<div class=\"trustpilot-widget\" data-locale=\"de-DE\" data-template-id=\"544a426205dc0a09088833c6\" data-businessunit-id=\"6544b9b064519ebed7df3292\" data-style-height=\"700px\" data-style-width=\"100%\" data-theme=\"light\" data-sku=\"00007\" data-review-languages=\"de\" data-font-family=\"Poppins\" data-no-reviews=\"hide\" data-fullwidth=\"true\">\n  <a href=\"https:\/\/de.trustpilot.com\/review\/liberpee.com\" target=\"_blank\" rel=\"noopener\">Trustpilot<\/a>\n<\/div>\n<p><!-- End TrustBox widget --><\/p>\n","protected":false},"excerpt":{"rendered":"<p><!-- TrustBox widget - Product Mini MultiSource --><\/p>\n<div class=\"trustpilot-widget\" data-locale=\"de-DE\" data-template-id=\"577258fb31f02306e4e3aaf9\" data-businessunit-id=\"6544b9b064519ebed7df3292\" data-style-height=\"24px\" data-style-width=\"100%\" data-theme=\"light\" data-sku=\"00007\" data-font-family=\"Poppins\" data-no-reviews=\"hide\" data-scroll-to-list=\"true\" data-style-alignment=\"left\">\n  <a href=\"https:\/\/de.trustpilot.com\/review\/liberpee.com\" target=\"_blank\" rel=\"noopener\">Trustpilot<\/a>\n<\/div>\n<p><!-- End TrustBox widget --><br \/>\nMit dieser purpurnen Urinella k\u00f6nnen Frauen \u00fcberall im Stehen urinieren. Hassen Sie auch schmutzige Toiletten? Oder lange Schlangen vor den Damentoiletten? Oder befinden Sie sich oft in Situationen, in denen keine Toilette in der N\u00e4he ist? Dann stellen Sie sicher, dass Sie eine Liberpee Urinella dabeihaben!<\/p>\n","protected":false},"featured_media":38301,"comment_status":"closed","ping_status":"closed","template":"","meta":[],"product_brand":[],"product_cat":[129],"product_tag":[],"class_list":{"0":"post-19371","1":"product","2":"type-product","3":"status-publish","4":"has-post-thumbnail","6":"product_cat-liberpee-de","7":"product_shipping_class-pakketpost-de","9":"first","10":"instock","11":"taxable","12":"shipping-taxable","13":"purchasable","14":"product-type-simple"},"_links":{"self":[{"href":"https:\/\/liberpee.com\/de\/wp-json\/wp\/v2\/product\/19371","targetHints":{"allow":["GET"]}}],"collection":[{"href":"https:\/\/liberpee.com\/de\/wp-json\/wp\/v2\/product"}],"about":[{"href":"https:\/\/liberpee.com\/de\/wp-json\/wp\/v2\/types\/product"}],"replies":[{"embeddable":true,"href":"https:\/\/liberpee.com\/de\/wp-json\/wp\/v2\/comments?post=19371"}],"wp:featuredmedia":[{"embeddable":true,"href":"https:\/\/liberpee.com\/de\/wp-json\/wp\/v2\/media\/38301"}],"wp:attachment":[{"href":"https:\/\/liberpee.com\/de\/wp-json\/wp\/v2\/media?parent=19371"}],"wp:term":[{"taxonomy":"product_brand","embeddable":true,"href":"https:\/\/liberpee.com\/de\/wp-json\/wp\/v2\/product_brand?post=19371"},{"taxonomy":"product_cat","embeddable":true,"href":"https:\/\/liberpee.com\/de\/wp-json\/wp\/v2\/product_cat?post=19371"},{"taxonomy":"product_tag","embeddable":true,"href":"https:\/\/liberpee.com\/de\/wp-json\/wp\/v2\/product_tag?post=19371"}],"curies":[{"name":"wp","href":"https:\/\/api.w.org\/{rel}","templated":true}]}}