{"id":19369,"date":"2021-07-08T09:42:50","date_gmt":"2021-07-08T09:42:50","guid":{"rendered":"https:\/\/uixi.eu\/product\/uixi-groen\/"},"modified":"2024-07-01T12:18:14","modified_gmt":"2024-07-01T10:18:14","slug":"liberpee-grune","status":"publish","type":"product","link":"https:\/\/liberpee.com\/de\/produkt\/liberpee-grune\/","title":{"rendered":"Liberpee gr\u00fcne urinella \u2013 inkl. lagerbeutel"},"content":{"rendered":"<p>Liberpee wurde von Frauen entworfen. Dies spiegelt sich im anatomischen Design wider, das perfekt passt. Mit diesem gr\u00fcnen Urinella m\u00fcssen Sie Ihre Hose nicht herunterziehen und niemand sieht Ihr Ges\u00e4\u00df. Sie k\u00f6nnen sehr diskret und hygienisch im Stehen urinieren.<\/p>\n<h4><strong>Kostenlosen wasserdichten Lagerbeutel<\/strong><\/h4>\n<p>Reinigen Sie die Urinella nach Gebrauch mit einem St\u00fcck Toilettenpapier oder sp\u00fclen Sie sie mit Wasser aus. Sie k\u00f6nnen Ihren Liberpee aber auch trocken sch\u00fctteln. Der wasserabweisende und hochwertige Kunststoff sorgt daf\u00fcr, dass keine Tropfen zur\u00fcckbleiben. Wir empfehlen diese umweltfreundliche Art der Reinigung. Auf diese Weise wird weniger Wasser verbraucht und Sie sparen den Verbrauch von Toilettenpapier.<\/p>\n<p>Verstauen Sie es in der passenden Aufbewahrungstasche und Sie sind bereit f\u00fcr die n\u00e4chste Situation ohne (saubere) Toilette!<\/p>\n<p><!-- TrustBox widget - Product Reviews --><\/p>\n<div class=\"trustpilot-widget\" data-locale=\"de-DE\" data-template-id=\"544a426205dc0a09088833c6\" data-businessunit-id=\"6544b9b064519ebed7df3292\" data-style-height=\"700px\" data-style-width=\"100%\" data-theme=\"light\" data-sku=\"00006\" data-review-languages=\"de\" data-font-family=\"Poppins\" data-no-reviews=\"hide\" data-fullwidth=\"true\">\n  <a href=\"https:\/\/de.trustpilot.com\/review\/liberpee.com\" target=\"_blank\" rel=\"noopener\">Trustpilot<\/a>\n<\/div>\n<p><!-- End TrustBox widget --><\/p>\n","protected":false},"excerpt":{"rendered":"<p><!-- TrustBox widget - Product Mini MultiSource --><\/p>\n<div class=\"trustpilot-widget\" data-locale=\"de-DE\" data-template-id=\"577258fb31f02306e4e3aaf9\" data-businessunit-id=\"6544b9b064519ebed7df3292\" data-style-height=\"24px\" data-style-width=\"100%\" data-theme=\"light\" data-sku=\"00006\" data-font-family=\"Poppins\" data-no-reviews=\"hide\" data-scroll-to-list=\"true\" data-style-alignment=\"left\">\n  <a href=\"https:\/\/de.trustpilot.com\/review\/liberpee.com\" target=\"_blank\" rel=\"noopener\">Trustpilot<\/a>\n<\/div>\n<p><!-- End TrustBox widget --><br \/>\nUrinieren im Stehen ist mit dieser gr\u00fcnen Urinella ein Kinderspiel. Die Urinellas von Liberpee sind wiederverwendbar. Daher ist Gr\u00fcn eine sehr passende Farbe f\u00fcr dieses praktische Produkt. Es ist eine umweltfreundliche und nachhaltige Alternative zu Einwegurinellas.<\/p>\n","protected":false},"featured_media":38289,"comment_status":"closed","ping_status":"closed","template":"","meta":[],"product_brand":[],"product_cat":[129],"product_tag":[],"class_list":{"0":"post-19369","1":"product","2":"type-product","3":"status-publish","4":"has-post-thumbnail","6":"product_cat-liberpee-de","7":"product_shipping_class-pakketpost-de","9":"first","10":"instock","11":"taxable","12":"shipping-taxable","13":"purchasable","14":"product-type-simple"},"_links":{"self":[{"href":"https:\/\/liberpee.com\/de\/wp-json\/wp\/v2\/product\/19369","targetHints":{"allow":["GET"]}}],"collection":[{"href":"https:\/\/liberpee.com\/de\/wp-json\/wp\/v2\/product"}],"about":[{"href":"https:\/\/liberpee.com\/de\/wp-json\/wp\/v2\/types\/product"}],"replies":[{"embeddable":true,"href":"https:\/\/liberpee.com\/de\/wp-json\/wp\/v2\/comments?post=19369"}],"wp:featuredmedia":[{"embeddable":true,"href":"https:\/\/liberpee.com\/de\/wp-json\/wp\/v2\/media\/38289"}],"wp:attachment":[{"href":"https:\/\/liberpee.com\/de\/wp-json\/wp\/v2\/media?parent=19369"}],"wp:term":[{"taxonomy":"product_brand","embeddable":true,"href":"https:\/\/liberpee.com\/de\/wp-json\/wp\/v2\/product_brand?post=19369"},{"taxonomy":"product_cat","embeddable":true,"href":"https:\/\/liberpee.com\/de\/wp-json\/wp\/v2\/product_cat?post=19369"},{"taxonomy":"product_tag","embeddable":true,"href":"https:\/\/liberpee.com\/de\/wp-json\/wp\/v2\/product_tag?post=19369"}],"curies":[{"name":"wp","href":"https:\/\/api.w.org\/{rel}","templated":true}]}}