{"id":19366,"date":"2021-07-08T09:41:25","date_gmt":"2021-07-08T09:41:25","guid":{"rendered":"https:\/\/uixi.eu\/product\/uixi-blauw\/"},"modified":"2024-07-01T12:14:34","modified_gmt":"2024-07-01T10:14:34","slug":"liberpee-blaue","status":"publish","type":"product","link":"https:\/\/liberpee.com\/de\/produkt\/liberpee-blaue\/","title":{"rendered":"Liberpee blaue urinella \u2013 inkl. lagerbeutel"},"content":{"rendered":"<p>Sie m\u00fcssen Ihre Hose nicht herunterziehen und niemand sieht Ihr Ges\u00e4\u00df. Sie urinieren sehr diskret. Durch das Zur\u00fcckhalten von Urin entwickeln jedes Jahr Tausende von Frauen Blasenprobleme. Dank der Liberpee Urinella m\u00fcssen Sie es nicht mehr zur\u00fcckhalten. Liberpee wird <em>von<\/em> Frauen <em>f\u00fcr<\/em> Frauen entworfen. Das sieht und sp\u00fcrt man an der anatomischen Gestaltung. Die Urinella ist n\u00e4mlich passgenau. Das ist der Grund, warum M\u00e4dchen und Frauen auf der ganzen Welt zu Fans von Liberpee geworden sind. Sie nutzen es bei Veranstaltungen, Festivals, unterwegs, oder in der Schule.<\/p>\n<h4><strong>Geliefert mit kostenlosen Lagerbeutel<\/strong><\/h4>\n<p>Damit Sie Ihre Urinella immer mitnehmen k\u00f6nnen, erhalten Sie einen kostenlose Lagerbeutel. Nach dem Gebrauch k\u00f6nnen Sie Ihre blaue Urinella in diesen waschbaren und wasserdichten Beutel stecken. Danach k\u00f6nnen Sie es einfach in Ihrer Tasche, Ihrem Rucksack oder im Auto mitnehmen.<\/p>\n<p><!-- TrustBox widget - Product Reviews --><\/p>\n<div class=\"trustpilot-widget\" data-locale=\"de-DE\" data-template-id=\"544a426205dc0a09088833c6\" data-businessunit-id=\"6544b9b064519ebed7df3292\" data-style-height=\"700px\" data-style-width=\"100%\" data-theme=\"light\" data-sku=\"00005\" data-review-languages=\"de\" data-font-family=\"Poppins\" data-no-reviews=\"hide\" data-fullwidth=\"true\">\n  <a href=\"https:\/\/de.trustpilot.com\/review\/liberpee.com\" target=\"_blank\" rel=\"noopener\">Trustpilot<\/a>\n<\/div>\n<p><!-- End TrustBox widget --><\/p>\n","protected":false},"excerpt":{"rendered":"<p><!-- TrustBox widget - Product Mini MultiSource --><\/p>\n<div class=\"trustpilot-widget\" data-locale=\"de-DE\" data-template-id=\"577258fb31f02306e4e3aaf9\" data-businessunit-id=\"6544b9b064519ebed7df3292\" data-style-height=\"24px\" data-style-width=\"100%\" data-theme=\"light\" data-sku=\"00005\" data-font-family=\"Poppins\" data-no-reviews=\"hide\" data-scroll-to-list=\"true\" data-style-alignment=\"left\">\n  <a href=\"https:\/\/de.trustpilot.com\/review\/liberpee.com\" target=\"_blank\" rel=\"noopener\">Trustpilot<\/a>\n<\/div>\n<p><!-- End TrustBox widget --><br \/>\nLange Schlangen vor den Toiletten? Oder keine (saubere) Toilette in der N\u00e4he? Liberpee erm\u00f6glicht es Frauen, hygienisch im Stehen zu urinieren. <em>Don\u2019t let anything stop you!<\/em><\/p>\n","protected":false},"featured_media":38285,"comment_status":"closed","ping_status":"closed","template":"","meta":[],"product_brand":[],"product_cat":[129],"product_tag":[],"class_list":{"0":"post-19366","1":"product","2":"type-product","3":"status-publish","4":"has-post-thumbnail","6":"product_cat-liberpee-de","7":"product_shipping_class-pakketpost-de","9":"first","10":"instock","11":"taxable","12":"shipping-taxable","13":"purchasable","14":"product-type-simple"},"_links":{"self":[{"href":"https:\/\/liberpee.com\/de\/wp-json\/wp\/v2\/product\/19366","targetHints":{"allow":["GET"]}}],"collection":[{"href":"https:\/\/liberpee.com\/de\/wp-json\/wp\/v2\/product"}],"about":[{"href":"https:\/\/liberpee.com\/de\/wp-json\/wp\/v2\/types\/product"}],"replies":[{"embeddable":true,"href":"https:\/\/liberpee.com\/de\/wp-json\/wp\/v2\/comments?post=19366"}],"wp:featuredmedia":[{"embeddable":true,"href":"https:\/\/liberpee.com\/de\/wp-json\/wp\/v2\/media\/38285"}],"wp:attachment":[{"href":"https:\/\/liberpee.com\/de\/wp-json\/wp\/v2\/media?parent=19366"}],"wp:term":[{"taxonomy":"product_brand","embeddable":true,"href":"https:\/\/liberpee.com\/de\/wp-json\/wp\/v2\/product_brand?post=19366"},{"taxonomy":"product_cat","embeddable":true,"href":"https:\/\/liberpee.com\/de\/wp-json\/wp\/v2\/product_cat?post=19366"},{"taxonomy":"product_tag","embeddable":true,"href":"https:\/\/liberpee.com\/de\/wp-json\/wp\/v2\/product_tag?post=19366"}],"curies":[{"name":"wp","href":"https:\/\/api.w.org\/{rel}","templated":true}]}}