{"id":19364,"date":"2021-07-08T09:40:19","date_gmt":"2021-07-08T09:40:19","guid":{"rendered":"https:\/\/uixi.eu\/product\/uixi-aqua\/"},"modified":"2024-07-01T12:11:19","modified_gmt":"2024-07-01T10:11:19","slug":"liberpee-aqua","status":"publish","type":"product","link":"https:\/\/liberpee.com\/de\/produkt\/liberpee-aqua\/","title":{"rendered":"Liberpee aqua urinella \u2013 inkl. lagerbeutel"},"content":{"rendered":"<p>Sie m\u00fcssen Ihre Hose nicht herunterziehen und niemand sieht Ihr Ges\u00e4\u00df, w\u00e4hrend Sie diese Urinella benutzen. Sie urinieren sehr diskret und ohne zu kleckern. Die Zeit, in der nur M\u00e4nner im Stehen urinieren k\u00f6nnen, ist nun vorbei! Nicht nur Frauen, die oft urinieren m\u00fcssen (wie Frauen mit schwacher Blase und schwangere Damen) sind Fans von Liberpee. Jede Frau sollte eine Urinella bei sich haben. Denn das Zur\u00fcckhalten von Urin f\u00fchrt oft zu Blasenproblemen, wie z. B. einer schweren Blasenentz\u00fcndung.<\/p>\n<h4><strong>Inklusiv kostenlosen und wasserdichten Lagerbeutel<\/strong><\/h4>\n<p>Bewahren Sie Ihren Liberpee nach Benutzung in der kostenlos mitgelieferten Lagertasche auf und stecken Sie ihn zur\u00fcck in Ihre Handtasche. Sie brauchen sich keine Sorgen \u00fcber unhygienische Bedingungen zu machen. Dank der hohen Qualit\u00e4t und Dichte des Materials (Polyethylen) bleiben keine Feuchtigkeit oder Tr\u00f6pfchen auf die Urinella zur\u00fcck. Sch\u00fctteln Sie es einfach trocken. Der Beutel ist au\u00dferdem wasserdicht und maschinenwaschbar.<\/p>\n<p><!-- TrustBox widget - Product Reviews --><\/p>\n<div class=\"trustpilot-widget\" data-locale=\"de-DE\" data-template-id=\"544a426205dc0a09088833c6\" data-businessunit-id=\"6544b9b064519ebed7df3292\" data-style-height=\"700px\" data-style-width=\"100%\" data-theme=\"light\" data-sku=\"00004\" data-review-languages=\"de\" data-font-family=\"Poppins\" data-no-reviews=\"hide\" data-fullwidth=\"true\">\n  <a href=\"https:\/\/de.trustpilot.com\/review\/liberpee.com\" target=\"_blank\" rel=\"noopener\">Trustpilot<\/a>\n<\/div>\n<p><!-- End TrustBox widget --><\/p>\n","protected":false},"excerpt":{"rendered":"<p><!-- TrustBox widget - Product Mini MultiSource --><\/p>\n<div class=\"trustpilot-widget\" data-locale=\"de-DE\" data-template-id=\"577258fb31f02306e4e3aaf9\" data-businessunit-id=\"6544b9b064519ebed7df3292\" data-style-height=\"24px\" data-style-width=\"100%\" data-theme=\"light\" data-sku=\"00004\" data-font-family=\"Poppins\" data-no-reviews=\"hide\" data-scroll-to-list=\"true\" data-style-alignment=\"left\">\n  <a href=\"https:\/\/de.trustpilot.com\/review\/liberpee.com\" target=\"_blank\" rel=\"noopener\">Trustpilot<\/a>\n<\/div>\n<p><!-- End TrustBox widget --><br \/>\nMit dieser aqua Urinella k\u00f6nnen Sie im Stehen hygienisch urinieren. Dank der Liberpee Urinella \u00fcberwinden wir Frauen die schmutzigen Klos! Aber auch wenn keine Toilette in der N\u00e4he ist, ist Liberpee Ihr Lebensretter.<\/p>\n","protected":false},"featured_media":38281,"comment_status":"closed","ping_status":"closed","template":"","meta":[],"product_brand":[],"product_cat":[129],"product_tag":[],"class_list":{"0":"post-19364","1":"product","2":"type-product","3":"status-publish","4":"has-post-thumbnail","6":"product_cat-liberpee-de","7":"product_shipping_class-pakketpost-de","9":"first","10":"instock","11":"taxable","12":"shipping-taxable","13":"purchasable","14":"product-type-simple"},"_links":{"self":[{"href":"https:\/\/liberpee.com\/de\/wp-json\/wp\/v2\/product\/19364","targetHints":{"allow":["GET"]}}],"collection":[{"href":"https:\/\/liberpee.com\/de\/wp-json\/wp\/v2\/product"}],"about":[{"href":"https:\/\/liberpee.com\/de\/wp-json\/wp\/v2\/types\/product"}],"replies":[{"embeddable":true,"href":"https:\/\/liberpee.com\/de\/wp-json\/wp\/v2\/comments?post=19364"}],"wp:featuredmedia":[{"embeddable":true,"href":"https:\/\/liberpee.com\/de\/wp-json\/wp\/v2\/media\/38281"}],"wp:attachment":[{"href":"https:\/\/liberpee.com\/de\/wp-json\/wp\/v2\/media?parent=19364"}],"wp:term":[{"taxonomy":"product_brand","embeddable":true,"href":"https:\/\/liberpee.com\/de\/wp-json\/wp\/v2\/product_brand?post=19364"},{"taxonomy":"product_cat","embeddable":true,"href":"https:\/\/liberpee.com\/de\/wp-json\/wp\/v2\/product_cat?post=19364"},{"taxonomy":"product_tag","embeddable":true,"href":"https:\/\/liberpee.com\/de\/wp-json\/wp\/v2\/product_tag?post=19364"}],"curies":[{"name":"wp","href":"https:\/\/api.w.org\/{rel}","templated":true}]}}