{"id":19362,"date":"2021-07-08T09:38:47","date_gmt":"2021-07-08T09:38:47","guid":{"rendered":"https:\/\/uixi.eu\/product\/uixi-geel\/"},"modified":"2024-07-01T12:07:58","modified_gmt":"2024-07-01T10:07:58","slug":"liberpee-gelben","status":"publish","type":"product","link":"https:\/\/liberpee.com\/de\/produkt\/liberpee-gelben\/","title":{"rendered":"Liberpee gelbe urinella \u2013 inkl. lagerbeutel"},"content":{"rendered":"<p>Auch wenn Sie unterwegs sind und keine (saubere) Toilette in der N\u00e4he ist, ist diese gelbe Urinella ideal! Liberpee erm\u00f6glicht es Ihnen, im Stehen zu urinieren, diskret und hygienisch, w\u00e4hrend Sie Ihre Hose anbehalten.<\/p>\n<h4><strong>Mit kostenlosen Lagerbeutel<\/strong><\/h4>\n<p>Trocknen Sie Ihren Liberpee nach Benutzung mit Toilettenpapier oder sp\u00fclen Sie ihn mit Wasser ab. Kein Wasser oder Toilettenpapier zur Hand? Sie k\u00f6nnen Liberpee auch trocken sch\u00fctteln. Dank des hochdichten Polyethylen-Kunststoffs bleiben nach dem Sch\u00fctteln keine Tropfen auf dem Ausguss zur\u00fcck. Stecken Sie Ihren Liberpee also einfach zur\u00fcck in seinem wasserdichten Lagerbeutel und schon ist er wieder bereit f\u00fcr einen neuen uriniergang!<\/p>\n<p><!-- TrustBox widget - Product Reviews --><\/p>\n<div class=\"trustpilot-widget\" data-locale=\"de-DE\" data-template-id=\"544a426205dc0a09088833c6\" data-businessunit-id=\"6544b9b064519ebed7df3292\" data-style-height=\"700px\" data-style-width=\"100%\" data-theme=\"light\" data-sku=\"00003\" data-review-languages=\"de\" data-font-family=\"Poppins\" data-no-reviews=\"hide\" data-fullwidth=\"true\">\n  <a href=\"https:\/\/de.trustpilot.com\/review\/liberpee.com\" target=\"_blank\" rel=\"noopener\">Trustpilot<\/a>\n<\/div>\n<p><!-- End TrustBox widget --><\/p>\n","protected":false},"excerpt":{"rendered":"<p><!-- TrustBox widget - Product Mini MultiSource --><\/p>\n<div class=\"trustpilot-widget\" data-locale=\"de-DE\" data-template-id=\"577258fb31f02306e4e3aaf9\" data-businessunit-id=\"6544b9b064519ebed7df3292\" data-style-height=\"24px\" data-style-width=\"100%\" data-theme=\"light\" data-sku=\"00003\" data-font-family=\"Poppins\" data-no-reviews=\"hide\" data-scroll-to-list=\"true\" data-style-alignment=\"left\">\n  <a href=\"https:\/\/de.trustpilot.com\/review\/liberpee.com\" target=\"_blank\" rel=\"noopener\">Trustpilot<\/a>\n<\/div>\n<p><!-- End TrustBox widget --><br \/>\nMit dieser gelben Urinella sind lange Schlangen vor den Toiletten bei Festivals oder Veranstaltungen kein Problem mehr. Denn mit Liberpee urinieren Sie als Frau auch im Stehen.<\/p>\n","protected":false},"featured_media":38313,"comment_status":"closed","ping_status":"closed","template":"","meta":[],"product_brand":[],"product_cat":[129],"product_tag":[],"class_list":{"0":"post-19362","1":"product","2":"type-product","3":"status-publish","4":"has-post-thumbnail","6":"product_cat-liberpee-de","7":"product_shipping_class-pakketpost-de","9":"first","10":"instock","11":"taxable","12":"shipping-taxable","13":"purchasable","14":"product-type-simple"},"_links":{"self":[{"href":"https:\/\/liberpee.com\/de\/wp-json\/wp\/v2\/product\/19362","targetHints":{"allow":["GET"]}}],"collection":[{"href":"https:\/\/liberpee.com\/de\/wp-json\/wp\/v2\/product"}],"about":[{"href":"https:\/\/liberpee.com\/de\/wp-json\/wp\/v2\/types\/product"}],"replies":[{"embeddable":true,"href":"https:\/\/liberpee.com\/de\/wp-json\/wp\/v2\/comments?post=19362"}],"wp:featuredmedia":[{"embeddable":true,"href":"https:\/\/liberpee.com\/de\/wp-json\/wp\/v2\/media\/38313"}],"wp:attachment":[{"href":"https:\/\/liberpee.com\/de\/wp-json\/wp\/v2\/media?parent=19362"}],"wp:term":[{"taxonomy":"product_brand","embeddable":true,"href":"https:\/\/liberpee.com\/de\/wp-json\/wp\/v2\/product_brand?post=19362"},{"taxonomy":"product_cat","embeddable":true,"href":"https:\/\/liberpee.com\/de\/wp-json\/wp\/v2\/product_cat?post=19362"},{"taxonomy":"product_tag","embeddable":true,"href":"https:\/\/liberpee.com\/de\/wp-json\/wp\/v2\/product_tag?post=19362"}],"curies":[{"name":"wp","href":"https:\/\/api.w.org\/{rel}","templated":true}]}}