{"id":19360,"date":"2021-06-23T12:49:17","date_gmt":"2021-06-23T12:49:17","guid":{"rendered":"https:\/\/uixi.eu\/product\/uixi-lila\/"},"modified":"2024-07-01T11:43:08","modified_gmt":"2024-07-01T09:43:08","slug":"liberpee-flieder","status":"publish","type":"product","link":"https:\/\/liberpee.com\/de\/produkt\/liberpee-flieder\/","title":{"rendered":"Liberpee flieder urinella \u2013 inkl. lagerbeutel"},"content":{"rendered":"<p>Diese Urinella bietet auch eine L\u00f6sung, wenn keine Toilette in der N\u00e4he ist. Mit Liberpee k\u00f6nnen Sie n\u00e4mlich im Stehen, diskret und \u00fcberall urinieren. Frauen auf der ganzen Welt sind bereits Fans. Sie benutzen unsere Urinella im Urlaub, auf Festivals, Roadtrips und bei jeder anderen Gelegenheit ohne (saubere) Toilette. Sie m\u00fcssen Ihre Hose nicht herunterziehen, daher ist das urinieren sehr diskret.<\/p>\n<h4><strong>Kostenloser Lagerbeutel<\/strong><\/h4>\n<p>Der Liberpee wird mit einem waschbaren und wasserdichten Aufbewahrungsbeutel geliefert. Liberpee ist wasserabweisend und l\u00e4sst sich leicht trocken sch\u00fctteln. Nach dem Gebrauch bleibt keine Feuchtigkeit zur\u00fcck. Bewahren Sie Ihre Liberpee in der Tasche auf und legen Sie sie zur\u00fcck in Ihre Tasche. So ist er bereit f\u00fcr die n\u00e4chste Situation ohne Toilette.<\/p>\n<p><!-- TrustBox widget - Product Reviews --><\/p>\n<div class=\"trustpilot-widget\" data-locale=\"de-DE\" data-template-id=\"544a426205dc0a09088833c6\" data-businessunit-id=\"6544b9b064519ebed7df3292\" data-style-height=\"700px\" data-style-width=\"100%\" data-theme=\"light\" data-sku=\"00002\" data-review-languages=\"de\" data-font-family=\"Poppins\" data-no-reviews=\"hide\" data-fullwidth=\"true\">\n  <a href=\"https:\/\/de.trustpilot.com\/review\/liberpee.com\" target=\"_blank\" rel=\"noopener\">Trustpilot<\/a>\n<\/div>\n<p><!-- End TrustBox widget --><\/p>\n","protected":false},"excerpt":{"rendered":"<p><!-- TrustBox widget - Product Mini MultiSource --><\/p>\n<div class=\"trustpilot-widget\" data-locale=\"de-DE\" data-template-id=\"577258fb31f02306e4e3aaf9\" data-businessunit-id=\"6544b9b064519ebed7df3292\" data-style-height=\"24px\" data-style-width=\"100%\" data-theme=\"light\" data-sku=\"00002\" data-font-family=\"Poppins\" data-no-reviews=\"hide\" data-scroll-to-list=\"true\" data-style-alignment=\"left\">\n  <a href=\"https:\/\/de.trustpilot.com\/review\/liberpee.com\" target=\"_blank\" rel=\"noopener\">Trustpilot<\/a>\n<\/div>\n<p><!-- End TrustBox widget --><br \/>\nMit dieser wiederverwendbaren fliederfarbenen Urinella erobern wir Frauen schmutzige Toiletten! Dank Liberpee k\u00f6nnen Sie im Stehen urinieren und m\u00fcssen keine verschmutzte Toilette mehr benutzen.<\/p>\n","protected":false},"featured_media":38293,"comment_status":"closed","ping_status":"closed","template":"","meta":[],"product_brand":[],"product_cat":[129],"product_tag":[],"class_list":{"0":"post-19360","1":"product","2":"type-product","3":"status-publish","4":"has-post-thumbnail","6":"product_cat-liberpee-de","7":"product_shipping_class-pakketpost-de","9":"first","10":"instock","11":"taxable","12":"shipping-taxable","13":"purchasable","14":"product-type-simple"},"_links":{"self":[{"href":"https:\/\/liberpee.com\/de\/wp-json\/wp\/v2\/product\/19360","targetHints":{"allow":["GET"]}}],"collection":[{"href":"https:\/\/liberpee.com\/de\/wp-json\/wp\/v2\/product"}],"about":[{"href":"https:\/\/liberpee.com\/de\/wp-json\/wp\/v2\/types\/product"}],"replies":[{"embeddable":true,"href":"https:\/\/liberpee.com\/de\/wp-json\/wp\/v2\/comments?post=19360"}],"wp:featuredmedia":[{"embeddable":true,"href":"https:\/\/liberpee.com\/de\/wp-json\/wp\/v2\/media\/38293"}],"wp:attachment":[{"href":"https:\/\/liberpee.com\/de\/wp-json\/wp\/v2\/media?parent=19360"}],"wp:term":[{"taxonomy":"product_brand","embeddable":true,"href":"https:\/\/liberpee.com\/de\/wp-json\/wp\/v2\/product_brand?post=19360"},{"taxonomy":"product_cat","embeddable":true,"href":"https:\/\/liberpee.com\/de\/wp-json\/wp\/v2\/product_cat?post=19360"},{"taxonomy":"product_tag","embeddable":true,"href":"https:\/\/liberpee.com\/de\/wp-json\/wp\/v2\/product_tag?post=19360"}],"curies":[{"name":"wp","href":"https:\/\/api.w.org\/{rel}","templated":true}]}}