{"id":19358,"date":"2021-06-22T14:10:34","date_gmt":"2021-06-22T14:10:34","guid":{"rendered":"https:\/\/uixi.eu\/product\/uixi-roze\/"},"modified":"2024-07-01T11:34:37","modified_gmt":"2024-07-01T09:34:37","slug":"liberpee-rosa","status":"publish","type":"product","link":"https:\/\/liberpee.com\/de\/produkt\/liberpee-rosa\/","title":{"rendered":"Liberpee rosa urinella \u2013 inkl. lagerbeutel"},"content":{"rendered":"<p>Stecken Sie Liberpee in Ihre Tasche oder Ihren Rucksack oder legen Sie es auf das Armaturenbrett Ihres Autos. So haben Sie ihn immer zur Hand und kommen nie mit einer vollen Blase zum Stehen. Die Liberpee Urinella wurde von Frauen f\u00fcr Frauen entwickelt. Deshalb ist diese Urinella einzelartig, denn durch den anatomischen Entwurf vermeiden Sie Unordnung und unhygienische Situationen.<\/p>\n<h4><strong>Inklusiv kostenloser Lagerbeutel<\/strong><\/h4>\n<p>Trocknen Sie die Urinella nach Gebrauch mit Toilettenpapier oder sp\u00fclen Sie ihn mit Wasser ab. Sie k\u00f6nnen es aber auch trocken sch\u00fctteln. Nach dem Sch\u00fctteln bleiben keine Tropfen auf dem Kunststoff zur\u00fcck. So k\u00f6nnen Sie es wieder im kostenlosen Lagerbeutel legen. Der Beutel ist wasserdicht und kann in der Waschmaschine gewaschen werden.<\/p>\n<p><!-- TrustBox widget - Product Reviews --><\/p>\n<div class=\"trustpilot-widget\" data-locale=\"de-DE\" data-template-id=\"544a426205dc0a09088833c6\" data-businessunit-id=\"6544b9b064519ebed7df3292\" data-style-height=\"700px\" data-style-width=\"100%\" data-theme=\"light\" data-sku=\"00001\" data-review-languages=\"de\" data-font-family=\"Poppins\" data-no-reviews=\"hide\" data-fullwidth=\"true\">\n  <a href=\"https:\/\/de.trustpilot.com\/review\/liberpee.com\" target=\"_blank\" rel=\"noopener\">Trustpilot<\/a>\n<\/div>\n<p><!-- End TrustBox widget --><\/p>\n","protected":false},"excerpt":{"rendered":"<p><!-- TrustBox widget - Product Mini MultiSource --><\/p>\n<div class=\"trustpilot-widget\" data-locale=\"de-DE\" data-template-id=\"577258fb31f02306e4e3aaf9\" data-businessunit-id=\"6544b9b064519ebed7df3292\" data-style-height=\"24px\" data-style-width=\"100%\" data-theme=\"light\" data-sku=\"00001\" data-font-family=\"Poppins\" data-no-reviews=\"hide\" data-scroll-to-list=\"true\" data-style-alignment=\"left\">\n  <a href=\"https:\/\/de.trustpilot.com\/review\/liberpee.com\" target=\"_blank\" rel=\"noopener\">Trustpilot<\/a>\n<\/div>\n<p><!-- End TrustBox widget --><br \/>\nWir lieben Rosa! Deshalb ist diese rosafarbene wiederverwendbare Urinella unser Favorit. Sie ist nicht nur funktional, sondern sieht auch super feminin aus. Eine lange Schlange vor der Toilette? Keine oder nur eine verschmutzte Toilette? Dann benutzen Sie diese rosa Liberpee, um diskret im Stehen zu urinieren.<\/p>\n","protected":false},"featured_media":38297,"comment_status":"closed","ping_status":"closed","template":"","meta":[],"product_brand":[],"product_cat":[129],"product_tag":[],"class_list":{"0":"post-19358","1":"product","2":"type-product","3":"status-publish","4":"has-post-thumbnail","6":"product_cat-liberpee-de","7":"product_shipping_class-pakketpost-de","9":"first","10":"instock","11":"taxable","12":"shipping-taxable","13":"purchasable","14":"product-type-simple"},"_links":{"self":[{"href":"https:\/\/liberpee.com\/de\/wp-json\/wp\/v2\/product\/19358","targetHints":{"allow":["GET"]}}],"collection":[{"href":"https:\/\/liberpee.com\/de\/wp-json\/wp\/v2\/product"}],"about":[{"href":"https:\/\/liberpee.com\/de\/wp-json\/wp\/v2\/types\/product"}],"replies":[{"embeddable":true,"href":"https:\/\/liberpee.com\/de\/wp-json\/wp\/v2\/comments?post=19358"}],"wp:featuredmedia":[{"embeddable":true,"href":"https:\/\/liberpee.com\/de\/wp-json\/wp\/v2\/media\/38297"}],"wp:attachment":[{"href":"https:\/\/liberpee.com\/de\/wp-json\/wp\/v2\/media?parent=19358"}],"wp:term":[{"taxonomy":"product_brand","embeddable":true,"href":"https:\/\/liberpee.com\/de\/wp-json\/wp\/v2\/product_brand?post=19358"},{"taxonomy":"product_cat","embeddable":true,"href":"https:\/\/liberpee.com\/de\/wp-json\/wp\/v2\/product_cat?post=19358"},{"taxonomy":"product_tag","embeddable":true,"href":"https:\/\/liberpee.com\/de\/wp-json\/wp\/v2\/product_tag?post=19358"}],"curies":[{"name":"wp","href":"https:\/\/api.w.org\/{rel}","templated":true}]}}