{"id":19350,"date":"2021-07-08T10:05:16","date_gmt":"2021-07-08T10:05:16","guid":{"rendered":"https:\/\/uixi.eu\/product\/uixi-zwart\/"},"modified":"2024-07-01T12:27:56","modified_gmt":"2024-07-01T10:27:56","slug":"liberpee-schwarz","status":"publish","type":"product","link":"https:\/\/liberpee.com\/de\/produkt\/liberpee-schwarz\/","title":{"rendered":"Liberpee schwarze urinella \u2013 inkl. lagerbeutel"},"content":{"rendered":"<p>Auch wenn keine Toilette in der N\u00e4he ist, bietet dieser Urinauslauf eine L\u00f6sung. Mit Liberpee kannst du \u00fcberall diskret und im Stehen Urinieren. Frauen auf der ganzen Welt sind bereits Fans. Sie benutzen unsere Pissrinne an Feiertagen, Festivals, unterwegs und bei jeder anderen Gelegenheit ohne (saubere) Toilette. Du musst deine Hose nicht ausziehen, also uriniert du sehr diskret.<\/p>\n<h4><strong>Kostenlose Aufbewahrungstasche<\/strong><\/h4>\n<p>Das Liberpee wird mit einer waschbaren und wasserdichten Aufbewahrungstasche geliefert. Liberpee ist wasserabweisend und Sie k\u00f6nnen es einfach trocken sch\u00fctteln. Nach Gebrauch bleibt keine Feuchtigkeit zur\u00fcck. Bewahren Sie Ihre Urinrinne in der Tasche auf und stecken Sie sie wieder in Ihre Tasche. So ist er f\u00fcr die n\u00e4chste Situation ohne Toilette ger\u00fcstet.<\/p>\n<p><!-- TrustBox widget - Product Reviews --><\/p>\n<div class=\"trustpilot-widget\" data-locale=\"de-DE\" data-template-id=\"544a426205dc0a09088833c6\" data-businessunit-id=\"6544b9b064519ebed7df3292\" data-style-height=\"700px\" data-style-width=\"100%\" data-theme=\"light\" data-sku=\"00009\" data-review-languages=\"de\" data-font-family=\"Poppins\" data-no-reviews=\"hide\" data-fullwidth=\"true\">\n  <a href=\"https:\/\/de.trustpilot.com\/review\/liberpee.com\" target=\"_blank\" rel=\"noopener\">Trustpilot<\/a>\n<\/div>\n<p><!-- End TrustBox widget --><\/p>\n","protected":false},"excerpt":{"rendered":"<p><!-- TrustBox widget - Product Mini MultiSource --><\/p>\n<div class=\"trustpilot-widget\" data-locale=\"de-DE\" data-template-id=\"577258fb31f02306e4e3aaf9\" data-businessunit-id=\"6544b9b064519ebed7df3292\" data-style-height=\"24px\" data-style-width=\"100%\" data-theme=\"light\" data-sku=\"00009\" data-font-family=\"Poppins\" data-no-reviews=\"hide\" data-scroll-to-list=\"true\" data-style-alignment=\"left\">\n  <a href=\"https:\/\/de.trustpilot.com\/review\/liberpee.com\" target=\"_blank\" rel=\"noopener\">Trustpilot<\/a>\n<\/div>\n<p><!-- End TrustBox widget --><br \/>\nMit dieser wiederverwendbaren schwarzen Urinella k\u00f6nnen wir Frauen schmutzige Toiletten \u00fcberwinden! Dank Liberpee kannst du im Stehen urinieren und musst keine schmutzige Toilette mehr benutzen.<\/p>\n","protected":false},"featured_media":38276,"comment_status":"closed","ping_status":"closed","template":"","meta":[],"product_brand":[],"product_cat":[129],"product_tag":[],"class_list":{"0":"post-19350","1":"product","2":"type-product","3":"status-publish","4":"has-post-thumbnail","6":"product_cat-liberpee-de","7":"product_shipping_class-pakketpost-de","9":"first","10":"instock","11":"taxable","12":"shipping-taxable","13":"purchasable","14":"product-type-simple"},"_links":{"self":[{"href":"https:\/\/liberpee.com\/de\/wp-json\/wp\/v2\/product\/19350","targetHints":{"allow":["GET"]}}],"collection":[{"href":"https:\/\/liberpee.com\/de\/wp-json\/wp\/v2\/product"}],"about":[{"href":"https:\/\/liberpee.com\/de\/wp-json\/wp\/v2\/types\/product"}],"replies":[{"embeddable":true,"href":"https:\/\/liberpee.com\/de\/wp-json\/wp\/v2\/comments?post=19350"}],"wp:featuredmedia":[{"embeddable":true,"href":"https:\/\/liberpee.com\/de\/wp-json\/wp\/v2\/media\/38276"}],"wp:attachment":[{"href":"https:\/\/liberpee.com\/de\/wp-json\/wp\/v2\/media?parent=19350"}],"wp:term":[{"taxonomy":"product_brand","embeddable":true,"href":"https:\/\/liberpee.com\/de\/wp-json\/wp\/v2\/product_brand?post=19350"},{"taxonomy":"product_cat","embeddable":true,"href":"https:\/\/liberpee.com\/de\/wp-json\/wp\/v2\/product_cat?post=19350"},{"taxonomy":"product_tag","embeddable":true,"href":"https:\/\/liberpee.com\/de\/wp-json\/wp\/v2\/product_tag?post=19350"}],"curies":[{"name":"wp","href":"https:\/\/api.w.org\/{rel}","templated":true}]}}