{"id":32718,"date":"2021-06-22T13:58:50","date_gmt":"2021-06-22T11:58:50","guid":{"rendered":"https:\/\/liberpee.com\/liberpee-de-herkbruikbare-plasgoot\/"},"modified":"2025-01-22T13:07:19","modified_gmt":"2025-01-22T12:07:19","slug":"wie-funktioniert-liberpee","status":"publish","type":"page","link":"https:\/\/liberpee.com\/de\/wie-funktioniert-liberpee\/","title":{"rendered":"Wie funktioniert Liberpee?"},"content":{"rendered":"\t\t<div data-elementor-type=\"wp-page\" data-elementor-id=\"32718\" class=\"elementor elementor-32718 elementor-3024\" data-elementor-post-type=\"page\">\n\t\t\t\t\t\t<section class=\"elementor-section elementor-top-section elementor-element elementor-element-7aa1972 elementor-section-full_width elementor-section-stretched elementor-section-height-default elementor-section-height-default\" data-id=\"7aa1972\" data-element_type=\"section\" data-settings=\"{&quot;stretch_section&quot;:&quot;section-stretched&quot;,&quot;background_background&quot;:&quot;classic&quot;}\">\n\t\t\t\t\t\t<div class=\"elementor-container elementor-column-gap-default\">\n\t\t\t\t\t<div class=\"elementor-column elementor-col-100 elementor-top-column elementor-element elementor-element-b0d5b71\" data-id=\"b0d5b71\" data-element_type=\"column\">\n\t\t\t<div class=\"elementor-widget-wrap elementor-element-populated\">\n\t\t\t\t\t\t<div class=\"elementor-element elementor-element-ca7cb00 elementor-widget elementor-widget-heading\" data-id=\"ca7cb00\" data-element_type=\"widget\" data-widget_type=\"heading.default\">\n\t\t\t\t<div class=\"elementor-widget-container\">\n\t\t\t\t\t<h2 class=\"elementor-heading-title elementor-size-default\">Wie funktioniert Liberpee?<\/h2>\t\t\t\t<\/div>\n\t\t\t\t<\/div>\n\t\t\t\t<div class=\"elementor-element elementor-element-ea858d2 elementor-widget elementor-widget-heading\" data-id=\"ea858d2\" data-element_type=\"widget\" data-widget_type=\"heading.default\">\n\t\t\t\t<div class=\"elementor-widget-container\">\n\t\t\t\t\t<p class=\"elementor-heading-title elementor-size-default\">Liberpee ist supereinfach in der Anwendung<\/p>\t\t\t\t<\/div>\n\t\t\t\t<\/div>\n\t\t\t\t\t<\/div>\n\t\t<\/div>\n\t\t\t\t\t<\/div>\n\t\t<\/section>\n\t\t\t\t<section class=\"elementor-section elementor-top-section elementor-element elementor-element-03f7946 elementor-section-boxed elementor-section-height-default elementor-section-height-default\" data-id=\"03f7946\" data-element_type=\"section\">\n\t\t\t\t\t\t<div class=\"elementor-container elementor-column-gap-default\">\n\t\t\t\t\t<div class=\"elementor-column elementor-col-16 elementor-top-column elementor-element elementor-element-122b1d3\" data-id=\"122b1d3\" data-element_type=\"column\">\n\t\t\t<div class=\"elementor-widget-wrap\">\n\t\t\t\t\t\t\t<\/div>\n\t\t<\/div>\n\t\t\t\t<div class=\"elementor-column elementor-col-66 elementor-top-column elementor-element elementor-element-e71011e\" data-id=\"e71011e\" data-element_type=\"column\">\n\t\t\t<div class=\"elementor-widget-wrap elementor-element-populated\">\n\t\t\t\t\t\t<div class=\"elementor-element elementor-element-d5e7424 elementor-widget elementor-widget-heading\" data-id=\"d5e7424\" data-element_type=\"widget\" data-widget_type=\"heading.default\">\n\t\t\t\t<div class=\"elementor-widget-container\">\n\t\t\t\t\t<h3 class=\"elementor-heading-title elementor-size-default\">Die wiederverwendbare Urinella Liberpee<\/h3>\t\t\t\t<\/div>\n\t\t\t\t<\/div>\n\t\t\t\t<div class=\"elementor-element elementor-element-0a92fe7 elementor-widget elementor-widget-text-editor\" data-id=\"0a92fe7\" data-element_type=\"widget\" data-widget_type=\"text-editor.default\">\n\t\t\t\t<div class=\"elementor-widget-container\">\n\t\t\t\t\t\t\t\t\t<p>Liberpee ist genau die wiederverwendbare Urinella, mit den Frauen einfach, diskret und hygienisch im Stehen urinieren k\u00f6nnen.<\/p>\t\t\t\t\t\t\t\t<\/div>\n\t\t\t\t<\/div>\n\t\t\t\t\t<\/div>\n\t\t<\/div>\n\t\t\t\t<div class=\"elementor-column elementor-col-16 elementor-top-column elementor-element elementor-element-89a1eea\" data-id=\"89a1eea\" data-element_type=\"column\">\n\t\t\t<div class=\"elementor-widget-wrap\">\n\t\t\t\t\t\t\t<\/div>\n\t\t<\/div>\n\t\t\t\t\t<\/div>\n\t\t<\/section>\n\t\t\t\t<section class=\"elementor-section elementor-top-section elementor-element elementor-element-3f81f02 elementor-section-boxed elementor-section-height-default elementor-section-height-default\" data-id=\"3f81f02\" data-element_type=\"section\">\n\t\t\t\t\t\t<div class=\"elementor-container elementor-column-gap-default\">\n\t\t\t\t\t<div class=\"elementor-column elementor-col-100 elementor-top-column elementor-element elementor-element-8be4bcd\" data-id=\"8be4bcd\" data-element_type=\"column\">\n\t\t\t<div class=\"elementor-widget-wrap elementor-element-populated\">\n\t\t\t\t\t\t<div class=\"elementor-element elementor-element-55b00a1 elementor-widget__width-initial elementor-widget elementor-widget-video\" data-id=\"55b00a1\" data-element_type=\"widget\" data-settings=\"{&quot;youtube_url&quot;:&quot;https:\\\/\\\/www.youtube.com\\\/embed\\\/x4wZBsgug08&quot;,&quot;video_type&quot;:&quot;youtube&quot;,&quot;controls&quot;:&quot;yes&quot;}\" data-widget_type=\"video.default\">\n\t\t\t\t<div class=\"elementor-widget-container\">\n\t\t\t\t\t\t\t<div class=\"elementor-wrapper elementor-open-inline\">\n\t\t\t<div class=\"elementor-video\"><\/div>\t\t<\/div>\n\t\t\t\t\t\t<\/div>\n\t\t\t\t<\/div>\n\t\t\t\t<div class=\"elementor-element elementor-element-0c1a89d elementor-widget elementor-widget-text-editor\" data-id=\"0c1a89d\" data-element_type=\"widget\" data-widget_type=\"text-editor.default\">\n\t\t\t\t<div class=\"elementor-widget-container\">\n\t\t\t\t\t\t\t\t\t<h4>Liberpee ist supereinfach in der Anwendung:\n<\/h4>\t\t\t\t\t\t\t\t<\/div>\n\t\t\t\t<\/div>\n\t\t\t\t\t<\/div>\n\t\t<\/div>\n\t\t\t\t\t<\/div>\n\t\t<\/section>\n\t\t\t\t<section class=\"elementor-section elementor-top-section elementor-element elementor-element-1fbdfc6 elementor-section-boxed elementor-section-height-default elementor-section-height-default\" data-id=\"1fbdfc6\" data-element_type=\"section\">\n\t\t\t\t\t\t<div class=\"elementor-container elementor-column-gap-default\">\n\t\t\t\t\t<div class=\"elementor-column elementor-col-33 elementor-top-column elementor-element elementor-element-5fcff70\" data-id=\"5fcff70\" data-element_type=\"column\">\n\t\t\t<div class=\"elementor-widget-wrap elementor-element-populated\">\n\t\t\t\t\t\t<div class=\"elementor-element elementor-element-174fcea elementor-widget elementor-widget-image\" data-id=\"174fcea\" data-element_type=\"widget\" data-widget_type=\"image.default\">\n\t\t\t\t<div class=\"elementor-widget-container\">\n\t\t\t\t\t\t\t\t\t\t\t\t\t\t\t<img fetchpriority=\"high\" decoding=\"async\" width=\"739\" height=\"478\" src=\"https:\/\/liberpee.com\/wp-content\/uploads\/2023\/04\/Liberpee_How-te-use-standing.png\" class=\"attachment-large size-large wp-image-27790\" alt=\"\" srcset=\"https:\/\/liberpee.com\/wp-content\/uploads\/2023\/04\/Liberpee_How-te-use-standing.png 739w, https:\/\/liberpee.com\/wp-content\/uploads\/2023\/04\/Liberpee_How-te-use-standing-300x194.png 300w\" sizes=\"(max-width: 739px) 100vw, 739px\" \/>\t\t\t\t\t\t\t\t\t\t\t\t\t\t\t<\/div>\n\t\t\t\t<\/div>\n\t\t\t\t\t<\/div>\n\t\t<\/div>\n\t\t\t\t<div class=\"elementor-column elementor-col-66 elementor-top-column elementor-element elementor-element-8230019\" data-id=\"8230019\" data-element_type=\"column\">\n\t\t\t<div class=\"elementor-widget-wrap elementor-element-populated\">\n\t\t\t\t\t\t<div class=\"elementor-element elementor-element-1d88551 elementor-widget elementor-widget-text-editor\" data-id=\"1d88551\" data-element_type=\"widget\" data-widget_type=\"text-editor.default\">\n\t\t\t\t<div class=\"elementor-widget-container\">\n\t\t\t\t\t\t\t\t\t<p><span style=\"color: #fc70d9;\"><strong>Urinieren in f\u00fcnf Schritten mit Liberpee:<\/strong><\/span><\/p><p><span style=\"color: #fc70d9;\"><strong>01<\/strong>\u00a0<\/span>Kn\u00f6pfen Sie die Hose auf und schieben Sie die Unterw\u00e4sche zur Seite. Legen Sie die LIBERPEE Urinella mit dem schmalen Ende nach vorne.\u00a0<\/p><p><span style=\"color: #fc70d9;\"><strong>02<\/strong>\u00a0<\/span>Dr\u00fccken Sie die Oberseite von LIBERPEE gut an. Es kann also nichts passieren<\/p><p><span style=\"color: #fc70d9;\"><strong>03<\/strong>\u00a0<\/span>Halten Sie die LIBERPEE leicht nach unten. Entspannen Sie sich\u2026 und los geht\u2018s! Der praktische Rand der Oberseite wischt trocken nach. Sie brauchen also kein Toilettenpapier!<\/p><p><span style=\"color: #fc70d9;\"><strong>04<\/strong><\/span>\u00a0Sch\u00fctteln Sie Ihre LIBERPEE trocken. Durch die Verwendung von hochwertigem Kunststoff wird sichergestellt, dass keine Feuchtigkeit an der Urinella verbleibt.<\/p><p><span style=\"color: #fc70d9;\"><strong>05<\/strong>\u00a0<\/span>Legen Sie sie zur\u00fcck in den Beutel. Der Beutel kann gewaschen werden. Und fertig!<\/p>\t\t\t\t\t\t\t\t<\/div>\n\t\t\t\t<\/div>\n\t\t\t\t\t<\/div>\n\t\t<\/div>\n\t\t\t\t\t<\/div>\n\t\t<\/section>\n\t\t\t\t<section class=\"elementor-section elementor-top-section elementor-element elementor-element-9007d8e elementor-section-boxed elementor-section-height-default elementor-section-height-default\" data-id=\"9007d8e\" data-element_type=\"section\">\n\t\t\t\t\t\t<div class=\"elementor-container elementor-column-gap-default\">\n\t\t\t\t\t<div class=\"elementor-column elementor-col-33 elementor-top-column elementor-element elementor-element-ff510d2\" data-id=\"ff510d2\" data-element_type=\"column\">\n\t\t\t<div class=\"elementor-widget-wrap elementor-element-populated\">\n\t\t\t\t\t\t<div class=\"elementor-element elementor-element-c72a095 elementor-widget elementor-widget-image\" data-id=\"c72a095\" data-element_type=\"widget\" data-widget_type=\"image.default\">\n\t\t\t\t<div class=\"elementor-widget-container\">\n\t\t\t\t\t\t\t\t\t\t\t\t\t\t\t<img decoding=\"async\" width=\"738\" height=\"227\" src=\"https:\/\/liberpee.com\/wp-content\/uploads\/2023\/04\/Liberpee_How-te-use-seated.png\" class=\"attachment-large size-large wp-image-27782\" alt=\"\" srcset=\"https:\/\/liberpee.com\/wp-content\/uploads\/2023\/04\/Liberpee_How-te-use-seated.png 738w, https:\/\/liberpee.com\/wp-content\/uploads\/2023\/04\/Liberpee_How-te-use-seated-300x92.png 300w\" sizes=\"(max-width: 738px) 100vw, 738px\" \/>\t\t\t\t\t\t\t\t\t\t\t\t\t\t\t<\/div>\n\t\t\t\t<\/div>\n\t\t\t\t\t<\/div>\n\t\t<\/div>\n\t\t\t\t<div class=\"elementor-column elementor-col-66 elementor-top-column elementor-element elementor-element-c04585f\" data-id=\"c04585f\" data-element_type=\"column\">\n\t\t\t<div class=\"elementor-widget-wrap elementor-element-populated\">\n\t\t\t\t\t\t<div class=\"elementor-element elementor-element-61e640c elementor-widget elementor-widget-text-editor\" data-id=\"61e640c\" data-element_type=\"widget\" data-widget_type=\"text-editor.default\">\n\t\t\t\t<div class=\"elementor-widget-container\">\n\t\t\t\t\t\t\t\t\t<p><span style=\"color: #fc70d9;\"><strong>Mit Liberpee im Sitzen urinieren:<\/strong><\/span><\/p><p><span style=\"color: #fc70d9;\"><strong>01<\/strong>\u00a0<\/span>Schieben Sie den LIBERPEE nach vorne und platzieren Sie ihn mit dem schmalen Teil nach vorne und leicht nach unten gerichtet.\u00a0<\/p><p><span style=\"color: #fc70d9;\"><strong>02<\/strong><\/span>\u00a0F\u00fchren Sie nun die Schritte 3, 4 und 5 der obigen Anleitung aus.<\/p>\t\t\t\t\t\t\t\t<\/div>\n\t\t\t\t<\/div>\n\t\t\t\t\t<\/div>\n\t\t<\/div>\n\t\t\t\t\t<\/div>\n\t\t<\/section>\n\t\t\t\t<section class=\"elementor-section elementor-top-section elementor-element elementor-element-90b46da elementor-section-boxed elementor-section-height-default elementor-section-height-default\" data-id=\"90b46da\" data-element_type=\"section\">\n\t\t\t\t\t\t<div class=\"elementor-container elementor-column-gap-default\">\n\t\t\t\t\t<div class=\"elementor-column elementor-col-100 elementor-top-column elementor-element elementor-element-fde0d69\" data-id=\"fde0d69\" data-element_type=\"column\">\n\t\t\t<div class=\"elementor-widget-wrap elementor-element-populated\">\n\t\t\t\t\t\t<div class=\"elementor-element elementor-element-87e3c1d elementor-widget elementor-widget-text-editor\" data-id=\"87e3c1d\" data-element_type=\"widget\" data-widget_type=\"text-editor.default\">\n\t\t\t\t<div class=\"elementor-widget-container\">\n\t\t\t\t\t\t\t\t\t<blockquote>\n<h3>\u201cBeim ersten Mal wird es etwas ungewohnt sein, aber wenn Sie sich einmal daran gew\u00f6hnt haben, werden Sie nichts anderes mehr wollen!\u201d<\/h3>\n<\/blockquote>\t\t\t\t\t\t\t\t<\/div>\n\t\t\t\t<\/div>\n\t\t\t\t<div class=\"elementor-element elementor-element-33d7dc9 elementor-widget elementor-widget-text-editor\" data-id=\"33d7dc9\" data-element_type=\"widget\" data-widget_type=\"text-editor.default\">\n\t\t\t\t<div class=\"elementor-widget-container\">\n\t\t\t\t\t\t\t\t\t<h4>Sauber und hygienisch<\/h4><p>Die Liberpee wird aus Polymeren mit sehr hoher Dichte hergestellt. Dadurch bleiben keine R\u00fcckst\u00e4nde und Ger\u00fcche zur\u00fcck und Bakterien k\u00f6nnen sich nicht festsetzen. Egal wie oft Sie die Liberpee-Urinella verwenden, er bleibt sauber und hygienisch! Liberpee sterilisieren? Dies kann leicht geschehen, indem Sie es in kochendes Wasser legen. Das Material ist freundlich zu Ihrer Haut und das patentierte Design macht Liberpee einfach zu installieren und passt genau dort, wo es ben\u00f6tigt wird.<\/p>\t\t\t\t\t\t\t\t<\/div>\n\t\t\t\t<\/div>\n\t\t\t\t<div class=\"elementor-element elementor-element-c5bf2a7 elementor-widget elementor-widget-text-editor\" data-id=\"c5bf2a7\" data-element_type=\"widget\" data-widget_type=\"text-editor.default\">\n\t\t\t\t<div class=\"elementor-widget-container\">\n\t\t\t\t\t\t\t\t\t<h4>Nehmen Sie Liberpee \u00fcberall mit<\/h4><p>Wahrscheinlich haben Sie es schon einmal erlebt: Sie m\u00fcssen dringend urinieren, aber die Toilette ist total schmutzig. Oder schlimmer noch, \u00fcberhaupt nicht in Reichweite. Was tun Sie dann? \u00dcber einer schmutzigen Toilette abh\u00e4ngen? Mit der Gefahr, auszurutschen und in unhygienischem Elend zu landen? Oder im Geb\u00fcsch hocken? Wir alle wissen, wie sehr das schief gehen kann! Nehmen Sie Ihre Liberpee-Urinella mit auf Reisen, beim Camping, im Wald, beim Wandern, im Zug, im Auto, auf einem Festival oder wo immer die Toilette verschmutzt ist \u2013 Liberpee ist Ihre Lebensretterin!<\/p><p>\u00a0<\/p><h4><strong>Weiblich?<\/strong><\/h4><p>Ja, weiblich, mi reina! Im Stehen zu pinkeln wird heutzutage noch als etwas angesehen, das nur M\u00e4nner tun \u2013 und damit als etwas M\u00e4nnliches. Das wollen wir \u00e4ndern. Es kommt oft vor, dass es keine saubere Toilette gibt oder \u00fcberhaupt keine vorhanden ist. Ist es dann weiblicher, sich auf eine schmutzige Klobrille zu setzen, oder sauber und aus der H\u00f6he zu pinkeln? F\u00fchlt es sich sicherer an, mit nacktem Hintern in die Brennnesseln zu sitzen, oder diese stacheligen Pflanzen risikolos im Stehen zu gie\u00dfen? Im Stehen zu pinkeln ist auch etwas Weibliches. Es gibt uns Macht und Freiheit. M\u00e4nner k\u00f6nnen jetzt nichts mehr, was wir nicht auch k\u00f6nnen. Steh f\u00fcr dich ein und fang an, im Stehen zu pinkeln!<\/p><h4><strong>Nur f\u00fcr Frauen?<\/strong><\/h4><p>Aufgrund des Tabus rund ums Stehpinkeln sprechen wir speziell Frauen an. Dieses Tabu zu brechen, ist unsere Priorit\u00e4t. Aber jede Person mit einer Vagina sollte das Stehpinkeln genie\u00dfen k\u00f6nnen. Die Liberpee ist f\u00fcr alle Vulva-Besitzer:innen \u2013 nicht nur f\u00fcr cis Frauen, sondern auch f\u00fcr trans M\u00e4nner und nicht-bin\u00e4re Personen. \u00dcber der Klobrille sind wir alle gleich. <em>(Safe Plees \u2013 GSA-Netzwerk, Alice).<\/em><\/p><h5>Verwenden Sie Ihre Liberpee auch zum einfachen Bef\u00fcllen von Uringl\u00e4sern und Urinproben.<\/h5>\t\t\t\t\t\t\t\t<\/div>\n\t\t\t\t<\/div>\n\t\t\t\t\t<\/div>\n\t\t<\/div>\n\t\t\t\t\t<\/div>\n\t\t<\/section>\n\t\t\t\t<section class=\"elementor-section elementor-top-section elementor-element elementor-element-dd33ce8 elementor-section-boxed elementor-section-height-default elementor-section-height-default\" data-id=\"dd33ce8\" data-element_type=\"section\">\n\t\t\t\t\t\t<div class=\"elementor-container elementor-column-gap-default\">\n\t\t\t\t\t<div class=\"elementor-column elementor-col-100 elementor-top-column elementor-element elementor-element-b2f1f28\" data-id=\"b2f1f28\" data-element_type=\"column\">\n\t\t\t<div class=\"elementor-widget-wrap elementor-element-populated\">\n\t\t\t\t\t\t<div class=\"elementor-element elementor-element-df106b3 elementor-widget elementor-widget-image\" data-id=\"df106b3\" data-element_type=\"widget\" data-widget_type=\"image.default\">\n\t\t\t\t<div class=\"elementor-widget-container\">\n\t\t\t\t\t\t\t\t\t\t\t\t\t\t\t<img decoding=\"async\" width=\"900\" height=\"599\" src=\"https:\/\/liberpee.com\/wp-content\/uploads\/2024\/04\/VivianneSanderse-blauw1-Liberpee-1024x682.jpg\" class=\"attachment-large size-large wp-image-56843\" alt=\"\" srcset=\"https:\/\/liberpee.com\/wp-content\/uploads\/2024\/04\/VivianneSanderse-blauw1-Liberpee-1024x682.jpg 1024w, https:\/\/liberpee.com\/wp-content\/uploads\/2024\/04\/VivianneSanderse-blauw1-Liberpee-920x613.jpg 920w, https:\/\/liberpee.com\/wp-content\/uploads\/2024\/04\/VivianneSanderse-blauw1-Liberpee-300x200.jpg 300w, https:\/\/liberpee.com\/wp-content\/uploads\/2024\/04\/VivianneSanderse-blauw1-Liberpee-768x512.jpg 768w, https:\/\/liberpee.com\/wp-content\/uploads\/2024\/04\/VivianneSanderse-blauw1-Liberpee-1536x1023.jpg 1536w, https:\/\/liberpee.com\/wp-content\/uploads\/2024\/04\/VivianneSanderse-blauw1-Liberpee.jpg 1920w\" sizes=\"(max-width: 900px) 100vw, 900px\" \/>\t\t\t\t\t\t\t\t\t\t\t\t\t\t\t<\/div>\n\t\t\t\t<\/div>\n\t\t\t\t\t<\/div>\n\t\t<\/div>\n\t\t\t\t\t<\/div>\n\t\t<\/section>\n\t\t\t\t<\/div>\n\t\t","protected":false},"excerpt":{"rendered":"<p>Wie funktioniert Liberpee? Liberpee ist supereinfach in der Anwendung Die wiederverwendbare Urinella Liberpee Liberpee ist genau die wiederverwendbare Urinella, mit den Frauen einfach, diskret und hygienisch im Stehen urinieren k\u00f6nnen. https:\/\/www.youtube.com\/embed\/x4wZBsgug08 Liberpee ist supereinfach in der Anwendung: Urinieren in f\u00fcnf Schritten mit Liberpee: 01\u00a0Kn\u00f6pfen Sie die Hose auf und schieben Sie die Unterw\u00e4sche zur Seite. [&hellip;]<\/p>\n","protected":false},"author":8153,"featured_media":0,"parent":0,"menu_order":0,"comment_status":"closed","ping_status":"closed","template":"","meta":{"footnotes":""},"class_list":["post-32718","page","type-page","status-publish","hentry"],"_links":{"self":[{"href":"https:\/\/liberpee.com\/de\/wp-json\/wp\/v2\/pages\/32718","targetHints":{"allow":["GET"]}}],"collection":[{"href":"https:\/\/liberpee.com\/de\/wp-json\/wp\/v2\/pages"}],"about":[{"href":"https:\/\/liberpee.com\/de\/wp-json\/wp\/v2\/types\/page"}],"author":[{"embeddable":true,"href":"https:\/\/liberpee.com\/de\/wp-json\/wp\/v2\/users\/8153"}],"replies":[{"embeddable":true,"href":"https:\/\/liberpee.com\/de\/wp-json\/wp\/v2\/comments?post=32718"}],"version-history":[{"count":20,"href":"https:\/\/liberpee.com\/de\/wp-json\/wp\/v2\/pages\/32718\/revisions"}],"predecessor-version":[{"id":88719,"href":"https:\/\/liberpee.com\/de\/wp-json\/wp\/v2\/pages\/32718\/revisions\/88719"}],"wp:attachment":[{"href":"https:\/\/liberpee.com\/de\/wp-json\/wp\/v2\/media?parent=32718"}],"curies":[{"name":"wp","href":"https:\/\/api.w.org\/{rel}","templated":true}]}}