{"id":19380,"date":"2021-06-10T14:33:29","date_gmt":"2021-06-10T14:33:29","guid":{"rendered":"https:\/\/uixi.eu\/ons-verhaal\/"},"modified":"2023-04-11T12:02:25","modified_gmt":"2023-04-11T10:02:25","slug":"unsere-geschichte","status":"publish","type":"page","link":"https:\/\/liberpee.com\/de\/unsere-geschichte\/","title":{"rendered":"Unsere Geschichte"},"content":{"rendered":"\t\t<div data-elementor-type=\"wp-page\" data-elementor-id=\"19380\" class=\"elementor elementor-19380 elementor-424\" data-elementor-post-type=\"page\">\n\t\t\t\t\t\t<section class=\"elementor-section elementor-top-section elementor-element elementor-element-d352c51 elementor-section-boxed elementor-section-height-default elementor-section-height-default\" data-id=\"d352c51\" data-element_type=\"section\">\n\t\t\t\t\t\t<div class=\"elementor-container elementor-column-gap-default\">\n\t\t\t\t\t<div class=\"elementor-column elementor-col-100 elementor-top-column elementor-element elementor-element-71ca2a9\" data-id=\"71ca2a9\" data-element_type=\"column\">\n\t\t\t<div class=\"elementor-widget-wrap elementor-element-populated\">\n\t\t\t\t\t\t<div class=\"elementor-element elementor-element-2aca411 elementor-widget elementor-widget-image\" data-id=\"2aca411\" data-element_type=\"widget\" data-widget_type=\"image.default\">\n\t\t\t\t<div class=\"elementor-widget-container\">\n\t\t\t\t\t\t\t\t\t\t\t\t\t\t\t<img fetchpriority=\"high\" decoding=\"async\" width=\"900\" height=\"599\" src=\"https:\/\/liberpee.com\/wp-content\/uploads\/2023\/04\/VivianneSanderse-lila3-Liberpee-1024x682.jpg\" class=\"attachment-large size-large wp-image-27816\" alt=\"\" srcset=\"https:\/\/liberpee.com\/wp-content\/uploads\/2023\/04\/VivianneSanderse-lila3-Liberpee-1024x682.jpg 1024w, https:\/\/liberpee.com\/wp-content\/uploads\/2023\/04\/VivianneSanderse-lila3-Liberpee-scaled-920x613.jpg 920w, https:\/\/liberpee.com\/wp-content\/uploads\/2023\/04\/VivianneSanderse-lila3-Liberpee-300x200.jpg 300w, https:\/\/liberpee.com\/wp-content\/uploads\/2023\/04\/VivianneSanderse-lila3-Liberpee-768x512.jpg 768w, https:\/\/liberpee.com\/wp-content\/uploads\/2023\/04\/VivianneSanderse-lila3-Liberpee-1536x1024.jpg 1536w, https:\/\/liberpee.com\/wp-content\/uploads\/2023\/04\/VivianneSanderse-lila3-Liberpee-scaled.jpg 2048w\" sizes=\"(max-width: 900px) 100vw, 900px\" \/>\t\t\t\t\t\t\t\t\t\t\t\t\t\t\t<\/div>\n\t\t\t\t<\/div>\n\t\t\t\t\t<\/div>\n\t\t<\/div>\n\t\t\t\t\t<\/div>\n\t\t<\/section>\n\t\t\t\t<section class=\"elementor-section elementor-top-section elementor-element elementor-element-202c643 elementor-section-boxed elementor-section-height-default elementor-section-height-default\" data-id=\"202c643\" data-element_type=\"section\">\n\t\t\t\t\t\t<div class=\"elementor-container elementor-column-gap-default\">\n\t\t\t\t\t<div class=\"elementor-column elementor-col-100 elementor-top-column elementor-element elementor-element-a6b4a23\" data-id=\"a6b4a23\" data-element_type=\"column\">\n\t\t\t<div class=\"elementor-widget-wrap elementor-element-populated\">\n\t\t\t\t\t\t<div class=\"elementor-element elementor-element-d97950b elementor-widget elementor-widget-text-editor\" data-id=\"d97950b\" data-element_type=\"widget\" data-widget_type=\"text-editor.default\">\n\t\t\t\t<div class=\"elementor-widget-container\">\n\t\t\t\t\t\t\t\t\t<h2>Hola chicas!<\/h2><p>Wir, Yesenia und Gabri\u00ebla sind Mutter und Tochter und Frauen auf einer Mission! Wir wollen, dass das Urinieren im Stehen f\u00fcr Frauen so normal wird wie f\u00fcr M\u00e4nner. Denn Urinieren im Stehen ist f\u00fcr Frauen \u00e4u\u00dferst praktisch. Dank der Liberpee Urinella k\u00f6nnen Sie \u00fcberall und jederzeit urinieren. Auch wenn keine (saubere) Toilette in der N\u00e4he ist. Dies verhindert hohen Harndrang und Blasenprobleme.<\/p><h4>Hoher Bedarf und Blasenprobleme<\/h4><p>Yesenia hat vor ein paar Jahren mit Liberpee angefangen, was nach eine langen Suche nach einer praktischen und hygienischen Urinella, einer Urinierrinne, einem Urinierschlauch oder zumindest etwas, das ihrer Tochter ein einfaches Urinieren im Stehen erm\u00f6glichen w\u00fcrde.<\/p>\t\t\t\t\t\t\t\t<\/div>\n\t\t\t\t<\/div>\n\t\t\t\t<section class=\"elementor-section elementor-inner-section elementor-element elementor-element-7691020 elementor-section-boxed elementor-section-height-default elementor-section-height-default\" data-id=\"7691020\" data-element_type=\"section\">\n\t\t\t\t\t\t<div class=\"elementor-container elementor-column-gap-default\">\n\t\t\t\t\t<div class=\"elementor-column elementor-col-50 elementor-inner-column elementor-element elementor-element-bcc1633\" data-id=\"bcc1633\" data-element_type=\"column\">\n\t\t\t<div class=\"elementor-widget-wrap elementor-element-populated\">\n\t\t\t\t\t\t<div class=\"elementor-element elementor-element-a6e6ee8 elementor-widget elementor-widget-image\" data-id=\"a6e6ee8\" data-element_type=\"widget\" data-widget_type=\"image.default\">\n\t\t\t\t<div class=\"elementor-widget-container\">\n\t\t\t\t\t\t\t\t\t\t\t\t\t\t\t<img decoding=\"async\" width=\"136\" height=\"113\" src=\"https:\/\/liberpee.com\/wp-content\/uploads\/2021\/10\/Quote.png\" class=\"attachment-thumbnail size-thumbnail wp-image-3698\" alt=\"\" \/>\t\t\t\t\t\t\t\t\t\t\t\t\t\t\t<\/div>\n\t\t\t\t<\/div>\n\t\t\t\t\t<\/div>\n\t\t<\/div>\n\t\t\t\t<div class=\"elementor-column elementor-col-50 elementor-inner-column elementor-element elementor-element-23c0041\" data-id=\"23c0041\" data-element_type=\"column\">\n\t\t\t<div class=\"elementor-widget-wrap elementor-element-populated\">\n\t\t\t\t\t\t<div class=\"elementor-element elementor-element-3a407ce elementor-widget elementor-widget-text-editor\" data-id=\"3a407ce\" data-element_type=\"widget\" data-widget_type=\"text-editor.default\">\n\t\t\t\t<div class=\"elementor-widget-container\">\n\t\t\t\t\t\t\t\t\t<h3>Urinieren mit Liberpee macht Spa\u00df!<\/h3><p>\u00a0Gabri\u00ebla &#8211; 7 Jahre<\/p>\t\t\t\t\t\t\t\t<\/div>\n\t\t\t\t<\/div>\n\t\t\t\t\t<\/div>\n\t\t<\/div>\n\t\t\t\t\t<\/div>\n\t\t<\/section>\n\t\t\t\t<div class=\"elementor-element elementor-element-5178cd8 elementor-widget elementor-widget-text-editor\" data-id=\"5178cd8\" data-element_type=\"widget\" data-widget_type=\"text-editor.default\">\n\t\t\t\t<div class=\"elementor-widget-container\">\n\t\t\t\t\t\t\t\t\t<p>&#8222;Die Schule meiner Tochter Gabri\u00ebla war abgebrannt und als \u00dcbergangsl\u00f6sung wurden zwei Schulen in einem Notgeb\u00e4ude zusammengelegt. Bei so vielen Kindern in einem Geb\u00e4ude waren die Toiletten alles andere als sauber. Demzufolge wollte Gabri\u00ebla dort nicht auf die Toilette gehen und hielt ihr Pipi den ganzen Tag zur\u00fcck, bis sie nach Hause kam. Als sie deswegen zum 3. Mal eine Blasenentz\u00fcndung bekam, hatte ich die Nase voll davon. Es muss etwas geben, das es M\u00e4dchen und Frauen erlaubt, auch einfach im Stehen zu Urinieren!&#8220;<\/p><p>Wir haben alle m\u00f6glichen Sachen ausprobiert. Eine urinella aud Papier, aber sie tat weh und konnte nur einmal benutzt werden. Und Silikonschl\u00e4uche waren schwer zu reinigen, passten nicht gut und man musste trotdem die Hose runterlassen. Deshalb haben wir mit Liberpee angefangen. Gabri\u00ebla war sofort s\u00fcchtig! &#8222;Mit Liberpee zu Urinieren, macht Spa\u00df&#8220;, sagt sie fr\u00f6hlich. Seitdem nimmt sie Liberpee \u00fcberall mit hin: in die Schule, in die Ferien, auf Klassenfahrten, zum viert\u00e4gigen Wanderevent &#8211; sie kann alles vergessen, aber ihr Liberpee kommt immer mit!\u00a0<\/p>\t\t\t\t\t\t\t\t<\/div>\n\t\t\t\t<\/div>\n\t\t\t\t<section class=\"elementor-section elementor-inner-section elementor-element elementor-element-fe2e0c5 elementor-section-boxed elementor-section-height-default elementor-section-height-default\" data-id=\"fe2e0c5\" data-element_type=\"section\">\n\t\t\t\t\t\t<div class=\"elementor-container elementor-column-gap-default\">\n\t\t\t\t\t<div class=\"elementor-column elementor-col-50 elementor-inner-column elementor-element elementor-element-318e26f\" data-id=\"318e26f\" data-element_type=\"column\">\n\t\t\t<div class=\"elementor-widget-wrap elementor-element-populated\">\n\t\t\t\t\t\t<div class=\"elementor-element elementor-element-2cda731 elementor-widget elementor-widget-image\" data-id=\"2cda731\" data-element_type=\"widget\" data-widget_type=\"image.default\">\n\t\t\t\t<div class=\"elementor-widget-container\">\n\t\t\t\t\t\t\t\t\t\t\t\t\t\t\t<img decoding=\"async\" width=\"136\" height=\"113\" src=\"https:\/\/liberpee.com\/wp-content\/uploads\/2021\/10\/Quote.png\" class=\"attachment-large size-large wp-image-3698\" alt=\"\" \/>\t\t\t\t\t\t\t\t\t\t\t\t\t\t\t<\/div>\n\t\t\t\t<\/div>\n\t\t\t\t\t<\/div>\n\t\t<\/div>\n\t\t\t\t<div class=\"elementor-column elementor-col-50 elementor-inner-column elementor-element elementor-element-302871f\" data-id=\"302871f\" data-element_type=\"column\">\n\t\t\t<div class=\"elementor-widget-wrap elementor-element-populated\">\n\t\t\t\t\t\t<div class=\"elementor-element elementor-element-b0e66c1 elementor-widget elementor-widget-text-editor\" data-id=\"b0e66c1\" data-element_type=\"widget\" data-widget_type=\"text-editor.default\">\n\t\t\t\t<div class=\"elementor-widget-container\">\n\t\t\t\t\t\t\t\t\t<h3>Liberpee ist Ihr Retter in der Not<\/h3>\t\t\t\t\t\t\t\t<\/div>\n\t\t\t\t<\/div>\n\t\t\t\t\t<\/div>\n\t\t<\/div>\n\t\t\t\t\t<\/div>\n\t\t<\/section>\n\t\t\t\t<section class=\"elementor-section elementor-inner-section elementor-element elementor-element-a03b38b elementor-section-boxed elementor-section-height-default elementor-section-height-default\" data-id=\"a03b38b\" data-element_type=\"section\">\n\t\t\t\t\t\t<div class=\"elementor-container elementor-column-gap-default\">\n\t\t\t\t\t<div class=\"elementor-column elementor-col-100 elementor-inner-column elementor-element elementor-element-53f2549\" data-id=\"53f2549\" data-element_type=\"column\">\n\t\t\t<div class=\"elementor-widget-wrap elementor-element-populated\">\n\t\t\t\t\t\t<div class=\"elementor-element elementor-element-ce4928a elementor-widget elementor-widget-text-editor\" data-id=\"ce4928a\" data-element_type=\"widget\" data-widget_type=\"text-editor.default\">\n\t\t\t\t<div class=\"elementor-widget-container\">\n\t\t\t\t\t\t\t\t\t<p>Unsere Mission ist es, das Thema Urinieren zu enttabuisieren. Schlie\u00dflich tun wir das alle jeden Tag! Und wir wollen es Frauen erm\u00f6glichen, im Notfall einfach und diskret im Stehen zu Urinieren.<\/p>\n<h5><strong>Amiga, lassen Sie sich durch nichts aufhalten!<\/strong><\/h5>\n<p>Liebe Gr\u00fc\u00dfe,<\/p>\t\t\t\t\t\t\t\t<\/div>\n\t\t\t\t<\/div>\n\t\t\t\t<div class=\"elementor-element elementor-element-5072d0a elementor-widget elementor-widget-image\" data-id=\"5072d0a\" data-element_type=\"widget\" data-widget_type=\"image.default\">\n\t\t\t\t<div class=\"elementor-widget-container\">\n\t\t\t\t\t\t\t\t\t\t\t\t\t\t\t<img loading=\"lazy\" decoding=\"async\" width=\"300\" height=\"105\" src=\"https:\/\/liberpee.com\/wp-content\/uploads\/2021\/06\/Yesenia-Gabriela-300x105-1.png\" class=\"attachment-large size-large wp-image-3916\" alt=\"\" \/>\t\t\t\t\t\t\t\t\t\t\t\t\t\t\t<\/div>\n\t\t\t\t<\/div>\n\t\t\t\t<div class=\"elementor-element elementor-element-4bf60d0 elementor-widget elementor-widget-text-editor\" data-id=\"4bf60d0\" data-element_type=\"widget\" data-widget_type=\"text-editor.default\">\n\t\t\t\t<div class=\"elementor-widget-container\">\n\t\t\t\t\t\t\t\t\t<h4>Liberpee \u2013 f\u00fcr Frauen, von Frauen<\/h4>\t\t\t\t\t\t\t\t<\/div>\n\t\t\t\t<\/div>\n\t\t\t\t\t<\/div>\n\t\t<\/div>\n\t\t\t\t\t<\/div>\n\t\t<\/section>\n\t\t\t\t\t<\/div>\n\t\t<\/div>\n\t\t\t\t\t<\/div>\n\t\t<\/section>\n\t\t\t\t<\/div>\n\t\t","protected":false},"excerpt":{"rendered":"<p>Hola chicas! Wir, Yesenia und Gabri\u00ebla sind Mutter und Tochter und Frauen auf einer Mission! Wir wollen, dass das Urinieren im Stehen f\u00fcr Frauen so normal wird wie f\u00fcr M\u00e4nner. Denn Urinieren im Stehen ist f\u00fcr Frauen \u00e4u\u00dferst praktisch. Dank der Liberpee Urinella k\u00f6nnen Sie \u00fcberall und jederzeit urinieren. Auch wenn keine (saubere) Toilette in [&hellip;]<\/p>\n","protected":false},"author":8153,"featured_media":0,"parent":0,"menu_order":0,"comment_status":"closed","ping_status":"closed","template":"page-full-width.php","meta":{"footnotes":""},"class_list":["post-19380","page","type-page","status-publish","hentry"],"_links":{"self":[{"href":"https:\/\/liberpee.com\/de\/wp-json\/wp\/v2\/pages\/19380","targetHints":{"allow":["GET"]}}],"collection":[{"href":"https:\/\/liberpee.com\/de\/wp-json\/wp\/v2\/pages"}],"about":[{"href":"https:\/\/liberpee.com\/de\/wp-json\/wp\/v2\/types\/page"}],"author":[{"embeddable":true,"href":"https:\/\/liberpee.com\/de\/wp-json\/wp\/v2\/users\/8153"}],"replies":[{"embeddable":true,"href":"https:\/\/liberpee.com\/de\/wp-json\/wp\/v2\/comments?post=19380"}],"version-history":[{"count":31,"href":"https:\/\/liberpee.com\/de\/wp-json\/wp\/v2\/pages\/19380\/revisions"}],"predecessor-version":[{"id":27823,"href":"https:\/\/liberpee.com\/de\/wp-json\/wp\/v2\/pages\/19380\/revisions\/27823"}],"wp:attachment":[{"href":"https:\/\/liberpee.com\/de\/wp-json\/wp\/v2\/media?parent=19380"}],"curies":[{"name":"wp","href":"https:\/\/api.w.org\/{rel}","templated":true}]}}